{"id":379,"date":"2019-08-30T21:30:07","date_gmt":"2019-08-30T19:30:07","guid":{"rendered":"https:\/\/thekitchencompany.be\/?page_id=379"},"modified":"2025-11-24T14:32:34","modified_gmt":"2025-11-24T13:32:34","slug":"kitchens","status":"publish","type":"page","link":"https:\/\/thekitchencompany.be\/en\/kitchens\/","title":{"rendered":"Our <b>customized kitchen models<\/b> for real estate development"},"content":{"rendered":"\n<article class=\"wp-block-fidelo-image-text col-md-12\"><div class=\"row mediatext-wrap\" alignment=\"right\"><div class=\"col-md-6 bg\" theme=\"bg-3\">\n<div class=\"wp-block-fidelo-fa-picker\"><svg xmlns=\"http:\/\/www.w3.org\/2000\/svg\" viewBox=\"0 0 512 512\"><path d=\"M488.6 250.2L392 214V105.5c0-15-9.3-28.4-23.4-33.7l-100-37.5c-8.1-3.1-17.1-3.1-25.3 0l-100 37.5c-14.1 5.3-23.4 18.7-23.4 33.7V214l-96.6 36.2C9.3 255.5 0 268.9 0 283.9V394c0 13.6 7.7 26.1 19.9 32.2l100 50c10.1 5.1 22.1 5.1 32.2 0l103.9-52 103.9 52c10.1 5.1 22.1 5.1 32.2 0l100-50c12.2-6.1 19.9-18.6 19.9-32.2V283.9c0-15-9.3-28.4-23.4-33.7zM358 214.8l-85 31.9v-68.2l85-37v73.3zM154 104.1l102-38.2 102 38.2v.6l-102 41.4-102-41.4v-.6zm84 291.1l-85 42.5v-79.1l85-38.8v75.4zm0-112l-102 41.4-102-41.4v-.6l102-38.2 102 38.2v.6zm240 112l-85 42.5v-79.1l85-38.8v75.4zm0-112l-102 41.4-102-41.4v-.6l102-38.2 102 38.2v.6z\"><\/path><\/svg><\/div>\n\n\n\n<h2 class=\"wp-block-heading\">Three ranges of kitchens<\/h2>\n\n\n\n<p>Our offer consists of three ranges of customizable and premium quality kitchens:<\/p>\n<\/div><div class=\"col-md-6 image\"><img decoding=\"async\" src=\"https:\/\/thekitchencompany.be\/wp-content\/uploads\/2019\/09\/gamme-de-cuisines-sur-mesures-1.jpg\"\/><\/div><\/div><\/article>\n\n\n\n<article class=\"wp-block-fidelo-image-text col-md-12\"><div class=\"row mediatext-wrap\" alignment=\"left\"><div class=\"col-md-6 bg\" theme=\"bg-2\">\n<h3 class=\"wp-block-heading\"><a href=\"https:\/\/thekitchencompany.be\/en\/kitchens-k-start-the-kitchen-company\/\">K-start : efficient range for all spaces<\/a><\/h3>\n\n\n\n<p>The K-start range includes an optimized selection of furniture and finishes that allow you to dress even the smallest spaces while maintaining a high level of quality.<\/p>\n\n\n\n<hr class=\"wp-block-separator has-css-opacity\"\/>\n<\/div><div class=\"col-md-6 image\"><img decoding=\"async\" src=\"https:\/\/thekitchencompany.be\/wp-content\/uploads\/2024\/11\/K-Start_Illustration-1-scaled.jpg\"\/><\/div><\/div><\/article>\n\n\n\n<article class=\"wp-block-fidelo-image-text col-md-12\"><div class=\"row mediatext-wrap\" alignment=\"right\"><div class=\"col-md-6 bg\" theme=\"bg-2\">\n<h3 class=\"wp-block-heading\"> <a href=\"https:\/\/thekitchencompany.be\/en\/kitchens\/k-one-modern-kitchens\/\">K-one : stylish and functional kitchens<\/a> <\/h3>\n\n\n\n<p><em>K-one<\/em> range kitchens have a <strong>sleek and stylish appearance<\/strong>. In keeping with the times, this range of <a href=\"https:\/\/thekitchencompany.be\/en\/kitchens\/k-one-modern-kitchens\/\">contemporary kitchens<\/a>&nbsp;is the ideal solution to combine customisation, quality and accessibility. Their innovative and immaculate appearance offers multiple layout options depending on your style and your needs.<\/p>\n\n\n\n<hr class=\"wp-block-separator has-css-opacity\"\/>\n<\/div><div class=\"col-md-6 image\"><img decoding=\"async\" src=\"https:\/\/thekitchencompany.be\/wp-content\/uploads\/2019\/09\/k-one-design-soigne-dans-lair-du-temps-1.jpg\"\/><\/div><\/div><\/article>\n\n\n\n<article class=\"wp-block-fidelo-image-text col-md-12\"><div class=\"row mediatext-wrap\" alignment=\"left\"><div class=\"col-md-6 bg\" theme=\"bg-3\">\n<h3 class=\"wp-block-heading\"><a href=\"https:\/\/thekitchencompany.be\/en\/kitchens-leicht-modernity-high-end\/\">LEICHT&nbsp;: Modernity, timeless elegance <\/a><\/h3>\n\n\n\n<p>The high-end <strong>LEICHT <\/strong>kitchen program encompasses modern, traditional, and custom kitchens. This range allows for the perfect combination of modern craftsmanship, numerous customization options, and tailor-made shaping possibilities.<\/p>\n\n\n\n<p>The most demanding requirements can be achieved through the possibilities offered by LEICHT. Furthermore, with the <em>Le Corbusier<\/em> color palette, the kitchen takes on a whole new dimension with natural, harmonious, and timeless colors.<\/p>\n<\/div><div class=\"col-md-6 image\"><a href=\"https:\/\/thekitchencompany.be\/en\/kitchens-leicht-modernity-high-end\/\" data-popin=\"false\"><img decoding=\"async\" src=\"https:\/\/thekitchencompany.be\/wp-content\/uploads\/2020\/06\/LEICHT-modernite-elegence.jpg\"\/><\/a><\/div><\/div><\/article>\n\n\n\n<div class=\"wp-block-tkc-tkc-blocks undefined col-md-6 bg-1 bg-2 align-self-start\">\n<h2 class=\"wp-block-heading\"> Assistance from start to finish <\/h2>\n\n\n\n<p>As a partner, we\nbelieve that our mission is above all based on <strong>really listening<\/strong>, giving <strong>personalised\nadvice<\/strong> and <strong>regularly checking up<\/strong>\nuntil receipt of the order. It is these foundations that, in our opinion,\nconstitute quality when it comes to kitchens. We provide comprehensive\nmanagement for your project:<\/p>\n<\/div>\n\n\n\n<div class=\"wp-block-tkc-tkc-blocks undefined col-md-6 bg-1\">\n<h3 class=\"wp-block-heading\"> 1. Consulting and project definition <\/h3>\n\n\n\n<p>The initial contact with our departments is the meeting with one of our <strong>interior designers<\/strong>, who will remain your <strong>main contact<\/strong> throughout the project and ensure it runs smoothly. It is with them that you will choose all the elements of your kitchen project so that it perfectly reflects your style, desires, expectations and budget:<\/p>\n\n\n\n<ul class=\"wp-block-list\">\n<li>Customised design and\narrangement of kitchen furniture depending on the technical constraints<\/li>\n\n\n\n<li>Choice of equipment and\nappliances<\/li>\n\n\n\n<li>Design of 3D plans of your\nkitchen<\/li>\n\n\n\n<li>Order and reception of the\nvarious constituent elements <\/li>\n<\/ul>\n\n\n\n<h3 class=\"wp-block-heading\"> 2.  Kitchen design <\/h3>\n\n\n\n<p>Once the plans are approved, our technicians begin to make the project reality. They begin by <strong>checking the precise measurements<\/strong> of the kitchen area in the property in question and conduct technical checks prior to the installation.<\/p>\n\n\n\n<h3 class=\"wp-block-heading\"> 3.  Installation of the kitchen and reception <\/h3>\n\n\n\n<p>Finally, our experienced team of installers is responsible for positioning the furniture down to the last detail, guaranteeing you careful and rigorous work. We then let you proceed with reception of the kitchen in coordination with the promoter.<\/p>\n\n\n\n<hr class=\"wp-block-separator has-alpha-channel-opacity\"\/>\n\n\n\n<p>Are you looking for a<strong> valued partner to design your kitchen projects<\/strong>? Make an appointment with one of our staff or <a href=\"https:\/\/thekitchencompany.be\/en\/who-are-we\/contact\/\">contact us<\/a> for more information.<\/p>\n<\/div>\n","protected":false},"excerpt":{"rendered":"","protected":false},"author":1,"featured_media":525,"parent":0,"menu_order":0,"comment_status":"closed","ping_status":"closed","template":"","meta":{"keyline":"Our offer includes three ranges of kitchens, each of which meets the highest standards in terms of quality. Each type can be fully customised to suit all home styles and your technical requirements. ","googlemap":"","footnotes":""},"class_list":["post-379","page","type-page","status-publish","has-post-thumbnail","hentry"],"yoast_head":"<!-- This site is optimized with the Yoast SEO plugin v27.4 - https:\/\/yoast.com\/product\/yoast-seo-wordpress\/ -->\n<title>Our kitchens for property development | The Kitchen Company<\/title>\n<meta name=\"description\" content=\"Our range includes three kitchen models, each of which meets the highest standards in terms of quality and customisation. Find out more about them.\" \/>\n<meta name=\"robots\" content=\"index, follow, max-snippet:-1, max-image-preview:large, max-video-preview:-1\" \/>\n<link rel=\"canonical\" href=\"https:\/\/thekitchencompany.be\/en\/kitchens\/\" \/>\n<meta property=\"og:locale\" content=\"en_US\" \/>\n<meta property=\"og:type\" content=\"article\" \/>\n<meta property=\"og:title\" content=\"Our kitchens for property development | The Kitchen Company\" \/>\n<meta property=\"og:description\" content=\"Our range includes three kitchen models, each of which meets the highest standards in terms of quality and customisation. Find out more about them.\" \/>\n<meta property=\"og:url\" content=\"https:\/\/thekitchencompany.be\/en\/kitchens\/\" \/>\n<meta property=\"og:site_name\" content=\"The Kitchen Company\" \/>\n<meta property=\"article:modified_time\" content=\"2025-11-24T13:32:34+00:00\" \/>\n<meta property=\"og:image\" content=\"https:\/\/thekitchencompany.be\/wp-content\/uploads\/2019\/09\/cuisine-qualiter.jpg\" \/>\n\t<meta property=\"og:image:width\" content=\"1600\" \/>\n\t<meta property=\"og:image:height\" content=\"1200\" \/>\n\t<meta property=\"og:image:type\" content=\"image\/jpeg\" \/>\n<meta name=\"twitter:card\" content=\"summary_large_image\" \/>\n<meta name=\"twitter:label1\" content=\"Est. reading time\" \/>\n\t<meta name=\"twitter:data1\" content=\"4 minutes\" \/>\n<script type=\"application\/ld+json\" class=\"yoast-schema-graph\">{\"@context\":\"https:\\\/\\\/schema.org\",\"@graph\":[{\"@type\":\"WebPage\",\"@id\":\"https:\\\/\\\/thekitchencompany.be\\\/en\\\/kitchens\\\/\",\"url\":\"https:\\\/\\\/thekitchencompany.be\\\/en\\\/kitchens\\\/\",\"name\":\"Our kitchens for property development | The Kitchen Company\",\"isPartOf\":{\"@id\":\"https:\\\/\\\/thekitchencompany.be\\\/en\\\/#website\"},\"primaryImageOfPage\":{\"@id\":\"https:\\\/\\\/thekitchencompany.be\\\/en\\\/kitchens\\\/#primaryimage\"},\"image\":{\"@id\":\"https:\\\/\\\/thekitchencompany.be\\\/en\\\/kitchens\\\/#primaryimage\"},\"thumbnailUrl\":\"https:\\\/\\\/thekitchencompany.be\\\/wp-content\\\/uploads\\\/2019\\\/09\\\/cuisine-qualiter.jpg\",\"datePublished\":\"2019-08-30T19:30:07+00:00\",\"dateModified\":\"2025-11-24T13:32:34+00:00\",\"description\":\"Our range includes three kitchen models, each of which meets the highest standards in terms of quality and customisation. Find out more about them.\",\"breadcrumb\":{\"@id\":\"https:\\\/\\\/thekitchencompany.be\\\/en\\\/kitchens\\\/#breadcrumb\"},\"inLanguage\":\"en-US\",\"potentialAction\":[{\"@type\":\"ReadAction\",\"target\":[\"https:\\\/\\\/thekitchencompany.be\\\/en\\\/kitchens\\\/\"]}]},{\"@type\":\"ImageObject\",\"inLanguage\":\"en-US\",\"@id\":\"https:\\\/\\\/thekitchencompany.be\\\/en\\\/kitchens\\\/#primaryimage\",\"url\":\"https:\\\/\\\/thekitchencompany.be\\\/wp-content\\\/uploads\\\/2019\\\/09\\\/cuisine-qualiter.jpg\",\"contentUrl\":\"https:\\\/\\\/thekitchencompany.be\\\/wp-content\\\/uploads\\\/2019\\\/09\\\/cuisine-qualiter.jpg\",\"width\":1600,\"height\":1200,\"caption\":\"Cuisine de qualit\u00e9 enti\u00e8rement personnalis\u00e9e\"},{\"@type\":\"BreadcrumbList\",\"@id\":\"https:\\\/\\\/thekitchencompany.be\\\/en\\\/kitchens\\\/#breadcrumb\",\"itemListElement\":[{\"@type\":\"ListItem\",\"position\":1,\"name\":\"Home\",\"item\":\"https:\\\/\\\/thekitchencompany.be\\\/en\\\/\"},{\"@type\":\"ListItem\",\"position\":2,\"name\":\"Our customized kitchen models for real estate development\"}]},{\"@type\":\"WebSite\",\"@id\":\"https:\\\/\\\/thekitchencompany.be\\\/en\\\/#website\",\"url\":\"https:\\\/\\\/thekitchencompany.be\\\/en\\\/\",\"name\":\"The Kitchen Company\",\"description\":\"Un service sur mesure pour les promoteurs immobiliers\",\"potentialAction\":[{\"@type\":\"SearchAction\",\"target\":{\"@type\":\"EntryPoint\",\"urlTemplate\":\"https:\\\/\\\/thekitchencompany.be\\\/en\\\/?s={search_term_string}\"},\"query-input\":{\"@type\":\"PropertyValueSpecification\",\"valueRequired\":true,\"valueName\":\"search_term_string\"}}],\"inLanguage\":\"en-US\"}]}<\/script>\n<!-- \/ Yoast SEO plugin. -->","yoast_head_json":{"title":"Our kitchens for property development | The Kitchen Company","description":"Our range includes three kitchen models, each of which meets the highest standards in terms of quality and customisation. Find out more about them.","robots":{"index":"index","follow":"follow","max-snippet":"max-snippet:-1","max-image-preview":"max-image-preview:large","max-video-preview":"max-video-preview:-1"},"canonical":"https:\/\/thekitchencompany.be\/en\/kitchens\/","og_locale":"en_US","og_type":"article","og_title":"Our kitchens for property development | The Kitchen Company","og_description":"Our range includes three kitchen models, each of which meets the highest standards in terms of quality and customisation. Find out more about them.","og_url":"https:\/\/thekitchencompany.be\/en\/kitchens\/","og_site_name":"The Kitchen Company","article_modified_time":"2025-11-24T13:32:34+00:00","og_image":[{"width":1600,"height":1200,"url":"https:\/\/thekitchencompany.be\/wp-content\/uploads\/2019\/09\/cuisine-qualiter.jpg","type":"image\/jpeg"}],"twitter_card":"summary_large_image","twitter_misc":{"Est. reading time":"4 minutes"},"schema":{"@context":"https:\/\/schema.org","@graph":[{"@type":"WebPage","@id":"https:\/\/thekitchencompany.be\/en\/kitchens\/","url":"https:\/\/thekitchencompany.be\/en\/kitchens\/","name":"Our kitchens for property development | The Kitchen Company","isPartOf":{"@id":"https:\/\/thekitchencompany.be\/en\/#website"},"primaryImageOfPage":{"@id":"https:\/\/thekitchencompany.be\/en\/kitchens\/#primaryimage"},"image":{"@id":"https:\/\/thekitchencompany.be\/en\/kitchens\/#primaryimage"},"thumbnailUrl":"https:\/\/thekitchencompany.be\/wp-content\/uploads\/2019\/09\/cuisine-qualiter.jpg","datePublished":"2019-08-30T19:30:07+00:00","dateModified":"2025-11-24T13:32:34+00:00","description":"Our range includes three kitchen models, each of which meets the highest standards in terms of quality and customisation. Find out more about them.","breadcrumb":{"@id":"https:\/\/thekitchencompany.be\/en\/kitchens\/#breadcrumb"},"inLanguage":"en-US","potentialAction":[{"@type":"ReadAction","target":["https:\/\/thekitchencompany.be\/en\/kitchens\/"]}]},{"@type":"ImageObject","inLanguage":"en-US","@id":"https:\/\/thekitchencompany.be\/en\/kitchens\/#primaryimage","url":"https:\/\/thekitchencompany.be\/wp-content\/uploads\/2019\/09\/cuisine-qualiter.jpg","contentUrl":"https:\/\/thekitchencompany.be\/wp-content\/uploads\/2019\/09\/cuisine-qualiter.jpg","width":1600,"height":1200,"caption":"Cuisine de qualit\u00e9 enti\u00e8rement personnalis\u00e9e"},{"@type":"BreadcrumbList","@id":"https:\/\/thekitchencompany.be\/en\/kitchens\/#breadcrumb","itemListElement":[{"@type":"ListItem","position":1,"name":"Home","item":"https:\/\/thekitchencompany.be\/en\/"},{"@type":"ListItem","position":2,"name":"Our customized kitchen models for real estate development"}]},{"@type":"WebSite","@id":"https:\/\/thekitchencompany.be\/en\/#website","url":"https:\/\/thekitchencompany.be\/en\/","name":"The Kitchen Company","description":"Un service sur mesure pour les promoteurs immobiliers","potentialAction":[{"@type":"SearchAction","target":{"@type":"EntryPoint","urlTemplate":"https:\/\/thekitchencompany.be\/en\/?s={search_term_string}"},"query-input":{"@type":"PropertyValueSpecification","valueRequired":true,"valueName":"search_term_string"}}],"inLanguage":"en-US"}]}},"_links":{"self":[{"href":"https:\/\/thekitchencompany.be\/en\/wp-json\/wp\/v2\/pages\/379","targetHints":{"allow":["GET"]}}],"collection":[{"href":"https:\/\/thekitchencompany.be\/en\/wp-json\/wp\/v2\/pages"}],"about":[{"href":"https:\/\/thekitchencompany.be\/en\/wp-json\/wp\/v2\/types\/page"}],"author":[{"embeddable":true,"href":"https:\/\/thekitchencompany.be\/en\/wp-json\/wp\/v2\/users\/1"}],"replies":[{"embeddable":true,"href":"https:\/\/thekitchencompany.be\/en\/wp-json\/wp\/v2\/comments?post=379"}],"version-history":[{"count":3,"href":"https:\/\/thekitchencompany.be\/en\/wp-json\/wp\/v2\/pages\/379\/revisions"}],"predecessor-version":[{"id":7878,"href":"https:\/\/thekitchencompany.be\/en\/wp-json\/wp\/v2\/pages\/379\/revisions\/7878"}],"wp:featuredmedia":[{"embeddable":true,"href":"https:\/\/thekitchencompany.be\/en\/wp-json\/wp\/v2\/media\/525"}],"wp:attachment":[{"href":"https:\/\/thekitchencompany.be\/en\/wp-json\/wp\/v2\/media?parent=379"}],"curies":[{"name":"wp","href":"https:\/\/api.w.org\/{rel}","templated":true}]}}