{"id":388,"date":"2019-08-30T21:47:20","date_gmt":"2019-08-30T19:47:20","guid":{"rendered":"https:\/\/thekitchencompany.be\/?page_id=388"},"modified":"2024-11-29T13:38:54","modified_gmt":"2024-11-29T12:38:54","slug":"k-smart-customised-kitchens","status":"publish","type":"page","link":"https:\/\/thekitchencompany.be\/en\/kitchens\/k-smart-customised-kitchens\/","title":{"rendered":"&#8216;K-smart&#8217; kitchens: a cutting-edge range combining technology and high-level customisation"},"content":{"rendered":"\n<article class=\"wp-block-fidelo-image-text col-md-12\"><div class=\"row mediatext-wrap\" alignment=\"right\"><div class=\"col-md-6 bg\" theme=\"bg-3\">\n<h2 class=\"wp-block-heading\">Wide choice of colors and finishes <\/h2>\n\n\n\n<p>By opting for our <em>K-smart<\/em> range, you <strong>leave room for creativity<\/strong> by increasing the range of possibilities. Indeed, K-smart modern kitchens are available in a wide range of different colours that can be combined: from black to grey to timeless white and imitation wood, everything is possible to produce the perfect kitchen.<\/p>\n\n\n\n<p>In addition, we also offer a wide choice of finishes so that your kitchen matches your personality, meets your needs and fits in perfectly with your home interior. Handles, door opening systems and drawers, furniture interiors, door finishes, etc. <strong>There are lots of elements<\/strong> <strong>which can be customised<\/strong> to create the most innovative kitchen.<\/p>\n<\/div><div class=\"col-md-6 image\"><img decoding=\"async\" src=\"https:\/\/thekitchencompany.be\/wp-content\/uploads\/2019\/09\/k-smart-couleur-et-finitions-1.jpg\"\/><\/div><\/div><\/article>\n\n\n\n<article class=\"wp-block-fidelo-image-text col-md-12\"><div class=\"row mediatext-wrap\" alignment=\"left\"><div class=\"col-md-6 bg\" theme=\"bg-2\">\n<h2 class=\"wp-block-heading\">Quality over time <\/h2>\n\n\n\n<p>For our kitchen\nmodels, we rely on a perfect level of quality. We therefore choose first-class\nmaterials <strong>to guarantee the durability of\nfurniture.<\/strong> This durability is characterised by the following elements:<\/p>\n\n\n\n<ul class=\"wp-block-list\">\n<li>Solid furniture accessories,\ne.g. handles, hinges and shock absorbers for closing doors.<\/li>\n\n\n\n<li>An elegant and stylish worktop,\nbut also durable and resistant to stains and dampness. <\/li>\n\n\n\n<li>Appliances from brands known\nfor their sustainable technology and high standards. <\/li>\n\n\n\n<li>Professional installation by\nqualified technicians who will deal with the most precise adjustments.<\/li>\n<\/ul>\n<\/div><div class=\"col-md-6 image\"><img decoding=\"async\" src=\"https:\/\/thekitchencompany.be\/wp-content\/uploads\/2019\/09\/k-smart-qualite\u0301-duree-2.jpg\"\/><\/div><\/div><\/article>\n\n\n\n<article class=\"wp-block-fidelo-image-text col-md-12\"><div class=\"row mediatext-wrap\" alignment=\"right\"><div class=\"col-md-6 bg\" theme=\"bg-1\">\n<h2 class=\"wp-block-heading\"> Many layout options <\/h2>\n\n\n\n<p>The layout of a kitchen is a crucial stage in your project. It is not always easy to navigate the many possibilities available: U-shaped or L-shaped kitchen, kitchen with a central island unit? How do I choose the right kitchen worktop? To guide you, <strong>our team of interior designers<\/strong> advises you at each stage and produces the plan that will be the best compromise between the necessary functional elements and the space available.&nbsp;<\/p>\n\n\n\n<hr class=\"wp-block-separator has-alpha-channel-opacity\"\/>\n\n\n\n<p>Are you looking for <strong>a valued partner<\/strong> to fit the <a href=\"https:\/\/thekitchencompany.be\/en\/kitchens\/\">kitchens&nbsp;<\/a>for your projects as a <a href=\"https:\/\/thekitchencompany.be\/en\/property-developers\/\"><u>real estate professional<\/u><\/a>? Discover <a href=\"https:\/\/thekitchencompany.be\/en\/references-customised-kitchens-cupboards\/\"><u>examples<\/u><\/a> of our work or make an appointment with one of our interior designers.<\/p>\n\n\n\n<p>Discover our three other ranges of customized kitchens:<\/p>\n\n\n\n<ul class=\"wp-block-list list-checklist\">\n<li><a href=\"https:\/\/thekitchencompany.be\/en\/kitchens-k-start-the-kitchen-company\/\">K-start kitchens<\/a><\/li>\n\n\n\n<li><a href=\"https:\/\/thekitchencompany.be\/en\/kitchens\/k-one-modern-kitchens\/\">K-one kitchens<\/a><\/li>\n\n\n\n<li><a href=\"https:\/\/thekitchencompany.be\/en\/kitchens\/k-select-range-high-quality-kitchens\/\">K-select kitchens<\/a><\/li>\n\n\n\n<li><a href=\"https:\/\/thekitchencompany.be\/en\/kitchens-leicht-modernity-high-end\/\">LEICHT kitchens<\/a><\/li>\n<\/ul>\n<\/div><div class=\"col-md-6 image\"><img decoding=\"async\" src=\"https:\/\/thekitchencompany.be\/wp-content\/uploads\/2019\/09\/k-smart-possibilites-d-amenagement.jpg\"\/><\/div><\/div><\/article>\n","protected":false},"excerpt":{"rendered":"","protected":false},"author":1,"featured_media":525,"parent":379,"menu_order":0,"comment_status":"closed","ping_status":"closed","template":"","meta":{"keyline":"Our K-smart range kitchens incorporate a wide choice of colours and finishes while offering infinite possibilities in terms of design to meet the specifics of each project by fitting in perfectly with the rest of the home's interior.","googlemap":"","footnotes":""},"class_list":["post-388","page","type-page","status-publish","has-post-thumbnail","hentry"],"yoast_head":"<!-- This site is optimized with the Yoast SEO plugin v27.3 - https:\/\/yoast.com\/product\/yoast-seo-wordpress\/ -->\n<title>Customisable K-smart kitchens | The Kitchen Company<\/title>\n<meta name=\"description\" content=\"Our K-smart kitchens incorporate a wide range of colours and finishes while offering infinite possibilities in terms of design. Find out more.\" \/>\n<meta name=\"robots\" content=\"index, follow, max-snippet:-1, max-image-preview:large, max-video-preview:-1\" \/>\n<link rel=\"canonical\" href=\"https:\/\/thekitchencompany.be\/en\/kitchens\/k-smart-customised-kitchens\/\" \/>\n<meta property=\"og:locale\" content=\"en_US\" \/>\n<meta property=\"og:type\" content=\"article\" \/>\n<meta property=\"og:title\" content=\"Customisable K-smart kitchens | The Kitchen Company\" \/>\n<meta property=\"og:description\" content=\"Our K-smart kitchens incorporate a wide range of colours and finishes while offering infinite possibilities in terms of design. Find out more.\" \/>\n<meta property=\"og:url\" content=\"https:\/\/thekitchencompany.be\/en\/kitchens\/k-smart-customised-kitchens\/\" \/>\n<meta property=\"og:site_name\" content=\"The Kitchen Company\" \/>\n<meta property=\"article:modified_time\" content=\"2024-11-29T12:38:54+00:00\" \/>\n<meta property=\"og:image\" content=\"https:\/\/thekitchencompany.be\/wp-content\/uploads\/2019\/09\/cuisine-qualiter.jpg\" \/>\n\t<meta property=\"og:image:width\" content=\"1600\" \/>\n\t<meta property=\"og:image:height\" content=\"1200\" \/>\n\t<meta property=\"og:image:type\" content=\"image\/jpeg\" \/>\n<meta name=\"twitter:card\" content=\"summary_large_image\" \/>\n<meta name=\"twitter:label1\" content=\"Est. reading time\" \/>\n\t<meta name=\"twitter:data1\" content=\"3 minutes\" \/>\n<script type=\"application\/ld+json\" class=\"yoast-schema-graph\">{\"@context\":\"https:\\\/\\\/schema.org\",\"@graph\":[{\"@type\":\"WebPage\",\"@id\":\"https:\\\/\\\/thekitchencompany.be\\\/en\\\/kitchens\\\/k-smart-customised-kitchens\\\/\",\"url\":\"https:\\\/\\\/thekitchencompany.be\\\/en\\\/kitchens\\\/k-smart-customised-kitchens\\\/\",\"name\":\"Customisable K-smart kitchens | The Kitchen Company\",\"isPartOf\":{\"@id\":\"https:\\\/\\\/thekitchencompany.be\\\/en\\\/#website\"},\"primaryImageOfPage\":{\"@id\":\"https:\\\/\\\/thekitchencompany.be\\\/en\\\/kitchens\\\/k-smart-customised-kitchens\\\/#primaryimage\"},\"image\":{\"@id\":\"https:\\\/\\\/thekitchencompany.be\\\/en\\\/kitchens\\\/k-smart-customised-kitchens\\\/#primaryimage\"},\"thumbnailUrl\":\"https:\\\/\\\/thekitchencompany.be\\\/wp-content\\\/uploads\\\/2019\\\/09\\\/cuisine-qualiter.jpg\",\"datePublished\":\"2019-08-30T19:47:20+00:00\",\"dateModified\":\"2024-11-29T12:38:54+00:00\",\"description\":\"Our K-smart kitchens incorporate a wide range of colours and finishes while offering infinite possibilities in terms of design. Find out more.\",\"breadcrumb\":{\"@id\":\"https:\\\/\\\/thekitchencompany.be\\\/en\\\/kitchens\\\/k-smart-customised-kitchens\\\/#breadcrumb\"},\"inLanguage\":\"en-US\",\"potentialAction\":[{\"@type\":\"ReadAction\",\"target\":[\"https:\\\/\\\/thekitchencompany.be\\\/en\\\/kitchens\\\/k-smart-customised-kitchens\\\/\"]}]},{\"@type\":\"ImageObject\",\"inLanguage\":\"en-US\",\"@id\":\"https:\\\/\\\/thekitchencompany.be\\\/en\\\/kitchens\\\/k-smart-customised-kitchens\\\/#primaryimage\",\"url\":\"https:\\\/\\\/thekitchencompany.be\\\/wp-content\\\/uploads\\\/2019\\\/09\\\/cuisine-qualiter.jpg\",\"contentUrl\":\"https:\\\/\\\/thekitchencompany.be\\\/wp-content\\\/uploads\\\/2019\\\/09\\\/cuisine-qualiter.jpg\",\"width\":1600,\"height\":1200,\"caption\":\"Cuisine de qualit\u00e9 enti\u00e8rement personnalis\u00e9e\"},{\"@type\":\"BreadcrumbList\",\"@id\":\"https:\\\/\\\/thekitchencompany.be\\\/en\\\/kitchens\\\/k-smart-customised-kitchens\\\/#breadcrumb\",\"itemListElement\":[{\"@type\":\"ListItem\",\"position\":1,\"name\":\"Home\",\"item\":\"https:\\\/\\\/thekitchencompany.be\\\/en\\\/\"},{\"@type\":\"ListItem\",\"position\":2,\"name\":\"Our customized kitchen models for real estate development\",\"item\":\"https:\\\/\\\/thekitchencompany.be\\\/en\\\/kitchens\\\/\"},{\"@type\":\"ListItem\",\"position\":3,\"name\":\"&lsquo;K-smart&rsquo; kitchens: a cutting-edge range combining technology and high-level customisation\"}]},{\"@type\":\"WebSite\",\"@id\":\"https:\\\/\\\/thekitchencompany.be\\\/en\\\/#website\",\"url\":\"https:\\\/\\\/thekitchencompany.be\\\/en\\\/\",\"name\":\"The Kitchen Company\",\"description\":\"Un service sur mesure pour les promoteurs immobiliers\",\"potentialAction\":[{\"@type\":\"SearchAction\",\"target\":{\"@type\":\"EntryPoint\",\"urlTemplate\":\"https:\\\/\\\/thekitchencompany.be\\\/en\\\/?s={search_term_string}\"},\"query-input\":{\"@type\":\"PropertyValueSpecification\",\"valueRequired\":true,\"valueName\":\"search_term_string\"}}],\"inLanguage\":\"en-US\"}]}<\/script>\n<!-- \/ Yoast SEO plugin. -->","yoast_head_json":{"title":"Customisable K-smart kitchens | The Kitchen Company","description":"Our K-smart kitchens incorporate a wide range of colours and finishes while offering infinite possibilities in terms of design. Find out more.","robots":{"index":"index","follow":"follow","max-snippet":"max-snippet:-1","max-image-preview":"max-image-preview:large","max-video-preview":"max-video-preview:-1"},"canonical":"https:\/\/thekitchencompany.be\/en\/kitchens\/k-smart-customised-kitchens\/","og_locale":"en_US","og_type":"article","og_title":"Customisable K-smart kitchens | The Kitchen Company","og_description":"Our K-smart kitchens incorporate a wide range of colours and finishes while offering infinite possibilities in terms of design. Find out more.","og_url":"https:\/\/thekitchencompany.be\/en\/kitchens\/k-smart-customised-kitchens\/","og_site_name":"The Kitchen Company","article_modified_time":"2024-11-29T12:38:54+00:00","og_image":[{"width":1600,"height":1200,"url":"https:\/\/thekitchencompany.be\/wp-content\/uploads\/2019\/09\/cuisine-qualiter.jpg","type":"image\/jpeg"}],"twitter_card":"summary_large_image","twitter_misc":{"Est. reading time":"3 minutes"},"schema":{"@context":"https:\/\/schema.org","@graph":[{"@type":"WebPage","@id":"https:\/\/thekitchencompany.be\/en\/kitchens\/k-smart-customised-kitchens\/","url":"https:\/\/thekitchencompany.be\/en\/kitchens\/k-smart-customised-kitchens\/","name":"Customisable K-smart kitchens | The Kitchen Company","isPartOf":{"@id":"https:\/\/thekitchencompany.be\/en\/#website"},"primaryImageOfPage":{"@id":"https:\/\/thekitchencompany.be\/en\/kitchens\/k-smart-customised-kitchens\/#primaryimage"},"image":{"@id":"https:\/\/thekitchencompany.be\/en\/kitchens\/k-smart-customised-kitchens\/#primaryimage"},"thumbnailUrl":"https:\/\/thekitchencompany.be\/wp-content\/uploads\/2019\/09\/cuisine-qualiter.jpg","datePublished":"2019-08-30T19:47:20+00:00","dateModified":"2024-11-29T12:38:54+00:00","description":"Our K-smart kitchens incorporate a wide range of colours and finishes while offering infinite possibilities in terms of design. Find out more.","breadcrumb":{"@id":"https:\/\/thekitchencompany.be\/en\/kitchens\/k-smart-customised-kitchens\/#breadcrumb"},"inLanguage":"en-US","potentialAction":[{"@type":"ReadAction","target":["https:\/\/thekitchencompany.be\/en\/kitchens\/k-smart-customised-kitchens\/"]}]},{"@type":"ImageObject","inLanguage":"en-US","@id":"https:\/\/thekitchencompany.be\/en\/kitchens\/k-smart-customised-kitchens\/#primaryimage","url":"https:\/\/thekitchencompany.be\/wp-content\/uploads\/2019\/09\/cuisine-qualiter.jpg","contentUrl":"https:\/\/thekitchencompany.be\/wp-content\/uploads\/2019\/09\/cuisine-qualiter.jpg","width":1600,"height":1200,"caption":"Cuisine de qualit\u00e9 enti\u00e8rement personnalis\u00e9e"},{"@type":"BreadcrumbList","@id":"https:\/\/thekitchencompany.be\/en\/kitchens\/k-smart-customised-kitchens\/#breadcrumb","itemListElement":[{"@type":"ListItem","position":1,"name":"Home","item":"https:\/\/thekitchencompany.be\/en\/"},{"@type":"ListItem","position":2,"name":"Our customized kitchen models for real estate development","item":"https:\/\/thekitchencompany.be\/en\/kitchens\/"},{"@type":"ListItem","position":3,"name":"&lsquo;K-smart&rsquo; kitchens: a cutting-edge range combining technology and high-level customisation"}]},{"@type":"WebSite","@id":"https:\/\/thekitchencompany.be\/en\/#website","url":"https:\/\/thekitchencompany.be\/en\/","name":"The Kitchen Company","description":"Un service sur mesure pour les promoteurs immobiliers","potentialAction":[{"@type":"SearchAction","target":{"@type":"EntryPoint","urlTemplate":"https:\/\/thekitchencompany.be\/en\/?s={search_term_string}"},"query-input":{"@type":"PropertyValueSpecification","valueRequired":true,"valueName":"search_term_string"}}],"inLanguage":"en-US"}]}},"_links":{"self":[{"href":"https:\/\/thekitchencompany.be\/en\/wp-json\/wp\/v2\/pages\/388","targetHints":{"allow":["GET"]}}],"collection":[{"href":"https:\/\/thekitchencompany.be\/en\/wp-json\/wp\/v2\/pages"}],"about":[{"href":"https:\/\/thekitchencompany.be\/en\/wp-json\/wp\/v2\/types\/page"}],"author":[{"embeddable":true,"href":"https:\/\/thekitchencompany.be\/en\/wp-json\/wp\/v2\/users\/1"}],"replies":[{"embeddable":true,"href":"https:\/\/thekitchencompany.be\/en\/wp-json\/wp\/v2\/comments?post=388"}],"version-history":[{"count":4,"href":"https:\/\/thekitchencompany.be\/en\/wp-json\/wp\/v2\/pages\/388\/revisions"}],"predecessor-version":[{"id":7576,"href":"https:\/\/thekitchencompany.be\/en\/wp-json\/wp\/v2\/pages\/388\/revisions\/7576"}],"up":[{"embeddable":true,"href":"https:\/\/thekitchencompany.be\/en\/wp-json\/wp\/v2\/pages\/379"}],"wp:featuredmedia":[{"embeddable":true,"href":"https:\/\/thekitchencompany.be\/en\/wp-json\/wp\/v2\/media\/525"}],"wp:attachment":[{"href":"https:\/\/thekitchencompany.be\/en\/wp-json\/wp\/v2\/media?parent=388"}],"curies":[{"name":"wp","href":"https:\/\/api.w.org\/{rel}","templated":true}]}}