{"id":7661,"date":"2025-01-09T20:32:32","date_gmt":"2025-01-09T19:32:32","guid":{"rendered":"https:\/\/thekitchencompany.be\/?page_id=7661"},"modified":"2025-01-09T20:36:44","modified_gmt":"2025-01-09T19:36:44","slug":"services-through-a-developer","status":"publish","type":"page","link":"https:\/\/thekitchencompany.be\/en\/services-through-a-developer\/","title":{"rendered":"The Kitchen Company: Kitchen designers and interior architects for real estate acquisitions"},"content":{"rendered":"\n<article class=\"wp-block-fidelo-image-text col-md-12\"><div class=\"row mediatext-wrap\" alignment=\"left\"><div class=\"col-md-6 bg\" theme=\"bg-3\">\n<div class=\"wp-block-fidelo-fa-picker\"><svg xmlns=\"http:\/\/www.w3.org\/2000\/svg\" viewBox=\"0 0 512 512\"><path d=\"M160 288h-56c-4.42 0-8-3.58-8-8v-16c0-4.42 3.58-8 8-8h56v-64h-56c-4.42 0-8-3.58-8-8v-16c0-4.42 3.58-8 8-8h56V96h-56c-4.42 0-8-3.58-8-8V72c0-4.42 3.58-8 8-8h56V32c0-17.67-14.33-32-32-32H32C14.33 0 0 14.33 0 32v448c0 2.77.91 5.24 1.57 7.8L160 329.38V288zm320 64h-32v56c0 4.42-3.58 8-8 8h-16c-4.42 0-8-3.58-8-8v-56h-64v56c0 4.42-3.58 8-8 8h-16c-4.42 0-8-3.58-8-8v-56h-64v56c0 4.42-3.58 8-8 8h-16c-4.42 0-8-3.58-8-8v-56h-41.37L24.2 510.43c2.56.66 5.04 1.57 7.8 1.57h448c17.67 0 32-14.33 32-32v-96c0-17.67-14.33-32-32-32z\"><\/path><\/svg><\/div>\n\n\n\n<h2 class=\"wp-block-heading\">A tailor-made service for real estate buyers<\/h2>\n\n\n\n<p>For over 25 years, The Kitchen Company has been assisting real estate buyers, whether individuals or investors, in designing kitchens for renovations or new constructions. To do so, our interior architects will welcome you in one of our five showrooms: Rhode-Saint-Gen\u00e8se, Schelle, Drongen, La Louvi\u00e8re, and Li\u00e8ge.<\/p>\n<\/div><div class=\"col-md-6 image\"><img decoding=\"async\" src=\"https:\/\/thekitchencompany.be\/wp-content\/uploads\/2019\/09\/services-aux-promoteurs.jpg\"\/><\/div><\/div><\/article>\n\n\n\n<div class=\"wp-block-tkc-tkc-blocks undefined col-md-6 bg-1 bg-2 align-self-start\">\n<div class=\"wp-block-fidelo-fa-picker\"><svg xmlns=\"http:\/\/www.w3.org\/2000\/svg\" viewBox=\"0 0 384 512\"><path d=\"M368 224H224V80c0-8.84-7.16-16-16-16h-32c-8.84 0-16 7.16-16 16v144H16c-8.84 0-16 7.16-16 16v32c0 8.84 7.16 16 16 16h144v144c0 8.84 7.16 16 16 16h32c8.84 0 16-7.16 16-16V288h144c8.84 0 16-7.16 16-16v-32c0-8.84-7.16-16-16-16z\"><\/path><\/svg><\/div>\n\n\n\n<h2 class=\"wp-block-heading\">The advantages of The Kitchen Company<\/h2>\n\n\n\n<p>If you have purchased your renovated or new property before the kitchen was installed, you will be able to select the layout you desire. Some elements will need to comply with the specifications and choices made by the project developer. This could, for example, concern the location of technical elements, such as water connections.<\/p>\n\n\n\n<p>When you make an appointment, one of our interior architects will take over and become your sole point of contact. They will guide you through the design and layout of your kitchen in your future home. The interior architect will base their work on several criteria:<\/p>\n\n\n\n<ul class=\"wp-block-list\">\n<li>Your needs and lifestyle<\/li>\n\n\n\n<li>The desired kitchen style<\/li>\n\n\n\n<li>Materials, finishes, and colors<\/li>\n\n\n\n<li>Type of appliances and sanitary fixtures<\/li>\n\n\n\n<li>Overall kitchen ergonomics<\/li>\n<\/ul>\n<\/div>\n\n\n\n<div class=\"wp-block-tkc-tkc-blocks undefined col-md-6 bg-1\">\n<div class=\"wp-block-fidelo-fa-picker\"><svg xmlns=\"http:\/\/www.w3.org\/2000\/svg\" viewBox=\"0 0 640 512\"><path d=\"M192 256c61.9 0 112-50.1 112-112S253.9 32 192 32 80 82.1 80 144s50.1 112 112 112zm76.8 32h-8.3c-20.8 10-43.9 16-68.5 16s-47.6-6-68.5-16h-8.3C51.6 288 0 339.6 0 403.2V432c0 26.5 21.5 48 48 48h288c26.5 0 48-21.5 48-48v-28.8c0-63.6-51.6-115.2-115.2-115.2zM480 256c53 0 96-43 96-96s-43-96-96-96-96 43-96 96 43 96 96 96zm48 32h-3.8c-13.9 4.8-28.6 8-44.2 8s-30.3-3.2-44.2-8H432c-20.4 0-39.2 5.9-55.7 15.4 24.4 26.3 39.7 61.2 39.7 99.8v38.4c0 2.2-.5 4.3-.6 6.4H592c26.5 0 48-21.5 48-48 0-61.9-50.1-112-112-112z\"><\/path><\/svg><\/div>\n\n\n\n<h3 class=\"wp-block-heading\">Your advantages as individual buyers<\/h3>\n\n\n\n<ul class=\"wp-block-list\">\n<li>Personalized follow-up by our interior architects, at the forefront of the latest trends in interior design<\/li>\n\n\n\n<li>Assistance available in both national languages as well as in English<\/li>\n\n\n\n<li>A warm welcome in unique and inspiring showrooms<\/li>\n\n\n\n<li>A wide selection from a variety of finishes and equipment ranges<\/li>\n<\/ul>\n\n\n\n<hr class=\"wp-block-separator has-css-opacity\"\/>\n\n\n\n<div class=\"wp-block-fidelo-fa-picker\"><svg xmlns=\"http:\/\/www.w3.org\/2000\/svg\" viewBox=\"0 0 512 512\"><path d=\"M501.1 395.7L384 278.6c-23.1-23.1-57.6-27.6-85.4-13.9L192 158.1V96L64 0 0 64l96 128h62.1l106.6 106.6c-13.6 27.8-9.2 62.3 13.9 85.4l117.1 117.1c14.6 14.6 38.2 14.6 52.7 0l52.7-52.7c14.5-14.6 14.5-38.2 0-52.7zM331.7 225c28.3 0 54.9 11 74.9 31l19.4 19.4c15.8-6.9 30.8-16.5 43.8-29.5 37.1-37.1 49.7-89.3 37.9-136.7-2.2-9-13.5-12.1-20.1-5.5l-74.4 74.4-67.9-11.3L334 98.9l74.4-74.4c6.6-6.6 3.4-17.9-5.7-20.2-47.4-11.7-99.6.9-136.6 37.9-28.5 28.5-41.9 66.1-41.2 103.6l82.1 82.1c8.1-1.9 16.5-2.9 24.7-2.9zm-103.9 82l-56.7-56.7L18.7 402.8c-25 25-25 65.5 0 90.5s65.5 25 90.5 0l123.6-123.6c-7.6-19.9-9.9-41.6-5-62.7zM64 472c-13.2 0-24-10.8-24-24 0-13.3 10.7-24 24-24s24 10.7 24 24c0 13.2-10.7 24-24 24z\"><\/path><\/svg><\/div>\n\n\n\n<h3 class=\"wp-block-heading\">Your advantages as investor buyers<\/h3>\n\n\n\n<ul class=\"wp-block-list\">\n<li>25 years of expertise in design and support for large real estate projects<\/li>\n\n\n\n<li>A hands-on approach and follow-up of your project from A to Z<\/li>\n\n\n\n<li>The possibility of remote appointments<\/li>\n\n\n\n<li>Design by qualified interior architects<\/li>\n\n\n\n<li>Impeccable installation service and professional project management<\/li>\n<\/ul>\n\n\n\n<hr class=\"wp-block-separator has-alpha-channel-opacity\"\/>\n\n\n\n<p>\u00a0Discover the world of The Kitchen Company by exploring our projects.<\/p>\n<\/div>\n","protected":false},"excerpt":{"rendered":"","protected":false},"author":6,"featured_media":6957,"parent":0,"menu_order":0,"comment_status":"closed","ping_status":"closed","template":"","meta":{"keyline":"Specialists in kitchen design, we offer a 360\u00b0 service for real estate buyers. With the help of our interior architects, we guide you in your choices to help you create a project that reflects your style.","googlemap":"","footnotes":""},"class_list":["post-7661","page","type-page","status-publish","has-post-thumbnail","hentry"],"yoast_head":"<!-- This site is optimized with the Yoast SEO plugin v27.4 - https:\/\/yoast.com\/product\/yoast-seo-wordpress\/ -->\n<title>The Kitchen Company | At the service of real estate buyers<\/title>\n<meta name=\"description\" content=\"The Kitchen Company assists buyers in the design and installation of fully equipped kitchens as part of real estate projects.\" \/>\n<meta name=\"robots\" content=\"index, follow, max-snippet:-1, max-image-preview:large, max-video-preview:-1\" \/>\n<link rel=\"canonical\" href=\"https:\/\/thekitchencompany.be\/en\/services-through-a-developer\/\" \/>\n<meta property=\"og:locale\" content=\"en_US\" \/>\n<meta property=\"og:type\" content=\"article\" \/>\n<meta property=\"og:title\" content=\"The Kitchen Company | At the service of real estate buyers\" \/>\n<meta property=\"og:description\" content=\"The Kitchen Company assists buyers in the design and installation of fully equipped kitchens as part of real estate projects.\" \/>\n<meta property=\"og:url\" content=\"https:\/\/thekitchencompany.be\/en\/services-through-a-developer\/\" \/>\n<meta property=\"og:site_name\" content=\"The Kitchen Company\" \/>\n<meta property=\"article:modified_time\" content=\"2025-01-09T19:36:44+00:00\" \/>\n<meta property=\"og:image\" content=\"https:\/\/thekitchencompany.be\/wp-content\/uploads\/2024\/01\/Cuisine_K_One_Rose.jpg\" \/>\n\t<meta property=\"og:image:width\" content=\"2048\" \/>\n\t<meta property=\"og:image:height\" content=\"1337\" \/>\n\t<meta property=\"og:image:type\" content=\"image\/jpeg\" \/>\n<meta name=\"twitter:card\" content=\"summary_large_image\" \/>\n<meta name=\"twitter:label1\" content=\"Est. reading time\" \/>\n\t<meta name=\"twitter:data1\" content=\"2 minutes\" \/>\n<script type=\"application\/ld+json\" class=\"yoast-schema-graph\">{\"@context\":\"https:\\\/\\\/schema.org\",\"@graph\":[{\"@type\":\"WebPage\",\"@id\":\"https:\\\/\\\/thekitchencompany.be\\\/en\\\/services-through-a-developer\\\/\",\"url\":\"https:\\\/\\\/thekitchencompany.be\\\/en\\\/services-through-a-developer\\\/\",\"name\":\"The Kitchen Company | At the service of real estate buyers\",\"isPartOf\":{\"@id\":\"https:\\\/\\\/thekitchencompany.be\\\/en\\\/#website\"},\"primaryImageOfPage\":{\"@id\":\"https:\\\/\\\/thekitchencompany.be\\\/en\\\/services-through-a-developer\\\/#primaryimage\"},\"image\":{\"@id\":\"https:\\\/\\\/thekitchencompany.be\\\/en\\\/services-through-a-developer\\\/#primaryimage\"},\"thumbnailUrl\":\"https:\\\/\\\/thekitchencompany.be\\\/wp-content\\\/uploads\\\/2024\\\/01\\\/Cuisine_K_One_Rose.jpg\",\"datePublished\":\"2025-01-09T19:32:32+00:00\",\"dateModified\":\"2025-01-09T19:36:44+00:00\",\"description\":\"The Kitchen Company assists buyers in the design and installation of fully equipped kitchens as part of real estate projects.\",\"breadcrumb\":{\"@id\":\"https:\\\/\\\/thekitchencompany.be\\\/en\\\/services-through-a-developer\\\/#breadcrumb\"},\"inLanguage\":\"en-US\",\"potentialAction\":[{\"@type\":\"ReadAction\",\"target\":[\"https:\\\/\\\/thekitchencompany.be\\\/en\\\/services-through-a-developer\\\/\"]}]},{\"@type\":\"ImageObject\",\"inLanguage\":\"en-US\",\"@id\":\"https:\\\/\\\/thekitchencompany.be\\\/en\\\/services-through-a-developer\\\/#primaryimage\",\"url\":\"https:\\\/\\\/thekitchencompany.be\\\/wp-content\\\/uploads\\\/2024\\\/01\\\/Cuisine_K_One_Rose.jpg\",\"contentUrl\":\"https:\\\/\\\/thekitchencompany.be\\\/wp-content\\\/uploads\\\/2024\\\/01\\\/Cuisine_K_One_Rose.jpg\",\"width\":2048,\"height\":1337,\"caption\":\"Cuisine K-one rose The Kitchen Company\"},{\"@type\":\"BreadcrumbList\",\"@id\":\"https:\\\/\\\/thekitchencompany.be\\\/en\\\/services-through-a-developer\\\/#breadcrumb\",\"itemListElement\":[{\"@type\":\"ListItem\",\"position\":1,\"name\":\"Home\",\"item\":\"https:\\\/\\\/thekitchencompany.be\\\/en\\\/\"},{\"@type\":\"ListItem\",\"position\":2,\"name\":\"The Kitchen Company: Kitchen designers and interior architects for real estate acquisitions\"}]},{\"@type\":\"WebSite\",\"@id\":\"https:\\\/\\\/thekitchencompany.be\\\/en\\\/#website\",\"url\":\"https:\\\/\\\/thekitchencompany.be\\\/en\\\/\",\"name\":\"The Kitchen Company\",\"description\":\"Un service sur mesure pour les promoteurs immobiliers\",\"potentialAction\":[{\"@type\":\"SearchAction\",\"target\":{\"@type\":\"EntryPoint\",\"urlTemplate\":\"https:\\\/\\\/thekitchencompany.be\\\/en\\\/?s={search_term_string}\"},\"query-input\":{\"@type\":\"PropertyValueSpecification\",\"valueRequired\":true,\"valueName\":\"search_term_string\"}}],\"inLanguage\":\"en-US\"}]}<\/script>\n<!-- \/ Yoast SEO plugin. -->","yoast_head_json":{"title":"The Kitchen Company | At the service of real estate buyers","description":"The Kitchen Company assists buyers in the design and installation of fully equipped kitchens as part of real estate projects.","robots":{"index":"index","follow":"follow","max-snippet":"max-snippet:-1","max-image-preview":"max-image-preview:large","max-video-preview":"max-video-preview:-1"},"canonical":"https:\/\/thekitchencompany.be\/en\/services-through-a-developer\/","og_locale":"en_US","og_type":"article","og_title":"The Kitchen Company | At the service of real estate buyers","og_description":"The Kitchen Company assists buyers in the design and installation of fully equipped kitchens as part of real estate projects.","og_url":"https:\/\/thekitchencompany.be\/en\/services-through-a-developer\/","og_site_name":"The Kitchen Company","article_modified_time":"2025-01-09T19:36:44+00:00","og_image":[{"width":2048,"height":1337,"url":"https:\/\/thekitchencompany.be\/wp-content\/uploads\/2024\/01\/Cuisine_K_One_Rose.jpg","type":"image\/jpeg"}],"twitter_card":"summary_large_image","twitter_misc":{"Est. reading time":"2 minutes"},"schema":{"@context":"https:\/\/schema.org","@graph":[{"@type":"WebPage","@id":"https:\/\/thekitchencompany.be\/en\/services-through-a-developer\/","url":"https:\/\/thekitchencompany.be\/en\/services-through-a-developer\/","name":"The Kitchen Company | At the service of real estate buyers","isPartOf":{"@id":"https:\/\/thekitchencompany.be\/en\/#website"},"primaryImageOfPage":{"@id":"https:\/\/thekitchencompany.be\/en\/services-through-a-developer\/#primaryimage"},"image":{"@id":"https:\/\/thekitchencompany.be\/en\/services-through-a-developer\/#primaryimage"},"thumbnailUrl":"https:\/\/thekitchencompany.be\/wp-content\/uploads\/2024\/01\/Cuisine_K_One_Rose.jpg","datePublished":"2025-01-09T19:32:32+00:00","dateModified":"2025-01-09T19:36:44+00:00","description":"The Kitchen Company assists buyers in the design and installation of fully equipped kitchens as part of real estate projects.","breadcrumb":{"@id":"https:\/\/thekitchencompany.be\/en\/services-through-a-developer\/#breadcrumb"},"inLanguage":"en-US","potentialAction":[{"@type":"ReadAction","target":["https:\/\/thekitchencompany.be\/en\/services-through-a-developer\/"]}]},{"@type":"ImageObject","inLanguage":"en-US","@id":"https:\/\/thekitchencompany.be\/en\/services-through-a-developer\/#primaryimage","url":"https:\/\/thekitchencompany.be\/wp-content\/uploads\/2024\/01\/Cuisine_K_One_Rose.jpg","contentUrl":"https:\/\/thekitchencompany.be\/wp-content\/uploads\/2024\/01\/Cuisine_K_One_Rose.jpg","width":2048,"height":1337,"caption":"Cuisine K-one rose The Kitchen Company"},{"@type":"BreadcrumbList","@id":"https:\/\/thekitchencompany.be\/en\/services-through-a-developer\/#breadcrumb","itemListElement":[{"@type":"ListItem","position":1,"name":"Home","item":"https:\/\/thekitchencompany.be\/en\/"},{"@type":"ListItem","position":2,"name":"The Kitchen Company: Kitchen designers and interior architects for real estate acquisitions"}]},{"@type":"WebSite","@id":"https:\/\/thekitchencompany.be\/en\/#website","url":"https:\/\/thekitchencompany.be\/en\/","name":"The Kitchen Company","description":"Un service sur mesure pour les promoteurs immobiliers","potentialAction":[{"@type":"SearchAction","target":{"@type":"EntryPoint","urlTemplate":"https:\/\/thekitchencompany.be\/en\/?s={search_term_string}"},"query-input":{"@type":"PropertyValueSpecification","valueRequired":true,"valueName":"search_term_string"}}],"inLanguage":"en-US"}]}},"_links":{"self":[{"href":"https:\/\/thekitchencompany.be\/en\/wp-json\/wp\/v2\/pages\/7661","targetHints":{"allow":["GET"]}}],"collection":[{"href":"https:\/\/thekitchencompany.be\/en\/wp-json\/wp\/v2\/pages"}],"about":[{"href":"https:\/\/thekitchencompany.be\/en\/wp-json\/wp\/v2\/types\/page"}],"author":[{"embeddable":true,"href":"https:\/\/thekitchencompany.be\/en\/wp-json\/wp\/v2\/users\/6"}],"replies":[{"embeddable":true,"href":"https:\/\/thekitchencompany.be\/en\/wp-json\/wp\/v2\/comments?post=7661"}],"version-history":[{"count":2,"href":"https:\/\/thekitchencompany.be\/en\/wp-json\/wp\/v2\/pages\/7661\/revisions"}],"predecessor-version":[{"id":7664,"href":"https:\/\/thekitchencompany.be\/en\/wp-json\/wp\/v2\/pages\/7661\/revisions\/7664"}],"wp:featuredmedia":[{"embeddable":true,"href":"https:\/\/thekitchencompany.be\/en\/wp-json\/wp\/v2\/media\/6957"}],"wp:attachment":[{"href":"https:\/\/thekitchencompany.be\/en\/wp-json\/wp\/v2\/media?parent=7661"}],"curies":[{"name":"wp","href":"https:\/\/api.w.org\/{rel}","templated":true}]}}