{"id":10,"date":"2019-08-08T19:25:13","date_gmt":"2019-08-08T18:25:13","guid":{"rendered":"https:\/\/thekitchencompany.be\/?page_id=10"},"modified":"2025-11-24T14:22:30","modified_gmt":"2025-11-24T13:22:30","slug":"cuisines","status":"publish","type":"page","link":"https:\/\/thekitchencompany.be\/fr\/cuisines\/","title":{"rendered":"Nos <b>mod\u00e8les de cuisines<\/b> sur mesure \u00e0 destination de la promotion immobili\u00e8re"},"content":{"rendered":"\n<article class=\"wp-block-fidelo-image-text col-md-12\"><div class=\"row mediatext-wrap\" alignment=\"right\"><div class=\"col-md-6 bg\" theme=\"bg-3\">\n<div class=\"wp-block-fidelo-fa-picker\"><svg xmlns=\"http:\/\/www.w3.org\/2000\/svg\" viewBox=\"0 0 512 512\"><path d=\"M384 215.1V102.5c0-15-9.3-28.4-23.4-33.7l-92-34.5c-8.1-3.1-17.1-3.1-25.3 0l-92 34.5c-14.1 5.3-23.4 18.7-23.4 33.7v112.6L23.4 254.4C9.3 259.6 0 273.1 0 288.1v106.6c0 13.6 7.7 26.1 19.9 32.2l98.6 49.3c10.1 5.1 22.1 5.1 32.2 0L256 423.6l105.3 52.6c10.1 5.1 22.1 5.1 32.2 0l98.6-49.3c12.2-6.1 19.9-18.6 19.9-32.2V288.1c0-15-9.3-28.4-23.4-33.7L384 215.1zm-116 34.8V152l92-31.7v97.6l-92 32zM152 94.2l104-39 104 39v.2L256 131 152 94.3v-.1zm0 26.1l92 31.7v97.9l-92-32v-97.6zm-30 329.4l-96.8-48.4V308l96.8 39.3v102.4zM25.2 280.8v-.2l109.4-41 108.1 40.5v1.2l-108.1 43.9-109.4-44.4zm122 66.5l95.5-38.8V402l-95.5 47.8V347.3zm217.6 102.4L269.3 402v-93.4l95.5 38.8v102.3zm122-48.4L390 449.7V347.3l96.8-39.3v93.3zm0-120.5l-109.4 44.4-108.1-43.9v-1.2l108.1-40.5 109.4 41v.2z\"><\/path><\/svg><\/div>\n\n\n\n<h2 class=\"wp-block-heading\">Trois gammes de cuisines<\/h2>\n\n\n\n<p>Notre offre est compos\u00e9e de trois gammes de cuisines personnalisables de qualit\u00e9 <em>premium\u00a0<\/em>:<\/p>\n<\/div><div class=\"col-md-6 image\"><img decoding=\"async\" src=\"https:\/\/thekitchencompany.be\/wp-content\/uploads\/2019\/09\/gamme-de-cuisines-sur-mesures-1.jpg\"\/><\/div><\/div><\/article>\n\n\n\n<article class=\"wp-block-fidelo-image-text col-md-12\"><div class=\"row mediatext-wrap\" alignment=\"left\"><div class=\"col-md-6 bg\" theme=\"bg-2\">\n<h3 class=\"wp-block-heading\"><a href=\"https:\/\/thekitchencompany.be\/fr\/cuisines-k-start-the-kitchen-company\/\">K-start : efficace pour tous les espaces<\/a><\/h3>\n\n\n\n<p>La gamme K-start int\u00e8gre une s\u00e9lection optimis\u00e9e de meubles et de finitions permettant d&rsquo;habiller les espaces les plus r\u00e9duits tout en conservant un haut niveau de qualit\u00e9.<\/p>\n<\/div><div class=\"col-md-6 image\"><a href=\"https:\/\/thekitchencompany.be\/fr\/cuisines\/cuisines-modernes-k-one\/\" data-popin=\"false\"><img decoding=\"async\" src=\"https:\/\/thekitchencompany.be\/wp-content\/uploads\/2024\/11\/K-Start_Illustration-1-scaled.jpg\"\/><\/a><\/div><\/div><\/article>\n\n\n\n<article class=\"wp-block-fidelo-image-text col-md-12\"><div class=\"row mediatext-wrap\" alignment=\"right\"><div class=\"col-md-6 bg\" theme=\"bg-2\">\n<h3 class=\"wp-block-heading\"><a href=\"https:\/\/thekitchencompany.be\/fr\/cuisines\/cuisines-modernes-k-one\/\">K-one&nbsp;: cuisines design et fonctionnelle<\/a><\/h3>\n\n\n\n<p>Les cuisines de la gamme <em>K-one<\/em> rev\u00eatent un <strong>aspect design et \u00e9pur\u00e9<\/strong>. Dans l\u2019air du temps, cette gamme de <a href=\"https:\/\/thekitchencompany.be\/fr\/cuisines\/cuisines-modernes-k-one\/\">cuisines contemporaines<\/a> constitue la solution id\u00e9ale pour combiner personnalisation, qualit\u00e9 et accessibilit\u00e9. Leur esth\u00e9tique innovante et soign\u00e9e offre de nombreuses possibilit\u00e9s d\u2019am\u00e9nagement sur-mesure selon votre style et vos besoins.<\/p>\n<\/div><div class=\"col-md-6 image\"><a href=\"https:\/\/thekitchencompany.be\/fr\/cuisines\/cuisines-modernes-k-one\/\" data-popin=\"false\"><img decoding=\"async\" src=\"https:\/\/thekitchencompany.be\/wp-content\/uploads\/2019\/09\/k-one-design-soigne-dans-lair-du-temps-1.jpg\"\/><\/a><\/div><\/div><\/article>\n\n\n\n<article class=\"wp-block-fidelo-image-text col-md-12\"><div class=\"row mediatext-wrap\" alignment=\"left\"><div class=\"col-md-6 bg\" theme=\"bg-3\">\n<h3 class=\"wp-block-heading\"><a href=\"https:\/\/thekitchencompany.be\/fr\/cuisines-leicht-moderne-haut-de-gamme\/\">LEICHT : Modernit\u00e9 et \u00e9l\u00e9gance <\/a><\/h3>\n\n\n\n<p>Le programme haut de gamme <strong>LEICHT <\/strong>englobe des cuisines modernes, traditionnelles et individuelles. Cette gamme permet la combinaison parfaite d\u2019un <strong>usinage moderne<\/strong>, de <strong>multiples options<\/strong> de personnalisation et de possibilit\u00e9s de fa\u00e7onnage <strong>sur mesure<\/strong>.<\/p>\n\n\n\n<p>Les exigences les plus pointues pourront \u00eatre respect\u00e9es gr\u00e2ce aux possibilit\u00e9s offertes par <strong>LEICHT<\/strong>. De plus, gr\u00e2ce \u00e0 la palette de couleurs <em>Le Corbusier<\/em>, la cuisine prend une toute autre dimension gr\u00e2ce \u00e0 des couleurs naturelles, harmonieuses et intemporelles.<\/p>\n<\/div><div class=\"col-md-6 image\"><a href=\"https:\/\/thekitchencompany.be\/fr\/cuisines-leicht-moderne-haut-de-gamme\/\" data-popin=\"false\"><img decoding=\"async\" src=\"https:\/\/thekitchencompany.be\/wp-content\/uploads\/2020\/06\/LEICHT-modernite-elegence.jpg\"\/><\/a><\/div><\/div><\/article>\n\n\n\n<div class=\"wp-block-tkc-tkc-blocks undefined col-md-6 bg-1 bg-2 align-self-start\">\n<h2 class=\"wp-block-heading\">Une prise en charge de A \u00e0 Z<\/h2>\n\n\n\n<p>En tant que partenaire, nous pensons que notre mission repose avant tout sur un <strong>sens de l\u2019\u00e9coute<\/strong> exacerb\u00e9, un <strong>conseil personnalis\u00e9<\/strong> et un <strong>suivi r\u00e9gulier<\/strong> jusqu\u2019\u00e0 la r\u00e9ception de votre projet. Ce sont ces fondements qui constituent, selon nous, la qualit\u00e9 d\u2019une cuisine. Nous nous chargeons ainsi de la gestion compl\u00e8te de votre projet&nbsp;:<\/p>\n<\/div>\n\n\n\n<div class=\"wp-block-tkc-tkc-blocks undefined col-md-6 bg-1\">\n<h3 class=\"wp-block-heading\"> 1. Conseil et d\u00e9finition du projet <\/h3>\n\n\n\n<p>Le premier contact avec nos services est la rencontre avec l\u2019un de nos <strong>architectes d\u2019int\u00e9rieur<\/strong>, qui restera votre <strong>interlocuteur principal<\/strong> tout le long du projet et garant de son bon d\u00e9roulement. C\u2019est avec lui que vous choisirez l\u2019ensemble des \u00e9l\u00e9ments de votre projet de cuisine afin qu&rsquo;il refl\u00e8te parfaitement votre style, vos envies, vos attentes et votre budget: <\/p>\n\n\n\n<ul class=\"wp-block-list list-plus\">\n<li>Design personnalis\u00e9 et agencement des meubles de cuisine selon les contraintes techniques<\/li>\n\n\n\n<li>Choix des \u00e9quipements et \u00e9lectrom\u00e9nagers<\/li>\n\n\n\n<li>Conception des plans 3D de votre cuisine<\/li>\n\n\n\n<li>Commande et r\u00e9ception des diff\u00e9rents \u00e9l\u00e9ments constitutifs<\/li>\n<\/ul>\n\n\n\n<h3 class=\"wp-block-heading\"> 2. Conception de la cuisine <\/h3>\n\n\n\n<p>Une fois que les plans sont valid\u00e9s, nos techniciens d\u00e9butent la concr\u00e9tisation du projet. Ils commencent par <strong>v\u00e9rifier les mesures <\/strong>pr\u00e9cises de l\u2019espace cuisine dans le bien concern\u00e9 et r\u00e9alisent les contr\u00f4les techniques avant l\u2019installation.<\/p>\n\n\n\n<h3 class=\"wp-block-heading\"> 3. Pose de la cuisine et r\u00e9ception <\/h3>\n\n\n\n<p>Enfin, notre \u00e9quipe exp\u00e9riment\u00e9e d\u2019installateurs se charge du placement des meubles dans les moindres finitions, vous garantissant un travail soign\u00e9 et rigoureux. Nous vous laissons finalement proc\u00e9der \u00e0 la r\u00e9ception de la cuisine en coordination avec le promoteur.<\/p>\n\n\n\n<hr class=\"wp-block-separator has-alpha-channel-opacity\"\/>\n\n\n\n<p>Vous cherchez <strong>un partenaire privil\u00e9gi\u00e9 pour la conception de vos projets de cuisines<\/strong>\u2009? Prenez rendez-vous avec l\u2019un de nos collaborateurs ou <a href=\"https:\/\/thekitchencompany.be\/fr\/qui-sommes-nous\/contact\/\">contactez-nous<\/a> pour plus d\u2019informations.<\/p>\n<\/div>\n","protected":false},"excerpt":{"rendered":"","protected":false},"author":1,"featured_media":523,"parent":0,"menu_order":0,"comment_status":"closed","ping_status":"closed","template":"","meta":{"keyline":"Notre offre comporte trois gammes de cuisines, chacun r\u00e9pondant aux crit\u00e8res de qualit\u00e9\r\nles plus exigeants. Chaque type est enti\u00e8rement personnalisable pour s\u2019adapter \u00e0 tous les\r\nstyles d\u2019habitation et \u00e0 vos contraintes techniques.","googlemap":"","footnotes":""},"class_list":["post-10","page","type-page","status-publish","has-post-thumbnail","hentry"],"yoast_head":"<!-- This site is optimized with the Yoast SEO plugin v27.4 - https:\/\/yoast.com\/product\/yoast-seo-wordpress\/ -->\n<title>Nos cuisines pour la promotion immobili\u00e8re | The KitchenCompany<\/title>\n<meta name=\"description\" content=\"Venez d\u00e9couvrir nos trois gammes de cuisine sur mesure, chacune r\u00e9pondant \u00e0 des crit\u00e8res de qualit\u00e9 exigeants et personnalisables\" \/>\n<meta name=\"robots\" content=\"index, follow, max-snippet:-1, max-image-preview:large, max-video-preview:-1\" \/>\n<link rel=\"canonical\" href=\"https:\/\/thekitchencompany.be\/fr\/cuisines\/\" \/>\n<meta property=\"og:locale\" content=\"fr_FR\" \/>\n<meta property=\"og:type\" content=\"article\" \/>\n<meta property=\"og:title\" content=\"Nos cuisines pour la promotion immobili\u00e8re | The KitchenCompany\" \/>\n<meta property=\"og:description\" content=\"Venez d\u00e9couvrir nos trois gammes de cuisine sur mesure, chacune r\u00e9pondant \u00e0 des crit\u00e8res de qualit\u00e9 exigeants et personnalisables\" \/>\n<meta property=\"og:url\" content=\"https:\/\/thekitchencompany.be\/fr\/cuisines\/\" \/>\n<meta property=\"og:site_name\" content=\"The Kitchen Company\" \/>\n<meta property=\"article:modified_time\" content=\"2025-11-24T13:22:30+00:00\" \/>\n<meta property=\"og:image\" content=\"https:\/\/thekitchencompany.be\/wp-content\/uploads\/2019\/09\/cuisine-qualiter.jpg\" \/>\n\t<meta property=\"og:image:width\" content=\"1600\" \/>\n\t<meta property=\"og:image:height\" content=\"1200\" \/>\n\t<meta property=\"og:image:type\" content=\"image\/jpeg\" \/>\n<meta name=\"twitter:card\" content=\"summary_large_image\" \/>\n<meta name=\"twitter:label1\" content=\"Dur\u00e9e de lecture estim\u00e9e\" \/>\n\t<meta name=\"twitter:data1\" content=\"4 minutes\" \/>\n<script type=\"application\/ld+json\" class=\"yoast-schema-graph\">{\"@context\":\"https:\\\/\\\/schema.org\",\"@graph\":[{\"@type\":\"WebPage\",\"@id\":\"https:\\\/\\\/thekitchencompany.be\\\/fr\\\/cuisines\\\/\",\"url\":\"https:\\\/\\\/thekitchencompany.be\\\/fr\\\/cuisines\\\/\",\"name\":\"Nos cuisines pour la promotion immobili\u00e8re | The KitchenCompany\",\"isPartOf\":{\"@id\":\"https:\\\/\\\/thekitchencompany.be\\\/fr\\\/#website\"},\"primaryImageOfPage\":{\"@id\":\"https:\\\/\\\/thekitchencompany.be\\\/fr\\\/cuisines\\\/#primaryimage\"},\"image\":{\"@id\":\"https:\\\/\\\/thekitchencompany.be\\\/fr\\\/cuisines\\\/#primaryimage\"},\"thumbnailUrl\":\"https:\\\/\\\/thekitchencompany.be\\\/wp-content\\\/uploads\\\/2019\\\/09\\\/cuisine-qualiter.jpg\",\"datePublished\":\"2019-08-08T18:25:13+00:00\",\"dateModified\":\"2025-11-24T13:22:30+00:00\",\"description\":\"Venez d\u00e9couvrir nos trois gammes de cuisine sur mesure, chacune r\u00e9pondant \u00e0 des crit\u00e8res de qualit\u00e9 exigeants et personnalisables\",\"breadcrumb\":{\"@id\":\"https:\\\/\\\/thekitchencompany.be\\\/fr\\\/cuisines\\\/#breadcrumb\"},\"inLanguage\":\"fr-FR\",\"potentialAction\":[{\"@type\":\"ReadAction\",\"target\":[\"https:\\\/\\\/thekitchencompany.be\\\/fr\\\/cuisines\\\/\"]}]},{\"@type\":\"ImageObject\",\"inLanguage\":\"fr-FR\",\"@id\":\"https:\\\/\\\/thekitchencompany.be\\\/fr\\\/cuisines\\\/#primaryimage\",\"url\":\"https:\\\/\\\/thekitchencompany.be\\\/wp-content\\\/uploads\\\/2019\\\/09\\\/cuisine-qualiter.jpg\",\"contentUrl\":\"https:\\\/\\\/thekitchencompany.be\\\/wp-content\\\/uploads\\\/2019\\\/09\\\/cuisine-qualiter.jpg\",\"width\":1600,\"height\":1200,\"caption\":\"cuisine am\u00e9nagement grise\"},{\"@type\":\"BreadcrumbList\",\"@id\":\"https:\\\/\\\/thekitchencompany.be\\\/fr\\\/cuisines\\\/#breadcrumb\",\"itemListElement\":[{\"@type\":\"ListItem\",\"position\":1,\"name\":\"Home\",\"item\":\"https:\\\/\\\/thekitchencompany.be\\\/fr\\\/\"},{\"@type\":\"ListItem\",\"position\":2,\"name\":\"Nos mod\u00e8les de cuisines sur mesure \u00e0 destination de la promotion immobili\u00e8re\"}]},{\"@type\":\"WebSite\",\"@id\":\"https:\\\/\\\/thekitchencompany.be\\\/fr\\\/#website\",\"url\":\"https:\\\/\\\/thekitchencompany.be\\\/fr\\\/\",\"name\":\"The Kitchen Company\",\"description\":\"Un service sur mesure pour les promoteurs immobiliers\",\"potentialAction\":[{\"@type\":\"SearchAction\",\"target\":{\"@type\":\"EntryPoint\",\"urlTemplate\":\"https:\\\/\\\/thekitchencompany.be\\\/fr\\\/?s={search_term_string}\"},\"query-input\":{\"@type\":\"PropertyValueSpecification\",\"valueRequired\":true,\"valueName\":\"search_term_string\"}}],\"inLanguage\":\"fr-FR\"}]}<\/script>\n<!-- \/ Yoast SEO plugin. -->","yoast_head_json":{"title":"Nos cuisines pour la promotion immobili\u00e8re | The KitchenCompany","description":"Venez d\u00e9couvrir nos trois gammes de cuisine sur mesure, chacune r\u00e9pondant \u00e0 des crit\u00e8res de qualit\u00e9 exigeants et personnalisables","robots":{"index":"index","follow":"follow","max-snippet":"max-snippet:-1","max-image-preview":"max-image-preview:large","max-video-preview":"max-video-preview:-1"},"canonical":"https:\/\/thekitchencompany.be\/fr\/cuisines\/","og_locale":"fr_FR","og_type":"article","og_title":"Nos cuisines pour la promotion immobili\u00e8re | The KitchenCompany","og_description":"Venez d\u00e9couvrir nos trois gammes de cuisine sur mesure, chacune r\u00e9pondant \u00e0 des crit\u00e8res de qualit\u00e9 exigeants et personnalisables","og_url":"https:\/\/thekitchencompany.be\/fr\/cuisines\/","og_site_name":"The Kitchen Company","article_modified_time":"2025-11-24T13:22:30+00:00","og_image":[{"width":1600,"height":1200,"url":"https:\/\/thekitchencompany.be\/wp-content\/uploads\/2019\/09\/cuisine-qualiter.jpg","type":"image\/jpeg"}],"twitter_card":"summary_large_image","twitter_misc":{"Dur\u00e9e de lecture estim\u00e9e":"4 minutes"},"schema":{"@context":"https:\/\/schema.org","@graph":[{"@type":"WebPage","@id":"https:\/\/thekitchencompany.be\/fr\/cuisines\/","url":"https:\/\/thekitchencompany.be\/fr\/cuisines\/","name":"Nos cuisines pour la promotion immobili\u00e8re | The KitchenCompany","isPartOf":{"@id":"https:\/\/thekitchencompany.be\/fr\/#website"},"primaryImageOfPage":{"@id":"https:\/\/thekitchencompany.be\/fr\/cuisines\/#primaryimage"},"image":{"@id":"https:\/\/thekitchencompany.be\/fr\/cuisines\/#primaryimage"},"thumbnailUrl":"https:\/\/thekitchencompany.be\/wp-content\/uploads\/2019\/09\/cuisine-qualiter.jpg","datePublished":"2019-08-08T18:25:13+00:00","dateModified":"2025-11-24T13:22:30+00:00","description":"Venez d\u00e9couvrir nos trois gammes de cuisine sur mesure, chacune r\u00e9pondant \u00e0 des crit\u00e8res de qualit\u00e9 exigeants et personnalisables","breadcrumb":{"@id":"https:\/\/thekitchencompany.be\/fr\/cuisines\/#breadcrumb"},"inLanguage":"fr-FR","potentialAction":[{"@type":"ReadAction","target":["https:\/\/thekitchencompany.be\/fr\/cuisines\/"]}]},{"@type":"ImageObject","inLanguage":"fr-FR","@id":"https:\/\/thekitchencompany.be\/fr\/cuisines\/#primaryimage","url":"https:\/\/thekitchencompany.be\/wp-content\/uploads\/2019\/09\/cuisine-qualiter.jpg","contentUrl":"https:\/\/thekitchencompany.be\/wp-content\/uploads\/2019\/09\/cuisine-qualiter.jpg","width":1600,"height":1200,"caption":"cuisine am\u00e9nagement grise"},{"@type":"BreadcrumbList","@id":"https:\/\/thekitchencompany.be\/fr\/cuisines\/#breadcrumb","itemListElement":[{"@type":"ListItem","position":1,"name":"Home","item":"https:\/\/thekitchencompany.be\/fr\/"},{"@type":"ListItem","position":2,"name":"Nos mod\u00e8les de cuisines sur mesure \u00e0 destination de la promotion immobili\u00e8re"}]},{"@type":"WebSite","@id":"https:\/\/thekitchencompany.be\/fr\/#website","url":"https:\/\/thekitchencompany.be\/fr\/","name":"The Kitchen Company","description":"Un service sur mesure pour les promoteurs immobiliers","potentialAction":[{"@type":"SearchAction","target":{"@type":"EntryPoint","urlTemplate":"https:\/\/thekitchencompany.be\/fr\/?s={search_term_string}"},"query-input":{"@type":"PropertyValueSpecification","valueRequired":true,"valueName":"search_term_string"}}],"inLanguage":"fr-FR"}]}},"_links":{"self":[{"href":"https:\/\/thekitchencompany.be\/fr\/wp-json\/wp\/v2\/pages\/10","targetHints":{"allow":["GET"]}}],"collection":[{"href":"https:\/\/thekitchencompany.be\/fr\/wp-json\/wp\/v2\/pages"}],"about":[{"href":"https:\/\/thekitchencompany.be\/fr\/wp-json\/wp\/v2\/types\/page"}],"author":[{"embeddable":true,"href":"https:\/\/thekitchencompany.be\/fr\/wp-json\/wp\/v2\/users\/1"}],"replies":[{"embeddable":true,"href":"https:\/\/thekitchencompany.be\/fr\/wp-json\/wp\/v2\/comments?post=10"}],"version-history":[{"count":4,"href":"https:\/\/thekitchencompany.be\/fr\/wp-json\/wp\/v2\/pages\/10\/revisions"}],"predecessor-version":[{"id":7872,"href":"https:\/\/thekitchencompany.be\/fr\/wp-json\/wp\/v2\/pages\/10\/revisions\/7872"}],"wp:featuredmedia":[{"embeddable":true,"href":"https:\/\/thekitchencompany.be\/fr\/wp-json\/wp\/v2\/media\/523"}],"wp:attachment":[{"href":"https:\/\/thekitchencompany.be\/fr\/wp-json\/wp\/v2\/media?parent=10"}],"curies":[{"name":"wp","href":"https:\/\/api.w.org\/{rel}","templated":true}]}}