{"id":12,"date":"2019-08-08T19:25:28","date_gmt":"2019-08-08T18:25:28","guid":{"rendered":"https:\/\/thekitchencompany.be\/?page_id=12"},"modified":"2024-01-12T14:16:17","modified_gmt":"2024-01-12T13:16:17","slug":"placards-et-dressings","status":"publish","type":"page","link":"https:\/\/thekitchencompany.be\/fr\/placards-et-dressings\/","title":{"rendered":"Placards et dressings"},"content":{"rendered":"\n<article class=\"wp-block-fidelo-image-text col-md-12\"><div class=\"row mediatext-wrap\" alignment=\"right\"><div class=\"col-md-6 bg\" theme=\"bg-3\">\n<h2 class=\"wp-block-heading\">Plus qu\u2019un espace de rangement<\/h2>\n\n\n\n<p>Aujourd\u2019hui, le rangement est devenu un art \u00e0 part enti\u00e8re. Les placards et dressings ont pris une place centrale dans l\u2019am\u00e9nagement d\u2019un espace de vie, s\u2019int\u00e9grant avec \u00e9l\u00e9gance et cr\u00e9ativit\u00e9. Qu\u2019il s\u2019agisse de l\u2019am\u00e9nagement d\u2019une pi\u00e8ce enti\u00e8re d\u00e9di\u00e9e au dressing ou d&rsquo;un espace plus r\u00e9duit, <strong>les possibilit\u00e9s de personnalisation sont innombrables<\/strong>. Ces derni\u00e8res permettront d&rsquo;optimiser l&rsquo;espace de votre projet immobilier et de lui donner un cachet suppl\u00e9mentaire.<\/p>\n<\/div><div class=\"col-md-6 image\"><img decoding=\"async\" src=\"https:\/\/thekitchencompany.be\/wp-content\/uploads\/2019\/09\/un-espace-de-rangement.jpg\"\/><\/div><\/div><\/article>\n\n\n\n<article class=\"wp-block-fidelo-image-text col-md-12\"><div class=\"row mediatext-wrap\" alignment=\"left\"><div class=\"col-md-6 bg\" theme=\"bg-2\">\n<h2 class=\"wp-block-heading\">Notre expertise au service du d\u00e9tail et de la qualit\u00e9<\/h2>\n\n\n\n<p>Depuis plus de 25 ans, nous concevons et installons des meubles sur mesure. Historiquement sp\u00e9cialis\u00e9s dans la r\u00e9alisation de cuisines, nous \u00e9tendons d\u00e9sormais notre savori faire \u00e0 toutes les pi\u00e8ces de l&rsquo;habitation. <strong>Rigueur, passion et service<\/strong> restent nos ma\u00eetres-mots et nos architectes d\u2019int\u00e9rieur vous accompagnent \u00e0 chaque \u00e9tape de la conception de vos placards et dressings.<\/p>\n<\/div><div class=\"col-md-6 image\"><img decoding=\"async\" src=\"https:\/\/thekitchencompany.be\/wp-content\/uploads\/2019\/09\/qualiter-et-details.jpg\"\/><\/div><\/div><\/article>\n\n\n\n<article class=\"wp-block-fidelo-image-text col-md-12\"><div class=\"row mediatext-wrap\" alignment=\"right\"><div class=\"col-md-6 bg\" theme=\"bg-1\">\n<h2 class=\"wp-block-heading\">\u00c0 chaque projet, sa personnalit\u00e9<\/h2>\n\n\n\n<p>Les solutions de rangement sont aussi \u00e9tendues qu\u2019il existe d\u2019habitations qui les abritent.<br>Elles se pr\u00eatent \u00e0 tous les espaces et r\u00e9pondent \u00e0 chaque besoin. Chez The Kitchen Company, nous sommes pr\u00e9sents \u00e0 chaque \u00e9tape de conception pour <strong>vous conseiller avec professionnalisme et habilet\u00e9<\/strong>. Nous commen\u00e7ons par d\u00e9finir avec vous le <strong>type de projet<\/strong> : s\u2019agit-il de l\u2019am\u00e9nagement complet d\u2019une pi\u00e8ce dressing ou d\u2019un placard de rangement sous un escalier ? <\/p>\n\n\n\n<p>Nous discutons ensemble de l\u2019usage pr\u00e9vu et d\u00e9terminons chaque \u00e9l\u00e9ment constitutif du placard : coloris, d\u2019\u00e9ventuels jeux de texture ou encore l\u2019int\u00e9gration de portes coulissantes ou \u00e0 battants.<br>Une fois que l\u2019ensemble du projet est fix\u00e9, nos architectes d\u2019int\u00e9rieur le concr\u00e9tisent en cr\u00e9ant une <strong>visualition 3D<\/strong>. Cela vous permet d\u2019avoir une id\u00e9e du rendu de votre projet dans des conditions r\u00e9elles.<\/p>\n\n\n\n<p>Pour finir, nos \u00e9quipes techniques prennent en charge toutes les mesures n\u00e9cessaires sur place afin que les meubles s\u2019int\u00e8grent parfaitement \u00e0 l\u2019espace. \u00c0 la date convenue, nos installateurs proc\u00e8deront au <strong>placement du placard ou du dressing jusque dans les moindres d\u00e9tails<\/strong>.<\/p>\n\n\n\n<hr class=\"wp-block-separator has-alpha-channel-opacity\"\/>\n\n\n\n<p>Vous cherchez un partenaire de choix <a href=\"\/promoteurs\/\">sp\u00e9cialis\u00e9 dans la promotion immobili\u00e8re<\/a> pour la r\u00e9alisation de vos placards sur mesure ? Prenez rendez-vous en ligne ou contactez-nous via notre <a href=\"https:\/\/thekitchencompany.be\/fr\/qui-sommes-nous\/contact\/\">formulaire de contact<\/a>.<\/p>\n\n\n\n<p>D\u00e9couvrez aussi:<\/p>\n\n\n\n<ul class=\"wp-block-list\">\n<li><a href=\"https:\/\/thekitchencompany.be\/fr\/amenagement-dinterieur\/buanderie-arriere-cuisine\/\">Nos buanderies<\/a><\/li>\n\n\n\n<li><a href=\"https:\/\/thekitchencompany.be\/fr\/amenagement-dinterieur\/bureau\/\">Nos bureaux<\/a><\/li>\n\n\n\n<li><a href=\"https:\/\/thekitchencompany.be\/fr\/amenagement-dinterieur\/meubles-de-television\/\">Nos meubles TV<\/a><\/li>\n\n\n\n<li><a href=\"https:\/\/thekitchencompany.be\/fr\/amenagement-dinterieur\/salle-de-bain\/\">Nos salles de bains<\/a><\/li>\n\n\n\n<li><a href=\"https:\/\/thekitchencompany.be\/fr\/amenagement-dinterieur\/salle-a-manger\/\">Nos salles \u00e0 manger<\/a><\/li>\n<\/ul>\n<\/div><div class=\"col-md-6 image\"><img decoding=\"async\" src=\"https:\/\/thekitchencompany.be\/wp-content\/uploads\/2019\/09\/rangement-personalite\u0301.jpg\"\/><\/div><\/div><\/article>\n","protected":false},"excerpt":{"rendered":"","protected":false},"author":1,"featured_media":573,"parent":0,"menu_order":0,"comment_status":"closed","ping_status":"closed","template":"","meta":{"keyline":"Sp\u00e9cialiste de l\u2019am\u00e9nagement de cuisines depuis plus de 25 ans, nous proposons\r\nd\u00e9sormais un service complet de conception et d\u2019am\u00e9nagement de placards et de\r\ndressings sur mesure.","googlemap":"","footnotes":""},"class_list":["post-12","page","type-page","status-publish","has-post-thumbnail","hentry"],"yoast_head":"<!-- This site is optimized with the Yoast SEO plugin v27.4 - https:\/\/yoast.com\/product\/yoast-seo-wordpress\/ -->\n<title>Placards et dressings | The Kitchen Company<\/title>\n<meta name=\"description\" content=\"Historiquement sp\u00e9cialis\u00e9 dans la conception de cuisine, nous \u00e9largissons notre gamme aux placards et dressings. D\u00e9couvrez-en plus\" \/>\n<meta name=\"robots\" content=\"index, follow, max-snippet:-1, max-image-preview:large, max-video-preview:-1\" \/>\n<link rel=\"canonical\" href=\"https:\/\/thekitchencompany.be\/fr\/placards-et-dressings\/\" \/>\n<meta property=\"og:locale\" content=\"fr_FR\" \/>\n<meta property=\"og:type\" content=\"article\" \/>\n<meta property=\"og:title\" content=\"Placards et dressings | The Kitchen Company\" \/>\n<meta property=\"og:description\" content=\"Historiquement sp\u00e9cialis\u00e9 dans la conception de cuisine, nous \u00e9largissons notre gamme aux placards et dressings. D\u00e9couvrez-en plus\" \/>\n<meta property=\"og:url\" content=\"https:\/\/thekitchencompany.be\/fr\/placards-et-dressings\/\" \/>\n<meta property=\"og:site_name\" content=\"The Kitchen Company\" \/>\n<meta property=\"article:modified_time\" content=\"2024-01-12T13:16:17+00:00\" \/>\n<meta property=\"og:image\" content=\"https:\/\/thekitchencompany.be\/wp-content\/uploads\/2019\/09\/placard-sur-mesure.jpg\" \/>\n\t<meta property=\"og:image:width\" content=\"1800\" \/>\n\t<meta property=\"og:image:height\" content=\"1013\" \/>\n\t<meta property=\"og:image:type\" content=\"image\/jpeg\" \/>\n<meta name=\"twitter:card\" content=\"summary_large_image\" \/>\n<meta name=\"twitter:label1\" content=\"Dur\u00e9e de lecture estim\u00e9e\" \/>\n\t<meta name=\"twitter:data1\" content=\"3 minutes\" \/>\n<script type=\"application\/ld+json\" class=\"yoast-schema-graph\">{\"@context\":\"https:\\\/\\\/schema.org\",\"@graph\":[{\"@type\":\"WebPage\",\"@id\":\"https:\\\/\\\/thekitchencompany.be\\\/fr\\\/placards-et-dressings\\\/\",\"url\":\"https:\\\/\\\/thekitchencompany.be\\\/fr\\\/placards-et-dressings\\\/\",\"name\":\"Placards et dressings | The Kitchen Company\",\"isPartOf\":{\"@id\":\"https:\\\/\\\/thekitchencompany.be\\\/fr\\\/#website\"},\"primaryImageOfPage\":{\"@id\":\"https:\\\/\\\/thekitchencompany.be\\\/fr\\\/placards-et-dressings\\\/#primaryimage\"},\"image\":{\"@id\":\"https:\\\/\\\/thekitchencompany.be\\\/fr\\\/placards-et-dressings\\\/#primaryimage\"},\"thumbnailUrl\":\"https:\\\/\\\/thekitchencompany.be\\\/wp-content\\\/uploads\\\/2019\\\/09\\\/placard-sur-mesure.jpg\",\"datePublished\":\"2019-08-08T18:25:28+00:00\",\"dateModified\":\"2024-01-12T13:16:17+00:00\",\"description\":\"Historiquement sp\u00e9cialis\u00e9 dans la conception de cuisine, nous \u00e9largissons notre gamme aux placards et dressings. D\u00e9couvrez-en plus\",\"breadcrumb\":{\"@id\":\"https:\\\/\\\/thekitchencompany.be\\\/fr\\\/placards-et-dressings\\\/#breadcrumb\"},\"inLanguage\":\"fr-FR\",\"potentialAction\":[{\"@type\":\"ReadAction\",\"target\":[\"https:\\\/\\\/thekitchencompany.be\\\/fr\\\/placards-et-dressings\\\/\"]}]},{\"@type\":\"ImageObject\",\"inLanguage\":\"fr-FR\",\"@id\":\"https:\\\/\\\/thekitchencompany.be\\\/fr\\\/placards-et-dressings\\\/#primaryimage\",\"url\":\"https:\\\/\\\/thekitchencompany.be\\\/wp-content\\\/uploads\\\/2019\\\/09\\\/placard-sur-mesure.jpg\",\"contentUrl\":\"https:\\\/\\\/thekitchencompany.be\\\/wp-content\\\/uploads\\\/2019\\\/09\\\/placard-sur-mesure.jpg\",\"width\":1800,\"height\":1013},{\"@type\":\"BreadcrumbList\",\"@id\":\"https:\\\/\\\/thekitchencompany.be\\\/fr\\\/placards-et-dressings\\\/#breadcrumb\",\"itemListElement\":[{\"@type\":\"ListItem\",\"position\":1,\"name\":\"Home\",\"item\":\"https:\\\/\\\/thekitchencompany.be\\\/fr\\\/\"},{\"@type\":\"ListItem\",\"position\":2,\"name\":\"Placards et dressings\"}]},{\"@type\":\"WebSite\",\"@id\":\"https:\\\/\\\/thekitchencompany.be\\\/fr\\\/#website\",\"url\":\"https:\\\/\\\/thekitchencompany.be\\\/fr\\\/\",\"name\":\"The Kitchen Company\",\"description\":\"Un service sur mesure pour les promoteurs immobiliers\",\"potentialAction\":[{\"@type\":\"SearchAction\",\"target\":{\"@type\":\"EntryPoint\",\"urlTemplate\":\"https:\\\/\\\/thekitchencompany.be\\\/fr\\\/?s={search_term_string}\"},\"query-input\":{\"@type\":\"PropertyValueSpecification\",\"valueRequired\":true,\"valueName\":\"search_term_string\"}}],\"inLanguage\":\"fr-FR\"}]}<\/script>\n<!-- \/ Yoast SEO plugin. -->","yoast_head_json":{"title":"Placards et dressings | The Kitchen Company","description":"Historiquement sp\u00e9cialis\u00e9 dans la conception de cuisine, nous \u00e9largissons notre gamme aux placards et dressings. D\u00e9couvrez-en plus","robots":{"index":"index","follow":"follow","max-snippet":"max-snippet:-1","max-image-preview":"max-image-preview:large","max-video-preview":"max-video-preview:-1"},"canonical":"https:\/\/thekitchencompany.be\/fr\/placards-et-dressings\/","og_locale":"fr_FR","og_type":"article","og_title":"Placards et dressings | The Kitchen Company","og_description":"Historiquement sp\u00e9cialis\u00e9 dans la conception de cuisine, nous \u00e9largissons notre gamme aux placards et dressings. D\u00e9couvrez-en plus","og_url":"https:\/\/thekitchencompany.be\/fr\/placards-et-dressings\/","og_site_name":"The Kitchen Company","article_modified_time":"2024-01-12T13:16:17+00:00","og_image":[{"width":1800,"height":1013,"url":"https:\/\/thekitchencompany.be\/wp-content\/uploads\/2019\/09\/placard-sur-mesure.jpg","type":"image\/jpeg"}],"twitter_card":"summary_large_image","twitter_misc":{"Dur\u00e9e de lecture estim\u00e9e":"3 minutes"},"schema":{"@context":"https:\/\/schema.org","@graph":[{"@type":"WebPage","@id":"https:\/\/thekitchencompany.be\/fr\/placards-et-dressings\/","url":"https:\/\/thekitchencompany.be\/fr\/placards-et-dressings\/","name":"Placards et dressings | The Kitchen Company","isPartOf":{"@id":"https:\/\/thekitchencompany.be\/fr\/#website"},"primaryImageOfPage":{"@id":"https:\/\/thekitchencompany.be\/fr\/placards-et-dressings\/#primaryimage"},"image":{"@id":"https:\/\/thekitchencompany.be\/fr\/placards-et-dressings\/#primaryimage"},"thumbnailUrl":"https:\/\/thekitchencompany.be\/wp-content\/uploads\/2019\/09\/placard-sur-mesure.jpg","datePublished":"2019-08-08T18:25:28+00:00","dateModified":"2024-01-12T13:16:17+00:00","description":"Historiquement sp\u00e9cialis\u00e9 dans la conception de cuisine, nous \u00e9largissons notre gamme aux placards et dressings. D\u00e9couvrez-en plus","breadcrumb":{"@id":"https:\/\/thekitchencompany.be\/fr\/placards-et-dressings\/#breadcrumb"},"inLanguage":"fr-FR","potentialAction":[{"@type":"ReadAction","target":["https:\/\/thekitchencompany.be\/fr\/placards-et-dressings\/"]}]},{"@type":"ImageObject","inLanguage":"fr-FR","@id":"https:\/\/thekitchencompany.be\/fr\/placards-et-dressings\/#primaryimage","url":"https:\/\/thekitchencompany.be\/wp-content\/uploads\/2019\/09\/placard-sur-mesure.jpg","contentUrl":"https:\/\/thekitchencompany.be\/wp-content\/uploads\/2019\/09\/placard-sur-mesure.jpg","width":1800,"height":1013},{"@type":"BreadcrumbList","@id":"https:\/\/thekitchencompany.be\/fr\/placards-et-dressings\/#breadcrumb","itemListElement":[{"@type":"ListItem","position":1,"name":"Home","item":"https:\/\/thekitchencompany.be\/fr\/"},{"@type":"ListItem","position":2,"name":"Placards et dressings"}]},{"@type":"WebSite","@id":"https:\/\/thekitchencompany.be\/fr\/#website","url":"https:\/\/thekitchencompany.be\/fr\/","name":"The Kitchen Company","description":"Un service sur mesure pour les promoteurs immobiliers","potentialAction":[{"@type":"SearchAction","target":{"@type":"EntryPoint","urlTemplate":"https:\/\/thekitchencompany.be\/fr\/?s={search_term_string}"},"query-input":{"@type":"PropertyValueSpecification","valueRequired":true,"valueName":"search_term_string"}}],"inLanguage":"fr-FR"}]}},"_links":{"self":[{"href":"https:\/\/thekitchencompany.be\/fr\/wp-json\/wp\/v2\/pages\/12","targetHints":{"allow":["GET"]}}],"collection":[{"href":"https:\/\/thekitchencompany.be\/fr\/wp-json\/wp\/v2\/pages"}],"about":[{"href":"https:\/\/thekitchencompany.be\/fr\/wp-json\/wp\/v2\/types\/page"}],"author":[{"embeddable":true,"href":"https:\/\/thekitchencompany.be\/fr\/wp-json\/wp\/v2\/users\/1"}],"replies":[{"embeddable":true,"href":"https:\/\/thekitchencompany.be\/fr\/wp-json\/wp\/v2\/comments?post=12"}],"version-history":[{"count":1,"href":"https:\/\/thekitchencompany.be\/fr\/wp-json\/wp\/v2\/pages\/12\/revisions"}],"predecessor-version":[{"id":6968,"href":"https:\/\/thekitchencompany.be\/fr\/wp-json\/wp\/v2\/pages\/12\/revisions\/6968"}],"wp:featuredmedia":[{"embeddable":true,"href":"https:\/\/thekitchencompany.be\/fr\/wp-json\/wp\/v2\/media\/573"}],"wp:attachment":[{"href":"https:\/\/thekitchencompany.be\/fr\/wp-json\/wp\/v2\/media?parent=12"}],"curies":[{"name":"wp","href":"https:\/\/api.w.org\/{rel}","templated":true}]}}