{"id":1335,"date":"2020-06-05T15:32:49","date_gmt":"2020-06-05T13:32:49","guid":{"rendered":"https:\/\/thekitchencompany.be\/?page_id=1335"},"modified":"2026-02-04T14:43:35","modified_gmt":"2026-02-04T13:43:35","slug":"cuisines-leicht-moderne-haut-de-gamme","status":"publish","type":"page","link":"https:\/\/thekitchencompany.be\/fr\/cuisines\/cuisines-leicht-moderne-haut-de-gamme\/","title":{"rendered":"Leicht &#8211; Innovation, \u00e9l\u00e9gance et sur-mesure"},"content":{"rendered":"\n<article class=\"wp-block-fidelo-image-text col-md-12\"><div class=\"row mediatext-wrap\" alignment=\"left\"><div class=\"col-md-6 bg\" theme=\"bg-2\">\n<h2 class=\"wp-block-heading\">Excellence et savoir-faire<\/h2>\n\n\n\n<p><strong>Leicht<\/strong> incarne l&rsquo;excellence dans le domaine des cuisines haut de gamme depuis 1928. Pr\u00e9sente dans plus de 50 pays et r\u00e9put\u00e9e pour son savoir-faire, cette entreprise allemande se distingue en alliant design moderne et fonctionnalit\u00e9. Les cuisines <strong>Leicht <\/strong>sont con\u00e7ues avec des mat\u00e9riaux de haute qualit\u00e9, offrant une durabilit\u00e9 exceptionnelle et une \u00e9l\u00e9gance intemporelle.<\/p>\n\n\n\n<p>L&rsquo;innovation est au c\u0153ur des produits <strong>Leicht<\/strong>. L&rsquo;entreprise originaire du Sud de l&rsquo;Allemange propose des solutions novatrices visant \u00e0 maximiser l&rsquo;espace tout en optimisant l&rsquo;ergonomie. Marque de reconnaissance ind\u00e9niable, Il s&rsquo;agit du seul fabricant de cuisines \u00e0 s\u2018\u00eatre vu d\u00e9cerner le label \u00ab <em>marque la plus innovatrice de l\u2019ann\u00e9e<\/em> \u00bb.<\/p>\n<\/div><div class=\"col-md-6 image\"><img decoding=\"async\" src=\"https:\/\/thekitchencompany.be\/wp-content\/uploads\/2023\/10\/BOSSA_LEICHT_CUISINE-scaled.jpg\"\/><\/div><\/div><\/article>\n\n\n\n<article class=\"wp-block-fidelo-image-text col-md-12\"><div class=\"row mediatext-wrap\" alignment=\"right\"><div class=\"col-md-6 bg\" theme=\"bg-3\">\n<p>La personnalisation est au centre de l&rsquo;approche de <strong>Leicht<\/strong>. Elle permet \u00e0 tout client de cr\u00e9er une cuisine sur mesure qui refl\u00e8te son style de vie et ses pr\u00e9f\u00e9rences individuelles. La gamme \u00e9tendue de styles et de configurations propos\u00e9e permet \u00e0 chaque client de laisser libre cours \u00e0 ses envies. La cuisine con\u00e7ue r\u00e9pondra ainsi ses besoins fonctionnels et \u00e0 ses go\u00fbts. Qu&rsquo;elles soient modernes et \u00e9pur\u00e9es ou plus traditionnelles, les cuisines <strong>Leicht <\/strong>offrent une vari\u00e9t\u00e9 d&rsquo;options pour cr\u00e9er l&rsquo;espace de vie id\u00e9al.<\/p>\n\n\n\n<p>En plus de son esth\u00e9tique remarquable, les cuisines Leicht se distinguent par leur fonctionnalit\u00e9. Chaque d\u00e9tail est soigneusement pens\u00e9 pour offrir une exp\u00e9rience culinaire optimale. Cela se traduit par des solutions de rangement ing\u00e9nieuses, des mat\u00e9riaux haut de gamme et une ergonomie exceptionnelle.<\/p>\n\n\n\n<p>Tous ces \u00e9l\u00e9ments permettent aux cuisines <strong>Leicht <\/strong>de r\u00e9pondre aux exigences les plus \u00e9lev\u00e9es en mati\u00e8re de qualit\u00e9, de confort et de durabilit\u00e9. Elles assurent ainsi une satisfaction sur le long terme pour les clients.<\/p>\n\n\n\n<h2 class=\"wp-block-heading\">Les Couleurs\u00ae Le Corbusier<\/h2>\n\n\n\n<p>Dans un esprit de personnalisation toujours plus pouss\u00e9e, l&rsquo;entreprise <strong>Leicht <\/strong>a int\u00e9gr\u00e9 la gamme <a href=\"https:\/\/leicht.com\/fr\/le-corbusier-les-couleurs\/\" target=\"_blank\" rel=\"noreferrer noopener\"><em>Les Couleurs\u00ae Le Corbusier<\/em><\/a> dans son offre. Comme son nom l&rsquo;indique, ces teintes, d\u00e9velopp\u00e9es par le <a href=\"https:\/\/leicht.com\/fr\/trends\/kitchen-ideas\/LeCorbusier-unique-personality\/\">c\u00e9l\u00e8bre architecte<\/a>, conf\u00e8rent aux cuisines <strong>Leicht <\/strong>un cachet inimitable. <\/p>\n\n\n\n<p><em>Bleu c\u00e9rul\u00e9en 31<\/em>, <em>gris fonc\u00e9 31<\/em> ou encore l&rsquo;<em>ocre rouge<\/em> sont autant de couleurs naturelles, harmonieuses et intemporelles disponible chez <strong>Leicht<\/strong>. Cette palette de teintes permet \u00e0 l\u2018entreprise allemande d\u2018\u00e9largir les possibilit\u00e9s de conception individuelle de la cuisine et de permettre une transition harmonieuse entre la cuisine et les diff\u00e9rentes pi\u00e8ces de vie.<\/p>\n\n\n\n<hr class=\"wp-block-separator has-alpha-channel-opacity\"\/>\n\n\n\n<p>Vous cherchez <strong>un partenaire<\/strong> de choix pour am\u00e9nager les <a href=\"https:\/\/thekitchencompany.be\/fr\/cuisines\/\"><u>cuisines<\/u><\/a> de vos projets en tant que <a href=\"https:\/\/thekitchencompany.be\/fr\/promoteurs\/\"><u>professionnel de l\u2019immobilier<\/u><\/a>? D\u00e9couvrez <a href=\"https:\/\/thekitchencompany.be\/fr\/references-cuisines-placards-sur-mesure\/\"><u>nos r\u00e9alisations<\/u><\/a>&nbsp;ou prenez rendez-vous avec l\u2019un de nos architectes d\u2019int\u00e9rieur.<\/p>\n\n\n\n<p>D\u00e9couvrez nos deux autres gammes de cuisines :<\/p>\n\n\n\n<ul class=\"wp-block-list list-checklist\">\n<li><a href=\"https:\/\/thekitchencompany.be\/fr\/cuisines-k-smart-the-kitchen-company\/\">Cuisines K-start<\/a><\/li>\n\n\n\n<li><a href=\"https:\/\/thekitchencompany.be\/fr\/cuisines\/cuisines-modernes-k-one\/\">Cuisines K-one<\/a><\/li>\n<\/ul>\n<\/div><div class=\"col-md-6 image\"><img decoding=\"async\" src=\"https:\/\/thekitchencompany.be\/wp-content\/uploads\/2020\/06\/LEICHT-modernite-elegence.jpg\"\/><\/div><\/div><\/article>\n","protected":false},"excerpt":{"rendered":"","protected":false},"author":1,"featured_media":5472,"parent":10,"menu_order":0,"comment_status":"closed","ping_status":"closed","template":"","meta":{"keyline":"Le programme des cuisines haut de gamme LEICHT englobe des cuisines\r\nmodernes, traditionnelles et individuelles. ","googlemap":"","footnotes":""},"class_list":["post-1335","page","type-page","status-publish","has-post-thumbnail","hentry"],"yoast_head":"<!-- This site is optimized with the Yoast SEO plugin v27.3 - https:\/\/yoast.com\/product\/yoast-seo-wordpress\/ -->\n<title>Cuisines haut de gamme LEICHT | The Kitchen Company<\/title>\n<meta name=\"description\" content=\"Modernit\u00e9, \u00e9l\u00e9gance et approche globale sont les valeurs incarn\u00e9es par la marque de cuisines haut de gamme LEICHT. Venez la d\u00e9couvrir\" \/>\n<meta name=\"robots\" content=\"index, follow, max-snippet:-1, max-image-preview:large, max-video-preview:-1\" \/>\n<link rel=\"canonical\" href=\"https:\/\/thekitchencompany.be\/fr\/cuisines\/cuisines-leicht-moderne-haut-de-gamme\/\" \/>\n<meta property=\"og:locale\" content=\"fr_FR\" \/>\n<meta property=\"og:type\" content=\"article\" \/>\n<meta property=\"og:title\" content=\"Cuisines haut de gamme LEICHT | The Kitchen Company\" \/>\n<meta property=\"og:description\" content=\"Modernit\u00e9, \u00e9l\u00e9gance et approche globale sont les valeurs incarn\u00e9es par la marque de cuisines haut de gamme LEICHT. Venez la d\u00e9couvrir\" \/>\n<meta property=\"og:url\" content=\"https:\/\/thekitchencompany.be\/fr\/cuisines\/cuisines-leicht-moderne-haut-de-gamme\/\" \/>\n<meta property=\"og:site_name\" content=\"The Kitchen Company\" \/>\n<meta property=\"article:modified_time\" content=\"2026-02-04T13:43:35+00:00\" \/>\n<meta property=\"og:image\" content=\"https:\/\/thekitchencompany.be\/wp-content\/uploads\/2023\/10\/LEICHT_KYOTO-scaled.jpg\" \/>\n\t<meta property=\"og:image:width\" content=\"2560\" \/>\n\t<meta property=\"og:image:height\" content=\"1811\" \/>\n\t<meta property=\"og:image:type\" content=\"image\/jpeg\" \/>\n<meta name=\"twitter:card\" content=\"summary_large_image\" \/>\n<meta name=\"twitter:label1\" content=\"Dur\u00e9e de lecture estim\u00e9e\" \/>\n\t<meta name=\"twitter:data1\" content=\"3 minutes\" \/>\n<script type=\"application\/ld+json\" class=\"yoast-schema-graph\">{\"@context\":\"https:\\\/\\\/schema.org\",\"@graph\":[{\"@type\":\"WebPage\",\"@id\":\"https:\\\/\\\/thekitchencompany.be\\\/fr\\\/cuisines\\\/cuisines-leicht-moderne-haut-de-gamme\\\/\",\"url\":\"https:\\\/\\\/thekitchencompany.be\\\/fr\\\/cuisines\\\/cuisines-leicht-moderne-haut-de-gamme\\\/\",\"name\":\"Cuisines haut de gamme LEICHT | The Kitchen Company\",\"isPartOf\":{\"@id\":\"https:\\\/\\\/thekitchencompany.be\\\/fr\\\/#website\"},\"primaryImageOfPage\":{\"@id\":\"https:\\\/\\\/thekitchencompany.be\\\/fr\\\/cuisines\\\/cuisines-leicht-moderne-haut-de-gamme\\\/#primaryimage\"},\"image\":{\"@id\":\"https:\\\/\\\/thekitchencompany.be\\\/fr\\\/cuisines\\\/cuisines-leicht-moderne-haut-de-gamme\\\/#primaryimage\"},\"thumbnailUrl\":\"https:\\\/\\\/thekitchencompany.be\\\/wp-content\\\/uploads\\\/2023\\\/10\\\/LEICHT_KYOTO-scaled.jpg\",\"datePublished\":\"2020-06-05T13:32:49+00:00\",\"dateModified\":\"2026-02-04T13:43:35+00:00\",\"description\":\"Modernit\u00e9, \u00e9l\u00e9gance et approche globale sont les valeurs incarn\u00e9es par la marque de cuisines haut de gamme LEICHT. Venez la d\u00e9couvrir\",\"breadcrumb\":{\"@id\":\"https:\\\/\\\/thekitchencompany.be\\\/fr\\\/cuisines\\\/cuisines-leicht-moderne-haut-de-gamme\\\/#breadcrumb\"},\"inLanguage\":\"fr-FR\",\"potentialAction\":[{\"@type\":\"ReadAction\",\"target\":[\"https:\\\/\\\/thekitchencompany.be\\\/fr\\\/cuisines\\\/cuisines-leicht-moderne-haut-de-gamme\\\/\"]}]},{\"@type\":\"ImageObject\",\"inLanguage\":\"fr-FR\",\"@id\":\"https:\\\/\\\/thekitchencompany.be\\\/fr\\\/cuisines\\\/cuisines-leicht-moderne-haut-de-gamme\\\/#primaryimage\",\"url\":\"https:\\\/\\\/thekitchencompany.be\\\/wp-content\\\/uploads\\\/2023\\\/10\\\/LEICHT_KYOTO-scaled.jpg\",\"contentUrl\":\"https:\\\/\\\/thekitchencompany.be\\\/wp-content\\\/uploads\\\/2023\\\/10\\\/LEICHT_KYOTO-scaled.jpg\",\"width\":2560,\"height\":1811,\"caption\":\"Cuisine haut de gamme Leicht Kyoto\"},{\"@type\":\"BreadcrumbList\",\"@id\":\"https:\\\/\\\/thekitchencompany.be\\\/fr\\\/cuisines\\\/cuisines-leicht-moderne-haut-de-gamme\\\/#breadcrumb\",\"itemListElement\":[{\"@type\":\"ListItem\",\"position\":1,\"name\":\"Home\",\"item\":\"https:\\\/\\\/thekitchencompany.be\\\/fr\\\/\"},{\"@type\":\"ListItem\",\"position\":2,\"name\":\"Nos mod\u00e8les de cuisines sur mesure \u00e0 destination de la promotion immobili\u00e8re\",\"item\":\"https:\\\/\\\/thekitchencompany.be\\\/fr\\\/cuisines\\\/\"},{\"@type\":\"ListItem\",\"position\":3,\"name\":\"Leicht &#8211; Innovation, \u00e9l\u00e9gance et sur-mesure\"}]},{\"@type\":\"WebSite\",\"@id\":\"https:\\\/\\\/thekitchencompany.be\\\/fr\\\/#website\",\"url\":\"https:\\\/\\\/thekitchencompany.be\\\/fr\\\/\",\"name\":\"The Kitchen Company\",\"description\":\"Un service sur mesure pour les promoteurs immobiliers\",\"potentialAction\":[{\"@type\":\"SearchAction\",\"target\":{\"@type\":\"EntryPoint\",\"urlTemplate\":\"https:\\\/\\\/thekitchencompany.be\\\/fr\\\/?s={search_term_string}\"},\"query-input\":{\"@type\":\"PropertyValueSpecification\",\"valueRequired\":true,\"valueName\":\"search_term_string\"}}],\"inLanguage\":\"fr-FR\"}]}<\/script>\n<!-- \/ Yoast SEO plugin. -->","yoast_head_json":{"title":"Cuisines haut de gamme LEICHT | The Kitchen Company","description":"Modernit\u00e9, \u00e9l\u00e9gance et approche globale sont les valeurs incarn\u00e9es par la marque de cuisines haut de gamme LEICHT. Venez la d\u00e9couvrir","robots":{"index":"index","follow":"follow","max-snippet":"max-snippet:-1","max-image-preview":"max-image-preview:large","max-video-preview":"max-video-preview:-1"},"canonical":"https:\/\/thekitchencompany.be\/fr\/cuisines\/cuisines-leicht-moderne-haut-de-gamme\/","og_locale":"fr_FR","og_type":"article","og_title":"Cuisines haut de gamme LEICHT | The Kitchen Company","og_description":"Modernit\u00e9, \u00e9l\u00e9gance et approche globale sont les valeurs incarn\u00e9es par la marque de cuisines haut de gamme LEICHT. Venez la d\u00e9couvrir","og_url":"https:\/\/thekitchencompany.be\/fr\/cuisines\/cuisines-leicht-moderne-haut-de-gamme\/","og_site_name":"The Kitchen Company","article_modified_time":"2026-02-04T13:43:35+00:00","og_image":[{"width":2560,"height":1811,"url":"https:\/\/thekitchencompany.be\/wp-content\/uploads\/2023\/10\/LEICHT_KYOTO-scaled.jpg","type":"image\/jpeg"}],"twitter_card":"summary_large_image","twitter_misc":{"Dur\u00e9e de lecture estim\u00e9e":"3 minutes"},"schema":{"@context":"https:\/\/schema.org","@graph":[{"@type":"WebPage","@id":"https:\/\/thekitchencompany.be\/fr\/cuisines\/cuisines-leicht-moderne-haut-de-gamme\/","url":"https:\/\/thekitchencompany.be\/fr\/cuisines\/cuisines-leicht-moderne-haut-de-gamme\/","name":"Cuisines haut de gamme LEICHT | The Kitchen Company","isPartOf":{"@id":"https:\/\/thekitchencompany.be\/fr\/#website"},"primaryImageOfPage":{"@id":"https:\/\/thekitchencompany.be\/fr\/cuisines\/cuisines-leicht-moderne-haut-de-gamme\/#primaryimage"},"image":{"@id":"https:\/\/thekitchencompany.be\/fr\/cuisines\/cuisines-leicht-moderne-haut-de-gamme\/#primaryimage"},"thumbnailUrl":"https:\/\/thekitchencompany.be\/wp-content\/uploads\/2023\/10\/LEICHT_KYOTO-scaled.jpg","datePublished":"2020-06-05T13:32:49+00:00","dateModified":"2026-02-04T13:43:35+00:00","description":"Modernit\u00e9, \u00e9l\u00e9gance et approche globale sont les valeurs incarn\u00e9es par la marque de cuisines haut de gamme LEICHT. Venez la d\u00e9couvrir","breadcrumb":{"@id":"https:\/\/thekitchencompany.be\/fr\/cuisines\/cuisines-leicht-moderne-haut-de-gamme\/#breadcrumb"},"inLanguage":"fr-FR","potentialAction":[{"@type":"ReadAction","target":["https:\/\/thekitchencompany.be\/fr\/cuisines\/cuisines-leicht-moderne-haut-de-gamme\/"]}]},{"@type":"ImageObject","inLanguage":"fr-FR","@id":"https:\/\/thekitchencompany.be\/fr\/cuisines\/cuisines-leicht-moderne-haut-de-gamme\/#primaryimage","url":"https:\/\/thekitchencompany.be\/wp-content\/uploads\/2023\/10\/LEICHT_KYOTO-scaled.jpg","contentUrl":"https:\/\/thekitchencompany.be\/wp-content\/uploads\/2023\/10\/LEICHT_KYOTO-scaled.jpg","width":2560,"height":1811,"caption":"Cuisine haut de gamme Leicht Kyoto"},{"@type":"BreadcrumbList","@id":"https:\/\/thekitchencompany.be\/fr\/cuisines\/cuisines-leicht-moderne-haut-de-gamme\/#breadcrumb","itemListElement":[{"@type":"ListItem","position":1,"name":"Home","item":"https:\/\/thekitchencompany.be\/fr\/"},{"@type":"ListItem","position":2,"name":"Nos mod\u00e8les de cuisines sur mesure \u00e0 destination de la promotion immobili\u00e8re","item":"https:\/\/thekitchencompany.be\/fr\/cuisines\/"},{"@type":"ListItem","position":3,"name":"Leicht &#8211; Innovation, \u00e9l\u00e9gance et sur-mesure"}]},{"@type":"WebSite","@id":"https:\/\/thekitchencompany.be\/fr\/#website","url":"https:\/\/thekitchencompany.be\/fr\/","name":"The Kitchen Company","description":"Un service sur mesure pour les promoteurs immobiliers","potentialAction":[{"@type":"SearchAction","target":{"@type":"EntryPoint","urlTemplate":"https:\/\/thekitchencompany.be\/fr\/?s={search_term_string}"},"query-input":{"@type":"PropertyValueSpecification","valueRequired":true,"valueName":"search_term_string"}}],"inLanguage":"fr-FR"}]}},"_links":{"self":[{"href":"https:\/\/thekitchencompany.be\/fr\/wp-json\/wp\/v2\/pages\/1335","targetHints":{"allow":["GET"]}}],"collection":[{"href":"https:\/\/thekitchencompany.be\/fr\/wp-json\/wp\/v2\/pages"}],"about":[{"href":"https:\/\/thekitchencompany.be\/fr\/wp-json\/wp\/v2\/types\/page"}],"author":[{"embeddable":true,"href":"https:\/\/thekitchencompany.be\/fr\/wp-json\/wp\/v2\/users\/1"}],"replies":[{"embeddable":true,"href":"https:\/\/thekitchencompany.be\/fr\/wp-json\/wp\/v2\/comments?post=1335"}],"version-history":[{"count":8,"href":"https:\/\/thekitchencompany.be\/fr\/wp-json\/wp\/v2\/pages\/1335\/revisions"}],"predecessor-version":[{"id":7929,"href":"https:\/\/thekitchencompany.be\/fr\/wp-json\/wp\/v2\/pages\/1335\/revisions\/7929"}],"up":[{"embeddable":true,"href":"https:\/\/thekitchencompany.be\/fr\/wp-json\/wp\/v2\/pages\/10"}],"wp:featuredmedia":[{"embeddable":true,"href":"https:\/\/thekitchencompany.be\/fr\/wp-json\/wp\/v2\/media\/5472"}],"wp:attachment":[{"href":"https:\/\/thekitchencompany.be\/fr\/wp-json\/wp\/v2\/media?parent=1335"}],"curies":[{"name":"wp","href":"https:\/\/api.w.org\/{rel}","templated":true}]}}