{"id":14,"date":"2019-08-08T19:26:47","date_gmt":"2019-08-08T18:26:47","guid":{"rendered":"https:\/\/thekitchencompany.be\/?page_id=14"},"modified":"2025-11-24T14:53:12","modified_gmt":"2025-11-24T13:53:12","slug":"showrooms","status":"publish","type":"page","link":"https:\/\/thekitchencompany.be\/fr\/showrooms\/","title":{"rendered":"Trouvez le showroom <b>The Kitchen Company<\/b> le plus proche"},"content":{"rendered":"\n<article class=\"wp-block-fidelo-image-text col-md-12\"><div class=\"row mediatext-wrap\" alignment=\"right\"><div class=\"col-md-6 bg\" theme=\"bg-1\">\n<div class=\"wp-block-fidelo-fa-picker\"><svg xmlns=\"http:\/\/www.w3.org\/2000\/svg\" viewBox=\"0 0 384 512\"><path d=\"M172.268 501.67C26.97 291.031 0 269.413 0 192 0 85.961 85.961 0 192 0s192 85.961 192 192c0 77.413-26.97 99.031-172.268 309.67-9.535 13.774-29.93 13.773-39.464 0zM192 272c44.183 0 80-35.817 80-80s-35.817-80-80-80-80 35.817-80 80 35.817 80 80 80z\"><\/path><\/svg><\/div>\n\n\n\n<h2 class=\"wp-block-heading\">The Kitchen Company Bruxelles<\/h2>\n\n\n\n<p>158 Chauss\u00e9e de Hal<br>1640 Rhode-Saint-Gen\u00e8se<\/p>\n\n\n\n<p>T : <a href=\"tel:003223809654\">+32 2 380 96 54<\/a><br>M : <a href=\"mailto:brussels@thekitchencompany.be\">brussels@thekitchencompany.be<\/a><br>Ouvert du lundi au samedi de 9h \u00e0 17h.<\/p>\n\n\n\n<p>Nos showrooms sont accessibles uniquement sur rendez-vous.<\/p>\n\n\n\n<div class=\"wp-block-buttons is-horizontal is-content-justification-left is-layout-flex wp-container-core-buttons-is-layout-7e5fce0a wp-block-buttons-is-layout-flex\">\n<div class=\"wp-block-button is-style-fill\"><a class=\"wp-block-button__link wp-element-button\" href=\"https:\/\/thekitchencompany.be\/fr\/cuisiniste-the-kitchen-company-bruxelles\/\">Voir ce showroom<\/a><\/div>\n<\/div>\n\n\n\n<hr class=\"wp-block-separator has-css-opacity\"\/>\n\n\n\n<h2 class=\"wp-block-heading\">The Kitchen Company Li\u00e8ge<\/h2>\n\n\n\n<p>Rue du Progr\u00e8s 7c<br>4432 Alleur<\/p>\n\n\n\n<p>T : <a href=\"tel:003242957170\">+32 4 295 71 70<\/a><br>M : <a href=\"mailto:liege@thekitchencompany.be\">liege@thekitchencompany.be<\/a><br>Ouvert du lundi au samedi de 9h \u00e0 17h.<\/p>\n\n\n\n<p><meta charset=\"utf-8\">Nos showrooms sont accessibles uniquement sur rendez-vous.<\/p>\n\n\n\n<div class=\"wp-block-buttons is-horizontal is-content-justification-left is-layout-flex wp-container-core-buttons-is-layout-7e5fce0a wp-block-buttons-is-layout-flex\">\n<div class=\"wp-block-button is-style-fill\"><a class=\"wp-block-button__link wp-element-button\" href=\"\/cuisiniste-the-kitchen-company-liege\/\">Voir ce showroom<\/a><\/div>\n<\/div>\n\n\n\n<hr class=\"wp-block-separator has-css-opacity\"\/>\n\n\n\n<p><em>Pour \u00e9viter un temps d\u2019attente \u00e9ventuel lors de votre visite, il est \u00e9galement possible de prendre directement rendez-vous en ligne avec l\u2019un de nos collaborateurs.<\/em><\/p>\n\n\n\n<div class=\"wp-block-buttons is-layout-flex wp-block-buttons-is-layout-flex\">\n<div class=\"wp-block-button\"><a class=\"wp-block-button__link wp-element-button\" href=\"#appointment-form\">Prendre un rendez-vous<\/a><\/div>\n<\/div>\n<\/div><div class=\"col-md-6 image\"><img decoding=\"async\" src=\"https:\/\/thekitchencompany.be\/wp-content\/uploads\/2019\/09\/the-kitchen-company-brabant-1.jpg\"\/><\/div><\/div><\/article>\n","protected":false},"excerpt":{"rendered":"","protected":false},"author":1,"featured_media":589,"parent":0,"menu_order":0,"comment_status":"closed","ping_status":"closed","template":"","meta":{"keyline":"Vous souhaitez nous rencontrer pour discuter de votre projet de cuisine sur mesure ou d'am\u00e9nagement d'int\u00e9rieur ?\r\nRetrouvez tous nos showrooms en Belgique.","googlemap":"","footnotes":""},"class_list":["post-14","page","type-page","status-publish","has-post-thumbnail","hentry"],"yoast_head":"<!-- This site is optimized with the Yoast SEO plugin v27.3 - https:\/\/yoast.com\/product\/yoast-seo-wordpress\/ -->\n<title>The Kitchen Company | Showrooms<\/title>\n<meta name=\"description\" content=\"Venez d\u00e9couvrir nos gammes de cuisines et d&#039;am\u00e9nagement d&#039;int\u00e9rieur dans l&#039;un de nos cinq showrooms en Belgique.\" \/>\n<meta name=\"robots\" content=\"index, follow, max-snippet:-1, max-image-preview:large, max-video-preview:-1\" \/>\n<link rel=\"canonical\" href=\"https:\/\/thekitchencompany.be\/fr\/showrooms\/\" \/>\n<meta property=\"og:locale\" content=\"fr_FR\" \/>\n<meta property=\"og:type\" content=\"article\" \/>\n<meta property=\"og:title\" content=\"The Kitchen Company | Showrooms\" \/>\n<meta property=\"og:description\" content=\"Venez d\u00e9couvrir nos gammes de cuisines et d&#039;am\u00e9nagement d&#039;int\u00e9rieur dans l&#039;un de nos cinq showrooms en Belgique.\" \/>\n<meta property=\"og:url\" content=\"https:\/\/thekitchencompany.be\/fr\/showrooms\/\" \/>\n<meta property=\"og:site_name\" content=\"The Kitchen Company\" \/>\n<meta property=\"article:modified_time\" content=\"2025-11-24T13:53:12+00:00\" \/>\n<meta property=\"og:image\" content=\"https:\/\/thekitchencompany.be\/wp-content\/uploads\/2019\/09\/Showroom-the-kitchen-company-belgique.jpg\" \/>\n\t<meta property=\"og:image:width\" content=\"2000\" \/>\n\t<meta property=\"og:image:height\" content=\"1333\" \/>\n\t<meta property=\"og:image:type\" content=\"image\/jpeg\" \/>\n<meta name=\"twitter:card\" content=\"summary_large_image\" \/>\n<meta name=\"twitter:label1\" content=\"Dur\u00e9e de lecture estim\u00e9e\" \/>\n\t<meta name=\"twitter:data1\" content=\"1 minute\" \/>\n<script type=\"application\/ld+json\" class=\"yoast-schema-graph\">{\"@context\":\"https:\\\/\\\/schema.org\",\"@graph\":[{\"@type\":\"WebPage\",\"@id\":\"https:\\\/\\\/thekitchencompany.be\\\/fr\\\/showrooms\\\/\",\"url\":\"https:\\\/\\\/thekitchencompany.be\\\/fr\\\/showrooms\\\/\",\"name\":\"The Kitchen Company | Showrooms\",\"isPartOf\":{\"@id\":\"https:\\\/\\\/thekitchencompany.be\\\/fr\\\/#website\"},\"primaryImageOfPage\":{\"@id\":\"https:\\\/\\\/thekitchencompany.be\\\/fr\\\/showrooms\\\/#primaryimage\"},\"image\":{\"@id\":\"https:\\\/\\\/thekitchencompany.be\\\/fr\\\/showrooms\\\/#primaryimage\"},\"thumbnailUrl\":\"https:\\\/\\\/thekitchencompany.be\\\/wp-content\\\/uploads\\\/2019\\\/09\\\/Showroom-the-kitchen-company-belgique.jpg\",\"datePublished\":\"2019-08-08T18:26:47+00:00\",\"dateModified\":\"2025-11-24T13:53:12+00:00\",\"description\":\"Venez d\u00e9couvrir nos gammes de cuisines et d'am\u00e9nagement d'int\u00e9rieur dans l'un de nos cinq showrooms en Belgique.\",\"breadcrumb\":{\"@id\":\"https:\\\/\\\/thekitchencompany.be\\\/fr\\\/showrooms\\\/#breadcrumb\"},\"inLanguage\":\"fr-FR\",\"potentialAction\":[{\"@type\":\"ReadAction\",\"target\":[\"https:\\\/\\\/thekitchencompany.be\\\/fr\\\/showrooms\\\/\"]}]},{\"@type\":\"ImageObject\",\"inLanguage\":\"fr-FR\",\"@id\":\"https:\\\/\\\/thekitchencompany.be\\\/fr\\\/showrooms\\\/#primaryimage\",\"url\":\"https:\\\/\\\/thekitchencompany.be\\\/wp-content\\\/uploads\\\/2019\\\/09\\\/Showroom-the-kitchen-company-belgique.jpg\",\"contentUrl\":\"https:\\\/\\\/thekitchencompany.be\\\/wp-content\\\/uploads\\\/2019\\\/09\\\/Showroom-the-kitchen-company-belgique.jpg\",\"width\":2000,\"height\":1333,\"caption\":\"Showrooms\"},{\"@type\":\"BreadcrumbList\",\"@id\":\"https:\\\/\\\/thekitchencompany.be\\\/fr\\\/showrooms\\\/#breadcrumb\",\"itemListElement\":[{\"@type\":\"ListItem\",\"position\":1,\"name\":\"Home\",\"item\":\"https:\\\/\\\/thekitchencompany.be\\\/fr\\\/\"},{\"@type\":\"ListItem\",\"position\":2,\"name\":\"Trouvez le showroom The Kitchen Company le plus proche\"}]},{\"@type\":\"WebSite\",\"@id\":\"https:\\\/\\\/thekitchencompany.be\\\/fr\\\/#website\",\"url\":\"https:\\\/\\\/thekitchencompany.be\\\/fr\\\/\",\"name\":\"The Kitchen Company\",\"description\":\"Un service sur mesure pour les promoteurs immobiliers\",\"potentialAction\":[{\"@type\":\"SearchAction\",\"target\":{\"@type\":\"EntryPoint\",\"urlTemplate\":\"https:\\\/\\\/thekitchencompany.be\\\/fr\\\/?s={search_term_string}\"},\"query-input\":{\"@type\":\"PropertyValueSpecification\",\"valueRequired\":true,\"valueName\":\"search_term_string\"}}],\"inLanguage\":\"fr-FR\"}]}<\/script>\n<!-- \/ Yoast SEO plugin. -->","yoast_head_json":{"title":"The Kitchen Company | Showrooms","description":"Venez d\u00e9couvrir nos gammes de cuisines et d'am\u00e9nagement d'int\u00e9rieur dans l'un de nos cinq showrooms en Belgique.","robots":{"index":"index","follow":"follow","max-snippet":"max-snippet:-1","max-image-preview":"max-image-preview:large","max-video-preview":"max-video-preview:-1"},"canonical":"https:\/\/thekitchencompany.be\/fr\/showrooms\/","og_locale":"fr_FR","og_type":"article","og_title":"The Kitchen Company | Showrooms","og_description":"Venez d\u00e9couvrir nos gammes de cuisines et d'am\u00e9nagement d'int\u00e9rieur dans l'un de nos cinq showrooms en Belgique.","og_url":"https:\/\/thekitchencompany.be\/fr\/showrooms\/","og_site_name":"The Kitchen Company","article_modified_time":"2025-11-24T13:53:12+00:00","og_image":[{"width":2000,"height":1333,"url":"https:\/\/thekitchencompany.be\/wp-content\/uploads\/2019\/09\/Showroom-the-kitchen-company-belgique.jpg","type":"image\/jpeg"}],"twitter_card":"summary_large_image","twitter_misc":{"Dur\u00e9e de lecture estim\u00e9e":"1 minute"},"schema":{"@context":"https:\/\/schema.org","@graph":[{"@type":"WebPage","@id":"https:\/\/thekitchencompany.be\/fr\/showrooms\/","url":"https:\/\/thekitchencompany.be\/fr\/showrooms\/","name":"The Kitchen Company | Showrooms","isPartOf":{"@id":"https:\/\/thekitchencompany.be\/fr\/#website"},"primaryImageOfPage":{"@id":"https:\/\/thekitchencompany.be\/fr\/showrooms\/#primaryimage"},"image":{"@id":"https:\/\/thekitchencompany.be\/fr\/showrooms\/#primaryimage"},"thumbnailUrl":"https:\/\/thekitchencompany.be\/wp-content\/uploads\/2019\/09\/Showroom-the-kitchen-company-belgique.jpg","datePublished":"2019-08-08T18:26:47+00:00","dateModified":"2025-11-24T13:53:12+00:00","description":"Venez d\u00e9couvrir nos gammes de cuisines et d'am\u00e9nagement d'int\u00e9rieur dans l'un de nos cinq showrooms en Belgique.","breadcrumb":{"@id":"https:\/\/thekitchencompany.be\/fr\/showrooms\/#breadcrumb"},"inLanguage":"fr-FR","potentialAction":[{"@type":"ReadAction","target":["https:\/\/thekitchencompany.be\/fr\/showrooms\/"]}]},{"@type":"ImageObject","inLanguage":"fr-FR","@id":"https:\/\/thekitchencompany.be\/fr\/showrooms\/#primaryimage","url":"https:\/\/thekitchencompany.be\/wp-content\/uploads\/2019\/09\/Showroom-the-kitchen-company-belgique.jpg","contentUrl":"https:\/\/thekitchencompany.be\/wp-content\/uploads\/2019\/09\/Showroom-the-kitchen-company-belgique.jpg","width":2000,"height":1333,"caption":"Showrooms"},{"@type":"BreadcrumbList","@id":"https:\/\/thekitchencompany.be\/fr\/showrooms\/#breadcrumb","itemListElement":[{"@type":"ListItem","position":1,"name":"Home","item":"https:\/\/thekitchencompany.be\/fr\/"},{"@type":"ListItem","position":2,"name":"Trouvez le showroom The Kitchen Company le plus proche"}]},{"@type":"WebSite","@id":"https:\/\/thekitchencompany.be\/fr\/#website","url":"https:\/\/thekitchencompany.be\/fr\/","name":"The Kitchen Company","description":"Un service sur mesure pour les promoteurs immobiliers","potentialAction":[{"@type":"SearchAction","target":{"@type":"EntryPoint","urlTemplate":"https:\/\/thekitchencompany.be\/fr\/?s={search_term_string}"},"query-input":{"@type":"PropertyValueSpecification","valueRequired":true,"valueName":"search_term_string"}}],"inLanguage":"fr-FR"}]}},"_links":{"self":[{"href":"https:\/\/thekitchencompany.be\/fr\/wp-json\/wp\/v2\/pages\/14","targetHints":{"allow":["GET"]}}],"collection":[{"href":"https:\/\/thekitchencompany.be\/fr\/wp-json\/wp\/v2\/pages"}],"about":[{"href":"https:\/\/thekitchencompany.be\/fr\/wp-json\/wp\/v2\/types\/page"}],"author":[{"embeddable":true,"href":"https:\/\/thekitchencompany.be\/fr\/wp-json\/wp\/v2\/users\/1"}],"replies":[{"embeddable":true,"href":"https:\/\/thekitchencompany.be\/fr\/wp-json\/wp\/v2\/comments?post=14"}],"version-history":[{"count":5,"href":"https:\/\/thekitchencompany.be\/fr\/wp-json\/wp\/v2\/pages\/14\/revisions"}],"predecessor-version":[{"id":7883,"href":"https:\/\/thekitchencompany.be\/fr\/wp-json\/wp\/v2\/pages\/14\/revisions\/7883"}],"wp:featuredmedia":[{"embeddable":true,"href":"https:\/\/thekitchencompany.be\/fr\/wp-json\/wp\/v2\/media\/589"}],"wp:attachment":[{"href":"https:\/\/thekitchencompany.be\/fr\/wp-json\/wp\/v2\/media?parent=14"}],"curies":[{"name":"wp","href":"https:\/\/api.w.org\/{rel}","templated":true}]}}