{"id":20,"date":"2019-08-08T19:29:58","date_gmt":"2019-08-08T18:29:58","guid":{"rendered":"https:\/\/thekitchencompany.be\/?page_id=20"},"modified":"2024-01-12T14:54:17","modified_gmt":"2024-01-12T13:54:17","slug":"promoteurs","status":"publish","type":"page","link":"https:\/\/thekitchencompany.be\/fr\/promoteurs\/","title":{"rendered":"Notre <b>service sur mesure<\/b> \u00e0 destination des promoteurs immobiliers"},"content":{"rendered":"\n<article class=\"wp-block-fidelo-image-text col-md-12\"><div class=\"row mediatext-wrap\" alignment=\"left\"><div class=\"col-md-6 bg\" theme=\"bg-2\">\n<h2 class=\"wp-block-heading\"><br>Partenaire privil\u00e9gi\u00e9 des professionnels de l\u2019immobilier<\/h2>\n\n\n\n<p>Depuis nos d\u00e9buts, nous collaborons avec les promoteurs immobiliers pour la <strong>conception de cuisines et placards <\/strong>\u00e0 destination de projets immobiliers d\u2019habitations neuves ou de r\u00e9novations. Ces professionnels de la construction appr\u00e9cient notre sens de l\u2019\u00e9coute, du service et du travail bien fait. Nous veillons \u00e0 appliquer ces principes \u00e0 chaque stade du d\u00e9roulement du projet. Nos process et syst\u00e8mes ont \u00e9t\u00e9 d\u00e9velopp\u00e9s sp\u00e9cifiquement afin de r\u00e9pondre aux attentes de tous les intervenants et \u00e0 la complexit\u00e9 du m\u00e9tier.<\/p>\n<\/div><div class=\"col-md-6 image\"><img decoding=\"async\" src=\"https:\/\/thekitchencompany.be\/wp-content\/uploads\/2019\/09\/thekitchencompany-contact.jpg\"\/><\/div><\/div><\/article>\n\n\n\n<div class=\"wp-block-tkc-tkc-blocks undefined col-md-6 bg-1 bg-3 align-self-start\">\n<div class=\"wp-block-fidelo-fa-picker\"><svg xmlns=\"http:\/\/www.w3.org\/2000\/svg\" viewBox=\"0 0 512 512\"><path d=\"M367.9 329.76c-4.62 5.3-9.78 10.1-15.9 13.65v22.94c66.52 9.34 112 28.05 112 49.65 0 30.93-93.12 56-208 56S48 446.93 48 416c0-21.6 45.48-40.3 112-49.65v-22.94c-6.12-3.55-11.28-8.35-15.9-13.65C58.87 345.34 0 378.05 0 416c0 53.02 114.62 96 256 96s256-42.98 256-96c0-37.95-58.87-70.66-144.1-86.24zM256 128c35.35 0 64-28.65 64-64S291.35 0 256 0s-64 28.65-64 64 28.65 64 64 64zm-64 192v96c0 17.67 14.33 32 32 32h64c17.67 0 32-14.33 32-32v-96c17.67 0 32-14.33 32-32v-96c0-26.51-21.49-48-48-48h-11.8c-11.07 5.03-23.26 8-36.2 8s-25.13-2.97-36.2-8H208c-26.51 0-48 21.49-48 48v96c0 17.67 14.33 32 32 32z\"><\/path><\/svg><\/div>\n\n\n\n<h2 class=\"wp-block-heading\">Un interlocuteur d\u00e9di\u00e9 et sp\u00e9cifique pour chaque \u00e9tape du process<\/h2>\n\n\n\n<p>Nouer une relation privil\u00e9gi\u00e9e avec nos clients fait partie de nos priorit\u00e9s. C\u2019est pourquoi, pour chaque \u00e9tape du process, un interlocuteur d\u00e9di\u00e9 vous accompagne.<\/p>\n\n\n\n<ul class=\"list-plus wp-block-list\">\n<li>Un(e) Commercial Key Account Manager vous guide dans vos choix afin que les cuisines et\/ou placards de votre projet refl\u00e8tent son niveau de finition et cadrent avec votre budget.<\/li>\n<\/ul>\n\n\n\n<ul class=\"list-plus wp-block-list\">\n<li>Un(e) architecte d\u2019int\u00e9rieur accueille et conseille vos clients-acqu\u00e9reurs dans leurs choix de style, mati\u00e8res et couleurs afin que la cuisine et\/ou le placard refl\u00e8te leur personnalit\u00e9 et leurs go\u00fbts, dans le respect de leur budget.<\/li>\n\n\n\n<li>Un Coordinateur de projet supervise toute la mise en place, l\u2019organisation, la coordination et le suivi du projet sur chantier. Il reste votre <strong>unique point de contact<\/strong> jusqu\u2019\u00e0 la r\u00e9ception du projet. <br><\/li>\n<\/ul>\n<\/div>\n\n\n\n<div class=\"wp-block-tkc-tkc-blocks undefined col-md-6 bg-1\">\n<div class=\"wp-block-fidelo-fa-picker\"><svg xmlns=\"http:\/\/www.w3.org\/2000\/svg\" viewBox=\"0 0 512 512\"><path d=\"M505 174.8l-39.6-39.6c-9.4-9.4-24.6-9.4-33.9 0L192 374.7 80.6 263.2c-9.4-9.4-24.6-9.4-33.9 0L7 302.9c-9.4 9.4-9.4 24.6 0 34L175 505c9.4 9.4 24.6 9.4 33.9 0l296-296.2c9.4-9.5 9.4-24.7.1-34zm-324.3 106c6.2 6.3 16.4 6.3 22.6 0l208-208.2c6.2-6.3 6.2-16.4 0-22.6L366.1 4.7c-6.2-6.3-16.4-6.3-22.6 0L192 156.2l-55.4-55.5c-6.2-6.3-16.4-6.3-22.6 0L68.7 146c-6.2 6.3-6.2 16.4 0 22.6l112 112.2z\"><\/path><\/svg><\/div>\n\n\n\n<h2 class=\"wp-block-heading\">Une r\u00e9elle valeur ajout\u00e9e sur la dur\u00e9e<\/h2>\n\n\n\n<p>La cuisine est une pi\u00e8ce centrale dans l\u2019int\u00e9rieur d\u2019une maison ou d\u2019un appartement. Tout comme les placards, ces \u00e9l\u00e9ments d\u00e9finissent <strong>l\u2019ambiance et le style de l\u2019habitation<\/strong>. <\/p>\n\n\n\n<p>The Kitchen Company est pr\u00e9sent \u00e0 vos c\u00f4t\u00e9s pour offrir une touche unique \u00e0 votre am\u00e9nagement int\u00e9rieur gr\u00e2ce \u00e0 une conception et une mise en \u0153uvre de qualit\u00e9. <\/p>\n\n\n\n<p>Nous assurons le suivi commercial et technique jusqu\u2019\u00e0 l\u2019installation de nos cuisines, nos placards et dressings jusqu\u2019\u00e0 la r\u00e9ception par l\u2019acqu\u00e9reur. Bien que chacun de nos projets soit unique, nous avons s\u00e9lectionn\u00e9 pour vous quelques <a href=\"https:\/\/thekitchencompany.be\/fr\/references-cuisines-placards-sur-mesure\/\">r\u00e9f\u00e9rences inspirantes<\/a> pour vous donner un aper\u00e7u de nos r\u00e9alisations. <\/p>\n\n\n\n<p>Vous cherchez un <strong>partenaire fiable<\/strong> pour concevoir et installer des <a href=\"\/cuisines\/\">cuisines<\/a>, placards et dressings sur mesure en tant que promoteur immobilier ? Nous sommes l\u00e0 pour vous \u00e9pauler ! Contactez-nous via notre formulaire de contact en ligne pour plus d\u2019informations ou prenez rendez-vous avec l\u2019un de nos architectes d\u2019int\u00e9rieur pour discuter de votre projet.<\/p>\n<\/div>\n\n\n\n<article class=\"wp-block-fidelo-image-text col-md-12\"><div class=\"row mediatext-wrap\" alignment=\"left\"><div class=\"col-md-6 bg\" theme=\"bg-2\">\n<h2 class=\"wp-block-heading\">Une expertise reconnue depuis plus de 25 ans<\/h2>\n\n\n\n<p>Depuis deux d\u00e9cennies, <strong>nous collaborons \u00e9troitement avec les promoteurs et entrepreneurs immobiliers <\/strong>et les \u00e9paulons dans la r\u00e9alisation de leurs projets de r\u00e9novation et de nouvelle construction. Nous nous distinguons par notre \u00e9coute active, notre sens du conseil et le suivi permanent de votre dossier.<\/p>\n\n\n\n<p>C\u2019est en 2002 que nous d\u00e9couvrons le lieu qui deviendra notre si\u00e8ge social. Ancienne usine \u00e0 papier et ensuite, \u00e0 carton, l\u2019histoire de ce domaine plein de magie nous inspire chaque jour pour vous concevoir <strong>les projets les plus cr\u00e9atifs<\/strong>.<\/p>\n<\/div><div class=\"col-md-6 image\"><a href=\"https:\/\/youtu.be\/2k7bwKS80i0\" data-popin=\"true\"><img decoding=\"async\" src=\"https:\/\/thekitchencompany.be\/wp-content\/uploads\/2020\/09\/the-kitchen-company-cuisines-keuken-kitchen-video-promoteurs-1-1.jpg\"\/><\/a><\/div><\/div><\/article>\n\n\n\n<article class=\"wp-block-fidelo-image-text col-md-12\"><div class=\"row mediatext-wrap\" alignment=\"right\"><div class=\"col-md-6 bg\" theme=\"bg-3\">\n<h2 class=\"wp-block-heading\">Brochure projets gratuite :<\/h2>\n\n\n\n<p>Pourquoi The Kitchen Company est-il le <strong>meilleur partenaire<\/strong> pour vos projets immobiliers ?<\/p>\n\n\n\n<ul class=\"wp-block-list\">\n<li>De cuisines &#8230; mais aussi des <strong>placards<\/strong> et <strong>dressings<\/strong> sur mesure<\/li>\n\n\n\n<li>La force de The Kitchen Company : <br><strong>la qualit\u00e9 du service !<\/strong><\/li>\n\n\n\n<li>Nos atouts<\/li>\n\n\n\n<li><a href=\"https:\/\/thekitchencompany.be\/fr\/references-cuisines-placards-sur-mesure\/\">Quelques <strong>r\u00e9f\u00e9rences<\/strong><\/a><\/li>\n<\/ul>\n\n\n\n<figure class=\"wp-block-image aligncenter size-full\"><img loading=\"lazy\" decoding=\"async\" width=\"250\" height=\"315\" src=\"https:\/\/thekitchencompany.be\/wp-content\/uploads\/2020\/09\/the-kitchen-company-cuisines-keuken-kitchen-promoteurs-brochures-fr-2.png\" alt=\"\" class=\"wp-image-1788\" srcset=\"https:\/\/thekitchencompany.be\/wp-content\/uploads\/2020\/09\/the-kitchen-company-cuisines-keuken-kitchen-promoteurs-brochures-fr-2.png 250w, https:\/\/thekitchencompany.be\/wp-content\/uploads\/2020\/09\/the-kitchen-company-cuisines-keuken-kitchen-promoteurs-brochures-fr-2-238x300.png 238w\" sizes=\"auto, (max-width: 250px) 100vw, 250px\" \/><\/figure>\n\n\n\n<div class=\"wp-block-buttons is-layout-flex wp-block-buttons-is-layout-flex\">\n<div class=\"wp-block-button popin_form-catalogue\"><a class=\"wp-block-button__link has-gray-3-color has-text-color wp-element-button\">Recevez votre exemplaire gratuitement en cliquant ici<\/a><\/div>\n<\/div>\n<\/div><div class=\"col-md-6 image\"><img decoding=\"async\" src=\"https:\/\/thekitchencompany.be\/wp-content\/uploads\/2020\/09\/the-kitchen-company-kitchen-cuisines-keuken-promoteurs-jobs.jpg\"\/><\/div><\/div><\/article>\n\n\n\n<div class=\"wp-block-group is-layout-flow wp-block-group-is-layout-flow\"><\/div>\n\n\n\n<div class=\"wp-block-group is-layout-flow wp-block-group-is-layout-flow\">\n<div class=\"modal fade form-catalogue\">\n<div class=\"modal-dialog modal-lg\" role=\"document\">\n<div class=\"modal-content\">\n<div class=\"modal-header\">\n<h2 class=\"modal-title\">Recevez le catalogue gratuitement chez vous<\/h2>\n<button type=\"button\" class=\"close\" data-dismiss=\"modal\" aria-label=\"Close\">\n<span aria-hidden=\"true\">\u00d7<\/span>\n<\/button>\n<\/div>\n<div class=\"modal-body\">\n<form id=\"contact-form\" class=\"row bg bg-1\" method=\"POST\" action=\"\/wp-content\/themes\/thekitchencompany\/services\/form.php\" data-redirect=\"\/fr\/promoteurs\/votre-demande-de-brochure\/\">\n\t<input type=\"hidden\" name=\"action\" value=\"catalog\">\n\t<div class=\"col-md-6\">\n\t\t<label class=\"form-group\">\n\t\t\t<span class=\"form-label\">Nom<\/span>\n\t\t\t<input name=\"lastname\" class=\"form-control\" type=\"text\" placeholder=\"Doe\u2026\" required=\"\">\n\t\t<\/label>\n\t<\/div>\n\t<div class=\"col-md-6\">\n\t\t<label class=\"form-group\">\n\t\t\t<span class=\"form-label\">Pr\u00e9nom<\/span>\n\t\t\t<input name=\"firstname\" class=\"form-control\" type=\"text\" placeholder=\"John\u2026\" required=\"\">\n\t\t<\/label>\n\t<\/div>\n\t<div class=\"col-md-6\">\n\t\t<label class=\"form-group\">\n\t\t\t<span class=\"form-label\">Num\u00e9ro de t\u00e9l\u00e9phone<\/span>\n\t\t\t<input name=\"phone\" class=\"form-control\" type=\"phone\" placeholder=\"023456789\" required=\"\">\n\t\t<\/label>\n\t<\/div>\n\t<div class=\"col-md-6\">\n\t\t<label class=\"form-group\">\n\t\t\t<span class=\"form-label\">Langue<\/span>\n\t\t\t<select name=\"language\">\n                                <option value=\"fr\">Fran\u00e7ais<\/option>\n\t\t\t\t<option value=\"nl\">Nederlands<\/option>\n\t\t\t\t<option value=\"en\">English<\/option>\n\t\t\t<\/select>\n\t\t<\/label>\n\t<\/div>\n<div class=\"col-md-12\">\n\t\t<label class=\"form-group\">\n\t\t\t<span class=\"form-label\">Soci\u00e9t\u00e9<\/span>\n\t\t\t<input name=\"company\" class=\"form-control\" type=\"text\" placeholder=\"Votre soci\u00e9t\u00e9\" required=\"\">\n\t\t<\/label>\n\t<\/div>\n\n\t<div class=\"col-md-12\">\n\t\t<label class=\"form-group\">\n\t\t\t<span class=\"form-label\">E-mail<\/span>\n\t\t\t<input name=\"email\" class=\"form-control\" type=\"email\" placeholder=\"john.doe@thekitchencompany.be\" required=\"\">\n\t\t<\/label>\n\t<\/div>\n\t<div class=\"col-md-12\">\n\t\t<label class=\"form-group\">\n\t\t\t<span class=\"form-label\">Rue et num\u00e9ro<\/span>\n\t\t\t<input type=\"text\" class=\"form-control\" name=\"street\" value=\"\" placeholder=\"158 Chauss\u00e9e de Hal\">\n\t\t<\/label>\n\t<\/div>\n<div class=\"col-md-4\">\n\t\t<label class=\"form-group\">\n\t\t\t<span class=\"form-label\">Code postal<\/span>\n\t\t\t<input class=\"form-control type=\" text\"=\"\" name=\"zip\" value=\"\" placeholder=\"1640\">\n\t\t<\/label>\n\t<\/div>\n<div class=\"col-md-8\">\n\t\t<label class=\"form-group\">\n\t\t\t<span class=\"form-label\">Ville<\/span>\n\t\t\t<input type=\"text\" class=\"form-control\" name=\"city\" value=\"\" placeholder=\"Rhode-Saint-Gen\u00e8se\">\n\t\t<\/label>\n\t<\/div>\n<div class=\"col-md-12 text-right\">\n<button type=\"submit\" class=\"btn btn-primary submit-btn\">\nEnvoyer<\/button><\/div>\n<\/form>\n<\/div><\/div><\/div><\/div>\n<\/div>\n","protected":false},"excerpt":{"rendered":"<p>Recevez le catalogue gratuitement chez vous \u00d7 Nom Pr\u00e9nom Num\u00e9ro de t\u00e9l\u00e9phone Langue Fran\u00e7aisNederlandsEnglish Soci\u00e9t\u00e9 E-mail Rue et num\u00e9ro Code postal<\/p>\n","protected":false},"author":1,"featured_media":1707,"parent":0,"menu_order":0,"comment_status":"closed","ping_status":"closed","template":"templates\/simple-page-form.php","meta":{"keyline":"Depuis plus de 25 ans, nous mettons notre expertise au service des professionnels de la\r\nconstruction pour les conseiller et les suivre tout au long de leur projet de conception et\r\nd\u2019installation de cuisines, placards et dressings sur-mesure.","googlemap":"","footnotes":""},"class_list":["post-20","page","type-page","status-publish","has-post-thumbnail","hentry"],"yoast_head":"<!-- This site is optimized with the Yoast SEO plugin v27.4 - https:\/\/yoast.com\/product\/yoast-seo-wordpress\/ -->\n<title>Promoteurs immobiliers : nos services adapt\u00e9s | The Kitchen Company<\/title>\n<meta name=\"description\" content=\"Depuis plus de 25 ans, nous conseillons les professionnels de la construction dans la conception de cuisines, placards et dressings. D\u00e9couvrez-en plus.\" \/>\n<meta name=\"robots\" content=\"index, follow, max-snippet:-1, max-image-preview:large, max-video-preview:-1\" \/>\n<link rel=\"canonical\" href=\"https:\/\/thekitchencompany.be\/fr\/promoteurs\/\" \/>\n<meta property=\"og:locale\" content=\"fr_FR\" \/>\n<meta property=\"og:type\" content=\"article\" \/>\n<meta property=\"og:title\" content=\"Promoteurs immobiliers : nos services adapt\u00e9s | The Kitchen Company\" \/>\n<meta property=\"og:description\" content=\"Depuis plus de 25 ans, nous conseillons les professionnels de la construction dans la conception de cuisines, placards et dressings. D\u00e9couvrez-en plus.\" \/>\n<meta property=\"og:url\" content=\"https:\/\/thekitchencompany.be\/fr\/promoteurs\/\" \/>\n<meta property=\"og:site_name\" content=\"The Kitchen Company\" \/>\n<meta property=\"article:modified_time\" content=\"2024-01-12T13:54:17+00:00\" \/>\n<meta property=\"og:image\" content=\"https:\/\/thekitchencompany.be\/wp-content\/uploads\/2020\/09\/the-kitchen-company-promoteurs-jobs-cuisines-kitchen-keuken.jpg\" \/>\n\t<meta property=\"og:image:width\" content=\"1800\" \/>\n\t<meta property=\"og:image:height\" content=\"634\" \/>\n\t<meta property=\"og:image:type\" content=\"image\/jpeg\" \/>\n<meta name=\"twitter:card\" content=\"summary_large_image\" \/>\n<meta name=\"twitter:label1\" content=\"Dur\u00e9e de lecture estim\u00e9e\" \/>\n\t<meta name=\"twitter:data1\" content=\"4 minutes\" \/>\n<script type=\"application\/ld+json\" class=\"yoast-schema-graph\">{\"@context\":\"https:\\\/\\\/schema.org\",\"@graph\":[{\"@type\":\"WebPage\",\"@id\":\"https:\\\/\\\/thekitchencompany.be\\\/fr\\\/promoteurs\\\/\",\"url\":\"https:\\\/\\\/thekitchencompany.be\\\/fr\\\/promoteurs\\\/\",\"name\":\"Promoteurs immobiliers : nos services adapt\u00e9s | The Kitchen Company\",\"isPartOf\":{\"@id\":\"https:\\\/\\\/thekitchencompany.be\\\/fr\\\/#website\"},\"primaryImageOfPage\":{\"@id\":\"https:\\\/\\\/thekitchencompany.be\\\/fr\\\/promoteurs\\\/#primaryimage\"},\"image\":{\"@id\":\"https:\\\/\\\/thekitchencompany.be\\\/fr\\\/promoteurs\\\/#primaryimage\"},\"thumbnailUrl\":\"https:\\\/\\\/thekitchencompany.be\\\/wp-content\\\/uploads\\\/2020\\\/09\\\/the-kitchen-company-promoteurs-jobs-cuisines-kitchen-keuken.jpg\",\"datePublished\":\"2019-08-08T18:29:58+00:00\",\"dateModified\":\"2024-01-12T13:54:17+00:00\",\"description\":\"Depuis plus de 25 ans, nous conseillons les professionnels de la construction dans la conception de cuisines, placards et dressings. D\u00e9couvrez-en plus.\",\"breadcrumb\":{\"@id\":\"https:\\\/\\\/thekitchencompany.be\\\/fr\\\/promoteurs\\\/#breadcrumb\"},\"inLanguage\":\"fr-FR\",\"potentialAction\":[{\"@type\":\"ReadAction\",\"target\":[\"https:\\\/\\\/thekitchencompany.be\\\/fr\\\/promoteurs\\\/\"]}]},{\"@type\":\"ImageObject\",\"inLanguage\":\"fr-FR\",\"@id\":\"https:\\\/\\\/thekitchencompany.be\\\/fr\\\/promoteurs\\\/#primaryimage\",\"url\":\"https:\\\/\\\/thekitchencompany.be\\\/wp-content\\\/uploads\\\/2020\\\/09\\\/the-kitchen-company-promoteurs-jobs-cuisines-kitchen-keuken.jpg\",\"contentUrl\":\"https:\\\/\\\/thekitchencompany.be\\\/wp-content\\\/uploads\\\/2020\\\/09\\\/the-kitchen-company-promoteurs-jobs-cuisines-kitchen-keuken.jpg\",\"width\":1800,\"height\":634},{\"@type\":\"BreadcrumbList\",\"@id\":\"https:\\\/\\\/thekitchencompany.be\\\/fr\\\/promoteurs\\\/#breadcrumb\",\"itemListElement\":[{\"@type\":\"ListItem\",\"position\":1,\"name\":\"Home\",\"item\":\"https:\\\/\\\/thekitchencompany.be\\\/fr\\\/\"},{\"@type\":\"ListItem\",\"position\":2,\"name\":\"Notre service sur mesure \u00e0 destination des promoteurs immobiliers\"}]},{\"@type\":\"WebSite\",\"@id\":\"https:\\\/\\\/thekitchencompany.be\\\/fr\\\/#website\",\"url\":\"https:\\\/\\\/thekitchencompany.be\\\/fr\\\/\",\"name\":\"The Kitchen Company\",\"description\":\"Un service sur mesure pour les promoteurs immobiliers\",\"potentialAction\":[{\"@type\":\"SearchAction\",\"target\":{\"@type\":\"EntryPoint\",\"urlTemplate\":\"https:\\\/\\\/thekitchencompany.be\\\/fr\\\/?s={search_term_string}\"},\"query-input\":{\"@type\":\"PropertyValueSpecification\",\"valueRequired\":true,\"valueName\":\"search_term_string\"}}],\"inLanguage\":\"fr-FR\"}]}<\/script>\n<!-- \/ Yoast SEO plugin. -->","yoast_head_json":{"title":"Promoteurs immobiliers : nos services adapt\u00e9s | The Kitchen Company","description":"Depuis plus de 25 ans, nous conseillons les professionnels de la construction dans la conception de cuisines, placards et dressings. D\u00e9couvrez-en plus.","robots":{"index":"index","follow":"follow","max-snippet":"max-snippet:-1","max-image-preview":"max-image-preview:large","max-video-preview":"max-video-preview:-1"},"canonical":"https:\/\/thekitchencompany.be\/fr\/promoteurs\/","og_locale":"fr_FR","og_type":"article","og_title":"Promoteurs immobiliers : nos services adapt\u00e9s | The Kitchen Company","og_description":"Depuis plus de 25 ans, nous conseillons les professionnels de la construction dans la conception de cuisines, placards et dressings. D\u00e9couvrez-en plus.","og_url":"https:\/\/thekitchencompany.be\/fr\/promoteurs\/","og_site_name":"The Kitchen Company","article_modified_time":"2024-01-12T13:54:17+00:00","og_image":[{"width":1800,"height":634,"url":"https:\/\/thekitchencompany.be\/wp-content\/uploads\/2020\/09\/the-kitchen-company-promoteurs-jobs-cuisines-kitchen-keuken.jpg","type":"image\/jpeg"}],"twitter_card":"summary_large_image","twitter_misc":{"Dur\u00e9e de lecture estim\u00e9e":"4 minutes"},"schema":{"@context":"https:\/\/schema.org","@graph":[{"@type":"WebPage","@id":"https:\/\/thekitchencompany.be\/fr\/promoteurs\/","url":"https:\/\/thekitchencompany.be\/fr\/promoteurs\/","name":"Promoteurs immobiliers : nos services adapt\u00e9s | The Kitchen Company","isPartOf":{"@id":"https:\/\/thekitchencompany.be\/fr\/#website"},"primaryImageOfPage":{"@id":"https:\/\/thekitchencompany.be\/fr\/promoteurs\/#primaryimage"},"image":{"@id":"https:\/\/thekitchencompany.be\/fr\/promoteurs\/#primaryimage"},"thumbnailUrl":"https:\/\/thekitchencompany.be\/wp-content\/uploads\/2020\/09\/the-kitchen-company-promoteurs-jobs-cuisines-kitchen-keuken.jpg","datePublished":"2019-08-08T18:29:58+00:00","dateModified":"2024-01-12T13:54:17+00:00","description":"Depuis plus de 25 ans, nous conseillons les professionnels de la construction dans la conception de cuisines, placards et dressings. D\u00e9couvrez-en plus.","breadcrumb":{"@id":"https:\/\/thekitchencompany.be\/fr\/promoteurs\/#breadcrumb"},"inLanguage":"fr-FR","potentialAction":[{"@type":"ReadAction","target":["https:\/\/thekitchencompany.be\/fr\/promoteurs\/"]}]},{"@type":"ImageObject","inLanguage":"fr-FR","@id":"https:\/\/thekitchencompany.be\/fr\/promoteurs\/#primaryimage","url":"https:\/\/thekitchencompany.be\/wp-content\/uploads\/2020\/09\/the-kitchen-company-promoteurs-jobs-cuisines-kitchen-keuken.jpg","contentUrl":"https:\/\/thekitchencompany.be\/wp-content\/uploads\/2020\/09\/the-kitchen-company-promoteurs-jobs-cuisines-kitchen-keuken.jpg","width":1800,"height":634},{"@type":"BreadcrumbList","@id":"https:\/\/thekitchencompany.be\/fr\/promoteurs\/#breadcrumb","itemListElement":[{"@type":"ListItem","position":1,"name":"Home","item":"https:\/\/thekitchencompany.be\/fr\/"},{"@type":"ListItem","position":2,"name":"Notre service sur mesure \u00e0 destination des promoteurs immobiliers"}]},{"@type":"WebSite","@id":"https:\/\/thekitchencompany.be\/fr\/#website","url":"https:\/\/thekitchencompany.be\/fr\/","name":"The Kitchen Company","description":"Un service sur mesure pour les promoteurs immobiliers","potentialAction":[{"@type":"SearchAction","target":{"@type":"EntryPoint","urlTemplate":"https:\/\/thekitchencompany.be\/fr\/?s={search_term_string}"},"query-input":{"@type":"PropertyValueSpecification","valueRequired":true,"valueName":"search_term_string"}}],"inLanguage":"fr-FR"}]}},"_links":{"self":[{"href":"https:\/\/thekitchencompany.be\/fr\/wp-json\/wp\/v2\/pages\/20","targetHints":{"allow":["GET"]}}],"collection":[{"href":"https:\/\/thekitchencompany.be\/fr\/wp-json\/wp\/v2\/pages"}],"about":[{"href":"https:\/\/thekitchencompany.be\/fr\/wp-json\/wp\/v2\/types\/page"}],"author":[{"embeddable":true,"href":"https:\/\/thekitchencompany.be\/fr\/wp-json\/wp\/v2\/users\/1"}],"replies":[{"embeddable":true,"href":"https:\/\/thekitchencompany.be\/fr\/wp-json\/wp\/v2\/comments?post=20"}],"version-history":[{"count":2,"href":"https:\/\/thekitchencompany.be\/fr\/wp-json\/wp\/v2\/pages\/20\/revisions"}],"predecessor-version":[{"id":6988,"href":"https:\/\/thekitchencompany.be\/fr\/wp-json\/wp\/v2\/pages\/20\/revisions\/6988"}],"wp:featuredmedia":[{"embeddable":true,"href":"https:\/\/thekitchencompany.be\/fr\/wp-json\/wp\/v2\/media\/1707"}],"wp:attachment":[{"href":"https:\/\/thekitchencompany.be\/fr\/wp-json\/wp\/v2\/media?parent=20"}],"curies":[{"name":"wp","href":"https:\/\/api.w.org\/{rel}","templated":true}]}}