{"id":206,"date":"2019-08-21T21:17:40","date_gmt":"2019-08-21T19:17:40","guid":{"rendered":"https:\/\/thekitchencompany.be\/?page_id=206"},"modified":"2024-04-26T15:32:11","modified_gmt":"2024-04-26T13:32:11","slug":"cuisiniste-the-kitchen-company-bruxelles","status":"publish","type":"page","link":"https:\/\/thekitchencompany.be\/fr\/cuisiniste-the-kitchen-company-bruxelles\/","title":{"rendered":"<b>The Kitchen Company Bruxelles<\/b>"},"content":{"rendered":"\n<p>Vous cherchez un cuisiniste \u00e0 Bruxelles sp\u00e9cialis\u00e9 dans la promotion immobili\u00e8re ? Nous vous accueillons dans notre showroom renouvel\u00e9 de Rhode-Saint-Gen\u00e8se.<\/p>\n\n\n\n<article class=\"wp-block-fidelo-image-text col-md-12\"><div class=\"row mediatext-wrap\" alignment=\"left\"><div class=\"col-md-6 bg\" theme=\"bg-1\">\n<h2 class=\"wp-block-heading\">Adresse<\/h2>\n\n\n\n<p>158 Chauss\u00e9e de Hal<br>1640 Rhode-Saint-Gen\u00e8se<\/p>\n\n\n\n<h2 class=\"wp-block-heading\">Horaires<\/h2>\n\n\n\n<p>Lundi : 9h \u2013 17h<br>Mardi : 9h \u2013 17h<br>Mercredi : 9h \u2013 17h<br>Jeudi : 9h \u2013 17h<br>Vendredi : 9h \u2013 17h<br>Samedi : 9h \u2013 17h<br>Dimanche : Ferm\u00e9<\/p>\n\n\n\n<p>Nos showrooms sont accessibles sur rendez-vous uniquement.<\/p>\n\n\n\n<h2 class=\"wp-block-heading\">Contact<\/h2>\n\n\n\n<p>T : <a href=\"tel:003223809654\">+32 2 380 96 54<\/a><br>M : <a href=\"mailto:brussels@thekitchencompany.be\">brussels@thekitchencompany.be<\/a><\/p>\n\n\n\n<div class=\"wp-block-button\"><a class=\"wp-block-button__link wp-element-button\" href=\"\/qui-sommes-nous\/contact\/\">Contactez-nous via notre formulaire de contact<\/a><\/div>\n\n\n\n<p>Vous cherchez un <strong>cuisiniste <\/strong>ou encore un s<strong>p\u00e9cialiste de la r\u00e9alisation de placards sur mesure<\/strong> en Belgique dans le secteur de la promotion immobili\u00e8re ? Les architectes d\u2019int\u00e9rieur de votre showroom The Kitchen Company Bruxelles vous accueillent pour concr\u00e9tiser votre projet de cuisine enti\u00e8rement personnalis\u00e9e.<\/p>\n\n\n\n<div class=\"wp-block-button\"><a class=\"wp-block-button__link wp-element-button\" href=\"#appointment-form\">Prenez rendez-vous<\/a><\/div>\n<\/div><div class=\"col-md-6 image\"><img decoding=\"async\" src=\"https:\/\/thekitchencompany.be\/wp-content\/uploads\/2019\/09\/thekitchencompany-bruxelles.jpg\"\/><\/div><\/div><\/article>\n","protected":false},"excerpt":{"rendered":"<p>Vous cherchez un cuisiniste \u00e0 Bruxelles sp\u00e9cialis\u00e9 dans la promotion immobili\u00e8re ? Nous vous accueillons dans notre showroom renouvel\u00e9 de Rhode-Saint-Gen\u00e8se.<\/p>\n","protected":false},"author":1,"featured_media":0,"parent":0,"menu_order":0,"comment_status":"closed","ping_status":"closed","template":"templates\/simple-page.php","meta":{"keyline":"Vous cherchez un cuisiniste \u00e0 Bruxelles sp\u00e9cialis\u00e9 dans l\u2019am\u00e9nagement sur mesure pour la promotion immobili\u00e8re ? Rendez-nous visite dans notre showroom de Rhode-Saint-Gen\u00e8se.","googlemap":"https:\/\/www.google.com\/maps\/embed?pb=!1m18!1m12!1m3!1d2524.980649094543!2d4.326291415741884!3d50.738847779516206!2m3!1f0!2f0!3f0!3m2!1i1024!2i768!4f13.1!3m3!1m2!1s0x47c3cf11e4ff8943%3A0xb9a5407373c8451c!2sThe%20Kitchen%20Company!5e0!3m2!1sfr!2sbe!4v1566829159779!5m2!1sfr!2sbe","footnotes":""},"class_list":["post-206","page","type-page","status-publish","hentry"],"yoast_head":"<!-- This site is optimized with the Yoast SEO plugin v27.3 - https:\/\/yoast.com\/product\/yoast-seo-wordpress\/ -->\n<title>The Kitchen Company Bruxelles<\/title>\n<meta name=\"description\" content=\"Cuisiniste et sp\u00e9cialiste en am\u00e9nagement d&#039;int\u00e9rieur pour la promotion immobili\u00e8re, nous vous accueillons dans notre showroom de Bruxelles.\" \/>\n<meta name=\"robots\" content=\"index, follow, max-snippet:-1, max-image-preview:large, max-video-preview:-1\" \/>\n<link rel=\"canonical\" href=\"https:\/\/thekitchencompany.be\/fr\/cuisiniste-the-kitchen-company-bruxelles\/\" \/>\n<meta property=\"og:locale\" content=\"fr_FR\" \/>\n<meta property=\"og:type\" content=\"article\" \/>\n<meta property=\"og:title\" content=\"The Kitchen Company Bruxelles\" \/>\n<meta property=\"og:description\" content=\"Cuisiniste et sp\u00e9cialiste en am\u00e9nagement d&#039;int\u00e9rieur pour la promotion immobili\u00e8re, nous vous accueillons dans notre showroom de Bruxelles.\" \/>\n<meta property=\"og:url\" content=\"https:\/\/thekitchencompany.be\/fr\/cuisiniste-the-kitchen-company-bruxelles\/\" \/>\n<meta property=\"og:site_name\" content=\"The Kitchen Company\" \/>\n<meta property=\"article:modified_time\" content=\"2024-04-26T13:32:11+00:00\" \/>\n<meta property=\"og:image\" content=\"https:\/\/thekitchencompany.be\/wp-content\/uploads\/2019\/09\/thekitchencompany-bruxelles.jpg\" \/>\n<meta name=\"twitter:card\" content=\"summary_large_image\" \/>\n<meta name=\"twitter:label1\" content=\"Dur\u00e9e de lecture estim\u00e9e\" \/>\n\t<meta name=\"twitter:data1\" content=\"1 minute\" \/>\n<script type=\"application\/ld+json\" class=\"yoast-schema-graph\">{\"@context\":\"https:\\\/\\\/schema.org\",\"@graph\":[{\"@type\":\"WebPage\",\"@id\":\"https:\\\/\\\/thekitchencompany.be\\\/fr\\\/cuisiniste-the-kitchen-company-bruxelles\\\/\",\"url\":\"https:\\\/\\\/thekitchencompany.be\\\/fr\\\/cuisiniste-the-kitchen-company-bruxelles\\\/\",\"name\":\"The Kitchen Company Bruxelles\",\"isPartOf\":{\"@id\":\"https:\\\/\\\/thekitchencompany.be\\\/fr\\\/#website\"},\"primaryImageOfPage\":{\"@id\":\"https:\\\/\\\/thekitchencompany.be\\\/fr\\\/cuisiniste-the-kitchen-company-bruxelles\\\/#primaryimage\"},\"image\":{\"@id\":\"https:\\\/\\\/thekitchencompany.be\\\/fr\\\/cuisiniste-the-kitchen-company-bruxelles\\\/#primaryimage\"},\"thumbnailUrl\":\"https:\\\/\\\/thekitchencompany.be\\\/wp-content\\\/uploads\\\/2019\\\/09\\\/thekitchencompany-bruxelles.jpg\",\"datePublished\":\"2019-08-21T19:17:40+00:00\",\"dateModified\":\"2024-04-26T13:32:11+00:00\",\"description\":\"Cuisiniste et sp\u00e9cialiste en am\u00e9nagement d'int\u00e9rieur pour la promotion immobili\u00e8re, nous vous accueillons dans notre showroom de Bruxelles.\",\"breadcrumb\":{\"@id\":\"https:\\\/\\\/thekitchencompany.be\\\/fr\\\/cuisiniste-the-kitchen-company-bruxelles\\\/#breadcrumb\"},\"inLanguage\":\"fr-FR\",\"potentialAction\":[{\"@type\":\"ReadAction\",\"target\":[\"https:\\\/\\\/thekitchencompany.be\\\/fr\\\/cuisiniste-the-kitchen-company-bruxelles\\\/\"]}]},{\"@type\":\"ImageObject\",\"inLanguage\":\"fr-FR\",\"@id\":\"https:\\\/\\\/thekitchencompany.be\\\/fr\\\/cuisiniste-the-kitchen-company-bruxelles\\\/#primaryimage\",\"url\":\"https:\\\/\\\/thekitchencompany.be\\\/wp-content\\\/uploads\\\/2019\\\/09\\\/thekitchencompany-bruxelles.jpg\",\"contentUrl\":\"https:\\\/\\\/thekitchencompany.be\\\/wp-content\\\/uploads\\\/2019\\\/09\\\/thekitchencompany-bruxelles.jpg\"},{\"@type\":\"BreadcrumbList\",\"@id\":\"https:\\\/\\\/thekitchencompany.be\\\/fr\\\/cuisiniste-the-kitchen-company-bruxelles\\\/#breadcrumb\",\"itemListElement\":[{\"@type\":\"ListItem\",\"position\":1,\"name\":\"Home\",\"item\":\"https:\\\/\\\/thekitchencompany.be\\\/fr\\\/\"},{\"@type\":\"ListItem\",\"position\":2,\"name\":\"The Kitchen Company Bruxelles\"}]},{\"@type\":\"WebSite\",\"@id\":\"https:\\\/\\\/thekitchencompany.be\\\/fr\\\/#website\",\"url\":\"https:\\\/\\\/thekitchencompany.be\\\/fr\\\/\",\"name\":\"The Kitchen Company\",\"description\":\"Un service sur mesure pour les promoteurs immobiliers\",\"potentialAction\":[{\"@type\":\"SearchAction\",\"target\":{\"@type\":\"EntryPoint\",\"urlTemplate\":\"https:\\\/\\\/thekitchencompany.be\\\/fr\\\/?s={search_term_string}\"},\"query-input\":{\"@type\":\"PropertyValueSpecification\",\"valueRequired\":true,\"valueName\":\"search_term_string\"}}],\"inLanguage\":\"fr-FR\"}]}<\/script>\n<!-- \/ Yoast SEO plugin. -->","yoast_head_json":{"title":"The Kitchen Company Bruxelles","description":"Cuisiniste et sp\u00e9cialiste en am\u00e9nagement d'int\u00e9rieur pour la promotion immobili\u00e8re, nous vous accueillons dans notre showroom de Bruxelles.","robots":{"index":"index","follow":"follow","max-snippet":"max-snippet:-1","max-image-preview":"max-image-preview:large","max-video-preview":"max-video-preview:-1"},"canonical":"https:\/\/thekitchencompany.be\/fr\/cuisiniste-the-kitchen-company-bruxelles\/","og_locale":"fr_FR","og_type":"article","og_title":"The Kitchen Company Bruxelles","og_description":"Cuisiniste et sp\u00e9cialiste en am\u00e9nagement d'int\u00e9rieur pour la promotion immobili\u00e8re, nous vous accueillons dans notre showroom de Bruxelles.","og_url":"https:\/\/thekitchencompany.be\/fr\/cuisiniste-the-kitchen-company-bruxelles\/","og_site_name":"The Kitchen Company","article_modified_time":"2024-04-26T13:32:11+00:00","og_image":[{"url":"https:\/\/thekitchencompany.be\/wp-content\/uploads\/2019\/09\/thekitchencompany-bruxelles.jpg","type":"","width":"","height":""}],"twitter_card":"summary_large_image","twitter_misc":{"Dur\u00e9e de lecture estim\u00e9e":"1 minute"},"schema":{"@context":"https:\/\/schema.org","@graph":[{"@type":"WebPage","@id":"https:\/\/thekitchencompany.be\/fr\/cuisiniste-the-kitchen-company-bruxelles\/","url":"https:\/\/thekitchencompany.be\/fr\/cuisiniste-the-kitchen-company-bruxelles\/","name":"The Kitchen Company Bruxelles","isPartOf":{"@id":"https:\/\/thekitchencompany.be\/fr\/#website"},"primaryImageOfPage":{"@id":"https:\/\/thekitchencompany.be\/fr\/cuisiniste-the-kitchen-company-bruxelles\/#primaryimage"},"image":{"@id":"https:\/\/thekitchencompany.be\/fr\/cuisiniste-the-kitchen-company-bruxelles\/#primaryimage"},"thumbnailUrl":"https:\/\/thekitchencompany.be\/wp-content\/uploads\/2019\/09\/thekitchencompany-bruxelles.jpg","datePublished":"2019-08-21T19:17:40+00:00","dateModified":"2024-04-26T13:32:11+00:00","description":"Cuisiniste et sp\u00e9cialiste en am\u00e9nagement d'int\u00e9rieur pour la promotion immobili\u00e8re, nous vous accueillons dans notre showroom de Bruxelles.","breadcrumb":{"@id":"https:\/\/thekitchencompany.be\/fr\/cuisiniste-the-kitchen-company-bruxelles\/#breadcrumb"},"inLanguage":"fr-FR","potentialAction":[{"@type":"ReadAction","target":["https:\/\/thekitchencompany.be\/fr\/cuisiniste-the-kitchen-company-bruxelles\/"]}]},{"@type":"ImageObject","inLanguage":"fr-FR","@id":"https:\/\/thekitchencompany.be\/fr\/cuisiniste-the-kitchen-company-bruxelles\/#primaryimage","url":"https:\/\/thekitchencompany.be\/wp-content\/uploads\/2019\/09\/thekitchencompany-bruxelles.jpg","contentUrl":"https:\/\/thekitchencompany.be\/wp-content\/uploads\/2019\/09\/thekitchencompany-bruxelles.jpg"},{"@type":"BreadcrumbList","@id":"https:\/\/thekitchencompany.be\/fr\/cuisiniste-the-kitchen-company-bruxelles\/#breadcrumb","itemListElement":[{"@type":"ListItem","position":1,"name":"Home","item":"https:\/\/thekitchencompany.be\/fr\/"},{"@type":"ListItem","position":2,"name":"The Kitchen Company Bruxelles"}]},{"@type":"WebSite","@id":"https:\/\/thekitchencompany.be\/fr\/#website","url":"https:\/\/thekitchencompany.be\/fr\/","name":"The Kitchen Company","description":"Un service sur mesure pour les promoteurs immobiliers","potentialAction":[{"@type":"SearchAction","target":{"@type":"EntryPoint","urlTemplate":"https:\/\/thekitchencompany.be\/fr\/?s={search_term_string}"},"query-input":{"@type":"PropertyValueSpecification","valueRequired":true,"valueName":"search_term_string"}}],"inLanguage":"fr-FR"}]}},"_links":{"self":[{"href":"https:\/\/thekitchencompany.be\/fr\/wp-json\/wp\/v2\/pages\/206","targetHints":{"allow":["GET"]}}],"collection":[{"href":"https:\/\/thekitchencompany.be\/fr\/wp-json\/wp\/v2\/pages"}],"about":[{"href":"https:\/\/thekitchencompany.be\/fr\/wp-json\/wp\/v2\/types\/page"}],"author":[{"embeddable":true,"href":"https:\/\/thekitchencompany.be\/fr\/wp-json\/wp\/v2\/users\/1"}],"replies":[{"embeddable":true,"href":"https:\/\/thekitchencompany.be\/fr\/wp-json\/wp\/v2\/comments?post=206"}],"version-history":[{"count":1,"href":"https:\/\/thekitchencompany.be\/fr\/wp-json\/wp\/v2\/pages\/206\/revisions"}],"predecessor-version":[{"id":7277,"href":"https:\/\/thekitchencompany.be\/fr\/wp-json\/wp\/v2\/pages\/206\/revisions\/7277"}],"wp:attachment":[{"href":"https:\/\/thekitchencompany.be\/fr\/wp-json\/wp\/v2\/media?parent=206"}],"curies":[{"name":"wp","href":"https:\/\/api.w.org\/{rel}","templated":true}]}}