{"id":2444,"date":"2023-04-06T10:34:22","date_gmt":"2023-04-06T08:34:22","guid":{"rendered":"https:\/\/thekitchencompany.be\/?page_id=2444"},"modified":"2025-01-09T20:23:09","modified_gmt":"2025-01-09T19:23:09","slug":"services-via-un-promoteur","status":"publish","type":"page","link":"https:\/\/thekitchencompany.be\/fr\/services-via-un-promoteur\/","title":{"rendered":"The Kitchen Company: cuisinistes et architectes d&rsquo;int\u00e9rieur pour les acquisitions immobili\u00e8res"},"content":{"rendered":"\n<article class=\"wp-block-fidelo-image-text col-md-12\"><div class=\"row mediatext-wrap\" alignment=\"left\"><div class=\"col-md-6 bg\" theme=\"bg-3\">\n<div class=\"wp-block-fidelo-fa-picker\"><svg xmlns=\"http:\/\/www.w3.org\/2000\/svg\" viewBox=\"0 0 512 512\"><path d=\"M160 288h-56c-4.42 0-8-3.58-8-8v-16c0-4.42 3.58-8 8-8h56v-64h-56c-4.42 0-8-3.58-8-8v-16c0-4.42 3.58-8 8-8h56V96h-56c-4.42 0-8-3.58-8-8V72c0-4.42 3.58-8 8-8h56V32c0-17.67-14.33-32-32-32H32C14.33 0 0 14.33 0 32v448c0 2.77.91 5.24 1.57 7.8L160 329.38V288zm320 64h-32v56c0 4.42-3.58 8-8 8h-16c-4.42 0-8-3.58-8-8v-56h-64v56c0 4.42-3.58 8-8 8h-16c-4.42 0-8-3.58-8-8v-56h-64v56c0 4.42-3.58 8-8 8h-16c-4.42 0-8-3.58-8-8v-56h-41.37L24.2 510.43c2.56.66 5.04 1.57 7.8 1.57h448c17.67 0 32-14.33 32-32v-96c0-17.67-14.33-32-32-32z\"><\/path><\/svg><\/div>\n\n\n\n<h2 class=\"wp-block-heading\">Un service sur mesure pour les acqu\u00e9reurs immobiliers<\/h2>\n\n\n\n<p>Depuis plus de 25 ans, <strong>The Kitchen Company <\/strong>accompagne les acqu\u00e9reurs immobiliers, qu&rsquo;ils soient particuliers ou investisseurs, dans la conception <strong>de <a href=\"https:\/\/thekitchencompany.be\/fr\/services-via-un-promoteur-the-kitchen-company\/cuisines-sur-mesure\/\">cuisines<\/a><\/strong> dans le cadre de r\u00e9novations ou de nouvelles constructions. Pour ce faire, nos architectes d&rsquo;int\u00e9rieur vous accueilleront dans l&rsquo;un de nos cinq showrooms : <a href=\"https:\/\/thekitchencompany.be\/fr\/services-via-un-promoteur-the-kitchen-company\/showrooms\/bruxelles\/\">Rhode-Saint-Gen\u00e8se<\/a>, <a href=\"https:\/\/thekitchencompany.be\/fr\/services-via-un-promoteur-the-kitchen-company\/showrooms\/cuisiniste-the-kitchen-company-anvers\/\">Schelle<\/a>, <a href=\"https:\/\/thekitchencompany.be\/fr\/services-via-un-promoteur-the-kitchen-company\/showrooms\/the-kitchen-company-gand\/\">Drongen<\/a>, <a href=\"https:\/\/thekitchencompany.be\/fr\/services-via-un-promoteur-the-kitchen-company\/showrooms\/the-kitchen-company-la-louviere\/\">La Louvi\u00e8re<\/a> et <a href=\"https:\/\/thekitchencompany.be\/fr\/services-via-un-promoteur-the-kitchen-company\/showrooms\/cuisiniste-the-kitchen-company-liege\/\">Li\u00e8ge<\/a>.<\/p>\n<\/div><div class=\"col-md-6 image\"><img decoding=\"async\" src=\"https:\/\/thekitchencompany.be\/wp-content\/uploads\/2019\/09\/services-aux-promoteurs.jpg\"\/><\/div><\/div><\/article>\n\n\n\n<div class=\"wp-block-tkc-tkc-blocks undefined col-md-6 bg-1 bg-2 align-self-start\">\n<div class=\"wp-block-fidelo-fa-picker\"><svg xmlns=\"http:\/\/www.w3.org\/2000\/svg\" viewBox=\"0 0 384 512\"><path d=\"M368 224H224V80c0-8.84-7.16-16-16-16h-32c-8.84 0-16 7.16-16 16v144H16c-8.84 0-16 7.16-16 16v32c0 8.84 7.16 16 16 16h144v144c0 8.84 7.16 16 16 16h32c8.84 0 16-7.16 16-16V288h144c8.84 0 16-7.16 16-16v-32c0-8.84-7.16-16-16-16z\"><\/path><\/svg><\/div>\n\n\n\n<h2 class=\"wp-block-heading\">Les avantages de The Kitchen Company<\/h2>\n\n\n\n<p>Si vous avez acquis votre bien immobilier r\u00e9nov\u00e9 ou neuf avant que la cuisine n\u2019ait \u00e9t\u00e9 install\u00e9e, vous pourrez s\u00e9lectionner l&rsquo;am\u00e9nagement que vous souhaitez. Certains \u00e9l\u00e9ments devront respecter le cahier des charges et les choix effectu\u00e9s par le promoteur du projet. Cela pourrait, par exemple, concerner l&#8217;emplacement des \u00e9l\u00e9ments techniques, comme les arriv\u00e9es d&rsquo;eau. <\/p>\n\n\n\n<p>Lorsque vous prendrez rendez-vous, l&rsquo;un de nos architectes d&rsquo;int\u00e9rieur prendra le relais et deviendra votre unique interlocuteur. Il vous accompagnera dans <strong>la conception et l&rsquo;am\u00e9nagement de votre cuisine<\/strong> de votre future habitation. L&rsquo;architecte d&rsquo;int\u00e9rieur se basera sur diff\u00e9rents crit\u00e8res :<\/p>\n\n\n\n<ul class=\"wp-block-list\">\n<li>Vos besoins et votre style de vie<\/li>\n\n\n\n<li>Le style de cuisine souhait\u00e9<\/li>\n\n\n\n<li>Les mat\u00e9riaux, finitions et coloris<\/li>\n\n\n\n<li>Le type d&rsquo;\u00e9lectrom\u00e9nagers et de sanitaires<\/li>\n\n\n\n<li>L&rsquo;\u00e9rgonomie g\u00e9n\u00e9rale de la cuisine<\/li>\n<\/ul>\n<\/div>\n\n\n\n<div class=\"wp-block-tkc-tkc-blocks undefined col-md-6 bg-1\">\n<div class=\"wp-block-fidelo-fa-picker\"><svg xmlns=\"http:\/\/www.w3.org\/2000\/svg\" viewBox=\"0 0 640 512\"><path d=\"M192 256c61.9 0 112-50.1 112-112S253.9 32 192 32 80 82.1 80 144s50.1 112 112 112zm76.8 32h-8.3c-20.8 10-43.9 16-68.5 16s-47.6-6-68.5-16h-8.3C51.6 288 0 339.6 0 403.2V432c0 26.5 21.5 48 48 48h288c26.5 0 48-21.5 48-48v-28.8c0-63.6-51.6-115.2-115.2-115.2zM480 256c53 0 96-43 96-96s-43-96-96-96-96 43-96 96 43 96 96 96zm48 32h-3.8c-13.9 4.8-28.6 8-44.2 8s-30.3-3.2-44.2-8H432c-20.4 0-39.2 5.9-55.7 15.4 24.4 26.3 39.7 61.2 39.7 99.8v38.4c0 2.2-.5 4.3-.6 6.4H592c26.5 0 48-21.5 48-48 0-61.9-50.1-112-112-112z\"><\/path><\/svg><\/div>\n\n\n\n<h3 class=\"wp-block-heading\">Vos avantages en tant qu&rsquo;acqu\u00e9reurs particuliers<\/h3>\n\n\n\n<ul class=\"wp-block-list\">\n<li>Un suivi personnalis\u00e9 par nos architectes d\u2019int\u00e9rieur, \u00e0 la pointe des derni\u00e8res tendances en mati\u00e8re d\u2019am\u00e9nagement int\u00e9rieur<\/li>\n\n\n\n<li>Un accompagnement possible dans les deux langues nationales ainsi qu&rsquo;en anglais<\/li>\n\n\n\n<li>Un accueil dans des <a href=\"https:\/\/thekitchencompany.be\/fr\/services-via-un-promoteur-the-kitchen-company\/showrooms\/\">showrooms<\/a> uniques et inspirants<\/li>\n\n\n\n<li>Un large choix parmi des gammes vari\u00e9es de finitions et d&rsquo;\u00e9quipements<\/li>\n<\/ul>\n\n\n\n<hr class=\"wp-block-separator has-css-opacity\"\/>\n\n\n\n<div class=\"wp-block-fidelo-fa-picker\"><svg xmlns=\"http:\/\/www.w3.org\/2000\/svg\" viewBox=\"0 0 512 512\"><path d=\"M501.1 395.7L384 278.6c-23.1-23.1-57.6-27.6-85.4-13.9L192 158.1V96L64 0 0 64l96 128h62.1l106.6 106.6c-13.6 27.8-9.2 62.3 13.9 85.4l117.1 117.1c14.6 14.6 38.2 14.6 52.7 0l52.7-52.7c14.5-14.6 14.5-38.2 0-52.7zM331.7 225c28.3 0 54.9 11 74.9 31l19.4 19.4c15.8-6.9 30.8-16.5 43.8-29.5 37.1-37.1 49.7-89.3 37.9-136.7-2.2-9-13.5-12.1-20.1-5.5l-74.4 74.4-67.9-11.3L334 98.9l74.4-74.4c6.6-6.6 3.4-17.9-5.7-20.2-47.4-11.7-99.6.9-136.6 37.9-28.5 28.5-41.9 66.1-41.2 103.6l82.1 82.1c8.1-1.9 16.5-2.9 24.7-2.9zm-103.9 82l-56.7-56.7L18.7 402.8c-25 25-25 65.5 0 90.5s65.5 25 90.5 0l123.6-123.6c-7.6-19.9-9.9-41.6-5-62.7zM64 472c-13.2 0-24-10.8-24-24 0-13.3 10.7-24 24-24s24 10.7 24 24c0 13.2-10.7 24-24 24z\"><\/path><\/svg><\/div>\n\n\n\n<h3 class=\"wp-block-heading\">Vos avantages en tant qu&rsquo;acqu\u00e9reurs investisseurs<\/h3>\n\n\n\n<ul class=\"wp-block-list\">\n<li>25 ans d&rsquo;expertise dans l\u2019am\u00e9nagement et l\u2019accompagnement de grands projets immobiliers<\/li>\n\n\n\n<li>Une prise en main et un suivi de votre projet de A&nbsp;\u00e0&nbsp;Z<\/li>\n\n\n\n<li>La possibilit\u00e9 de rendez-vous \u00e0 distance <\/li>\n\n\n\n<li>Une conception par des architectes d\u2019int\u00e9rieur dipl\u00f4m\u00e9s<\/li>\n\n\n\n<li>un service de placement impeccable et une gestion de chantier professionnelle<\/li>\n<\/ul>\n\n\n\n<hr class=\"wp-block-separator has-alpha-channel-opacity\"\/>\n\n\n\n<p>&nbsp;D\u00e9couvrez l&rsquo;univers The Kitchen Company en voyageant \u00e0 travers <a href=\"renhttps:\/\/thekitchencompany.be\/fr\/services-via-un-promoteur\/references-the-kitchen-company\/\"><u>nos projets<\/u><\/a>.<\/p>\n<\/div>\n","protected":false},"excerpt":{"rendered":"","protected":false},"author":1,"featured_media":6955,"parent":0,"menu_order":0,"comment_status":"closed","ping_status":"closed","template":"","meta":{"keyline":"Sp\u00e9cialistes dans l\u2019am\u00e9nagement de cuisines, nous proposons un service 360\u00b0 pour les acqu\u00e9reurs immobiliers. Gr\u00e2ce \u00e0 nos architectes d\u2019int\u00e9rieur, nous vous guidons dans vos choix pour vous aider \u00e0 cr\u00e9er le projet qui vous ressemble.","googlemap":"","footnotes":""},"class_list":["post-2444","page","type-page","status-publish","has-post-thumbnail","hentry"],"yoast_head":"<!-- This site is optimized with the Yoast SEO plugin v27.4 - https:\/\/yoast.com\/product\/yoast-seo-wordpress\/ -->\n<title>The Kitchen Company | Au service des acqu\u00e9reurs immobiliers<\/title>\n<meta name=\"description\" content=\"The Kitchen Company accompagne les acqu\u00e9reurs dans la conception et l\u2019installation de cuisines \u00e9quip\u00e9es dans le cadre de projet immobilier.\" \/>\n<meta name=\"robots\" content=\"index, follow, max-snippet:-1, max-image-preview:large, max-video-preview:-1\" \/>\n<link rel=\"canonical\" href=\"https:\/\/thekitchencompany.be\/fr\/services-via-un-promoteur\/\" \/>\n<meta property=\"og:locale\" content=\"fr_FR\" \/>\n<meta property=\"og:type\" content=\"article\" \/>\n<meta property=\"og:title\" content=\"The Kitchen Company | Au service des acqu\u00e9reurs immobiliers\" \/>\n<meta property=\"og:description\" content=\"The Kitchen Company accompagne les acqu\u00e9reurs dans la conception et l\u2019installation de cuisines \u00e9quip\u00e9es dans le cadre de projet immobilier.\" \/>\n<meta property=\"og:url\" content=\"https:\/\/thekitchencompany.be\/fr\/services-via-un-promoteur\/\" \/>\n<meta property=\"og:site_name\" content=\"The Kitchen Company\" \/>\n<meta property=\"article:modified_time\" content=\"2025-01-09T19:23:09+00:00\" \/>\n<meta property=\"og:image\" content=\"https:\/\/thekitchencompany.be\/wp-content\/uploads\/2024\/01\/Cuisine_K_One_Rose.jpg\" \/>\n\t<meta property=\"og:image:width\" content=\"2048\" \/>\n\t<meta property=\"og:image:height\" content=\"1337\" \/>\n\t<meta property=\"og:image:type\" content=\"image\/jpeg\" \/>\n<meta name=\"twitter:card\" content=\"summary_large_image\" \/>\n<meta name=\"twitter:label1\" content=\"Dur\u00e9e de lecture estim\u00e9e\" \/>\n\t<meta name=\"twitter:data1\" content=\"2 minutes\" \/>\n<script type=\"application\/ld+json\" class=\"yoast-schema-graph\">{\"@context\":\"https:\\\/\\\/schema.org\",\"@graph\":[{\"@type\":\"WebPage\",\"@id\":\"https:\\\/\\\/thekitchencompany.be\\\/fr\\\/services-via-un-promoteur\\\/\",\"url\":\"https:\\\/\\\/thekitchencompany.be\\\/fr\\\/services-via-un-promoteur\\\/\",\"name\":\"The Kitchen Company | Au service des acqu\u00e9reurs immobiliers\",\"isPartOf\":{\"@id\":\"https:\\\/\\\/thekitchencompany.be\\\/fr\\\/#website\"},\"primaryImageOfPage\":{\"@id\":\"https:\\\/\\\/thekitchencompany.be\\\/fr\\\/services-via-un-promoteur\\\/#primaryimage\"},\"image\":{\"@id\":\"https:\\\/\\\/thekitchencompany.be\\\/fr\\\/services-via-un-promoteur\\\/#primaryimage\"},\"thumbnailUrl\":\"https:\\\/\\\/thekitchencompany.be\\\/wp-content\\\/uploads\\\/2024\\\/01\\\/Cuisine_K_One_Rose.jpg\",\"datePublished\":\"2023-04-06T08:34:22+00:00\",\"dateModified\":\"2025-01-09T19:23:09+00:00\",\"description\":\"The Kitchen Company accompagne les acqu\u00e9reurs dans la conception et l\u2019installation de cuisines \u00e9quip\u00e9es dans le cadre de projet immobilier.\",\"breadcrumb\":{\"@id\":\"https:\\\/\\\/thekitchencompany.be\\\/fr\\\/services-via-un-promoteur\\\/#breadcrumb\"},\"inLanguage\":\"fr-FR\",\"potentialAction\":[{\"@type\":\"ReadAction\",\"target\":[\"https:\\\/\\\/thekitchencompany.be\\\/fr\\\/services-via-un-promoteur\\\/\"]}]},{\"@type\":\"ImageObject\",\"inLanguage\":\"fr-FR\",\"@id\":\"https:\\\/\\\/thekitchencompany.be\\\/fr\\\/services-via-un-promoteur\\\/#primaryimage\",\"url\":\"https:\\\/\\\/thekitchencompany.be\\\/wp-content\\\/uploads\\\/2024\\\/01\\\/Cuisine_K_One_Rose.jpg\",\"contentUrl\":\"https:\\\/\\\/thekitchencompany.be\\\/wp-content\\\/uploads\\\/2024\\\/01\\\/Cuisine_K_One_Rose.jpg\",\"width\":2048,\"height\":1337,\"caption\":\"Cuisine K-one rose The Kitchen Company acqu\u00e9reurs\"},{\"@type\":\"BreadcrumbList\",\"@id\":\"https:\\\/\\\/thekitchencompany.be\\\/fr\\\/services-via-un-promoteur\\\/#breadcrumb\",\"itemListElement\":[{\"@type\":\"ListItem\",\"position\":1,\"name\":\"Home\",\"item\":\"https:\\\/\\\/thekitchencompany.be\\\/fr\\\/\"},{\"@type\":\"ListItem\",\"position\":2,\"name\":\"The Kitchen Company: cuisinistes et architectes d&rsquo;int\u00e9rieur pour les acquisitions immobili\u00e8res\"}]},{\"@type\":\"WebSite\",\"@id\":\"https:\\\/\\\/thekitchencompany.be\\\/fr\\\/#website\",\"url\":\"https:\\\/\\\/thekitchencompany.be\\\/fr\\\/\",\"name\":\"The Kitchen Company\",\"description\":\"Un service sur mesure pour les promoteurs immobiliers\",\"potentialAction\":[{\"@type\":\"SearchAction\",\"target\":{\"@type\":\"EntryPoint\",\"urlTemplate\":\"https:\\\/\\\/thekitchencompany.be\\\/fr\\\/?s={search_term_string}\"},\"query-input\":{\"@type\":\"PropertyValueSpecification\",\"valueRequired\":true,\"valueName\":\"search_term_string\"}}],\"inLanguage\":\"fr-FR\"}]}<\/script>\n<!-- \/ Yoast SEO plugin. -->","yoast_head_json":{"title":"The Kitchen Company | Au service des acqu\u00e9reurs immobiliers","description":"The Kitchen Company accompagne les acqu\u00e9reurs dans la conception et l\u2019installation de cuisines \u00e9quip\u00e9es dans le cadre de projet immobilier.","robots":{"index":"index","follow":"follow","max-snippet":"max-snippet:-1","max-image-preview":"max-image-preview:large","max-video-preview":"max-video-preview:-1"},"canonical":"https:\/\/thekitchencompany.be\/fr\/services-via-un-promoteur\/","og_locale":"fr_FR","og_type":"article","og_title":"The Kitchen Company | Au service des acqu\u00e9reurs immobiliers","og_description":"The Kitchen Company accompagne les acqu\u00e9reurs dans la conception et l\u2019installation de cuisines \u00e9quip\u00e9es dans le cadre de projet immobilier.","og_url":"https:\/\/thekitchencompany.be\/fr\/services-via-un-promoteur\/","og_site_name":"The Kitchen Company","article_modified_time":"2025-01-09T19:23:09+00:00","og_image":[{"width":2048,"height":1337,"url":"https:\/\/thekitchencompany.be\/wp-content\/uploads\/2024\/01\/Cuisine_K_One_Rose.jpg","type":"image\/jpeg"}],"twitter_card":"summary_large_image","twitter_misc":{"Dur\u00e9e de lecture estim\u00e9e":"2 minutes"},"schema":{"@context":"https:\/\/schema.org","@graph":[{"@type":"WebPage","@id":"https:\/\/thekitchencompany.be\/fr\/services-via-un-promoteur\/","url":"https:\/\/thekitchencompany.be\/fr\/services-via-un-promoteur\/","name":"The Kitchen Company | Au service des acqu\u00e9reurs immobiliers","isPartOf":{"@id":"https:\/\/thekitchencompany.be\/fr\/#website"},"primaryImageOfPage":{"@id":"https:\/\/thekitchencompany.be\/fr\/services-via-un-promoteur\/#primaryimage"},"image":{"@id":"https:\/\/thekitchencompany.be\/fr\/services-via-un-promoteur\/#primaryimage"},"thumbnailUrl":"https:\/\/thekitchencompany.be\/wp-content\/uploads\/2024\/01\/Cuisine_K_One_Rose.jpg","datePublished":"2023-04-06T08:34:22+00:00","dateModified":"2025-01-09T19:23:09+00:00","description":"The Kitchen Company accompagne les acqu\u00e9reurs dans la conception et l\u2019installation de cuisines \u00e9quip\u00e9es dans le cadre de projet immobilier.","breadcrumb":{"@id":"https:\/\/thekitchencompany.be\/fr\/services-via-un-promoteur\/#breadcrumb"},"inLanguage":"fr-FR","potentialAction":[{"@type":"ReadAction","target":["https:\/\/thekitchencompany.be\/fr\/services-via-un-promoteur\/"]}]},{"@type":"ImageObject","inLanguage":"fr-FR","@id":"https:\/\/thekitchencompany.be\/fr\/services-via-un-promoteur\/#primaryimage","url":"https:\/\/thekitchencompany.be\/wp-content\/uploads\/2024\/01\/Cuisine_K_One_Rose.jpg","contentUrl":"https:\/\/thekitchencompany.be\/wp-content\/uploads\/2024\/01\/Cuisine_K_One_Rose.jpg","width":2048,"height":1337,"caption":"Cuisine K-one rose The Kitchen Company acqu\u00e9reurs"},{"@type":"BreadcrumbList","@id":"https:\/\/thekitchencompany.be\/fr\/services-via-un-promoteur\/#breadcrumb","itemListElement":[{"@type":"ListItem","position":1,"name":"Home","item":"https:\/\/thekitchencompany.be\/fr\/"},{"@type":"ListItem","position":2,"name":"The Kitchen Company: cuisinistes et architectes d&rsquo;int\u00e9rieur pour les acquisitions immobili\u00e8res"}]},{"@type":"WebSite","@id":"https:\/\/thekitchencompany.be\/fr\/#website","url":"https:\/\/thekitchencompany.be\/fr\/","name":"The Kitchen Company","description":"Un service sur mesure pour les promoteurs immobiliers","potentialAction":[{"@type":"SearchAction","target":{"@type":"EntryPoint","urlTemplate":"https:\/\/thekitchencompany.be\/fr\/?s={search_term_string}"},"query-input":{"@type":"PropertyValueSpecification","valueRequired":true,"valueName":"search_term_string"}}],"inLanguage":"fr-FR"}]}},"_links":{"self":[{"href":"https:\/\/thekitchencompany.be\/fr\/wp-json\/wp\/v2\/pages\/2444","targetHints":{"allow":["GET"]}}],"collection":[{"href":"https:\/\/thekitchencompany.be\/fr\/wp-json\/wp\/v2\/pages"}],"about":[{"href":"https:\/\/thekitchencompany.be\/fr\/wp-json\/wp\/v2\/types\/page"}],"author":[{"embeddable":true,"href":"https:\/\/thekitchencompany.be\/fr\/wp-json\/wp\/v2\/users\/1"}],"replies":[{"embeddable":true,"href":"https:\/\/thekitchencompany.be\/fr\/wp-json\/wp\/v2\/comments?post=2444"}],"version-history":[{"count":10,"href":"https:\/\/thekitchencompany.be\/fr\/wp-json\/wp\/v2\/pages\/2444\/revisions"}],"predecessor-version":[{"id":7377,"href":"https:\/\/thekitchencompany.be\/fr\/wp-json\/wp\/v2\/pages\/2444\/revisions\/7377"}],"wp:featuredmedia":[{"embeddable":true,"href":"https:\/\/thekitchencompany.be\/fr\/wp-json\/wp\/v2\/media\/6955"}],"wp:attachment":[{"href":"https:\/\/thekitchencompany.be\/fr\/wp-json\/wp\/v2\/media?parent=2444"}],"curies":[{"name":"wp","href":"https:\/\/api.w.org\/{rel}","templated":true}]}}