{"id":2805,"date":"2023-05-15T10:23:17","date_gmt":"2023-05-15T08:23:17","guid":{"rendered":"https:\/\/thekitchencompany.be\/?page_id=2805"},"modified":"2024-04-05T14:43:59","modified_gmt":"2024-04-05T12:43:59","slug":"amenagement-interieur","status":"publish","type":"page","link":"https:\/\/thekitchencompany.be\/fr\/services-via-un-promoteur\/amenagement-interieur\/","title":{"rendered":"Am\u00e9nagement d&rsquo;int\u00e9rieur"},"content":{"rendered":"\n<article class=\"wp-block-fidelo-image-text col-md-12\"><div class=\"row mediatext-wrap\" alignment=\"right\"><div class=\"col-md-6 bg\" theme=\"bg-3\">\n<h2 class=\"wp-block-heading\">Une solution compl\u00e8te<\/h2>\n\n\n\n<p>Les solutions d&rsquo;am\u00e9nagement d&rsquo;int\u00e9rieur sont aussi \u00e9tendues que les types d\u2019habitations qui les abritent. Elles se pr\u00eatent \u00e0 tous les espaces et r\u00e9pondent \u00e0 chaque besoin. Historiquement sp\u00e9cialis\u00e9s dans la conception de cuisines, nous \u00e9largissons d\u00e9sormais notre savoir faire \u00e0 toutes les pi\u00e8ces de l&rsquo;habitation.<\/p>\n\n\n\n<p>Dor\u00e9navant, The Kitchen Company vous accompagne dans tous les aspects de votre projet afin de vous fournir une solution compl\u00e8te et personalis\u00e9e. De la <a href=\"https:\/\/thekitchencompany.be\/fr\/services-via-un-promoteur\/amenagement-interieur\/buanderie\/\">buanderie<\/a>, \u00e0 la <a href=\"https:\/\/thekitchencompany.be\/fr\/services-via-un-promoteur\/amenagement-interieur\/salle-de-bain\/\">salle de bain<\/a> en passant par les <a href=\"https:\/\/thekitchencompany.be\/fr\/services-via-un-promoteur\/amenagement-interieur\/meuble-tv\/\">meubles de t\u00e9l\u00e9vision<\/a> et la <a href=\"https:\/\/thekitchencompany.be\/fr\/services-via-un-promoteur\/amenagement-interieur\/salle-a-manger\/\">salle \u00e0 manger<\/a>, nous avons s\u00e9lectionn\u00e9 des finitions, des accessoires et des coloris qui nous permettrons de concevoir un projet qui vous ressemble.<\/p>\n<\/div><div class=\"col-md-6 image\"><img decoding=\"async\" src=\"https:\/\/thekitchencompany.be\/wp-content\/uploads\/2023\/09\/amenagement_interieur_TV_vert_2-scaled.jpeg\"\/><\/div><\/div><\/article>\n\n\n\n<article class=\"wp-block-fidelo-image-text col-md-12\"><div class=\"row mediatext-wrap\" alignment=\"left\"><div class=\"col-md-6 bg\" theme=\"bg-2\">\n<h2 class=\"wp-block-heading\">Nos talents au service du d\u00e9tail et de la qualit\u00e9<\/h2>\n\n\n\n<p><strong>Rigueur, passion et service<\/strong> ont toujours d\u00e9fini The Kitchen Company. Une fois votre projet immobilier acquis, nos architectes d\u2019int\u00e9rieur vous accompagneront dans votre projet d\u2019am\u00e9nagement d&rsquo;int\u00e9rieur afin de conserver une coh\u00e9rence entre les choix effectu\u00e9s pour les diff\u00e9rentes pi\u00e8ces de votre nouveau bien. Pour vous faciliter la vie, nous avons d\u00e9velopp\u00e9 des ensembles \u00ab pr\u00eats \u00e0 poser \u00bb qui conjuguent originalit\u00e9, intelligence et personnalisation.<\/p>\n<\/div><div class=\"col-md-6 image\"><img decoding=\"async\" src=\"https:\/\/thekitchencompany.be\/wp-content\/uploads\/2023\/09\/amenagement_interieur_living_vert-1-scaled.jpg\"\/><\/div><\/div><\/article>\n\n\n\n<article class=\"wp-block-fidelo-image-text col-md-12\"><div class=\"row mediatext-wrap\" alignment=\"right\"><div class=\"col-md-6 bg\" theme=\"bg-1\">\n<h2 class=\"wp-block-heading\">\u00c0 chaque projet, son univers<\/h2>\n\n\n\n<p>Pour vous permettre de r\u00e9aliser votre int\u00e9rieur r\u00eav\u00e9, nous avons s\u00e9lectionn\u00e9 pour vous une large gamme de fa\u00e7ades, meubles et coloris. En partant de vos besoins, nous d\u00e9terminerons avec vous la solution d&rsquo;am\u00e9nagement id\u00e9ale qui r\u00e9pondra \u00e0 vos envies.<\/p>\n\n\n\n<hr class=\"wp-block-separator has-alpha-channel-opacity\"\/>\n\n\n\n<p>Vous \u00eates \u00e0 la recherche d&rsquo;<strong>un partenaire <\/strong>de choix sp\u00e9cialis\u00e9 dans la conception de cuisine et l&rsquo;am\u00e9nagement d&rsquo;int\u00e9rieur pour votre acquisition immobili\u00e8re ? Prenez rendez-vous en ligne &nbsp;ou <a href=\"https:\/\/thekitchencompany.be\/fr\/services-via-un-promoteur\/a-propos-de-nous\/contact\/\"><u>contactez-nous<\/u><\/a> via notre formulaire de contact.<\/p>\n\n\n\n<p>D\u00e9couvrez nos am\u00e9nagements :<\/p>\n\n\n\n<ul class=\"wp-block-list\">\n<li><a href=\"https:\/\/thekitchencompany.be\/fr\/services-via-un-promoteur\/amenagement-interieur\/buanderie-arriere-cuisi\/\">Nos buanderies<\/a><\/li>\n\n\n\n<li><a href=\"https:\/\/thekitchencompany.be\/fr\/services-via-un-promoteur\/amenagement-interieur\/bureau\/\">Nos bureaux<\/a><\/li>\n\n\n\n<li><a href=\"https:\/\/thekitchencompany.be\/fr\/services-via-un-promoteur\/amenagement-interieur\/meubles-tv\/\">Nos meubles TV<\/a><\/li>\n\n\n\n<li><a href=\"https:\/\/thekitchencompany.be\/fr\/services-via-un-promoteur\/amenagement-interieur\/placards-et-dressings\/\">Nos placards et dressings<\/a><\/li>\n\n\n\n<li><a href=\"https:\/\/thekitchencompany.be\/fr\/services-via-un-promoteur\/amenagement-interieur\/salle-de-bain\/\">Nos salles de bains<\/a><\/li>\n\n\n\n<li><a href=\"https:\/\/thekitchencompany.be\/fr\/services-via-un-promoteur\/amenagement-interieur\/salle-a-manger\/\">Nos salles \u00e0 manger<\/a><\/li>\n<\/ul>\n\n\n\n<p>D\u00e9couvrez aussi&nbsp;:<\/p>\n\n\n\n<ul class=\"wp-block-list\">\n<li><a href=\"https:\/\/thekitchencompany.be\/fr\/services-via-un-promoteur\/cuisines-sur-mesure\/\"><u>Nos mod\u00e8les de cuisines sur mesure<\/u><\/a><\/li>\n<\/ul>\n<\/div><div class=\"col-md-6 image\"><img decoding=\"async\" src=\"https:\/\/thekitchencompany.be\/wp-content\/uploads\/2023\/09\/salle_de_bain_suspendus_bleus-scaled.jpeg\"\/><\/div><\/div><\/article>\n","protected":false},"excerpt":{"rendered":"","protected":false},"author":6,"featured_media":4715,"parent":2444,"menu_order":0,"comment_status":"closed","ping_status":"closed","template":"","meta":{"keyline":"Sp\u00e9cialistes de la conception de cuisines \u00e0 l\u2019origine depuis plus de 25 ans, nous avons \u00e9largi notre gamme \u00e0 l\u2019ensemble de l\u2019am\u00e9nagement int\u00e9rieur.","googlemap":"","footnotes":""},"class_list":["post-2805","page","type-page","status-publish","has-post-thumbnail","hentry"],"yoast_head":"<!-- This site is optimized with the Yoast SEO plugin v27.4 - https:\/\/yoast.com\/product\/yoast-seo-wordpress\/ -->\n<title>Am\u00e9nagement d&#039;int\u00e9rieur | The Kitchen Company<\/title>\n<meta name=\"description\" content=\"Historiquement sp\u00e9cialis\u00e9 dans la conception de cuisine, nous \u00e9largissons notre gamme \u00e0 l&#039;am\u00e9nagement d&#039;int\u00e9rieur. D\u00e9couvrez-en plus.\" \/>\n<meta name=\"robots\" content=\"index, follow, max-snippet:-1, max-image-preview:large, max-video-preview:-1\" \/>\n<link rel=\"canonical\" href=\"https:\/\/thekitchencompany.be\/fr\/services-via-un-promoteur\/amenagement-interieur\/\" \/>\n<meta property=\"og:locale\" content=\"fr_FR\" \/>\n<meta property=\"og:type\" content=\"article\" \/>\n<meta property=\"og:title\" content=\"Am\u00e9nagement d&#039;int\u00e9rieur | The Kitchen Company\" \/>\n<meta property=\"og:description\" content=\"Historiquement sp\u00e9cialis\u00e9 dans la conception de cuisine, nous \u00e9largissons notre gamme \u00e0 l&#039;am\u00e9nagement d&#039;int\u00e9rieur. D\u00e9couvrez-en plus.\" \/>\n<meta property=\"og:url\" content=\"https:\/\/thekitchencompany.be\/fr\/services-via-un-promoteur\/amenagement-interieur\/\" \/>\n<meta property=\"og:site_name\" content=\"The Kitchen Company\" \/>\n<meta property=\"article:modified_time\" content=\"2024-04-05T12:43:59+00:00\" \/>\n<meta property=\"og:image\" content=\"https:\/\/thekitchencompany.be\/wp-content\/uploads\/2023\/09\/Buanderie_3-scaled.jpg\" \/>\n\t<meta property=\"og:image:width\" content=\"2560\" \/>\n\t<meta property=\"og:image:height\" content=\"1833\" \/>\n\t<meta property=\"og:image:type\" content=\"image\/jpeg\" \/>\n<meta name=\"twitter:card\" content=\"summary_large_image\" \/>\n<meta name=\"twitter:label1\" content=\"Dur\u00e9e de lecture estim\u00e9e\" \/>\n\t<meta name=\"twitter:data1\" content=\"3 minutes\" \/>\n<script type=\"application\/ld+json\" class=\"yoast-schema-graph\">{\"@context\":\"https:\\\/\\\/schema.org\",\"@graph\":[{\"@type\":\"WebPage\",\"@id\":\"https:\\\/\\\/thekitchencompany.be\\\/fr\\\/services-via-un-promoteur\\\/amenagement-interieur\\\/\",\"url\":\"https:\\\/\\\/thekitchencompany.be\\\/fr\\\/services-via-un-promoteur\\\/amenagement-interieur\\\/\",\"name\":\"Am\u00e9nagement d'int\u00e9rieur | The Kitchen Company\",\"isPartOf\":{\"@id\":\"https:\\\/\\\/thekitchencompany.be\\\/fr\\\/#website\"},\"primaryImageOfPage\":{\"@id\":\"https:\\\/\\\/thekitchencompany.be\\\/fr\\\/services-via-un-promoteur\\\/amenagement-interieur\\\/#primaryimage\"},\"image\":{\"@id\":\"https:\\\/\\\/thekitchencompany.be\\\/fr\\\/services-via-un-promoteur\\\/amenagement-interieur\\\/#primaryimage\"},\"thumbnailUrl\":\"https:\\\/\\\/thekitchencompany.be\\\/wp-content\\\/uploads\\\/2023\\\/09\\\/Buanderie_3-scaled.jpg\",\"datePublished\":\"2023-05-15T08:23:17+00:00\",\"dateModified\":\"2024-04-05T12:43:59+00:00\",\"description\":\"Historiquement sp\u00e9cialis\u00e9 dans la conception de cuisine, nous \u00e9largissons notre gamme \u00e0 l'am\u00e9nagement d'int\u00e9rieur. D\u00e9couvrez-en plus.\",\"breadcrumb\":{\"@id\":\"https:\\\/\\\/thekitchencompany.be\\\/fr\\\/services-via-un-promoteur\\\/amenagement-interieur\\\/#breadcrumb\"},\"inLanguage\":\"fr-FR\",\"potentialAction\":[{\"@type\":\"ReadAction\",\"target\":[\"https:\\\/\\\/thekitchencompany.be\\\/fr\\\/services-via-un-promoteur\\\/amenagement-interieur\\\/\"]}]},{\"@type\":\"ImageObject\",\"inLanguage\":\"fr-FR\",\"@id\":\"https:\\\/\\\/thekitchencompany.be\\\/fr\\\/services-via-un-promoteur\\\/amenagement-interieur\\\/#primaryimage\",\"url\":\"https:\\\/\\\/thekitchencompany.be\\\/wp-content\\\/uploads\\\/2023\\\/09\\\/Buanderie_3-scaled.jpg\",\"contentUrl\":\"https:\\\/\\\/thekitchencompany.be\\\/wp-content\\\/uploads\\\/2023\\\/09\\\/Buanderie_3-scaled.jpg\",\"width\":2560,\"height\":1833,\"caption\":\"Buanderie am\u00e9nagement rangement arri\u00e8re cuisine\"},{\"@type\":\"BreadcrumbList\",\"@id\":\"https:\\\/\\\/thekitchencompany.be\\\/fr\\\/services-via-un-promoteur\\\/amenagement-interieur\\\/#breadcrumb\",\"itemListElement\":[{\"@type\":\"ListItem\",\"position\":1,\"name\":\"Home\",\"item\":\"https:\\\/\\\/thekitchencompany.be\\\/fr\\\/\"},{\"@type\":\"ListItem\",\"position\":2,\"name\":\"The Kitchen Company: cuisinistes et architectes d&rsquo;int\u00e9rieur pour les acquisitions immobili\u00e8res\",\"item\":\"https:\\\/\\\/thekitchencompany.be\\\/fr\\\/services-via-un-promoteur\\\/\"},{\"@type\":\"ListItem\",\"position\":3,\"name\":\"Am\u00e9nagement d&rsquo;int\u00e9rieur\"}]},{\"@type\":\"WebSite\",\"@id\":\"https:\\\/\\\/thekitchencompany.be\\\/fr\\\/#website\",\"url\":\"https:\\\/\\\/thekitchencompany.be\\\/fr\\\/\",\"name\":\"The Kitchen Company\",\"description\":\"Un service sur mesure pour les promoteurs immobiliers\",\"potentialAction\":[{\"@type\":\"SearchAction\",\"target\":{\"@type\":\"EntryPoint\",\"urlTemplate\":\"https:\\\/\\\/thekitchencompany.be\\\/fr\\\/?s={search_term_string}\"},\"query-input\":{\"@type\":\"PropertyValueSpecification\",\"valueRequired\":true,\"valueName\":\"search_term_string\"}}],\"inLanguage\":\"fr-FR\"}]}<\/script>\n<!-- \/ Yoast SEO plugin. -->","yoast_head_json":{"title":"Am\u00e9nagement d'int\u00e9rieur | The Kitchen Company","description":"Historiquement sp\u00e9cialis\u00e9 dans la conception de cuisine, nous \u00e9largissons notre gamme \u00e0 l'am\u00e9nagement d'int\u00e9rieur. D\u00e9couvrez-en plus.","robots":{"index":"index","follow":"follow","max-snippet":"max-snippet:-1","max-image-preview":"max-image-preview:large","max-video-preview":"max-video-preview:-1"},"canonical":"https:\/\/thekitchencompany.be\/fr\/services-via-un-promoteur\/amenagement-interieur\/","og_locale":"fr_FR","og_type":"article","og_title":"Am\u00e9nagement d'int\u00e9rieur | The Kitchen Company","og_description":"Historiquement sp\u00e9cialis\u00e9 dans la conception de cuisine, nous \u00e9largissons notre gamme \u00e0 l'am\u00e9nagement d'int\u00e9rieur. D\u00e9couvrez-en plus.","og_url":"https:\/\/thekitchencompany.be\/fr\/services-via-un-promoteur\/amenagement-interieur\/","og_site_name":"The Kitchen Company","article_modified_time":"2024-04-05T12:43:59+00:00","og_image":[{"width":2560,"height":1833,"url":"https:\/\/thekitchencompany.be\/wp-content\/uploads\/2023\/09\/Buanderie_3-scaled.jpg","type":"image\/jpeg"}],"twitter_card":"summary_large_image","twitter_misc":{"Dur\u00e9e de lecture estim\u00e9e":"3 minutes"},"schema":{"@context":"https:\/\/schema.org","@graph":[{"@type":"WebPage","@id":"https:\/\/thekitchencompany.be\/fr\/services-via-un-promoteur\/amenagement-interieur\/","url":"https:\/\/thekitchencompany.be\/fr\/services-via-un-promoteur\/amenagement-interieur\/","name":"Am\u00e9nagement d'int\u00e9rieur | The Kitchen Company","isPartOf":{"@id":"https:\/\/thekitchencompany.be\/fr\/#website"},"primaryImageOfPage":{"@id":"https:\/\/thekitchencompany.be\/fr\/services-via-un-promoteur\/amenagement-interieur\/#primaryimage"},"image":{"@id":"https:\/\/thekitchencompany.be\/fr\/services-via-un-promoteur\/amenagement-interieur\/#primaryimage"},"thumbnailUrl":"https:\/\/thekitchencompany.be\/wp-content\/uploads\/2023\/09\/Buanderie_3-scaled.jpg","datePublished":"2023-05-15T08:23:17+00:00","dateModified":"2024-04-05T12:43:59+00:00","description":"Historiquement sp\u00e9cialis\u00e9 dans la conception de cuisine, nous \u00e9largissons notre gamme \u00e0 l'am\u00e9nagement d'int\u00e9rieur. D\u00e9couvrez-en plus.","breadcrumb":{"@id":"https:\/\/thekitchencompany.be\/fr\/services-via-un-promoteur\/amenagement-interieur\/#breadcrumb"},"inLanguage":"fr-FR","potentialAction":[{"@type":"ReadAction","target":["https:\/\/thekitchencompany.be\/fr\/services-via-un-promoteur\/amenagement-interieur\/"]}]},{"@type":"ImageObject","inLanguage":"fr-FR","@id":"https:\/\/thekitchencompany.be\/fr\/services-via-un-promoteur\/amenagement-interieur\/#primaryimage","url":"https:\/\/thekitchencompany.be\/wp-content\/uploads\/2023\/09\/Buanderie_3-scaled.jpg","contentUrl":"https:\/\/thekitchencompany.be\/wp-content\/uploads\/2023\/09\/Buanderie_3-scaled.jpg","width":2560,"height":1833,"caption":"Buanderie am\u00e9nagement rangement arri\u00e8re cuisine"},{"@type":"BreadcrumbList","@id":"https:\/\/thekitchencompany.be\/fr\/services-via-un-promoteur\/amenagement-interieur\/#breadcrumb","itemListElement":[{"@type":"ListItem","position":1,"name":"Home","item":"https:\/\/thekitchencompany.be\/fr\/"},{"@type":"ListItem","position":2,"name":"The Kitchen Company: cuisinistes et architectes d&rsquo;int\u00e9rieur pour les acquisitions immobili\u00e8res","item":"https:\/\/thekitchencompany.be\/fr\/services-via-un-promoteur\/"},{"@type":"ListItem","position":3,"name":"Am\u00e9nagement d&rsquo;int\u00e9rieur"}]},{"@type":"WebSite","@id":"https:\/\/thekitchencompany.be\/fr\/#website","url":"https:\/\/thekitchencompany.be\/fr\/","name":"The Kitchen Company","description":"Un service sur mesure pour les promoteurs immobiliers","potentialAction":[{"@type":"SearchAction","target":{"@type":"EntryPoint","urlTemplate":"https:\/\/thekitchencompany.be\/fr\/?s={search_term_string}"},"query-input":{"@type":"PropertyValueSpecification","valueRequired":true,"valueName":"search_term_string"}}],"inLanguage":"fr-FR"}]}},"_links":{"self":[{"href":"https:\/\/thekitchencompany.be\/fr\/wp-json\/wp\/v2\/pages\/2805","targetHints":{"allow":["GET"]}}],"collection":[{"href":"https:\/\/thekitchencompany.be\/fr\/wp-json\/wp\/v2\/pages"}],"about":[{"href":"https:\/\/thekitchencompany.be\/fr\/wp-json\/wp\/v2\/types\/page"}],"author":[{"embeddable":true,"href":"https:\/\/thekitchencompany.be\/fr\/wp-json\/wp\/v2\/users\/6"}],"replies":[{"embeddable":true,"href":"https:\/\/thekitchencompany.be\/fr\/wp-json\/wp\/v2\/comments?post=2805"}],"version-history":[{"count":2,"href":"https:\/\/thekitchencompany.be\/fr\/wp-json\/wp\/v2\/pages\/2805\/revisions"}],"predecessor-version":[{"id":6970,"href":"https:\/\/thekitchencompany.be\/fr\/wp-json\/wp\/v2\/pages\/2805\/revisions\/6970"}],"up":[{"embeddable":true,"href":"https:\/\/thekitchencompany.be\/fr\/wp-json\/wp\/v2\/pages\/2444"}],"wp:featuredmedia":[{"embeddable":true,"href":"https:\/\/thekitchencompany.be\/fr\/wp-json\/wp\/v2\/media\/4715"}],"wp:attachment":[{"href":"https:\/\/thekitchencompany.be\/fr\/wp-json\/wp\/v2\/media?parent=2805"}],"curies":[{"name":"wp","href":"https:\/\/api.w.org\/{rel}","templated":true}]}}