{"id":2824,"date":"2023-05-15T10:51:32","date_gmt":"2023-05-15T08:51:32","guid":{"rendered":"https:\/\/thekitchencompany.be\/?page_id=2824"},"modified":"2024-01-12T14:18:11","modified_gmt":"2024-01-12T13:18:11","slug":"buanderies-arriere-cuisines","status":"publish","type":"page","link":"https:\/\/thekitchencompany.be\/fr\/services-via-un-promoteur\/amenagement-interieur\/buanderies-arriere-cuisines\/","title":{"rendered":"Buanderie"},"content":{"rendered":"\n<article class=\"wp-block-fidelo-image-text col-md-12\"><div class=\"row mediatext-wrap\" alignment=\"right\"><div class=\"col-md-6 bg\" theme=\"bg-3\">\n<h2 class=\"wp-block-heading\">Ergonomie et optimisation de l&rsquo;espace<\/h2>\n\n\n\n<p>Les buanderies et arri\u00e8re-cuisines sont fr\u00e9quemment des pi\u00e8ces \u00ab\u00a0remises \u00e0 plus tard\u00a0\u00bb. Elles n&rsquo;ont souvent comme unique usage le rangement des produits d&rsquo;entretien et le nettoyage du linge. Cependant, une belle buanderie \u00e9rgonomique assurera un confort \u00e0 vos t\u00e2ches journali\u00e8res.<\/p>\n\n\n\n<p>The Kitchen Company vous propose d\u2019\u00e9quiper votre buanderie avec des meubles s\u00e9lectionn\u00e9s pour leur praticit\u00e9 et leurs solutions d&rsquo;organisation. Bien \u00e9videmment, vous pourrez s\u00e9lectionner diff\u00e9rents accessoires pour optimiser le rangement de vos appareils et produits d\u2019entretien.<\/p>\n<\/div><div class=\"col-md-6 image\"><img decoding=\"async\" src=\"https:\/\/thekitchencompany.be\/wp-content\/uploads\/2023\/09\/arriere_cuisine_cave_vins-scaled.jpeg\"\/><\/div><\/div><\/article>\n\n\n\n<article class=\"wp-block-fidelo-image-text col-md-12\"><div class=\"row mediatext-wrap\" alignment=\"left\"><div class=\"col-md-6 bg\" theme=\"bg-2\">\n<h2 class=\"wp-block-heading\">Harmonie des couleurs<\/h2>\n\n\n\n<p>Au-del\u00e0 du simple am\u00e9nagement, vous pourrez conserver une harmonie entre vos meubles de <a href=\"https:\/\/thekitchencompany.be\/fr\/services-via-un-promoteur\/cuisines-sur-mesure\/\">cuisine <\/a>et votre buanderie et\/ou arri\u00e8re-cuisine gr\u00e2ce \u00e0 notre s\u00e9lection de fa\u00e7ades. De cette mani\u00e8re et au travers des nombreuses couleurs et finitions, vous pourrez cr\u00e9er et faire vivre l&rsquo;atmosph\u00e8re de votre choix dans toutes les pi\u00e8ces de votre habitation.<\/p>\n<\/div><div class=\"col-md-6 image\"><img decoding=\"async\" src=\"https:\/\/thekitchencompany.be\/wp-content\/uploads\/2023\/09\/Buanderie_verte-scaled.jpg\"\/><\/div><\/div><\/article>\n\n\n\n<article class=\"wp-block-fidelo-image-text col-md-12\"><div class=\"row mediatext-wrap\" alignment=\"right\"><div class=\"col-md-6 bg\" theme=\"bg-1\">\n<h2 class=\"wp-block-heading\">L&rsquo;oeil de nos architectes d&rsquo;int\u00e9rieur<\/h2>\n\n\n\n<p>Les buanderies et arri\u00e8re-cuisines peuvent \u00eatre des lieux o\u00f9 l&rsquo;\u00e9rgonomie est mise de cot\u00e9 pour faire place uniquement \u00e0 de simples rangements. Chez The Kitchen Company, nous mettons un point d&rsquo;orgue \u00e0 maximiser l&rsquo;\u00e9rgonomie et ce, dans toutes les pi\u00e8ces. Nos architectes d&rsquo;int\u00e9rieur int\u00e8grent de nombreux \u00e9l\u00e9ments (physique, disposition des meubles&#8230;) afin de vous proposez l&rsquo;am\u00e9nagement optimal. Dans la buanderie, cela se traduira par une machine \u00e0 laver sur\u00e9lev\u00e9e, un tiroir sous cette derni\u00e8re ou encore l&rsquo;incorporation de paniers.<\/p>\n\n\n\n<hr class=\"wp-block-separator has-alpha-channel-opacity\"\/>\n\n\n\n<p>Vous \u00eates \u00e0 la recherche d&rsquo;<strong>un partenaire <\/strong>de choix sp\u00e9cialis\u00e9 dans la conception de cuisine et l&rsquo;am\u00e9nagement d&rsquo;int\u00e9rieur pour votre acquisition immobili\u00e8re ? Prenez rendez-vous en ligne&nbsp;ou <a href=\"https:\/\/thekitchencompany.be\/fr\/services-via-un-promoteur\/a-propos-de-nous\/contact\/\">contactez-nous<\/a> via notre formulaire de contact.<\/p>\n\n\n\n<p>D\u00e9couvrez aussi&nbsp;:<\/p>\n\n\n\n<ul class=\"wp-block-list\">\n<li><a href=\"https:\/\/thekitchencompany.be\/fr\/services-via-un-promoteur\/amenagement-interieur\/bureau\/\">Nos bureaux<\/a><\/li>\n\n\n\n<li><a href=\"https:\/\/thekitchencompany.be\/fr\/services-via-un-promoteur\/amenagement-interieur\/meubles-tv\/\">Nos meubles TV<\/a><\/li>\n\n\n\n<li><a href=\"https:\/\/thekitchencompany.be\/fr\/services-via-un-promoteur\/amenagement-interieur\/placards-et-dressings\/\">Nos placards et dressings<\/a><\/li>\n\n\n\n<li><a href=\"https:\/\/thekitchencompany.be\/fr\/services-via-un-promoteur\/amenagement-interieur\/salle-de-bain\/\">Nos salles de bains<\/a><\/li>\n\n\n\n<li><a href=\"https:\/\/thekitchencompany.be\/fr\/services-via-un-promoteur\/amenagement-interieur\/salle-a-manger\/\">Nos salles \u00e0 manger<\/a><\/li>\n<\/ul>\n<\/div><div class=\"col-md-6 image\"><img decoding=\"async\" src=\"https:\/\/thekitchencompany.be\/wp-content\/uploads\/2023\/09\/Buanderie_anthracite.jpg\"\/><\/div><\/div><\/article>\n","protected":false},"excerpt":{"rendered":"","protected":false},"author":6,"featured_media":4715,"parent":2805,"menu_order":0,"comment_status":"closed","ping_status":"closed","template":"","meta":{"keyline":"Sp\u00e9cialistes de la conception de cuisines \u00e0 l\u2019origine depuis plus de 25 ans, nous avons \u00e9largi notre gamme \u00e0 l'am\u00e9nagement des buanderies et arri\u00e8res-cuisine.","googlemap":"","footnotes":""},"class_list":["post-2824","page","type-page","status-publish","has-post-thumbnail","hentry"],"yoast_head":"<!-- This site is optimized with the Yoast SEO plugin v27.4 - https:\/\/yoast.com\/product\/yoast-seo-wordpress\/ -->\n<title>Buanderies et arri\u00e8re-cuisines | The Kitchen Company<\/title>\n<meta name=\"description\" content=\"Historiquement sp\u00e9cialis\u00e9 dans la conception de cuisine, nous \u00e9largissons notre gamme aux buanderies et arri\u00e8re-cuisines. D\u00e9couvrez-en plus\" \/>\n<meta name=\"robots\" content=\"index, follow, max-snippet:-1, max-image-preview:large, max-video-preview:-1\" \/>\n<link rel=\"canonical\" href=\"https:\/\/thekitchencompany.be\/fr\/services-via-un-promoteur\/amenagement-interieur\/buanderies-arriere-cuisines\/\" \/>\n<meta property=\"og:locale\" content=\"fr_FR\" \/>\n<meta property=\"og:type\" content=\"article\" \/>\n<meta property=\"og:title\" content=\"Buanderies et arri\u00e8re-cuisines | The Kitchen Company\" \/>\n<meta property=\"og:description\" content=\"Historiquement sp\u00e9cialis\u00e9 dans la conception de cuisine, nous \u00e9largissons notre gamme aux buanderies et arri\u00e8re-cuisines. D\u00e9couvrez-en plus\" \/>\n<meta property=\"og:url\" content=\"https:\/\/thekitchencompany.be\/fr\/services-via-un-promoteur\/amenagement-interieur\/buanderies-arriere-cuisines\/\" \/>\n<meta property=\"og:site_name\" content=\"The Kitchen Company\" \/>\n<meta property=\"article:modified_time\" content=\"2024-01-12T13:18:11+00:00\" \/>\n<meta property=\"og:image\" content=\"https:\/\/thekitchencompany.be\/wp-content\/uploads\/2023\/09\/Buanderie_3-scaled.jpg\" \/>\n\t<meta property=\"og:image:width\" content=\"2560\" \/>\n\t<meta property=\"og:image:height\" content=\"1833\" \/>\n\t<meta property=\"og:image:type\" content=\"image\/jpeg\" \/>\n<meta name=\"twitter:card\" content=\"summary_large_image\" \/>\n<meta name=\"twitter:label1\" content=\"Dur\u00e9e de lecture estim\u00e9e\" \/>\n\t<meta name=\"twitter:data1\" content=\"3 minutes\" \/>\n<script type=\"application\/ld+json\" class=\"yoast-schema-graph\">{\"@context\":\"https:\\\/\\\/schema.org\",\"@graph\":[{\"@type\":\"WebPage\",\"@id\":\"https:\\\/\\\/thekitchencompany.be\\\/fr\\\/services-via-un-promoteur\\\/amenagement-interieur\\\/buanderies-arriere-cuisines\\\/\",\"url\":\"https:\\\/\\\/thekitchencompany.be\\\/fr\\\/services-via-un-promoteur\\\/amenagement-interieur\\\/buanderies-arriere-cuisines\\\/\",\"name\":\"Buanderies et arri\u00e8re-cuisines | The Kitchen Company\",\"isPartOf\":{\"@id\":\"https:\\\/\\\/thekitchencompany.be\\\/fr\\\/#website\"},\"primaryImageOfPage\":{\"@id\":\"https:\\\/\\\/thekitchencompany.be\\\/fr\\\/services-via-un-promoteur\\\/amenagement-interieur\\\/buanderies-arriere-cuisines\\\/#primaryimage\"},\"image\":{\"@id\":\"https:\\\/\\\/thekitchencompany.be\\\/fr\\\/services-via-un-promoteur\\\/amenagement-interieur\\\/buanderies-arriere-cuisines\\\/#primaryimage\"},\"thumbnailUrl\":\"https:\\\/\\\/thekitchencompany.be\\\/wp-content\\\/uploads\\\/2023\\\/09\\\/Buanderie_3-scaled.jpg\",\"datePublished\":\"2023-05-15T08:51:32+00:00\",\"dateModified\":\"2024-01-12T13:18:11+00:00\",\"description\":\"Historiquement sp\u00e9cialis\u00e9 dans la conception de cuisine, nous \u00e9largissons notre gamme aux buanderies et arri\u00e8re-cuisines. D\u00e9couvrez-en plus\",\"breadcrumb\":{\"@id\":\"https:\\\/\\\/thekitchencompany.be\\\/fr\\\/services-via-un-promoteur\\\/amenagement-interieur\\\/buanderies-arriere-cuisines\\\/#breadcrumb\"},\"inLanguage\":\"fr-FR\",\"potentialAction\":[{\"@type\":\"ReadAction\",\"target\":[\"https:\\\/\\\/thekitchencompany.be\\\/fr\\\/services-via-un-promoteur\\\/amenagement-interieur\\\/buanderies-arriere-cuisines\\\/\"]}]},{\"@type\":\"ImageObject\",\"inLanguage\":\"fr-FR\",\"@id\":\"https:\\\/\\\/thekitchencompany.be\\\/fr\\\/services-via-un-promoteur\\\/amenagement-interieur\\\/buanderies-arriere-cuisines\\\/#primaryimage\",\"url\":\"https:\\\/\\\/thekitchencompany.be\\\/wp-content\\\/uploads\\\/2023\\\/09\\\/Buanderie_3-scaled.jpg\",\"contentUrl\":\"https:\\\/\\\/thekitchencompany.be\\\/wp-content\\\/uploads\\\/2023\\\/09\\\/Buanderie_3-scaled.jpg\",\"width\":2560,\"height\":1833,\"caption\":\"Buanderie am\u00e9nagement rangement arri\u00e8re cuisine\"},{\"@type\":\"BreadcrumbList\",\"@id\":\"https:\\\/\\\/thekitchencompany.be\\\/fr\\\/services-via-un-promoteur\\\/amenagement-interieur\\\/buanderies-arriere-cuisines\\\/#breadcrumb\",\"itemListElement\":[{\"@type\":\"ListItem\",\"position\":1,\"name\":\"Home\",\"item\":\"https:\\\/\\\/thekitchencompany.be\\\/fr\\\/\"},{\"@type\":\"ListItem\",\"position\":2,\"name\":\"The Kitchen Company: cuisinistes et architectes d&rsquo;int\u00e9rieur pour les acquisitions immobili\u00e8res\",\"item\":\"https:\\\/\\\/thekitchencompany.be\\\/fr\\\/services-via-un-promoteur\\\/\"},{\"@type\":\"ListItem\",\"position\":3,\"name\":\"Am\u00e9nagement d&rsquo;int\u00e9rieur\",\"item\":\"https:\\\/\\\/thekitchencompany.be\\\/fr\\\/services-via-un-promoteur\\\/amenagement-interieur\\\/\"},{\"@type\":\"ListItem\",\"position\":4,\"name\":\"Buanderie\"}]},{\"@type\":\"WebSite\",\"@id\":\"https:\\\/\\\/thekitchencompany.be\\\/fr\\\/#website\",\"url\":\"https:\\\/\\\/thekitchencompany.be\\\/fr\\\/\",\"name\":\"The Kitchen Company\",\"description\":\"Un service sur mesure pour les promoteurs immobiliers\",\"potentialAction\":[{\"@type\":\"SearchAction\",\"target\":{\"@type\":\"EntryPoint\",\"urlTemplate\":\"https:\\\/\\\/thekitchencompany.be\\\/fr\\\/?s={search_term_string}\"},\"query-input\":{\"@type\":\"PropertyValueSpecification\",\"valueRequired\":true,\"valueName\":\"search_term_string\"}}],\"inLanguage\":\"fr-FR\"}]}<\/script>\n<!-- \/ Yoast SEO plugin. -->","yoast_head_json":{"title":"Buanderies et arri\u00e8re-cuisines | The Kitchen Company","description":"Historiquement sp\u00e9cialis\u00e9 dans la conception de cuisine, nous \u00e9largissons notre gamme aux buanderies et arri\u00e8re-cuisines. D\u00e9couvrez-en plus","robots":{"index":"index","follow":"follow","max-snippet":"max-snippet:-1","max-image-preview":"max-image-preview:large","max-video-preview":"max-video-preview:-1"},"canonical":"https:\/\/thekitchencompany.be\/fr\/services-via-un-promoteur\/amenagement-interieur\/buanderies-arriere-cuisines\/","og_locale":"fr_FR","og_type":"article","og_title":"Buanderies et arri\u00e8re-cuisines | The Kitchen Company","og_description":"Historiquement sp\u00e9cialis\u00e9 dans la conception de cuisine, nous \u00e9largissons notre gamme aux buanderies et arri\u00e8re-cuisines. D\u00e9couvrez-en plus","og_url":"https:\/\/thekitchencompany.be\/fr\/services-via-un-promoteur\/amenagement-interieur\/buanderies-arriere-cuisines\/","og_site_name":"The Kitchen Company","article_modified_time":"2024-01-12T13:18:11+00:00","og_image":[{"width":2560,"height":1833,"url":"https:\/\/thekitchencompany.be\/wp-content\/uploads\/2023\/09\/Buanderie_3-scaled.jpg","type":"image\/jpeg"}],"twitter_card":"summary_large_image","twitter_misc":{"Dur\u00e9e de lecture estim\u00e9e":"3 minutes"},"schema":{"@context":"https:\/\/schema.org","@graph":[{"@type":"WebPage","@id":"https:\/\/thekitchencompany.be\/fr\/services-via-un-promoteur\/amenagement-interieur\/buanderies-arriere-cuisines\/","url":"https:\/\/thekitchencompany.be\/fr\/services-via-un-promoteur\/amenagement-interieur\/buanderies-arriere-cuisines\/","name":"Buanderies et arri\u00e8re-cuisines | The Kitchen Company","isPartOf":{"@id":"https:\/\/thekitchencompany.be\/fr\/#website"},"primaryImageOfPage":{"@id":"https:\/\/thekitchencompany.be\/fr\/services-via-un-promoteur\/amenagement-interieur\/buanderies-arriere-cuisines\/#primaryimage"},"image":{"@id":"https:\/\/thekitchencompany.be\/fr\/services-via-un-promoteur\/amenagement-interieur\/buanderies-arriere-cuisines\/#primaryimage"},"thumbnailUrl":"https:\/\/thekitchencompany.be\/wp-content\/uploads\/2023\/09\/Buanderie_3-scaled.jpg","datePublished":"2023-05-15T08:51:32+00:00","dateModified":"2024-01-12T13:18:11+00:00","description":"Historiquement sp\u00e9cialis\u00e9 dans la conception de cuisine, nous \u00e9largissons notre gamme aux buanderies et arri\u00e8re-cuisines. D\u00e9couvrez-en plus","breadcrumb":{"@id":"https:\/\/thekitchencompany.be\/fr\/services-via-un-promoteur\/amenagement-interieur\/buanderies-arriere-cuisines\/#breadcrumb"},"inLanguage":"fr-FR","potentialAction":[{"@type":"ReadAction","target":["https:\/\/thekitchencompany.be\/fr\/services-via-un-promoteur\/amenagement-interieur\/buanderies-arriere-cuisines\/"]}]},{"@type":"ImageObject","inLanguage":"fr-FR","@id":"https:\/\/thekitchencompany.be\/fr\/services-via-un-promoteur\/amenagement-interieur\/buanderies-arriere-cuisines\/#primaryimage","url":"https:\/\/thekitchencompany.be\/wp-content\/uploads\/2023\/09\/Buanderie_3-scaled.jpg","contentUrl":"https:\/\/thekitchencompany.be\/wp-content\/uploads\/2023\/09\/Buanderie_3-scaled.jpg","width":2560,"height":1833,"caption":"Buanderie am\u00e9nagement rangement arri\u00e8re cuisine"},{"@type":"BreadcrumbList","@id":"https:\/\/thekitchencompany.be\/fr\/services-via-un-promoteur\/amenagement-interieur\/buanderies-arriere-cuisines\/#breadcrumb","itemListElement":[{"@type":"ListItem","position":1,"name":"Home","item":"https:\/\/thekitchencompany.be\/fr\/"},{"@type":"ListItem","position":2,"name":"The Kitchen Company: cuisinistes et architectes d&rsquo;int\u00e9rieur pour les acquisitions immobili\u00e8res","item":"https:\/\/thekitchencompany.be\/fr\/services-via-un-promoteur\/"},{"@type":"ListItem","position":3,"name":"Am\u00e9nagement d&rsquo;int\u00e9rieur","item":"https:\/\/thekitchencompany.be\/fr\/services-via-un-promoteur\/amenagement-interieur\/"},{"@type":"ListItem","position":4,"name":"Buanderie"}]},{"@type":"WebSite","@id":"https:\/\/thekitchencompany.be\/fr\/#website","url":"https:\/\/thekitchencompany.be\/fr\/","name":"The Kitchen Company","description":"Un service sur mesure pour les promoteurs immobiliers","potentialAction":[{"@type":"SearchAction","target":{"@type":"EntryPoint","urlTemplate":"https:\/\/thekitchencompany.be\/fr\/?s={search_term_string}"},"query-input":{"@type":"PropertyValueSpecification","valueRequired":true,"valueName":"search_term_string"}}],"inLanguage":"fr-FR"}]}},"_links":{"self":[{"href":"https:\/\/thekitchencompany.be\/fr\/wp-json\/wp\/v2\/pages\/2824","targetHints":{"allow":["GET"]}}],"collection":[{"href":"https:\/\/thekitchencompany.be\/fr\/wp-json\/wp\/v2\/pages"}],"about":[{"href":"https:\/\/thekitchencompany.be\/fr\/wp-json\/wp\/v2\/types\/page"}],"author":[{"embeddable":true,"href":"https:\/\/thekitchencompany.be\/fr\/wp-json\/wp\/v2\/users\/6"}],"replies":[{"embeddable":true,"href":"https:\/\/thekitchencompany.be\/fr\/wp-json\/wp\/v2\/comments?post=2824"}],"version-history":[{"count":1,"href":"https:\/\/thekitchencompany.be\/fr\/wp-json\/wp\/v2\/pages\/2824\/revisions"}],"predecessor-version":[{"id":6971,"href":"https:\/\/thekitchencompany.be\/fr\/wp-json\/wp\/v2\/pages\/2824\/revisions\/6971"}],"up":[{"embeddable":true,"href":"https:\/\/thekitchencompany.be\/fr\/wp-json\/wp\/v2\/pages\/2805"}],"wp:featuredmedia":[{"embeddable":true,"href":"https:\/\/thekitchencompany.be\/fr\/wp-json\/wp\/v2\/media\/4715"}],"wp:attachment":[{"href":"https:\/\/thekitchencompany.be\/fr\/wp-json\/wp\/v2\/media?parent=2824"}],"curies":[{"name":"wp","href":"https:\/\/api.w.org\/{rel}","templated":true}]}}