{"id":2832,"date":"2023-05-15T10:55:31","date_gmt":"2023-05-15T08:55:31","guid":{"rendered":"https:\/\/thekitchencompany.be\/?page_id=2832"},"modified":"2024-01-12T14:44:37","modified_gmt":"2024-01-12T13:44:37","slug":"bureaux","status":"publish","type":"page","link":"https:\/\/thekitchencompany.be\/fr\/services-via-un-promoteur\/amenagement-interieur\/bureaux\/","title":{"rendered":"Bureau"},"content":{"rendered":"\n<article class=\"wp-block-fidelo-image-text col-md-12\"><div class=\"row mediatext-wrap\" alignment=\"right\"><div class=\"col-md-6 bg\" theme=\"bg-3\">\n<h2 class=\"wp-block-heading\">Une harmonie vie priv\u00e9e &#8211; vie professionnelle<\/h2>\n\n\n\n<p>Travailler depuis son domicile est une tendance qui s&rsquo;est nettement renforc\u00e9e ces derni\u00e8res ann\u00e9es. Ce nouvel environnement de travail a fait \u00e9merger de nouveaux besoins. Nous pouvons sans conteste souligner l&rsquo;importance d&rsquo;avoir un espace bureau am\u00e9nag\u00e9 afin de pouvoir travailler confortablement.<\/p>\n\n\n\n<p>Comment pouvons-nous traduire cette n\u00e9cessit\u00e9 en solution d&rsquo;am\u00e9nagement ? Cette derni\u00e8re peut prendre plusieurs formes : un espace suffisament large pour y placer son ordinateur et quelques d\u00e9corations afin de se sentir \u00ab\u00a0\u00e0 la maison\u00a0\u00bb, des rangements en suffisance afin d&rsquo;y disposer des documents ou encore des prises et luminaires afin de ne jamais manquer de courant ou de luminosit\u00e9.<\/p>\n\n\n\n<p>Dor\u00e9navant, tous ces \u00e9l\u00e9ments sont disponibles et r\u00e9alisables chez The Kitchen Company. Nous vous accompagnerons dans votre projet afin de concevoir le coin bureau que vous m\u00e9ritez.<\/p>\n<\/div><div class=\"col-md-6 image\"><img decoding=\"async\" src=\"https:\/\/thekitchencompany.be\/wp-content\/uploads\/2023\/09\/bureau_teletravail-scaled.jpeg\"\/><\/div><\/div><\/article>\n\n\n\n<article class=\"wp-block-fidelo-image-text col-md-12\"><div class=\"row mediatext-wrap\" alignment=\"left\"><div class=\"col-md-6 bg\" theme=\"bg-2\">\n<h2 class=\"wp-block-heading\">Une \u00e9tendue de possibilit\u00e9s<\/h2>\n\n\n\n<p>Nous savons au combien qu&rsquo;un bureau intelligemment con\u00e7u et confortable fait la diff\u00e9rence au jour le jour. C&rsquo;est pour cela que nous avons d\u00e9velopp\u00e9 des gammes de meubles vari\u00e9s qui pourront r\u00e9pondre \u00e0 vos envies en termes <em>look and feel<\/em> mais \u00e9galement en termes d&rsquo;utilisation. Des couleurs plus sobres \u00e0 celles plus p\u00e9tantes, de l&rsquo;int\u00e9gration totale de votre bureau dans votre lieu de vie \u00e0 l&rsquo;am\u00e9nagement d&rsquo;une pi\u00e8ce compl\u00e8te, les possibilit\u00e9s offertent par nos nombreux produits r\u00e9pondront \u00e0 vos envies.<\/p>\n<\/div><div class=\"col-md-6 image\"><img decoding=\"async\" src=\"https:\/\/thekitchencompany.be\/wp-content\/uploads\/2023\/09\/bureau_rangement-scaled.jpeg\"\/><\/div><\/div><\/article>\n\n\n\n<article class=\"wp-block-fidelo-image-text col-md-12\"><div class=\"row mediatext-wrap\" alignment=\"right\"><div class=\"col-md-6 bg\" theme=\"bg-1\">\n<h2 class=\"wp-block-heading\">Ergonomie et maintien<\/h2>\n\n\n\n<p>L&rsquo;\u00e9rgonomie est un \u00e9l\u00e9ment de plus en plus discut\u00e9 et \u00e9tudi\u00e9 au sein des entreprises. D\u00e8s lors, il doit l&rsquo;\u00eatre \u00e9galement lorsque nous travaillons \u00e0 domicile. C&rsquo;est pour cela qu&rsquo;au-del\u00e0 du <em>design<\/em>, nous concevons nos projets en gardant \u00e0 l&rsquo;esprit la facilit\u00e9 d&rsquo;utilisation et l&rsquo;\u00e9rgonomie de votre nouvel espace de travail. Nos architectes d&rsquo;int\u00e9rieur prendront en compte vos mesures ainsi que vos besoins afin de vous proposer le bureau qui vous correspond.<\/p>\n\n\n\n<hr class=\"wp-block-separator has-alpha-channel-opacity\"\/>\n\n\n\n<p>Vous \u00eates \u00e0 la recherche d\u2019<strong>un partenaire&nbsp;<\/strong>de choix sp\u00e9cialis\u00e9 dans la conception de cuisine et l\u2019am\u00e9nagement d\u2019int\u00e9rieur pour votre acquisition immobili\u00e8re ? Prenez rendez-vous en ligne &nbsp;ou&nbsp;<a href=\"https:\/\/thekitchencompany.be\/fr\/services-via-un-promoteur\/a-propos-de-nous\/contact\/\">contactez-nous<\/a>&nbsp;via notre formulaire de contact.<\/p>\n\n\n\n<p>D\u00e9couvrez aussi&nbsp;:<\/p>\n\n\n\n<ul class=\"wp-block-list\">\n<li><a href=\"https:\/\/thekitchencompany.be\/fr\/services-via-un-promoteur\/amenagement-interieur\/buanderie-arriere-cuisi\/\">Nos buanderies<\/a><\/li>\n\n\n\n<li><a href=\"https:\/\/thekitchencompany.be\/fr\/services-via-un-promoteur\/amenagement-interieur\/meubles-tv\/\">Nos meubles TV<\/a><\/li>\n\n\n\n<li><a href=\"https:\/\/thekitchencompany.be\/fr\/services-via-un-promoteur\/amenagement-interieur\/placards-et-dressings\/\">Nos placards et dressings<\/a><\/li>\n\n\n\n<li><a href=\"https:\/\/thekitchencompany.be\/fr\/services-via-un-promoteur\/amenagement-interieur\/placards-et-dressings\/\">Nos salles de bains<\/a><\/li>\n\n\n\n<li><a href=\"https:\/\/thekitchencompany.be\/fr\/services-via-un-promoteur\/amenagement-interieur\/salle-a-manger\/\">Nos salles \u00e0 manger<\/a><\/li>\n<\/ul>\n<\/div><div class=\"col-md-6 image\"><img decoding=\"async\" src=\"https:\/\/thekitchencompany.be\/wp-content\/uploads\/2023\/09\/bureau_amenagement-scaled.jpeg\"\/><\/div><\/div><\/article>\n","protected":false},"excerpt":{"rendered":"","protected":false},"author":6,"featured_media":4986,"parent":2805,"menu_order":0,"comment_status":"closed","ping_status":"closed","template":"","meta":{"keyline":"Sp\u00e9cialistes de la conception de cuisines \u00e0 l\u2019origine depuis plus de 25 ans, nous avons \u00e9largi notre gamme \u00e0 l'am\u00e9nagement des bureaux et d'espaces de travail.","googlemap":"","footnotes":""},"class_list":["post-2832","page","type-page","status-publish","has-post-thumbnail","hentry"],"yoast_head":"<!-- This site is optimized with the Yoast SEO plugin v27.5 - https:\/\/yoast.com\/product\/yoast-seo-wordpress\/ -->\n<title>Bureaux | The Kitchen Company<\/title>\n<meta name=\"description\" content=\"L&#039;\u00e9quilibre vie priv\u00e9e-professionnelle est devenue centrale. Dans ce contexte, nous avons d\u00e9velopp\u00e9 notre offre de bureaux \u00e9rgonomiques\" \/>\n<meta name=\"robots\" content=\"index, follow, max-snippet:-1, max-image-preview:large, max-video-preview:-1\" \/>\n<link rel=\"canonical\" href=\"https:\/\/thekitchencompany.be\/fr\/services-via-un-promoteur\/amenagement-interieur\/bureaux\/\" \/>\n<meta property=\"og:locale\" content=\"fr_FR\" \/>\n<meta property=\"og:type\" content=\"article\" \/>\n<meta property=\"og:title\" content=\"Bureaux | The Kitchen Company\" \/>\n<meta property=\"og:description\" content=\"L&#039;\u00e9quilibre vie priv\u00e9e-professionnelle est devenue centrale. Dans ce contexte, nous avons d\u00e9velopp\u00e9 notre offre de bureaux \u00e9rgonomiques\" \/>\n<meta property=\"og:url\" content=\"https:\/\/thekitchencompany.be\/fr\/services-via-un-promoteur\/amenagement-interieur\/bureaux\/\" \/>\n<meta property=\"og:site_name\" content=\"The Kitchen Company\" \/>\n<meta property=\"article:modified_time\" content=\"2024-01-12T13:44:37+00:00\" \/>\n<meta property=\"og:image\" content=\"https:\/\/thekitchencompany.be\/wp-content\/uploads\/2023\/09\/bureau_etagere_bois-scaled.jpg\" \/>\n\t<meta property=\"og:image:width\" content=\"2560\" \/>\n\t<meta property=\"og:image:height\" content=\"1493\" \/>\n\t<meta property=\"og:image:type\" content=\"image\/jpeg\" \/>\n<meta name=\"twitter:card\" content=\"summary_large_image\" \/>\n<meta name=\"twitter:label1\" content=\"Dur\u00e9e de lecture estim\u00e9e\" \/>\n\t<meta name=\"twitter:data1\" content=\"3 minutes\" \/>\n<script type=\"application\/ld+json\" class=\"yoast-schema-graph\">{\"@context\":\"https:\\\/\\\/schema.org\",\"@graph\":[{\"@type\":\"WebPage\",\"@id\":\"https:\\\/\\\/thekitchencompany.be\\\/fr\\\/services-via-un-promoteur\\\/amenagement-interieur\\\/bureaux\\\/\",\"url\":\"https:\\\/\\\/thekitchencompany.be\\\/fr\\\/services-via-un-promoteur\\\/amenagement-interieur\\\/bureaux\\\/\",\"name\":\"Bureaux | The Kitchen Company\",\"isPartOf\":{\"@id\":\"https:\\\/\\\/thekitchencompany.be\\\/fr\\\/#website\"},\"primaryImageOfPage\":{\"@id\":\"https:\\\/\\\/thekitchencompany.be\\\/fr\\\/services-via-un-promoteur\\\/amenagement-interieur\\\/bureaux\\\/#primaryimage\"},\"image\":{\"@id\":\"https:\\\/\\\/thekitchencompany.be\\\/fr\\\/services-via-un-promoteur\\\/amenagement-interieur\\\/bureaux\\\/#primaryimage\"},\"thumbnailUrl\":\"https:\\\/\\\/thekitchencompany.be\\\/wp-content\\\/uploads\\\/2023\\\/09\\\/bureau_etagere_bois-scaled.jpg\",\"datePublished\":\"2023-05-15T08:55:31+00:00\",\"dateModified\":\"2024-01-12T13:44:37+00:00\",\"description\":\"L'\u00e9quilibre vie priv\u00e9e-professionnelle est devenue centrale. Dans ce contexte, nous avons d\u00e9velopp\u00e9 notre offre de bureaux \u00e9rgonomiques\",\"breadcrumb\":{\"@id\":\"https:\\\/\\\/thekitchencompany.be\\\/fr\\\/services-via-un-promoteur\\\/amenagement-interieur\\\/bureaux\\\/#breadcrumb\"},\"inLanguage\":\"fr-FR\",\"potentialAction\":[{\"@type\":\"ReadAction\",\"target\":[\"https:\\\/\\\/thekitchencompany.be\\\/fr\\\/services-via-un-promoteur\\\/amenagement-interieur\\\/bureaux\\\/\"]}]},{\"@type\":\"ImageObject\",\"inLanguage\":\"fr-FR\",\"@id\":\"https:\\\/\\\/thekitchencompany.be\\\/fr\\\/services-via-un-promoteur\\\/amenagement-interieur\\\/bureaux\\\/#primaryimage\",\"url\":\"https:\\\/\\\/thekitchencompany.be\\\/wp-content\\\/uploads\\\/2023\\\/09\\\/bureau_etagere_bois-scaled.jpg\",\"contentUrl\":\"https:\\\/\\\/thekitchencompany.be\\\/wp-content\\\/uploads\\\/2023\\\/09\\\/bureau_etagere_bois-scaled.jpg\",\"width\":2560,\"height\":1493,\"caption\":\"bureau avec rangement am\u00e9nagement d'int\u00e9rieur\"},{\"@type\":\"BreadcrumbList\",\"@id\":\"https:\\\/\\\/thekitchencompany.be\\\/fr\\\/services-via-un-promoteur\\\/amenagement-interieur\\\/bureaux\\\/#breadcrumb\",\"itemListElement\":[{\"@type\":\"ListItem\",\"position\":1,\"name\":\"Home\",\"item\":\"https:\\\/\\\/thekitchencompany.be\\\/fr\\\/\"},{\"@type\":\"ListItem\",\"position\":2,\"name\":\"The Kitchen Company: cuisinistes et architectes d&rsquo;int\u00e9rieur pour les acquisitions immobili\u00e8res\",\"item\":\"https:\\\/\\\/thekitchencompany.be\\\/fr\\\/services-via-un-promoteur\\\/\"},{\"@type\":\"ListItem\",\"position\":3,\"name\":\"Am\u00e9nagement d&rsquo;int\u00e9rieur\",\"item\":\"https:\\\/\\\/thekitchencompany.be\\\/fr\\\/services-via-un-promoteur\\\/amenagement-interieur\\\/\"},{\"@type\":\"ListItem\",\"position\":4,\"name\":\"Bureau\"}]},{\"@type\":\"WebSite\",\"@id\":\"https:\\\/\\\/thekitchencompany.be\\\/fr\\\/#website\",\"url\":\"https:\\\/\\\/thekitchencompany.be\\\/fr\\\/\",\"name\":\"The Kitchen Company\",\"description\":\"Un service sur mesure pour les promoteurs immobiliers\",\"potentialAction\":[{\"@type\":\"SearchAction\",\"target\":{\"@type\":\"EntryPoint\",\"urlTemplate\":\"https:\\\/\\\/thekitchencompany.be\\\/fr\\\/?s={search_term_string}\"},\"query-input\":{\"@type\":\"PropertyValueSpecification\",\"valueRequired\":true,\"valueName\":\"search_term_string\"}}],\"inLanguage\":\"fr-FR\"}]}<\/script>\n<!-- \/ Yoast SEO plugin. -->","yoast_head_json":{"title":"Bureaux | The Kitchen Company","description":"L'\u00e9quilibre vie priv\u00e9e-professionnelle est devenue centrale. Dans ce contexte, nous avons d\u00e9velopp\u00e9 notre offre de bureaux \u00e9rgonomiques","robots":{"index":"index","follow":"follow","max-snippet":"max-snippet:-1","max-image-preview":"max-image-preview:large","max-video-preview":"max-video-preview:-1"},"canonical":"https:\/\/thekitchencompany.be\/fr\/services-via-un-promoteur\/amenagement-interieur\/bureaux\/","og_locale":"fr_FR","og_type":"article","og_title":"Bureaux | The Kitchen Company","og_description":"L'\u00e9quilibre vie priv\u00e9e-professionnelle est devenue centrale. Dans ce contexte, nous avons d\u00e9velopp\u00e9 notre offre de bureaux \u00e9rgonomiques","og_url":"https:\/\/thekitchencompany.be\/fr\/services-via-un-promoteur\/amenagement-interieur\/bureaux\/","og_site_name":"The Kitchen Company","article_modified_time":"2024-01-12T13:44:37+00:00","og_image":[{"width":2560,"height":1493,"url":"https:\/\/thekitchencompany.be\/wp-content\/uploads\/2023\/09\/bureau_etagere_bois-scaled.jpg","type":"image\/jpeg"}],"twitter_card":"summary_large_image","twitter_misc":{"Dur\u00e9e de lecture estim\u00e9e":"3 minutes"},"schema":{"@context":"https:\/\/schema.org","@graph":[{"@type":"WebPage","@id":"https:\/\/thekitchencompany.be\/fr\/services-via-un-promoteur\/amenagement-interieur\/bureaux\/","url":"https:\/\/thekitchencompany.be\/fr\/services-via-un-promoteur\/amenagement-interieur\/bureaux\/","name":"Bureaux | The Kitchen Company","isPartOf":{"@id":"https:\/\/thekitchencompany.be\/fr\/#website"},"primaryImageOfPage":{"@id":"https:\/\/thekitchencompany.be\/fr\/services-via-un-promoteur\/amenagement-interieur\/bureaux\/#primaryimage"},"image":{"@id":"https:\/\/thekitchencompany.be\/fr\/services-via-un-promoteur\/amenagement-interieur\/bureaux\/#primaryimage"},"thumbnailUrl":"https:\/\/thekitchencompany.be\/wp-content\/uploads\/2023\/09\/bureau_etagere_bois-scaled.jpg","datePublished":"2023-05-15T08:55:31+00:00","dateModified":"2024-01-12T13:44:37+00:00","description":"L'\u00e9quilibre vie priv\u00e9e-professionnelle est devenue centrale. Dans ce contexte, nous avons d\u00e9velopp\u00e9 notre offre de bureaux \u00e9rgonomiques","breadcrumb":{"@id":"https:\/\/thekitchencompany.be\/fr\/services-via-un-promoteur\/amenagement-interieur\/bureaux\/#breadcrumb"},"inLanguage":"fr-FR","potentialAction":[{"@type":"ReadAction","target":["https:\/\/thekitchencompany.be\/fr\/services-via-un-promoteur\/amenagement-interieur\/bureaux\/"]}]},{"@type":"ImageObject","inLanguage":"fr-FR","@id":"https:\/\/thekitchencompany.be\/fr\/services-via-un-promoteur\/amenagement-interieur\/bureaux\/#primaryimage","url":"https:\/\/thekitchencompany.be\/wp-content\/uploads\/2023\/09\/bureau_etagere_bois-scaled.jpg","contentUrl":"https:\/\/thekitchencompany.be\/wp-content\/uploads\/2023\/09\/bureau_etagere_bois-scaled.jpg","width":2560,"height":1493,"caption":"bureau avec rangement am\u00e9nagement d'int\u00e9rieur"},{"@type":"BreadcrumbList","@id":"https:\/\/thekitchencompany.be\/fr\/services-via-un-promoteur\/amenagement-interieur\/bureaux\/#breadcrumb","itemListElement":[{"@type":"ListItem","position":1,"name":"Home","item":"https:\/\/thekitchencompany.be\/fr\/"},{"@type":"ListItem","position":2,"name":"The Kitchen Company: cuisinistes et architectes d&rsquo;int\u00e9rieur pour les acquisitions immobili\u00e8res","item":"https:\/\/thekitchencompany.be\/fr\/services-via-un-promoteur\/"},{"@type":"ListItem","position":3,"name":"Am\u00e9nagement d&rsquo;int\u00e9rieur","item":"https:\/\/thekitchencompany.be\/fr\/services-via-un-promoteur\/amenagement-interieur\/"},{"@type":"ListItem","position":4,"name":"Bureau"}]},{"@type":"WebSite","@id":"https:\/\/thekitchencompany.be\/fr\/#website","url":"https:\/\/thekitchencompany.be\/fr\/","name":"The Kitchen Company","description":"Un service sur mesure pour les promoteurs immobiliers","potentialAction":[{"@type":"SearchAction","target":{"@type":"EntryPoint","urlTemplate":"https:\/\/thekitchencompany.be\/fr\/?s={search_term_string}"},"query-input":{"@type":"PropertyValueSpecification","valueRequired":true,"valueName":"search_term_string"}}],"inLanguage":"fr-FR"}]}},"_links":{"self":[{"href":"https:\/\/thekitchencompany.be\/fr\/wp-json\/wp\/v2\/pages\/2832","targetHints":{"allow":["GET"]}}],"collection":[{"href":"https:\/\/thekitchencompany.be\/fr\/wp-json\/wp\/v2\/pages"}],"about":[{"href":"https:\/\/thekitchencompany.be\/fr\/wp-json\/wp\/v2\/types\/page"}],"author":[{"embeddable":true,"href":"https:\/\/thekitchencompany.be\/fr\/wp-json\/wp\/v2\/users\/6"}],"replies":[{"embeddable":true,"href":"https:\/\/thekitchencompany.be\/fr\/wp-json\/wp\/v2\/comments?post=2832"}],"version-history":[{"count":2,"href":"https:\/\/thekitchencompany.be\/fr\/wp-json\/wp\/v2\/pages\/2832\/revisions"}],"predecessor-version":[{"id":6982,"href":"https:\/\/thekitchencompany.be\/fr\/wp-json\/wp\/v2\/pages\/2832\/revisions\/6982"}],"up":[{"embeddable":true,"href":"https:\/\/thekitchencompany.be\/fr\/wp-json\/wp\/v2\/pages\/2805"}],"wp:featuredmedia":[{"embeddable":true,"href":"https:\/\/thekitchencompany.be\/fr\/wp-json\/wp\/v2\/media\/4986"}],"wp:attachment":[{"href":"https:\/\/thekitchencompany.be\/fr\/wp-json\/wp\/v2\/media?parent=2832"}],"curies":[{"name":"wp","href":"https:\/\/api.w.org\/{rel}","templated":true}]}}