{"id":2875,"date":"2023-05-15T11:15:37","date_gmt":"2023-05-15T09:15:37","guid":{"rendered":"https:\/\/thekitchencompany.be\/?page_id=2875"},"modified":"2024-01-12T14:18:47","modified_gmt":"2024-01-12T13:18:47","slug":"salle-a-manger","status":"publish","type":"page","link":"https:\/\/thekitchencompany.be\/fr\/services-via-un-promoteur\/amenagement-interieur\/salle-a-manger\/","title":{"rendered":"Salle \u00e0 manger"},"content":{"rendered":"\n<article class=\"wp-block-fidelo-image-text col-md-12\"><div class=\"row mediatext-wrap\" alignment=\"right\"><div class=\"col-md-6 bg\" theme=\"bg-3\">\n<h2 class=\"wp-block-heading\">Convivialit\u00e9 et rangement<\/h2>\n\n\n\n<p>Parmi les hauts lieux de la convivialit\u00e9 au sein d&rsquo;un logement, il y a la salle \u00e0 manger. Que cela soit l&rsquo;organisation d&rsquo;un bon repas ou simplement se retrouver autour d&rsquo;une table pour discuter, cet espace permet de cr\u00e9er de nombreux souvenirs.<\/p>\n\n\n\n<p>La salle \u00e0 manger prolonge naturelement la cuisine. Cette derni\u00e8re est m\u00eame parfois ouverte sur la pi\u00e8ce o\u00f9 vous vous poserez pour prendre vos repas. Avec cette id\u00e9e en t\u00eate, nous avons con\u00e7u des meubles assortis de nombreuses finitions pour vous permettre d&rsquo;harmoniser ces deux pi\u00e8ces dans les tons qui vous plaisent. Que vous souhaitez faire des rappels ou marquer une cassure de style, nous pourrons r\u00e9pondre \u00e0 vos envies.<\/p>\n\n\n\n<p>Nous avons \u00e9galement pens\u00e9 aux espaces plus exigus. Gr\u00e2ce \u00e0 de belles solutions de rangement, le manque d\u2019espace n&rsquo;est plus un frein \u00e0 l&rsquo;am\u00e9nagement d&rsquo;int\u00e9rieur. Vous souhaitez un grand buffet, mais vous n\u2019avez pas la place n\u00e9cessaire ? Nous avons des meubles qui privil\u00e9gient la hauteur \u00e0 la profondeur.<\/p>\n<\/div><div class=\"col-md-6 image\"><img decoding=\"async\" src=\"https:\/\/thekitchencompany.be\/wp-content\/uploads\/2023\/09\/salle_a_manger_suspendus_blanc-scaled.jpeg\"\/><\/div><\/div><\/article>\n\n\n\n<article class=\"wp-block-fidelo-image-text col-md-12\"><div class=\"row mediatext-wrap\" alignment=\"left\"><div class=\"col-md-6 bg\" theme=\"bg-2\">\n<h2 class=\"wp-block-heading\">Accessoires et verticalit\u00e9<\/h2>\n\n\n\n<p>Les meubles d&rsquo;antan avaient tendance \u00e0 troquer les espaces de rangement contre l&rsquo;harmonie et la l\u00e9geret\u00e9 de votre salle \u00e0 manger. Afin de ne pas allourdir votre pi\u00e8ce, nous vous proposons diff\u00e9rents accessoires qui compl\u00e8teront vos meubles. Nos architectes d&rsquo;int\u00e9rieur concevrons et vous pr\u00e9senterons des solutions a\u00e9r\u00e9es et pratiques afin de maximiser vos espaces de rangement tout en conservant la l\u00e9g\u00e9ret\u00e9 de votre salle \u00e0 manger.<\/p>\n<\/div><div class=\"col-md-6 image\"><img decoding=\"async\" src=\"https:\/\/thekitchencompany.be\/wp-content\/uploads\/2023\/09\/amenagement_interieur_salle_manger_suspendu_bois-scaled.jpg\"\/><\/div><\/div><\/article>\n\n\n\n<article class=\"wp-block-fidelo-image-text col-md-12\"><div class=\"row mediatext-wrap\" alignment=\"right\"><div class=\"col-md-6 bg\" theme=\"bg-1\">\n<h2 class=\"wp-block-heading\">Osez les compositions<\/h2>\n\n\n\n<p>Tout comme pour nos <a href=\"https:\/\/thekitchencompany.be\/fr\/services-via-un-promoteur\/cuisines-sur-mesure\/\">cuisines<\/a>, nous avons s\u00e9lectionn\u00e9 les fa\u00e7ades, meubles et coloris qui vous offrent d\u2019infinies possibilit\u00e9s. Que vous souhaitiez un style plus rustique, contemporain ou nordique, nous vous pr\u00e9senterons des compositions qui donneront une aura suppl\u00e9mentaire \u00e0 votre salle \u00e0 manger.<\/p>\n\n\n\n<hr class=\"wp-block-separator has-alpha-channel-opacity\"\/>\n\n\n\n<p>Vous \u00eates \u00e0 la recherche d&rsquo;<strong>un partenaire <\/strong>de choix sp\u00e9cialis\u00e9 dans la conception de cuisine et l&rsquo;am\u00e9nagement d&rsquo;int\u00e9rieur pour votre acquisition immobili\u00e8re ? Prenez rendez-vous en ligne &nbsp;ou <a href=\"https:\/\/thekitchencompany.be\/fr\/services-via-un-promoteur\/a-propos-de-nous\/contact\/\"><u>contactez-nous<\/u><\/a> via notre formulaire de contact.<\/p>\n\n\n\n<p>D\u00e9couvrez aussi&nbsp;:<\/p>\n\n\n\n<ul class=\"wp-block-list\">\n<li><a href=\"https:\/\/thekitchencompany.be\/fr\/services-via-un-promoteur\/amenagement-interieur\/buanderie-arriere-cuisi\/\">Nos buanderies<\/a><\/li>\n\n\n\n<li><a href=\"https:\/\/thekitchencompany.be\/fr\/services-via-un-promoteur\/amenagement-interieur\/bureau\/\">Nos bureaux<\/a><\/li>\n\n\n\n<li><a href=\"https:\/\/thekitchencompany.be\/fr\/services-via-un-promoteur\/amenagement-interieur\/meubles-tv\/\">Nos meubles TV<\/a><\/li>\n\n\n\n<li><a href=\"https:\/\/thekitchencompany.be\/fr\/services-via-un-promoteur\/amenagement-interieur\/placards-et-dressings\/\">Nos placards et dressings<\/a><\/li>\n\n\n\n<li><a href=\"https:\/\/thekitchencompany.be\/fr\/services-via-un-promoteur\/amenagement-interieur\/salle-de-bain\/\">Nos salles de bains<\/a><\/li>\n<\/ul>\n<\/div><div class=\"col-md-6 image\"><img decoding=\"async\" src=\"https:\/\/thekitchencompany.be\/wp-content\/uploads\/2023\/09\/salle_a_manger_colonnes_pierre-scaled.jpeg\"\/><\/div><\/div><\/article>\n","protected":false},"excerpt":{"rendered":"","protected":false},"author":6,"featured_media":5169,"parent":2805,"menu_order":0,"comment_status":"closed","ping_status":"closed","template":"","meta":{"keyline":"Sp\u00e9cialistes de la conception de cuisines \u00e0 l\u2019origine depuis plus de 25 ans, nous avons \u00e9largi notre gamme \u00e0 l'am\u00e9nagement de salles \u00e0 manger.","googlemap":"","footnotes":""},"class_list":["post-2875","page","type-page","status-publish","has-post-thumbnail","hentry"],"yoast_head":"<!-- This site is optimized with the Yoast SEO plugin v27.4 - https:\/\/yoast.com\/product\/yoast-seo-wordpress\/ -->\n<title>Salle \u00e0 manger | The Kitchen Company<\/title>\n<meta name=\"description\" content=\"Nous avons d\u00e9velopp\u00e9 une gamme compl\u00e8te de meubles pour salle \u00e0 manger afin combiner espace de rangement et style\" \/>\n<meta name=\"robots\" content=\"index, follow, max-snippet:-1, max-image-preview:large, max-video-preview:-1\" \/>\n<link rel=\"canonical\" href=\"https:\/\/thekitchencompany.be\/fr\/services-via-un-promoteur\/amenagement-interieur\/salle-a-manger\/\" \/>\n<meta property=\"og:locale\" content=\"fr_FR\" \/>\n<meta property=\"og:type\" content=\"article\" \/>\n<meta property=\"og:title\" content=\"Salle \u00e0 manger | The Kitchen Company\" \/>\n<meta property=\"og:description\" content=\"Nous avons d\u00e9velopp\u00e9 une gamme compl\u00e8te de meubles pour salle \u00e0 manger afin combiner espace de rangement et style\" \/>\n<meta property=\"og:url\" content=\"https:\/\/thekitchencompany.be\/fr\/services-via-un-promoteur\/amenagement-interieur\/salle-a-manger\/\" \/>\n<meta property=\"og:site_name\" content=\"The Kitchen Company\" \/>\n<meta property=\"article:modified_time\" content=\"2024-01-12T13:18:47+00:00\" \/>\n<meta property=\"og:image\" content=\"https:\/\/thekitchencompany.be\/wp-content\/uploads\/2023\/09\/salle_a_manger_accessoire_noir_gris-scaled.jpeg\" \/>\n\t<meta property=\"og:image:width\" content=\"2560\" \/>\n\t<meta property=\"og:image:height\" content=\"1810\" \/>\n\t<meta property=\"og:image:type\" content=\"image\/jpeg\" \/>\n<meta name=\"twitter:card\" content=\"summary_large_image\" \/>\n<meta name=\"twitter:label1\" content=\"Dur\u00e9e de lecture estim\u00e9e\" \/>\n\t<meta name=\"twitter:data1\" content=\"3 minutes\" \/>\n<script type=\"application\/ld+json\" class=\"yoast-schema-graph\">{\"@context\":\"https:\\\/\\\/schema.org\",\"@graph\":[{\"@type\":\"WebPage\",\"@id\":\"https:\\\/\\\/thekitchencompany.be\\\/fr\\\/services-via-un-promoteur\\\/amenagement-interieur\\\/salle-a-manger\\\/\",\"url\":\"https:\\\/\\\/thekitchencompany.be\\\/fr\\\/services-via-un-promoteur\\\/amenagement-interieur\\\/salle-a-manger\\\/\",\"name\":\"Salle \u00e0 manger | The Kitchen Company\",\"isPartOf\":{\"@id\":\"https:\\\/\\\/thekitchencompany.be\\\/fr\\\/#website\"},\"primaryImageOfPage\":{\"@id\":\"https:\\\/\\\/thekitchencompany.be\\\/fr\\\/services-via-un-promoteur\\\/amenagement-interieur\\\/salle-a-manger\\\/#primaryimage\"},\"image\":{\"@id\":\"https:\\\/\\\/thekitchencompany.be\\\/fr\\\/services-via-un-promoteur\\\/amenagement-interieur\\\/salle-a-manger\\\/#primaryimage\"},\"thumbnailUrl\":\"https:\\\/\\\/thekitchencompany.be\\\/wp-content\\\/uploads\\\/2023\\\/09\\\/salle_a_manger_accessoire_noir_gris-scaled.jpeg\",\"datePublished\":\"2023-05-15T09:15:37+00:00\",\"dateModified\":\"2024-01-12T13:18:47+00:00\",\"description\":\"Nous avons d\u00e9velopp\u00e9 une gamme compl\u00e8te de meubles pour salle \u00e0 manger afin combiner espace de rangement et style\",\"breadcrumb\":{\"@id\":\"https:\\\/\\\/thekitchencompany.be\\\/fr\\\/services-via-un-promoteur\\\/amenagement-interieur\\\/salle-a-manger\\\/#breadcrumb\"},\"inLanguage\":\"fr-FR\",\"potentialAction\":[{\"@type\":\"ReadAction\",\"target\":[\"https:\\\/\\\/thekitchencompany.be\\\/fr\\\/services-via-un-promoteur\\\/amenagement-interieur\\\/salle-a-manger\\\/\"]}]},{\"@type\":\"ImageObject\",\"inLanguage\":\"fr-FR\",\"@id\":\"https:\\\/\\\/thekitchencompany.be\\\/fr\\\/services-via-un-promoteur\\\/amenagement-interieur\\\/salle-a-manger\\\/#primaryimage\",\"url\":\"https:\\\/\\\/thekitchencompany.be\\\/wp-content\\\/uploads\\\/2023\\\/09\\\/salle_a_manger_accessoire_noir_gris-scaled.jpeg\",\"contentUrl\":\"https:\\\/\\\/thekitchencompany.be\\\/wp-content\\\/uploads\\\/2023\\\/09\\\/salle_a_manger_accessoire_noir_gris-scaled.jpeg\",\"width\":2560,\"height\":1810,\"caption\":\"am\u00e9nagement salle \u00e0 manger meubles suspendus noirs gris \u00e9tag\u00e8res\"},{\"@type\":\"BreadcrumbList\",\"@id\":\"https:\\\/\\\/thekitchencompany.be\\\/fr\\\/services-via-un-promoteur\\\/amenagement-interieur\\\/salle-a-manger\\\/#breadcrumb\",\"itemListElement\":[{\"@type\":\"ListItem\",\"position\":1,\"name\":\"Home\",\"item\":\"https:\\\/\\\/thekitchencompany.be\\\/fr\\\/\"},{\"@type\":\"ListItem\",\"position\":2,\"name\":\"The Kitchen Company: cuisinistes et architectes d&rsquo;int\u00e9rieur pour les acquisitions immobili\u00e8res\",\"item\":\"https:\\\/\\\/thekitchencompany.be\\\/fr\\\/services-via-un-promoteur\\\/\"},{\"@type\":\"ListItem\",\"position\":3,\"name\":\"Am\u00e9nagement d&rsquo;int\u00e9rieur\",\"item\":\"https:\\\/\\\/thekitchencompany.be\\\/fr\\\/services-via-un-promoteur\\\/amenagement-interieur\\\/\"},{\"@type\":\"ListItem\",\"position\":4,\"name\":\"Salle \u00e0 manger\"}]},{\"@type\":\"WebSite\",\"@id\":\"https:\\\/\\\/thekitchencompany.be\\\/fr\\\/#website\",\"url\":\"https:\\\/\\\/thekitchencompany.be\\\/fr\\\/\",\"name\":\"The Kitchen Company\",\"description\":\"Un service sur mesure pour les promoteurs immobiliers\",\"potentialAction\":[{\"@type\":\"SearchAction\",\"target\":{\"@type\":\"EntryPoint\",\"urlTemplate\":\"https:\\\/\\\/thekitchencompany.be\\\/fr\\\/?s={search_term_string}\"},\"query-input\":{\"@type\":\"PropertyValueSpecification\",\"valueRequired\":true,\"valueName\":\"search_term_string\"}}],\"inLanguage\":\"fr-FR\"}]}<\/script>\n<!-- \/ Yoast SEO plugin. -->","yoast_head_json":{"title":"Salle \u00e0 manger | The Kitchen Company","description":"Nous avons d\u00e9velopp\u00e9 une gamme compl\u00e8te de meubles pour salle \u00e0 manger afin combiner espace de rangement et style","robots":{"index":"index","follow":"follow","max-snippet":"max-snippet:-1","max-image-preview":"max-image-preview:large","max-video-preview":"max-video-preview:-1"},"canonical":"https:\/\/thekitchencompany.be\/fr\/services-via-un-promoteur\/amenagement-interieur\/salle-a-manger\/","og_locale":"fr_FR","og_type":"article","og_title":"Salle \u00e0 manger | The Kitchen Company","og_description":"Nous avons d\u00e9velopp\u00e9 une gamme compl\u00e8te de meubles pour salle \u00e0 manger afin combiner espace de rangement et style","og_url":"https:\/\/thekitchencompany.be\/fr\/services-via-un-promoteur\/amenagement-interieur\/salle-a-manger\/","og_site_name":"The Kitchen Company","article_modified_time":"2024-01-12T13:18:47+00:00","og_image":[{"width":2560,"height":1810,"url":"https:\/\/thekitchencompany.be\/wp-content\/uploads\/2023\/09\/salle_a_manger_accessoire_noir_gris-scaled.jpeg","type":"image\/jpeg"}],"twitter_card":"summary_large_image","twitter_misc":{"Dur\u00e9e de lecture estim\u00e9e":"3 minutes"},"schema":{"@context":"https:\/\/schema.org","@graph":[{"@type":"WebPage","@id":"https:\/\/thekitchencompany.be\/fr\/services-via-un-promoteur\/amenagement-interieur\/salle-a-manger\/","url":"https:\/\/thekitchencompany.be\/fr\/services-via-un-promoteur\/amenagement-interieur\/salle-a-manger\/","name":"Salle \u00e0 manger | The Kitchen Company","isPartOf":{"@id":"https:\/\/thekitchencompany.be\/fr\/#website"},"primaryImageOfPage":{"@id":"https:\/\/thekitchencompany.be\/fr\/services-via-un-promoteur\/amenagement-interieur\/salle-a-manger\/#primaryimage"},"image":{"@id":"https:\/\/thekitchencompany.be\/fr\/services-via-un-promoteur\/amenagement-interieur\/salle-a-manger\/#primaryimage"},"thumbnailUrl":"https:\/\/thekitchencompany.be\/wp-content\/uploads\/2023\/09\/salle_a_manger_accessoire_noir_gris-scaled.jpeg","datePublished":"2023-05-15T09:15:37+00:00","dateModified":"2024-01-12T13:18:47+00:00","description":"Nous avons d\u00e9velopp\u00e9 une gamme compl\u00e8te de meubles pour salle \u00e0 manger afin combiner espace de rangement et style","breadcrumb":{"@id":"https:\/\/thekitchencompany.be\/fr\/services-via-un-promoteur\/amenagement-interieur\/salle-a-manger\/#breadcrumb"},"inLanguage":"fr-FR","potentialAction":[{"@type":"ReadAction","target":["https:\/\/thekitchencompany.be\/fr\/services-via-un-promoteur\/amenagement-interieur\/salle-a-manger\/"]}]},{"@type":"ImageObject","inLanguage":"fr-FR","@id":"https:\/\/thekitchencompany.be\/fr\/services-via-un-promoteur\/amenagement-interieur\/salle-a-manger\/#primaryimage","url":"https:\/\/thekitchencompany.be\/wp-content\/uploads\/2023\/09\/salle_a_manger_accessoire_noir_gris-scaled.jpeg","contentUrl":"https:\/\/thekitchencompany.be\/wp-content\/uploads\/2023\/09\/salle_a_manger_accessoire_noir_gris-scaled.jpeg","width":2560,"height":1810,"caption":"am\u00e9nagement salle \u00e0 manger meubles suspendus noirs gris \u00e9tag\u00e8res"},{"@type":"BreadcrumbList","@id":"https:\/\/thekitchencompany.be\/fr\/services-via-un-promoteur\/amenagement-interieur\/salle-a-manger\/#breadcrumb","itemListElement":[{"@type":"ListItem","position":1,"name":"Home","item":"https:\/\/thekitchencompany.be\/fr\/"},{"@type":"ListItem","position":2,"name":"The Kitchen Company: cuisinistes et architectes d&rsquo;int\u00e9rieur pour les acquisitions immobili\u00e8res","item":"https:\/\/thekitchencompany.be\/fr\/services-via-un-promoteur\/"},{"@type":"ListItem","position":3,"name":"Am\u00e9nagement d&rsquo;int\u00e9rieur","item":"https:\/\/thekitchencompany.be\/fr\/services-via-un-promoteur\/amenagement-interieur\/"},{"@type":"ListItem","position":4,"name":"Salle \u00e0 manger"}]},{"@type":"WebSite","@id":"https:\/\/thekitchencompany.be\/fr\/#website","url":"https:\/\/thekitchencompany.be\/fr\/","name":"The Kitchen Company","description":"Un service sur mesure pour les promoteurs immobiliers","potentialAction":[{"@type":"SearchAction","target":{"@type":"EntryPoint","urlTemplate":"https:\/\/thekitchencompany.be\/fr\/?s={search_term_string}"},"query-input":{"@type":"PropertyValueSpecification","valueRequired":true,"valueName":"search_term_string"}}],"inLanguage":"fr-FR"}]}},"_links":{"self":[{"href":"https:\/\/thekitchencompany.be\/fr\/wp-json\/wp\/v2\/pages\/2875","targetHints":{"allow":["GET"]}}],"collection":[{"href":"https:\/\/thekitchencompany.be\/fr\/wp-json\/wp\/v2\/pages"}],"about":[{"href":"https:\/\/thekitchencompany.be\/fr\/wp-json\/wp\/v2\/types\/page"}],"author":[{"embeddable":true,"href":"https:\/\/thekitchencompany.be\/fr\/wp-json\/wp\/v2\/users\/6"}],"replies":[{"embeddable":true,"href":"https:\/\/thekitchencompany.be\/fr\/wp-json\/wp\/v2\/comments?post=2875"}],"version-history":[{"count":1,"href":"https:\/\/thekitchencompany.be\/fr\/wp-json\/wp\/v2\/pages\/2875\/revisions"}],"predecessor-version":[{"id":6975,"href":"https:\/\/thekitchencompany.be\/fr\/wp-json\/wp\/v2\/pages\/2875\/revisions\/6975"}],"up":[{"embeddable":true,"href":"https:\/\/thekitchencompany.be\/fr\/wp-json\/wp\/v2\/pages\/2805"}],"wp:featuredmedia":[{"embeddable":true,"href":"https:\/\/thekitchencompany.be\/fr\/wp-json\/wp\/v2\/media\/5169"}],"wp:attachment":[{"href":"https:\/\/thekitchencompany.be\/fr\/wp-json\/wp\/v2\/media?parent=2875"}],"curies":[{"name":"wp","href":"https:\/\/api.w.org\/{rel}","templated":true}]}}