{"id":2882,"date":"2023-05-15T11:17:14","date_gmt":"2023-05-15T09:17:14","guid":{"rendered":"https:\/\/thekitchencompany.be\/?page_id=2882"},"modified":"2023-11-06T16:42:22","modified_gmt":"2023-11-06T15:42:22","slug":"salle-de-bain","status":"publish","type":"page","link":"https:\/\/thekitchencompany.be\/fr\/services-via-un-promoteur\/amenagement-interieur\/salle-de-bain\/","title":{"rendered":"Salle de bain"},"content":{"rendered":"\n<article class=\"wp-block-fidelo-image-text col-md-12\"><div class=\"row mediatext-wrap\" alignment=\"right\"><div class=\"col-md-6 bg\" theme=\"bg-3\">\n<h2 class=\"wp-block-heading\">Espace de d\u00e9tente<\/h2>\n\n\n\n<p>Tout comme la <a href=\"https:\/\/thekitchencompany.be\/fr\/cuisines\/\">cuisine<\/a>, la salle de bain est un lieu o\u00f9 le go\u00fbt et l&rsquo;\u00e9l\u00e9gance priment. Elle r\u00e9pond \u00e0 des besoins particuliers car elle invite \u00e0 la d\u00e9tente, au soin de soi et \u00e0 l&rsquo;\u00e9vasion du quotidien. Afin que ce lieu corresponde pleinement \u00e0 votre id\u00e9e de la d\u00e9tente, nous avons d\u00e9velopp\u00e9 une large gamme de meubles inspir\u00e9s par les tendances actuelles.<\/p>\n\n\n\n<p>L\u00a0\u00bbaspect bois chaud, b\u00e9ton moderne, les surfaces brillantes ou mates, sont autant de combinaisons qu&rsquo;il est possible d&rsquo;envisager avec nos architectes d&rsquo;int\u00e9rieur. Ils d\u00e9velopperont et proposeront des solutions qui r\u00e9pondront \u00e0 vos attentes.<\/p>\n<\/div><div class=\"col-md-6 image\"><img decoding=\"async\" src=\"https:\/\/thekitchencompany.be\/wp-content\/uploads\/2023\/09\/salle_de_bain_meuble_gris_blanc-scaled.jpeg\"\/><\/div><\/div><\/article>\n\n\n\n<article class=\"wp-block-fidelo-image-text col-md-12\"><div class=\"row mediatext-wrap\" alignment=\"left\"><div class=\"col-md-6 bg\" theme=\"bg-2\">\n<h2 class=\"wp-block-heading\">Id\u00e9al pour tous les espaces<\/h2>\n\n\n\n<p>En fonction de votre projet, nous optimiserons votre espace au maximum. Pour ce faire, nous avons d\u00e9velopp\u00e9 une gamme de meubles de salle de bain r\u00e9pondant \u00e0 de nombreux besoins. En effet, nous pouvons concevoir une solution pour toutes les surfaces. De la petite pi\u00e8ce d&rsquo;eau avec un meuble pratique et une vasque jusqu&rsquo;\u00e0 la salle de bain plus imposante avec des meubles suspendues, vous pourrez insufler pleinement l&rsquo;atmosph\u00e8re de vos r\u00eaves. <\/p>\n<\/div><div class=\"col-md-6 image\"><img decoding=\"async\" src=\"https:\/\/thekitchencompany.be\/wp-content\/uploads\/2023\/09\/meubles_WC_bleus-scaled.jpeg\"\/><\/div><\/div><\/article>\n\n\n\n<article class=\"wp-block-fidelo-image-text col-md-12\"><div class=\"row mediatext-wrap\" alignment=\"right\"><div class=\"col-md-6 bg\" theme=\"bg-1\">\n<h2 class=\"wp-block-heading\">Osez la couleur<\/h2>\n\n\n\n<p>Le blanc et le noir sont et seront toujours des couleurs efficaces qui plairont au plus grand nombre. Cependant nous avons fait le choix de vous proposer \u00e9galement des couleurs plus contemporaines qui sortent de l&rsquo;imaginaire des salles de bain et qui vous permettront de personnaliser toujours un peu plus votre espace.<\/p>\n\n\n\n<hr class=\"wp-block-separator has-alpha-channel-opacity\"\/>\n\n\n\n<p>Vous \u00eates \u00e0 la recherche d\u2019<strong>un partenaire&nbsp;<\/strong>de choix sp\u00e9cialis\u00e9 dans la conception de cuisine et l\u2019am\u00e9nagement d\u2019int\u00e9rieur pour votre acquisition immobili\u00e8re ? Prenez rendez-vous en ligne &nbsp;ou&nbsp;<a href=\"https:\/\/thekitchencompany.be\/fr\/services-via-un-promoteur\/a-propos-de-nous\/contact\/\">contactez-nous<\/a>&nbsp;via notre formulaire de contact.<\/p>\n\n\n\n<p>D\u00e9couvrez aussi&nbsp;:<\/p>\n\n\n\n<ul class=\"wp-block-list\">\n<li><a href=\"https:\/\/thekitchencompany.be\/fr\/services-via-un-promoteur\/amenagement-interieur\/buanderie-arriere-cuisi\/\">Nos buanderies<\/a><\/li>\n\n\n\n<li><a href=\"https:\/\/thekitchencompany.be\/fr\/services-via-un-promoteur\/amenagement-interieur\/bureau\/\">Nos bureaux<\/a><\/li>\n\n\n\n<li><a href=\"https:\/\/thekitchencompany.be\/fr\/services-via-un-promoteur\/amenagement-interieur\/meubles-tv\/\">Nos meubles TV<\/a><\/li>\n\n\n\n<li><a href=\"https:\/\/thekitchencompany.be\/fr\/services-via-un-promoteur\/amenagement-interieur\/placards-et-dressings\/\">Nos placards et dressings<\/a><\/li>\n\n\n\n<li><a href=\"https:\/\/thekitchencompany.be\/fr\/services-via-un-promoteur\/amenagement-interieur\/salle-a-manger\/\">Nos salles \u00e0 manger<\/a><\/li>\n<\/ul>\n<\/div><div class=\"col-md-6 image\"><img decoding=\"async\" src=\"https:\/\/thekitchencompany.be\/wp-content\/uploads\/2023\/09\/salle_de_bain_suspendu_miroir_gris_gris-scaled.jpeg\"\/><\/div><\/div><\/article>\n","protected":false},"excerpt":{"rendered":"","protected":false},"author":6,"featured_media":5125,"parent":2805,"menu_order":0,"comment_status":"closed","ping_status":"closed","template":"","meta":{"keyline":"Sp\u00e9cialistes de la conception de cuisines \u00e0 l\u2019origine depuis plus de 25 ans, nous avons \u00e9largi notre gamme \u00e0 l'am\u00e9nagement de salles de bain.","googlemap":"","footnotes":""},"class_list":["post-2882","page","type-page","status-publish","has-post-thumbnail","hentry"],"yoast_head":"<!-- This site is optimized with the Yoast SEO plugin v27.3 - https:\/\/yoast.com\/product\/yoast-seo-wordpress\/ -->\n<title>Salle de bain | The Kitchen Company<\/title>\n<meta name=\"description\" content=\"Nous avons d\u00e9velopp\u00e9 une gamme de meubles de salle de bain afin de pouvoir transformer cet espace en un v\u00e9ritable lieu de d\u00e9tente\" \/>\n<meta name=\"robots\" content=\"index, follow, max-snippet:-1, max-image-preview:large, max-video-preview:-1\" \/>\n<link rel=\"canonical\" href=\"https:\/\/thekitchencompany.be\/fr\/services-via-un-promoteur\/amenagement-interieur\/salle-de-bain\/\" \/>\n<meta property=\"og:locale\" content=\"fr_FR\" \/>\n<meta property=\"og:type\" content=\"article\" \/>\n<meta property=\"og:title\" content=\"Salle de bain | The Kitchen Company\" \/>\n<meta property=\"og:description\" content=\"Nous avons d\u00e9velopp\u00e9 une gamme de meubles de salle de bain afin de pouvoir transformer cet espace en un v\u00e9ritable lieu de d\u00e9tente\" \/>\n<meta property=\"og:url\" content=\"https:\/\/thekitchencompany.be\/fr\/services-via-un-promoteur\/amenagement-interieur\/salle-de-bain\/\" \/>\n<meta property=\"og:site_name\" content=\"The Kitchen Company\" \/>\n<meta property=\"article:modified_time\" content=\"2023-11-06T15:42:22+00:00\" \/>\n<meta property=\"og:image\" content=\"https:\/\/thekitchencompany.be\/wp-content\/uploads\/2023\/09\/salle_de_bain_suspendus_gris-scaled.jpeg\" \/>\n\t<meta property=\"og:image:width\" content=\"2560\" \/>\n\t<meta property=\"og:image:height\" content=\"1810\" \/>\n\t<meta property=\"og:image:type\" content=\"image\/jpeg\" \/>\n<meta name=\"twitter:card\" content=\"summary_large_image\" \/>\n<meta name=\"twitter:label1\" content=\"Dur\u00e9e de lecture estim\u00e9e\" \/>\n\t<meta name=\"twitter:data1\" content=\"3 minutes\" \/>\n<script type=\"application\/ld+json\" class=\"yoast-schema-graph\">{\"@context\":\"https:\\\/\\\/schema.org\",\"@graph\":[{\"@type\":\"WebPage\",\"@id\":\"https:\\\/\\\/thekitchencompany.be\\\/fr\\\/services-via-un-promoteur\\\/amenagement-interieur\\\/salle-de-bain\\\/\",\"url\":\"https:\\\/\\\/thekitchencompany.be\\\/fr\\\/services-via-un-promoteur\\\/amenagement-interieur\\\/salle-de-bain\\\/\",\"name\":\"Salle de bain | The Kitchen Company\",\"isPartOf\":{\"@id\":\"https:\\\/\\\/thekitchencompany.be\\\/fr\\\/#website\"},\"primaryImageOfPage\":{\"@id\":\"https:\\\/\\\/thekitchencompany.be\\\/fr\\\/services-via-un-promoteur\\\/amenagement-interieur\\\/salle-de-bain\\\/#primaryimage\"},\"image\":{\"@id\":\"https:\\\/\\\/thekitchencompany.be\\\/fr\\\/services-via-un-promoteur\\\/amenagement-interieur\\\/salle-de-bain\\\/#primaryimage\"},\"thumbnailUrl\":\"https:\\\/\\\/thekitchencompany.be\\\/wp-content\\\/uploads\\\/2023\\\/09\\\/salle_de_bain_suspendus_gris-scaled.jpeg\",\"datePublished\":\"2023-05-15T09:17:14+00:00\",\"dateModified\":\"2023-11-06T15:42:22+00:00\",\"description\":\"Nous avons d\u00e9velopp\u00e9 une gamme de meubles de salle de bain afin de pouvoir transformer cet espace en un v\u00e9ritable lieu de d\u00e9tente\",\"breadcrumb\":{\"@id\":\"https:\\\/\\\/thekitchencompany.be\\\/fr\\\/services-via-un-promoteur\\\/amenagement-interieur\\\/salle-de-bain\\\/#breadcrumb\"},\"inLanguage\":\"fr-FR\",\"potentialAction\":[{\"@type\":\"ReadAction\",\"target\":[\"https:\\\/\\\/thekitchencompany.be\\\/fr\\\/services-via-un-promoteur\\\/amenagement-interieur\\\/salle-de-bain\\\/\"]}]},{\"@type\":\"ImageObject\",\"inLanguage\":\"fr-FR\",\"@id\":\"https:\\\/\\\/thekitchencompany.be\\\/fr\\\/services-via-un-promoteur\\\/amenagement-interieur\\\/salle-de-bain\\\/#primaryimage\",\"url\":\"https:\\\/\\\/thekitchencompany.be\\\/wp-content\\\/uploads\\\/2023\\\/09\\\/salle_de_bain_suspendus_gris-scaled.jpeg\",\"contentUrl\":\"https:\\\/\\\/thekitchencompany.be\\\/wp-content\\\/uploads\\\/2023\\\/09\\\/salle_de_bain_suspendus_gris-scaled.jpeg\",\"width\":2560,\"height\":1810},{\"@type\":\"BreadcrumbList\",\"@id\":\"https:\\\/\\\/thekitchencompany.be\\\/fr\\\/services-via-un-promoteur\\\/amenagement-interieur\\\/salle-de-bain\\\/#breadcrumb\",\"itemListElement\":[{\"@type\":\"ListItem\",\"position\":1,\"name\":\"Home\",\"item\":\"https:\\\/\\\/thekitchencompany.be\\\/fr\\\/\"},{\"@type\":\"ListItem\",\"position\":2,\"name\":\"The Kitchen Company: cuisinistes et architectes d&rsquo;int\u00e9rieur pour les acquisitions immobili\u00e8res\",\"item\":\"https:\\\/\\\/thekitchencompany.be\\\/fr\\\/services-via-un-promoteur\\\/\"},{\"@type\":\"ListItem\",\"position\":3,\"name\":\"Am\u00e9nagement d&rsquo;int\u00e9rieur\",\"item\":\"https:\\\/\\\/thekitchencompany.be\\\/fr\\\/services-via-un-promoteur\\\/amenagement-interieur\\\/\"},{\"@type\":\"ListItem\",\"position\":4,\"name\":\"Salle de bain\"}]},{\"@type\":\"WebSite\",\"@id\":\"https:\\\/\\\/thekitchencompany.be\\\/fr\\\/#website\",\"url\":\"https:\\\/\\\/thekitchencompany.be\\\/fr\\\/\",\"name\":\"The Kitchen Company\",\"description\":\"Un service sur mesure pour les promoteurs immobiliers\",\"potentialAction\":[{\"@type\":\"SearchAction\",\"target\":{\"@type\":\"EntryPoint\",\"urlTemplate\":\"https:\\\/\\\/thekitchencompany.be\\\/fr\\\/?s={search_term_string}\"},\"query-input\":{\"@type\":\"PropertyValueSpecification\",\"valueRequired\":true,\"valueName\":\"search_term_string\"}}],\"inLanguage\":\"fr-FR\"}]}<\/script>\n<!-- \/ Yoast SEO plugin. -->","yoast_head_json":{"title":"Salle de bain | The Kitchen Company","description":"Nous avons d\u00e9velopp\u00e9 une gamme de meubles de salle de bain afin de pouvoir transformer cet espace en un v\u00e9ritable lieu de d\u00e9tente","robots":{"index":"index","follow":"follow","max-snippet":"max-snippet:-1","max-image-preview":"max-image-preview:large","max-video-preview":"max-video-preview:-1"},"canonical":"https:\/\/thekitchencompany.be\/fr\/services-via-un-promoteur\/amenagement-interieur\/salle-de-bain\/","og_locale":"fr_FR","og_type":"article","og_title":"Salle de bain | The Kitchen Company","og_description":"Nous avons d\u00e9velopp\u00e9 une gamme de meubles de salle de bain afin de pouvoir transformer cet espace en un v\u00e9ritable lieu de d\u00e9tente","og_url":"https:\/\/thekitchencompany.be\/fr\/services-via-un-promoteur\/amenagement-interieur\/salle-de-bain\/","og_site_name":"The Kitchen Company","article_modified_time":"2023-11-06T15:42:22+00:00","og_image":[{"width":2560,"height":1810,"url":"https:\/\/thekitchencompany.be\/wp-content\/uploads\/2023\/09\/salle_de_bain_suspendus_gris-scaled.jpeg","type":"image\/jpeg"}],"twitter_card":"summary_large_image","twitter_misc":{"Dur\u00e9e de lecture estim\u00e9e":"3 minutes"},"schema":{"@context":"https:\/\/schema.org","@graph":[{"@type":"WebPage","@id":"https:\/\/thekitchencompany.be\/fr\/services-via-un-promoteur\/amenagement-interieur\/salle-de-bain\/","url":"https:\/\/thekitchencompany.be\/fr\/services-via-un-promoteur\/amenagement-interieur\/salle-de-bain\/","name":"Salle de bain | The Kitchen Company","isPartOf":{"@id":"https:\/\/thekitchencompany.be\/fr\/#website"},"primaryImageOfPage":{"@id":"https:\/\/thekitchencompany.be\/fr\/services-via-un-promoteur\/amenagement-interieur\/salle-de-bain\/#primaryimage"},"image":{"@id":"https:\/\/thekitchencompany.be\/fr\/services-via-un-promoteur\/amenagement-interieur\/salle-de-bain\/#primaryimage"},"thumbnailUrl":"https:\/\/thekitchencompany.be\/wp-content\/uploads\/2023\/09\/salle_de_bain_suspendus_gris-scaled.jpeg","datePublished":"2023-05-15T09:17:14+00:00","dateModified":"2023-11-06T15:42:22+00:00","description":"Nous avons d\u00e9velopp\u00e9 une gamme de meubles de salle de bain afin de pouvoir transformer cet espace en un v\u00e9ritable lieu de d\u00e9tente","breadcrumb":{"@id":"https:\/\/thekitchencompany.be\/fr\/services-via-un-promoteur\/amenagement-interieur\/salle-de-bain\/#breadcrumb"},"inLanguage":"fr-FR","potentialAction":[{"@type":"ReadAction","target":["https:\/\/thekitchencompany.be\/fr\/services-via-un-promoteur\/amenagement-interieur\/salle-de-bain\/"]}]},{"@type":"ImageObject","inLanguage":"fr-FR","@id":"https:\/\/thekitchencompany.be\/fr\/services-via-un-promoteur\/amenagement-interieur\/salle-de-bain\/#primaryimage","url":"https:\/\/thekitchencompany.be\/wp-content\/uploads\/2023\/09\/salle_de_bain_suspendus_gris-scaled.jpeg","contentUrl":"https:\/\/thekitchencompany.be\/wp-content\/uploads\/2023\/09\/salle_de_bain_suspendus_gris-scaled.jpeg","width":2560,"height":1810},{"@type":"BreadcrumbList","@id":"https:\/\/thekitchencompany.be\/fr\/services-via-un-promoteur\/amenagement-interieur\/salle-de-bain\/#breadcrumb","itemListElement":[{"@type":"ListItem","position":1,"name":"Home","item":"https:\/\/thekitchencompany.be\/fr\/"},{"@type":"ListItem","position":2,"name":"The Kitchen Company: cuisinistes et architectes d&rsquo;int\u00e9rieur pour les acquisitions immobili\u00e8res","item":"https:\/\/thekitchencompany.be\/fr\/services-via-un-promoteur\/"},{"@type":"ListItem","position":3,"name":"Am\u00e9nagement d&rsquo;int\u00e9rieur","item":"https:\/\/thekitchencompany.be\/fr\/services-via-un-promoteur\/amenagement-interieur\/"},{"@type":"ListItem","position":4,"name":"Salle de bain"}]},{"@type":"WebSite","@id":"https:\/\/thekitchencompany.be\/fr\/#website","url":"https:\/\/thekitchencompany.be\/fr\/","name":"The Kitchen Company","description":"Un service sur mesure pour les promoteurs immobiliers","potentialAction":[{"@type":"SearchAction","target":{"@type":"EntryPoint","urlTemplate":"https:\/\/thekitchencompany.be\/fr\/?s={search_term_string}"},"query-input":{"@type":"PropertyValueSpecification","valueRequired":true,"valueName":"search_term_string"}}],"inLanguage":"fr-FR"}]}},"_links":{"self":[{"href":"https:\/\/thekitchencompany.be\/fr\/wp-json\/wp\/v2\/pages\/2882","targetHints":{"allow":["GET"]}}],"collection":[{"href":"https:\/\/thekitchencompany.be\/fr\/wp-json\/wp\/v2\/pages"}],"about":[{"href":"https:\/\/thekitchencompany.be\/fr\/wp-json\/wp\/v2\/types\/page"}],"author":[{"embeddable":true,"href":"https:\/\/thekitchencompany.be\/fr\/wp-json\/wp\/v2\/users\/6"}],"replies":[{"embeddable":true,"href":"https:\/\/thekitchencompany.be\/fr\/wp-json\/wp\/v2\/comments?post=2882"}],"version-history":[{"count":0,"href":"https:\/\/thekitchencompany.be\/fr\/wp-json\/wp\/v2\/pages\/2882\/revisions"}],"up":[{"embeddable":true,"href":"https:\/\/thekitchencompany.be\/fr\/wp-json\/wp\/v2\/pages\/2805"}],"wp:featuredmedia":[{"embeddable":true,"href":"https:\/\/thekitchencompany.be\/fr\/wp-json\/wp\/v2\/media\/5125"}],"wp:attachment":[{"href":"https:\/\/thekitchencompany.be\/fr\/wp-json\/wp\/v2\/media?parent=2882"}],"curies":[{"name":"wp","href":"https:\/\/api.w.org\/{rel}","templated":true}]}}