{"id":2911,"date":"2023-05-15T11:30:57","date_gmt":"2023-05-15T09:30:57","guid":{"rendered":"https:\/\/thekitchencompany.be\/?page_id=2911"},"modified":"2023-09-11T10:38:31","modified_gmt":"2023-09-11T08:38:31","slug":"jobs","status":"publish","type":"page","link":"https:\/\/thekitchencompany.be\/fr\/services-via-un-promoteur\/jobs\/","title":{"rendered":"Jobs"},"content":{"rendered":"\n<div class=\"wp-block-tkc-tkc-block-large undefined col-md-12 bg-1\">\n<p>A la recherche d&rsquo;un nouveau d\u00e9fi ? Envie de travailler dans le monde inspirant de la cuisine \u00e9quip\u00e9e et de l&rsquo;am\u00e9nagement d&rsquo;int\u00e9rieur ? Souhaitez-vous rejoindre une entreprise qui grandit ? The Kitchen Company a des opportunit\u00e9s pour vous.<\/p>\n\n\n\n<p>En constante recherche de nouveaux collaborateurs pour nos diff\u00e9rents <a href=\"https:\/\/thekitchencompany.be\/fr\/services-via-un-promoteur\/showrooms\/\">showrooms<\/a>, nous sommes enthousiastes de vous pr\u00e9senter diff\u00e9rentes offres afin de rejoindre notre <a href=\"https:\/\/thekitchencompany.be\/fr\/services-via-un-promoteur\/a-propos-de-nous\/lequipe\/\">\u00e9quipe<\/a>. Chez <a href=\"https:\/\/thekitchencompany.be\/fr\/services-via-un-promoteur\/a-propos-de-nous\/qui-sommes-nous\/\">The Kitchen Company<\/a>, nous croyons fermement que notre succ\u00e8s repose sur les talents de nos collaborateurs.<\/p>\n\n\n\n<p>Comment postulez en quelques \u00e9tapes:<\/p>\n\n\n\n<ol class=\"wp-block-list\">\n<li>D\u00e9couvrez nos diff\u00e9rentes offres d&#8217;emploi ouverte dans l&rsquo;un de nos cinq showrooms (<a href=\"https:\/\/thekitchencompany.be\/fr\/services-via-un-promoteur\/showrooms\/gand\/\">Gand<\/a>, <a href=\"https:\/\/thekitchencompany.be\/fr\/services-via-un-promoteur\/showrooms\/anvers\/\">Anvers<\/a>, <a href=\"https:\/\/thekitchencompany.be\/fr\/services-via-un-promoteur\/showrooms\/la-louviere\/\">La Louvi\u00e8re<\/a>, <a href=\"https:\/\/thekitchencompany.be\/fr\/services-via-un-promoteur\/showrooms\/liege\/\">Li\u00e8ge <\/a>et <a href=\"https:\/\/thekitchencompany.be\/fr\/services-via-un-promoteur\/showrooms\/bruxelles\/\">Rhode-Saint-Gen\u00e8se<\/a>).<\/li>\n\n\n\n<li>Prenez connaissance de la description du poste.<\/li>\n\n\n\n<li>Vous vous reconnaissez dans l&rsquo;annonce ? Prenez le temps de remplir le formulaire en ligne.<\/li>\n\n\n\n<li>Vous souhaitez joindre une lettre de motivation ? Pas de probl\u00e8me, vous en avez \u00e9galement la possibilit\u00e9.<\/li>\n\n\n\n<li>Finalisez votre candidature et nous vous contacterons d\u00e8s que possible.<\/li>\n<\/ol>\n\n\n\n<p>Si vous ne vous reconnaissez pas dans les offres propos\u00e9es, vous avez la possibilit\u00e9 d&rsquo;envoyer spontan\u00e9ment votre CV ainsi que votre lettre de motivation directement \u00e0 \u00ab&nbsp;<a href=\"mailto:recrutement@thekitchencompany.be\"><\/a><a href=\"mailto:hr@thekitchencompany.be\">hr@thekitchencompany.be<\/a>&nbsp;\u00bb.<\/p>\n\n\n\n<iframe loading=\"lazy\" src=\"https:\/\/www.genius-people.com\/iframe\/aVM2b0l2RDI5MldRM3lNdWJ4MDkyUT09\/?ilg=fr_FR\" width=\"100%\" height=\"700\" frameborder=\"0\"><\/iframe>\n<script type=\"text\/javascript\" src=\"https:\/\/www.genius-people.com\/scripts\/iframe\/iframeResizer.min.js\"><\/script>\n<\/div>\n","protected":false},"excerpt":{"rendered":"","protected":false},"author":6,"featured_media":619,"parent":2444,"menu_order":0,"comment_status":"closed","ping_status":"closed","template":"templates\/simple-page.php","meta":{"keyline":"","googlemap":"","footnotes":""},"class_list":["post-2911","page","type-page","status-publish","has-post-thumbnail","hentry"],"yoast_head":"<!-- This site is optimized with the Yoast SEO plugin v27.3 - https:\/\/yoast.com\/product\/yoast-seo-wordpress\/ -->\n<title>Jobs | The Kitchen Company<\/title>\n<meta name=\"description\" content=\"Envie de travailler dans le monde de la cuisine \u00e9quip\u00e9e et de l&#039;am\u00e9nagement int\u00e9rieur ? Rejoignez nous chez The Kitchen Company\" \/>\n<meta name=\"robots\" content=\"index, follow, max-snippet:-1, max-image-preview:large, max-video-preview:-1\" \/>\n<link rel=\"canonical\" href=\"https:\/\/thekitchencompany.be\/fr\/services-via-un-promoteur\/jobs\/\" \/>\n<meta property=\"og:locale\" content=\"fr_FR\" \/>\n<meta property=\"og:type\" content=\"article\" \/>\n<meta property=\"og:title\" content=\"Jobs | The Kitchen Company\" \/>\n<meta property=\"og:description\" content=\"Envie de travailler dans le monde de la cuisine \u00e9quip\u00e9e et de l&#039;am\u00e9nagement int\u00e9rieur ? Rejoignez nous chez The Kitchen Company\" \/>\n<meta property=\"og:url\" content=\"https:\/\/thekitchencompany.be\/fr\/services-via-un-promoteur\/jobs\/\" \/>\n<meta property=\"og:site_name\" content=\"The Kitchen Company\" \/>\n<meta property=\"article:modified_time\" content=\"2023-09-11T08:38:31+00:00\" \/>\n<meta property=\"og:image\" content=\"https:\/\/thekitchencompany.be\/wp-content\/uploads\/2019\/09\/thekitchencompany-jobs.jpg\" \/>\n\t<meta property=\"og:image:width\" content=\"1800\" \/>\n\t<meta property=\"og:image:height\" content=\"634\" \/>\n\t<meta property=\"og:image:type\" content=\"image\/jpeg\" \/>\n<meta name=\"twitter:card\" content=\"summary_large_image\" \/>\n<meta name=\"twitter:label1\" content=\"Dur\u00e9e de lecture estim\u00e9e\" \/>\n\t<meta name=\"twitter:data1\" content=\"1 minute\" \/>\n<script type=\"application\/ld+json\" class=\"yoast-schema-graph\">{\"@context\":\"https:\\\/\\\/schema.org\",\"@graph\":[{\"@type\":\"WebPage\",\"@id\":\"https:\\\/\\\/thekitchencompany.be\\\/fr\\\/services-via-un-promoteur\\\/jobs\\\/\",\"url\":\"https:\\\/\\\/thekitchencompany.be\\\/fr\\\/services-via-un-promoteur\\\/jobs\\\/\",\"name\":\"Jobs | The Kitchen Company\",\"isPartOf\":{\"@id\":\"https:\\\/\\\/thekitchencompany.be\\\/fr\\\/#website\"},\"primaryImageOfPage\":{\"@id\":\"https:\\\/\\\/thekitchencompany.be\\\/fr\\\/services-via-un-promoteur\\\/jobs\\\/#primaryimage\"},\"image\":{\"@id\":\"https:\\\/\\\/thekitchencompany.be\\\/fr\\\/services-via-un-promoteur\\\/jobs\\\/#primaryimage\"},\"thumbnailUrl\":\"https:\\\/\\\/thekitchencompany.be\\\/wp-content\\\/uploads\\\/2019\\\/09\\\/thekitchencompany-jobs.jpg\",\"datePublished\":\"2023-05-15T09:30:57+00:00\",\"dateModified\":\"2023-09-11T08:38:31+00:00\",\"description\":\"Envie de travailler dans le monde de la cuisine \u00e9quip\u00e9e et de l'am\u00e9nagement int\u00e9rieur ? Rejoignez nous chez The Kitchen Company\",\"breadcrumb\":{\"@id\":\"https:\\\/\\\/thekitchencompany.be\\\/fr\\\/services-via-un-promoteur\\\/jobs\\\/#breadcrumb\"},\"inLanguage\":\"fr-FR\",\"potentialAction\":[{\"@type\":\"ReadAction\",\"target\":[\"https:\\\/\\\/thekitchencompany.be\\\/fr\\\/services-via-un-promoteur\\\/jobs\\\/\"]}]},{\"@type\":\"ImageObject\",\"inLanguage\":\"fr-FR\",\"@id\":\"https:\\\/\\\/thekitchencompany.be\\\/fr\\\/services-via-un-promoteur\\\/jobs\\\/#primaryimage\",\"url\":\"https:\\\/\\\/thekitchencompany.be\\\/wp-content\\\/uploads\\\/2019\\\/09\\\/thekitchencompany-jobs.jpg\",\"contentUrl\":\"https:\\\/\\\/thekitchencompany.be\\\/wp-content\\\/uploads\\\/2019\\\/09\\\/thekitchencompany-jobs.jpg\",\"width\":1800,\"height\":634},{\"@type\":\"BreadcrumbList\",\"@id\":\"https:\\\/\\\/thekitchencompany.be\\\/fr\\\/services-via-un-promoteur\\\/jobs\\\/#breadcrumb\",\"itemListElement\":[{\"@type\":\"ListItem\",\"position\":1,\"name\":\"Home\",\"item\":\"https:\\\/\\\/thekitchencompany.be\\\/fr\\\/\"},{\"@type\":\"ListItem\",\"position\":2,\"name\":\"The Kitchen Company: cuisinistes et architectes d&rsquo;int\u00e9rieur pour les acquisitions immobili\u00e8res\",\"item\":\"https:\\\/\\\/thekitchencompany.be\\\/fr\\\/services-via-un-promoteur\\\/\"},{\"@type\":\"ListItem\",\"position\":3,\"name\":\"Jobs\"}]},{\"@type\":\"WebSite\",\"@id\":\"https:\\\/\\\/thekitchencompany.be\\\/fr\\\/#website\",\"url\":\"https:\\\/\\\/thekitchencompany.be\\\/fr\\\/\",\"name\":\"The Kitchen Company\",\"description\":\"Un service sur mesure pour les promoteurs immobiliers\",\"potentialAction\":[{\"@type\":\"SearchAction\",\"target\":{\"@type\":\"EntryPoint\",\"urlTemplate\":\"https:\\\/\\\/thekitchencompany.be\\\/fr\\\/?s={search_term_string}\"},\"query-input\":{\"@type\":\"PropertyValueSpecification\",\"valueRequired\":true,\"valueName\":\"search_term_string\"}}],\"inLanguage\":\"fr-FR\"}]}<\/script>\n<!-- \/ Yoast SEO plugin. -->","yoast_head_json":{"title":"Jobs | The Kitchen Company","description":"Envie de travailler dans le monde de la cuisine \u00e9quip\u00e9e et de l'am\u00e9nagement int\u00e9rieur ? Rejoignez nous chez The Kitchen Company","robots":{"index":"index","follow":"follow","max-snippet":"max-snippet:-1","max-image-preview":"max-image-preview:large","max-video-preview":"max-video-preview:-1"},"canonical":"https:\/\/thekitchencompany.be\/fr\/services-via-un-promoteur\/jobs\/","og_locale":"fr_FR","og_type":"article","og_title":"Jobs | The Kitchen Company","og_description":"Envie de travailler dans le monde de la cuisine \u00e9quip\u00e9e et de l'am\u00e9nagement int\u00e9rieur ? Rejoignez nous chez The Kitchen Company","og_url":"https:\/\/thekitchencompany.be\/fr\/services-via-un-promoteur\/jobs\/","og_site_name":"The Kitchen Company","article_modified_time":"2023-09-11T08:38:31+00:00","og_image":[{"width":1800,"height":634,"url":"https:\/\/thekitchencompany.be\/wp-content\/uploads\/2019\/09\/thekitchencompany-jobs.jpg","type":"image\/jpeg"}],"twitter_card":"summary_large_image","twitter_misc":{"Dur\u00e9e de lecture estim\u00e9e":"1 minute"},"schema":{"@context":"https:\/\/schema.org","@graph":[{"@type":"WebPage","@id":"https:\/\/thekitchencompany.be\/fr\/services-via-un-promoteur\/jobs\/","url":"https:\/\/thekitchencompany.be\/fr\/services-via-un-promoteur\/jobs\/","name":"Jobs | The Kitchen Company","isPartOf":{"@id":"https:\/\/thekitchencompany.be\/fr\/#website"},"primaryImageOfPage":{"@id":"https:\/\/thekitchencompany.be\/fr\/services-via-un-promoteur\/jobs\/#primaryimage"},"image":{"@id":"https:\/\/thekitchencompany.be\/fr\/services-via-un-promoteur\/jobs\/#primaryimage"},"thumbnailUrl":"https:\/\/thekitchencompany.be\/wp-content\/uploads\/2019\/09\/thekitchencompany-jobs.jpg","datePublished":"2023-05-15T09:30:57+00:00","dateModified":"2023-09-11T08:38:31+00:00","description":"Envie de travailler dans le monde de la cuisine \u00e9quip\u00e9e et de l'am\u00e9nagement int\u00e9rieur ? Rejoignez nous chez The Kitchen Company","breadcrumb":{"@id":"https:\/\/thekitchencompany.be\/fr\/services-via-un-promoteur\/jobs\/#breadcrumb"},"inLanguage":"fr-FR","potentialAction":[{"@type":"ReadAction","target":["https:\/\/thekitchencompany.be\/fr\/services-via-un-promoteur\/jobs\/"]}]},{"@type":"ImageObject","inLanguage":"fr-FR","@id":"https:\/\/thekitchencompany.be\/fr\/services-via-un-promoteur\/jobs\/#primaryimage","url":"https:\/\/thekitchencompany.be\/wp-content\/uploads\/2019\/09\/thekitchencompany-jobs.jpg","contentUrl":"https:\/\/thekitchencompany.be\/wp-content\/uploads\/2019\/09\/thekitchencompany-jobs.jpg","width":1800,"height":634},{"@type":"BreadcrumbList","@id":"https:\/\/thekitchencompany.be\/fr\/services-via-un-promoteur\/jobs\/#breadcrumb","itemListElement":[{"@type":"ListItem","position":1,"name":"Home","item":"https:\/\/thekitchencompany.be\/fr\/"},{"@type":"ListItem","position":2,"name":"The Kitchen Company: cuisinistes et architectes d&rsquo;int\u00e9rieur pour les acquisitions immobili\u00e8res","item":"https:\/\/thekitchencompany.be\/fr\/services-via-un-promoteur\/"},{"@type":"ListItem","position":3,"name":"Jobs"}]},{"@type":"WebSite","@id":"https:\/\/thekitchencompany.be\/fr\/#website","url":"https:\/\/thekitchencompany.be\/fr\/","name":"The Kitchen Company","description":"Un service sur mesure pour les promoteurs immobiliers","potentialAction":[{"@type":"SearchAction","target":{"@type":"EntryPoint","urlTemplate":"https:\/\/thekitchencompany.be\/fr\/?s={search_term_string}"},"query-input":{"@type":"PropertyValueSpecification","valueRequired":true,"valueName":"search_term_string"}}],"inLanguage":"fr-FR"}]}},"_links":{"self":[{"href":"https:\/\/thekitchencompany.be\/fr\/wp-json\/wp\/v2\/pages\/2911","targetHints":{"allow":["GET"]}}],"collection":[{"href":"https:\/\/thekitchencompany.be\/fr\/wp-json\/wp\/v2\/pages"}],"about":[{"href":"https:\/\/thekitchencompany.be\/fr\/wp-json\/wp\/v2\/types\/page"}],"author":[{"embeddable":true,"href":"https:\/\/thekitchencompany.be\/fr\/wp-json\/wp\/v2\/users\/6"}],"replies":[{"embeddable":true,"href":"https:\/\/thekitchencompany.be\/fr\/wp-json\/wp\/v2\/comments?post=2911"}],"version-history":[{"count":0,"href":"https:\/\/thekitchencompany.be\/fr\/wp-json\/wp\/v2\/pages\/2911\/revisions"}],"up":[{"embeddable":true,"href":"https:\/\/thekitchencompany.be\/fr\/wp-json\/wp\/v2\/pages\/2444"}],"wp:featuredmedia":[{"embeddable":true,"href":"https:\/\/thekitchencompany.be\/fr\/wp-json\/wp\/v2\/media\/619"}],"wp:attachment":[{"href":"https:\/\/thekitchencompany.be\/fr\/wp-json\/wp\/v2\/media?parent=2911"}],"curies":[{"name":"wp","href":"https:\/\/api.w.org\/{rel}","templated":true}]}}