{"id":3071,"date":"2023-05-16T14:57:59","date_gmt":"2023-05-16T12:57:59","guid":{"rendered":"https:\/\/thekitchencompany.be\/?page_id=3071"},"modified":"2024-01-12T14:09:22","modified_gmt":"2024-01-12T13:09:22","slug":"amenagement-dinterieur","status":"publish","type":"page","link":"https:\/\/thekitchencompany.be\/fr\/amenagement-dinterieur\/","title":{"rendered":"Am\u00e9nagement d&rsquo;int\u00e9rieur"},"content":{"rendered":"\n<article class=\"wp-block-fidelo-image-text col-md-12\"><div class=\"row mediatext-wrap\" alignment=\"right\"><div class=\"col-md-6 bg\" theme=\"bg-3\">\n<h2 class=\"wp-block-heading\">Une solution compl\u00e8te<\/h2>\n\n\n\n<p>Les solutions d&rsquo;am\u00e9nagement d&rsquo;int\u00e9rieur sont aussi \u00e9tendues qu\u2019il existe d\u2019habitations qui les abritent. Elles se pr\u00eatent \u00e0 tous les espaces et r\u00e9pondent \u00e0 chaque besoin. Historiquement sp\u00e9cialis\u00e9s dans la r\u00e9alisation de cuisines, nous \u00e9tendons d\u00e9sormais notre savoir faire \u00e0 toutes les pi\u00e8ces d&rsquo;habitation.<\/p>\n\n\n\n<p>Dor\u00e9navant, The Kitchen Company vous accompagne dans tous les aspects de votre projet immobilier et vous fournit une solution compl\u00e8te. De la <a href=\"https:\/\/thekitchencompany.be\/fr\/amenagement-interieur\/buanderie\/\">buanderie<\/a>, \u00e0 la <a href=\"https:\/\/thekitchencompany.be\/fr\/amenagement-interieur\/salle-de-bain\/\">salle de bain<\/a> en passant par les <a href=\"https:\/\/thekitchencompany.be\/fr\/placards\/\">placards<\/a> et la <a href=\"https:\/\/thekitchencompany.be\/fr\/services-via-un-promoteur\/amenagement-interieur\/salle-a-manger\/\">salle \u00e0 manger<\/a>, nous souhaitons vous proposer une solution s&rsquo;inscrivant dans le th\u00e8me de votre projet.<\/p>\n<\/div><div class=\"col-md-6 image\"><img decoding=\"async\" src=\"https:\/\/thekitchencompany.be\/wp-content\/uploads\/2023\/09\/amenagement_interieur_living-scaled.jpg\"\/><\/div><\/div><\/article>\n\n\n\n<article class=\"wp-block-fidelo-image-text col-md-12\"><div class=\"row mediatext-wrap\" alignment=\"left\"><div class=\"col-md-6 bg\" theme=\"bg-2\">\n<h2 class=\"wp-block-heading\">Notre expertise au service du d\u00e9tail et de la qualit\u00e9<\/h2>\n\n\n\n<p><strong>Rigueur, passion et service<\/strong> restent nos ma\u00eetres-mots. Nos architectes d\u2019int\u00e9rieur vous accompagnent dans votre projet d\u2019am\u00e9nagement afin de conserver une harmonie dans les diff\u00e9rents choix effectu\u00e9s. Pour vous rendre la vie plus facile, nos sp\u00e9cialistes vous proposent des ensembles \u00ab pr\u00eats \u00e0 poser \u00bb qui conjuguent originalit\u00e9, intelligence et surtout, facilit\u00e9.<\/p>\n<\/div><div class=\"col-md-6 image\"><img decoding=\"async\" src=\"https:\/\/thekitchencompany.be\/wp-content\/uploads\/2023\/09\/amenagement_interieur_TV_anthracite-scaled.jpg\"\/><\/div><\/div><\/article>\n\n\n\n<article class=\"wp-block-fidelo-image-text col-md-12\"><div class=\"row mediatext-wrap\" alignment=\"right\"><div class=\"col-md-6 bg\" theme=\"bg-1\">\n<h2 class=\"wp-block-heading\">\u00c0 chaque projet, son univers<\/h2>\n\n\n\n<p>Nous avons s\u00e9lectionn\u00e9 pour vous les fa\u00e7ades, meubles et coloris qui vous offrent d\u2019<strong>infinies possibilit\u00e9s<\/strong> pour imaginer votre mobilier d&rsquo;int\u00e9rieur id\u00e9al. En partant de vos besoins, nous d\u00e9terminerons avec vous la solution d&rsquo;am\u00e9nagement int\u00e9rieur optimale afin de vous proposer une offre qui r\u00e9pond \u00e0 vos attentes.<\/p>\n\n\n\n<hr class=\"wp-block-separator has-alpha-channel-opacity\"\/>\n\n\n\n<p>Vous \u00eates \u00e0 la recherche d&rsquo;<strong>un partenaire <\/strong>de choix <a href=\"https:\/\/thekitchencompany.be\/fr\/promoteurs\/\"><u>sp\u00e9cialis\u00e9 dans la promotion immobili\u00e8re<\/u><\/a> pour l&rsquo;am\u00e9nagement d&rsquo;int\u00e9rieur de vos projets ? Prenez rendez-vous en ligne &nbsp;ou <a href=\"https:\/\/thekitchencompany.be\/fr\/qui-sommes-nous\/contact\/\"><u>contactez-nous<\/u><\/a> via notre formulaire de contact.<\/p>\n\n\n\n<p>D\u00e9couvrez nos am\u00e9nagements :<\/p>\n\n\n\n<ul class=\"wp-block-list\">\n<li><a href=\"https:\/\/thekitchencompany.be\/fr\/amenagement-dinterieur\/buanderie-arriere-cuisine\/\">Nos buanderies<\/a><\/li>\n\n\n\n<li><a href=\"https:\/\/thekitchencompany.be\/fr\/amenagement-dinterieur\/bureau\/\">Nos bureaux<\/a><\/li>\n\n\n\n<li><a href=\"https:\/\/thekitchencompany.be\/fr\/amenagement-dinterieur\/meubles-de-television\/\">Nos meubles TV<\/a><\/li>\n\n\n\n<li><a href=\"https:\/\/thekitchencompany.be\/fr\/placards-et-dressings\/\">Nos placards et dressings<\/a><\/li>\n\n\n\n<li><a href=\"https:\/\/thekitchencompany.be\/fr\/amenagement-dinterieur\/salle-de-bain\/\">Nos salles de bains<\/a><\/li>\n\n\n\n<li><a href=\"https:\/\/thekitchencompany.be\/fr\/amenagement-dinterieur\/salle-a-manger\/\">Nos salles \u00e0 manger<\/a><\/li>\n<\/ul>\n\n\n\n<p>D\u00e9couvrez aussi&nbsp;:<\/p>\n\n\n\n<ul class=\"wp-block-list\">\n<li><a href=\"https:\/\/thekitchencompany.be\/fr\/cuisines\/\"><u>Nos mod\u00e8les de cuisines sur mesure<\/u><\/a><\/li>\n<\/ul>\n<\/div><div class=\"col-md-6 image\"><img decoding=\"async\" src=\"https:\/\/thekitchencompany.be\/wp-content\/uploads\/2019\/09\/rangement-personalite\u0301.jpg\"\/><\/div><\/div><\/article>\n","protected":false},"excerpt":{"rendered":"","protected":false},"author":6,"featured_media":4505,"parent":0,"menu_order":0,"comment_status":"closed","ping_status":"closed","template":"","meta":{"keyline":"Sp\u00e9cialistes de la conception de cuisines \u00e0 l\u2019origine depuis plus de 25 ans, nous avons \u00e9largi notre gamme \u00e0 l\u2019ensemble de l\u2019am\u00e9nagement int\u00e9rieur.","googlemap":"","footnotes":""},"class_list":["post-3071","page","type-page","status-publish","has-post-thumbnail","hentry"],"yoast_head":"<!-- This site is optimized with the Yoast SEO plugin v27.3 - https:\/\/yoast.com\/product\/yoast-seo-wordpress\/ -->\n<title>Am\u00e9nagement d&#039;int\u00e9rieur - The Kitchen Company<\/title>\n<meta name=\"description\" content=\"Sp\u00e9cialistes de la conception de cuisines \u00e0 l\u2019origine, nous avons \u00e9largi notre gamme \u00e0 l\u2019am\u00e9nagement d&#039;int\u00e9rieur dans son ensemble\" \/>\n<meta name=\"robots\" content=\"index, follow, max-snippet:-1, max-image-preview:large, max-video-preview:-1\" \/>\n<link rel=\"canonical\" href=\"https:\/\/thekitchencompany.be\/fr\/amenagement-dinterieur\/\" \/>\n<meta property=\"og:locale\" content=\"fr_FR\" \/>\n<meta property=\"og:type\" content=\"article\" \/>\n<meta property=\"og:title\" content=\"Am\u00e9nagement d&#039;int\u00e9rieur - The Kitchen Company\" \/>\n<meta property=\"og:description\" content=\"Sp\u00e9cialistes de la conception de cuisines \u00e0 l\u2019origine, nous avons \u00e9largi notre gamme \u00e0 l\u2019am\u00e9nagement d&#039;int\u00e9rieur dans son ensemble\" \/>\n<meta property=\"og:url\" content=\"https:\/\/thekitchencompany.be\/fr\/amenagement-dinterieur\/\" \/>\n<meta property=\"og:site_name\" content=\"The Kitchen Company\" \/>\n<meta property=\"article:modified_time\" content=\"2024-01-12T13:09:22+00:00\" \/>\n<meta property=\"og:image\" content=\"https:\/\/thekitchencompany.be\/wp-content\/uploads\/2023\/09\/amenagement_interieur_TV_riva-scaled.jpeg\" \/>\n\t<meta property=\"og:image:width\" content=\"2560\" \/>\n\t<meta property=\"og:image:height\" content=\"1920\" \/>\n\t<meta property=\"og:image:type\" content=\"image\/jpeg\" \/>\n<meta name=\"twitter:card\" content=\"summary_large_image\" \/>\n<meta name=\"twitter:label1\" content=\"Dur\u00e9e de lecture estim\u00e9e\" \/>\n\t<meta name=\"twitter:data1\" content=\"3 minutes\" \/>\n<script type=\"application\/ld+json\" class=\"yoast-schema-graph\">{\"@context\":\"https:\\\/\\\/schema.org\",\"@graph\":[{\"@type\":\"WebPage\",\"@id\":\"https:\\\/\\\/thekitchencompany.be\\\/fr\\\/amenagement-dinterieur\\\/\",\"url\":\"https:\\\/\\\/thekitchencompany.be\\\/fr\\\/amenagement-dinterieur\\\/\",\"name\":\"Am\u00e9nagement d'int\u00e9rieur - The Kitchen Company\",\"isPartOf\":{\"@id\":\"https:\\\/\\\/thekitchencompany.be\\\/fr\\\/#website\"},\"primaryImageOfPage\":{\"@id\":\"https:\\\/\\\/thekitchencompany.be\\\/fr\\\/amenagement-dinterieur\\\/#primaryimage\"},\"image\":{\"@id\":\"https:\\\/\\\/thekitchencompany.be\\\/fr\\\/amenagement-dinterieur\\\/#primaryimage\"},\"thumbnailUrl\":\"https:\\\/\\\/thekitchencompany.be\\\/wp-content\\\/uploads\\\/2023\\\/09\\\/amenagement_interieur_TV_riva-scaled.jpeg\",\"datePublished\":\"2023-05-16T12:57:59+00:00\",\"dateModified\":\"2024-01-12T13:09:22+00:00\",\"description\":\"Sp\u00e9cialistes de la conception de cuisines \u00e0 l\u2019origine, nous avons \u00e9largi notre gamme \u00e0 l\u2019am\u00e9nagement d'int\u00e9rieur dans son ensemble\",\"breadcrumb\":{\"@id\":\"https:\\\/\\\/thekitchencompany.be\\\/fr\\\/amenagement-dinterieur\\\/#breadcrumb\"},\"inLanguage\":\"fr-FR\",\"potentialAction\":[{\"@type\":\"ReadAction\",\"target\":[\"https:\\\/\\\/thekitchencompany.be\\\/fr\\\/amenagement-dinterieur\\\/\"]}]},{\"@type\":\"ImageObject\",\"inLanguage\":\"fr-FR\",\"@id\":\"https:\\\/\\\/thekitchencompany.be\\\/fr\\\/amenagement-dinterieur\\\/#primaryimage\",\"url\":\"https:\\\/\\\/thekitchencompany.be\\\/wp-content\\\/uploads\\\/2023\\\/09\\\/amenagement_interieur_TV_riva-scaled.jpeg\",\"contentUrl\":\"https:\\\/\\\/thekitchencompany.be\\\/wp-content\\\/uploads\\\/2023\\\/09\\\/amenagement_interieur_TV_riva-scaled.jpeg\",\"width\":2560,\"height\":1920,\"caption\":\"am\u00e9nagement d'un salon avec un meuble de t\u00e9l\u00e9vision\"},{\"@type\":\"BreadcrumbList\",\"@id\":\"https:\\\/\\\/thekitchencompany.be\\\/fr\\\/amenagement-dinterieur\\\/#breadcrumb\",\"itemListElement\":[{\"@type\":\"ListItem\",\"position\":1,\"name\":\"Home\",\"item\":\"https:\\\/\\\/thekitchencompany.be\\\/fr\\\/\"},{\"@type\":\"ListItem\",\"position\":2,\"name\":\"Am\u00e9nagement d&rsquo;int\u00e9rieur\"}]},{\"@type\":\"WebSite\",\"@id\":\"https:\\\/\\\/thekitchencompany.be\\\/fr\\\/#website\",\"url\":\"https:\\\/\\\/thekitchencompany.be\\\/fr\\\/\",\"name\":\"The Kitchen Company\",\"description\":\"Un service sur mesure pour les promoteurs immobiliers\",\"potentialAction\":[{\"@type\":\"SearchAction\",\"target\":{\"@type\":\"EntryPoint\",\"urlTemplate\":\"https:\\\/\\\/thekitchencompany.be\\\/fr\\\/?s={search_term_string}\"},\"query-input\":{\"@type\":\"PropertyValueSpecification\",\"valueRequired\":true,\"valueName\":\"search_term_string\"}}],\"inLanguage\":\"fr-FR\"}]}<\/script>\n<!-- \/ Yoast SEO plugin. -->","yoast_head_json":{"title":"Am\u00e9nagement d'int\u00e9rieur - The Kitchen Company","description":"Sp\u00e9cialistes de la conception de cuisines \u00e0 l\u2019origine, nous avons \u00e9largi notre gamme \u00e0 l\u2019am\u00e9nagement d'int\u00e9rieur dans son ensemble","robots":{"index":"index","follow":"follow","max-snippet":"max-snippet:-1","max-image-preview":"max-image-preview:large","max-video-preview":"max-video-preview:-1"},"canonical":"https:\/\/thekitchencompany.be\/fr\/amenagement-dinterieur\/","og_locale":"fr_FR","og_type":"article","og_title":"Am\u00e9nagement d'int\u00e9rieur - The Kitchen Company","og_description":"Sp\u00e9cialistes de la conception de cuisines \u00e0 l\u2019origine, nous avons \u00e9largi notre gamme \u00e0 l\u2019am\u00e9nagement d'int\u00e9rieur dans son ensemble","og_url":"https:\/\/thekitchencompany.be\/fr\/amenagement-dinterieur\/","og_site_name":"The Kitchen Company","article_modified_time":"2024-01-12T13:09:22+00:00","og_image":[{"width":2560,"height":1920,"url":"https:\/\/thekitchencompany.be\/wp-content\/uploads\/2023\/09\/amenagement_interieur_TV_riva-scaled.jpeg","type":"image\/jpeg"}],"twitter_card":"summary_large_image","twitter_misc":{"Dur\u00e9e de lecture estim\u00e9e":"3 minutes"},"schema":{"@context":"https:\/\/schema.org","@graph":[{"@type":"WebPage","@id":"https:\/\/thekitchencompany.be\/fr\/amenagement-dinterieur\/","url":"https:\/\/thekitchencompany.be\/fr\/amenagement-dinterieur\/","name":"Am\u00e9nagement d'int\u00e9rieur - The Kitchen Company","isPartOf":{"@id":"https:\/\/thekitchencompany.be\/fr\/#website"},"primaryImageOfPage":{"@id":"https:\/\/thekitchencompany.be\/fr\/amenagement-dinterieur\/#primaryimage"},"image":{"@id":"https:\/\/thekitchencompany.be\/fr\/amenagement-dinterieur\/#primaryimage"},"thumbnailUrl":"https:\/\/thekitchencompany.be\/wp-content\/uploads\/2023\/09\/amenagement_interieur_TV_riva-scaled.jpeg","datePublished":"2023-05-16T12:57:59+00:00","dateModified":"2024-01-12T13:09:22+00:00","description":"Sp\u00e9cialistes de la conception de cuisines \u00e0 l\u2019origine, nous avons \u00e9largi notre gamme \u00e0 l\u2019am\u00e9nagement d'int\u00e9rieur dans son ensemble","breadcrumb":{"@id":"https:\/\/thekitchencompany.be\/fr\/amenagement-dinterieur\/#breadcrumb"},"inLanguage":"fr-FR","potentialAction":[{"@type":"ReadAction","target":["https:\/\/thekitchencompany.be\/fr\/amenagement-dinterieur\/"]}]},{"@type":"ImageObject","inLanguage":"fr-FR","@id":"https:\/\/thekitchencompany.be\/fr\/amenagement-dinterieur\/#primaryimage","url":"https:\/\/thekitchencompany.be\/wp-content\/uploads\/2023\/09\/amenagement_interieur_TV_riva-scaled.jpeg","contentUrl":"https:\/\/thekitchencompany.be\/wp-content\/uploads\/2023\/09\/amenagement_interieur_TV_riva-scaled.jpeg","width":2560,"height":1920,"caption":"am\u00e9nagement d'un salon avec un meuble de t\u00e9l\u00e9vision"},{"@type":"BreadcrumbList","@id":"https:\/\/thekitchencompany.be\/fr\/amenagement-dinterieur\/#breadcrumb","itemListElement":[{"@type":"ListItem","position":1,"name":"Home","item":"https:\/\/thekitchencompany.be\/fr\/"},{"@type":"ListItem","position":2,"name":"Am\u00e9nagement d&rsquo;int\u00e9rieur"}]},{"@type":"WebSite","@id":"https:\/\/thekitchencompany.be\/fr\/#website","url":"https:\/\/thekitchencompany.be\/fr\/","name":"The Kitchen Company","description":"Un service sur mesure pour les promoteurs immobiliers","potentialAction":[{"@type":"SearchAction","target":{"@type":"EntryPoint","urlTemplate":"https:\/\/thekitchencompany.be\/fr\/?s={search_term_string}"},"query-input":{"@type":"PropertyValueSpecification","valueRequired":true,"valueName":"search_term_string"}}],"inLanguage":"fr-FR"}]}},"_links":{"self":[{"href":"https:\/\/thekitchencompany.be\/fr\/wp-json\/wp\/v2\/pages\/3071","targetHints":{"allow":["GET"]}}],"collection":[{"href":"https:\/\/thekitchencompany.be\/fr\/wp-json\/wp\/v2\/pages"}],"about":[{"href":"https:\/\/thekitchencompany.be\/fr\/wp-json\/wp\/v2\/types\/page"}],"author":[{"embeddable":true,"href":"https:\/\/thekitchencompany.be\/fr\/wp-json\/wp\/v2\/users\/6"}],"replies":[{"embeddable":true,"href":"https:\/\/thekitchencompany.be\/fr\/wp-json\/wp\/v2\/comments?post=3071"}],"version-history":[{"count":2,"href":"https:\/\/thekitchencompany.be\/fr\/wp-json\/wp\/v2\/pages\/3071\/revisions"}],"predecessor-version":[{"id":6964,"href":"https:\/\/thekitchencompany.be\/fr\/wp-json\/wp\/v2\/pages\/3071\/revisions\/6964"}],"wp:featuredmedia":[{"embeddable":true,"href":"https:\/\/thekitchencompany.be\/fr\/wp-json\/wp\/v2\/media\/4505"}],"wp:attachment":[{"href":"https:\/\/thekitchencompany.be\/fr\/wp-json\/wp\/v2\/media?parent=3071"}],"curies":[{"name":"wp","href":"https:\/\/api.w.org\/{rel}","templated":true}]}}