{"id":3078,"date":"2023-05-16T14:59:59","date_gmt":"2023-05-16T12:59:59","guid":{"rendered":"https:\/\/thekitchencompany.be\/?page_id=3078"},"modified":"2024-01-12T14:15:50","modified_gmt":"2024-01-12T13:15:50","slug":"buanderie-arriere-cuisine","status":"publish","type":"page","link":"https:\/\/thekitchencompany.be\/fr\/amenagement-dinterieur\/buanderie-arriere-cuisine\/","title":{"rendered":"Buanderie"},"content":{"rendered":"\n<article class=\"wp-block-fidelo-image-text col-md-12\"><div class=\"row mediatext-wrap\" alignment=\"right\"><div class=\"col-md-6 bg\" theme=\"bg-3\">\n<h2 class=\"wp-block-heading\">Ergonomie et optimisation de l&rsquo;espace<\/h2>\n\n\n\n<p>La buanderie et l&rsquo;arri\u00e8re-cuisine sont, souvent, des pi\u00e8ces \u00ab\u00a0remises \u00e0 plus tard\u00a0\u00bb, n&rsquo;ayant que pour but leur usage de base : le rangement des produits d&rsquo;entretien et le nettoyage du linge. Cependant, une belle buanderie \u00e9rgonomique dont l&rsquo;espace est optimis\u00e9 permettra \u00e0 votre projet immobilier de marquer les esprits.<\/p>\n\n\n\n<p>Avec le m\u00eame objectif de vous offrir les meilleures solutions, The Kitchen Company vous propose d\u2019\u00e9quiper votre buanderie et\/ou votre arri\u00e8re-cuisine avec des meubles choisis pour faciliter l\u2019organisation du travail et faire gagner du temps.<\/p>\n<\/div><div class=\"col-md-6 image\"><img decoding=\"async\" src=\"https:\/\/thekitchencompany.be\/wp-content\/uploads\/2023\/09\/buanderie_1.jpg\"\/><\/div><\/div><\/article>\n\n\n\n<article class=\"wp-block-fidelo-image-text col-md-12\"><div class=\"row mediatext-wrap\" alignment=\"left\"><div class=\"col-md-6 bg\" theme=\"bg-2\">\n<h2 class=\"wp-block-heading\">Plus que de simples rangements<\/h2>\n\n\n\n<p>Gr\u00e2ce \u00e0 nos s\u00e9lections de fa\u00e7ades vous pourrez assortir vos meubles de buanderie ou d&rsquo;arri\u00e8re-cuisine \u00e0 ceux s\u00e9lectionn\u00e9s pour la <a href=\"https:\/\/thekitchencompany.be\/fr\/cuisines\/\">cuisine<\/a>. Vous pourrez ainsi impr\u00e9gner l&rsquo;atmosph\u00e8re de votre projet immobilier dans chaque pi\u00e8ce de l&rsquo;habitation.<\/p>\n<\/div><div class=\"col-md-6 image\"><img decoding=\"async\" src=\"https:\/\/thekitchencompany.be\/wp-content\/uploads\/2023\/09\/Buanderie_verte-scaled.jpg\"\/><\/div><\/div><\/article>\n\n\n\n<article class=\"wp-block-fidelo-image-text col-md-12\"><div class=\"row mediatext-wrap\" alignment=\"right\"><div class=\"col-md-6 bg\" theme=\"bg-1\">\n<h2 class=\"wp-block-heading\">L&rsquo;expertise de nos architectes d&rsquo;int\u00e9rieur<\/h2>\n\n\n\n<p>Chez The Kitchen Company, nous mettons un point d&rsquo;orgue \u00e0 maximiser l&rsquo;\u00e9rgonomie de nos propositions d&rsquo;am\u00e9nagement. Pour chaque projet, nos architectes d&rsquo;int\u00e9rieur int\u00e8grent de nombreux \u00e9l\u00e9ments afin de vous proposez l&rsquo;am\u00e9nagement optimal. Pour les <strong>buanderies<\/strong>, il est important de r\u00e9fl\u00e9chir l&rsquo;espace afin d&rsquo;offrir un <strong>confort d&rsquo;utilisation<\/strong> maximal \u00e0 vos clients. Cela se traduira par une machine \u00e0 laver sur\u00e9lev\u00e9e, un tiroir sous cette derni\u00e8re ou encore, l&rsquo;incorporation de paniers.<\/p>\n\n\n\n<hr class=\"wp-block-separator has-alpha-channel-opacity\"\/>\n\n\n\n<p>Vous \u00eates \u00e0 la recherche d&rsquo;<strong>un partenaire <\/strong>de choix <a href=\"https:\/\/thekitchencompany.be\/fr\/promoteurs\/\"><u>sp\u00e9cialis\u00e9 dans la promotion immobili\u00e8re<\/u><\/a> pour l&rsquo;am\u00e9nagement d&rsquo;int\u00e9rieur de vos projets ? Prenez rendez-vous en ligne &nbsp;ou <a href=\"https:\/\/thekitchencompany.be\/fr\/qui-sommes-nous\/contact\/\"><u>contactez-nous<\/u><\/a> via notre formulaire de contact.<\/p>\n\n\n\n<p>D\u00e9couvrez aussi&nbsp;:<\/p>\n\n\n\n<ul class=\"wp-block-list\">\n<li><a href=\"https:\/\/thekitchencompany.be\/fr\/amenagement-dinterieur\/bureau\/\">Nos bureaux<\/a><\/li>\n\n\n\n<li><a href=\"https:\/\/thekitchencompany.be\/fr\/amenagement-dinterieur\/meubles-de-television\/\">Nos meubles TV<\/a><\/li>\n\n\n\n<li><a href=\"https:\/\/thekitchencompany.be\/fr\/placards-et-dressings\/\">Nos placards et dressings<\/a><\/li>\n\n\n\n<li><a href=\"https:\/\/thekitchencompany.be\/fr\/amenagement-dinterieur\/salle-de-bain\/\">Nos salles de bains<\/a><\/li>\n\n\n\n<li><a href=\"https:\/\/thekitchencompany.be\/fr\/amenagement-dinterieur\/salle-a-manger\/\">Nos salles \u00e0 manger<\/a><\/li>\n<\/ul>\n<\/div><div class=\"col-md-6 image\"><img decoding=\"async\" src=\"https:\/\/thekitchencompany.be\/wp-content\/uploads\/2023\/09\/Buanderie_anthracite.jpg\"\/><\/div><\/div><\/article>\n","protected":false},"excerpt":{"rendered":"","protected":false},"author":6,"featured_media":4715,"parent":3071,"menu_order":0,"comment_status":"closed","ping_status":"closed","template":"","meta":{"keyline":"Sp\u00e9cialistes de la conception de cuisines \u00e0 l\u2019origine depuis plus de 25 ans, nous avons \u00e9largi notre gamme \u00e0 l'am\u00e9nagement des buanderies et arri\u00e8res-cuisine.","googlemap":"","footnotes":""},"class_list":["post-3078","page","type-page","status-publish","has-post-thumbnail","hentry"],"yoast_head":"<!-- This site is optimized with the Yoast SEO plugin v27.3 - https:\/\/yoast.com\/product\/yoast-seo-wordpress\/ -->\n<title>Buanderie - The Kitchen Company<\/title>\n<meta name=\"description\" content=\"Nous avons d\u00e9velopp\u00e9 une gamme de meubles pour buanderie et arri\u00e8re-cuisine afin d&#039;optimiser vos espaces de rangements et de lavage\" \/>\n<meta name=\"robots\" content=\"index, follow, max-snippet:-1, max-image-preview:large, max-video-preview:-1\" \/>\n<link rel=\"canonical\" href=\"https:\/\/thekitchencompany.be\/fr\/amenagement-dinterieur\/buanderie-arriere-cuisine\/\" \/>\n<meta property=\"og:locale\" content=\"fr_FR\" \/>\n<meta property=\"og:type\" content=\"article\" \/>\n<meta property=\"og:title\" content=\"Buanderie - The Kitchen Company\" \/>\n<meta property=\"og:description\" content=\"Nous avons d\u00e9velopp\u00e9 une gamme de meubles pour buanderie et arri\u00e8re-cuisine afin d&#039;optimiser vos espaces de rangements et de lavage\" \/>\n<meta property=\"og:url\" content=\"https:\/\/thekitchencompany.be\/fr\/amenagement-dinterieur\/buanderie-arriere-cuisine\/\" \/>\n<meta property=\"og:site_name\" content=\"The Kitchen Company\" \/>\n<meta property=\"article:modified_time\" content=\"2024-01-12T13:15:50+00:00\" \/>\n<meta property=\"og:image\" content=\"https:\/\/thekitchencompany.be\/wp-content\/uploads\/2023\/09\/Buanderie_3-scaled.jpg\" \/>\n\t<meta property=\"og:image:width\" content=\"2560\" \/>\n\t<meta property=\"og:image:height\" content=\"1833\" \/>\n\t<meta property=\"og:image:type\" content=\"image\/jpeg\" \/>\n<meta name=\"twitter:card\" content=\"summary_large_image\" \/>\n<meta name=\"twitter:label1\" content=\"Dur\u00e9e de lecture estim\u00e9e\" \/>\n\t<meta name=\"twitter:data1\" content=\"3 minutes\" \/>\n<script type=\"application\/ld+json\" class=\"yoast-schema-graph\">{\"@context\":\"https:\\\/\\\/schema.org\",\"@graph\":[{\"@type\":\"WebPage\",\"@id\":\"https:\\\/\\\/thekitchencompany.be\\\/fr\\\/amenagement-dinterieur\\\/buanderie-arriere-cuisine\\\/\",\"url\":\"https:\\\/\\\/thekitchencompany.be\\\/fr\\\/amenagement-dinterieur\\\/buanderie-arriere-cuisine\\\/\",\"name\":\"Buanderie - The Kitchen Company\",\"isPartOf\":{\"@id\":\"https:\\\/\\\/thekitchencompany.be\\\/fr\\\/#website\"},\"primaryImageOfPage\":{\"@id\":\"https:\\\/\\\/thekitchencompany.be\\\/fr\\\/amenagement-dinterieur\\\/buanderie-arriere-cuisine\\\/#primaryimage\"},\"image\":{\"@id\":\"https:\\\/\\\/thekitchencompany.be\\\/fr\\\/amenagement-dinterieur\\\/buanderie-arriere-cuisine\\\/#primaryimage\"},\"thumbnailUrl\":\"https:\\\/\\\/thekitchencompany.be\\\/wp-content\\\/uploads\\\/2023\\\/09\\\/Buanderie_3-scaled.jpg\",\"datePublished\":\"2023-05-16T12:59:59+00:00\",\"dateModified\":\"2024-01-12T13:15:50+00:00\",\"description\":\"Nous avons d\u00e9velopp\u00e9 une gamme de meubles pour buanderie et arri\u00e8re-cuisine afin d'optimiser vos espaces de rangements et de lavage\",\"breadcrumb\":{\"@id\":\"https:\\\/\\\/thekitchencompany.be\\\/fr\\\/amenagement-dinterieur\\\/buanderie-arriere-cuisine\\\/#breadcrumb\"},\"inLanguage\":\"fr-FR\",\"potentialAction\":[{\"@type\":\"ReadAction\",\"target\":[\"https:\\\/\\\/thekitchencompany.be\\\/fr\\\/amenagement-dinterieur\\\/buanderie-arriere-cuisine\\\/\"]}]},{\"@type\":\"ImageObject\",\"inLanguage\":\"fr-FR\",\"@id\":\"https:\\\/\\\/thekitchencompany.be\\\/fr\\\/amenagement-dinterieur\\\/buanderie-arriere-cuisine\\\/#primaryimage\",\"url\":\"https:\\\/\\\/thekitchencompany.be\\\/wp-content\\\/uploads\\\/2023\\\/09\\\/Buanderie_3-scaled.jpg\",\"contentUrl\":\"https:\\\/\\\/thekitchencompany.be\\\/wp-content\\\/uploads\\\/2023\\\/09\\\/Buanderie_3-scaled.jpg\",\"width\":2560,\"height\":1833,\"caption\":\"Buanderie am\u00e9nagement rangement arri\u00e8re cuisine\"},{\"@type\":\"BreadcrumbList\",\"@id\":\"https:\\\/\\\/thekitchencompany.be\\\/fr\\\/amenagement-dinterieur\\\/buanderie-arriere-cuisine\\\/#breadcrumb\",\"itemListElement\":[{\"@type\":\"ListItem\",\"position\":1,\"name\":\"Home\",\"item\":\"https:\\\/\\\/thekitchencompany.be\\\/fr\\\/\"},{\"@type\":\"ListItem\",\"position\":2,\"name\":\"Am\u00e9nagement d&rsquo;int\u00e9rieur\",\"item\":\"https:\\\/\\\/thekitchencompany.be\\\/fr\\\/amenagement-dinterieur\\\/\"},{\"@type\":\"ListItem\",\"position\":3,\"name\":\"Buanderie\"}]},{\"@type\":\"WebSite\",\"@id\":\"https:\\\/\\\/thekitchencompany.be\\\/fr\\\/#website\",\"url\":\"https:\\\/\\\/thekitchencompany.be\\\/fr\\\/\",\"name\":\"The Kitchen Company\",\"description\":\"Un service sur mesure pour les promoteurs immobiliers\",\"potentialAction\":[{\"@type\":\"SearchAction\",\"target\":{\"@type\":\"EntryPoint\",\"urlTemplate\":\"https:\\\/\\\/thekitchencompany.be\\\/fr\\\/?s={search_term_string}\"},\"query-input\":{\"@type\":\"PropertyValueSpecification\",\"valueRequired\":true,\"valueName\":\"search_term_string\"}}],\"inLanguage\":\"fr-FR\"}]}<\/script>\n<!-- \/ Yoast SEO plugin. -->","yoast_head_json":{"title":"Buanderie - The Kitchen Company","description":"Nous avons d\u00e9velopp\u00e9 une gamme de meubles pour buanderie et arri\u00e8re-cuisine afin d'optimiser vos espaces de rangements et de lavage","robots":{"index":"index","follow":"follow","max-snippet":"max-snippet:-1","max-image-preview":"max-image-preview:large","max-video-preview":"max-video-preview:-1"},"canonical":"https:\/\/thekitchencompany.be\/fr\/amenagement-dinterieur\/buanderie-arriere-cuisine\/","og_locale":"fr_FR","og_type":"article","og_title":"Buanderie - The Kitchen Company","og_description":"Nous avons d\u00e9velopp\u00e9 une gamme de meubles pour buanderie et arri\u00e8re-cuisine afin d'optimiser vos espaces de rangements et de lavage","og_url":"https:\/\/thekitchencompany.be\/fr\/amenagement-dinterieur\/buanderie-arriere-cuisine\/","og_site_name":"The Kitchen Company","article_modified_time":"2024-01-12T13:15:50+00:00","og_image":[{"width":2560,"height":1833,"url":"https:\/\/thekitchencompany.be\/wp-content\/uploads\/2023\/09\/Buanderie_3-scaled.jpg","type":"image\/jpeg"}],"twitter_card":"summary_large_image","twitter_misc":{"Dur\u00e9e de lecture estim\u00e9e":"3 minutes"},"schema":{"@context":"https:\/\/schema.org","@graph":[{"@type":"WebPage","@id":"https:\/\/thekitchencompany.be\/fr\/amenagement-dinterieur\/buanderie-arriere-cuisine\/","url":"https:\/\/thekitchencompany.be\/fr\/amenagement-dinterieur\/buanderie-arriere-cuisine\/","name":"Buanderie - The Kitchen Company","isPartOf":{"@id":"https:\/\/thekitchencompany.be\/fr\/#website"},"primaryImageOfPage":{"@id":"https:\/\/thekitchencompany.be\/fr\/amenagement-dinterieur\/buanderie-arriere-cuisine\/#primaryimage"},"image":{"@id":"https:\/\/thekitchencompany.be\/fr\/amenagement-dinterieur\/buanderie-arriere-cuisine\/#primaryimage"},"thumbnailUrl":"https:\/\/thekitchencompany.be\/wp-content\/uploads\/2023\/09\/Buanderie_3-scaled.jpg","datePublished":"2023-05-16T12:59:59+00:00","dateModified":"2024-01-12T13:15:50+00:00","description":"Nous avons d\u00e9velopp\u00e9 une gamme de meubles pour buanderie et arri\u00e8re-cuisine afin d'optimiser vos espaces de rangements et de lavage","breadcrumb":{"@id":"https:\/\/thekitchencompany.be\/fr\/amenagement-dinterieur\/buanderie-arriere-cuisine\/#breadcrumb"},"inLanguage":"fr-FR","potentialAction":[{"@type":"ReadAction","target":["https:\/\/thekitchencompany.be\/fr\/amenagement-dinterieur\/buanderie-arriere-cuisine\/"]}]},{"@type":"ImageObject","inLanguage":"fr-FR","@id":"https:\/\/thekitchencompany.be\/fr\/amenagement-dinterieur\/buanderie-arriere-cuisine\/#primaryimage","url":"https:\/\/thekitchencompany.be\/wp-content\/uploads\/2023\/09\/Buanderie_3-scaled.jpg","contentUrl":"https:\/\/thekitchencompany.be\/wp-content\/uploads\/2023\/09\/Buanderie_3-scaled.jpg","width":2560,"height":1833,"caption":"Buanderie am\u00e9nagement rangement arri\u00e8re cuisine"},{"@type":"BreadcrumbList","@id":"https:\/\/thekitchencompany.be\/fr\/amenagement-dinterieur\/buanderie-arriere-cuisine\/#breadcrumb","itemListElement":[{"@type":"ListItem","position":1,"name":"Home","item":"https:\/\/thekitchencompany.be\/fr\/"},{"@type":"ListItem","position":2,"name":"Am\u00e9nagement d&rsquo;int\u00e9rieur","item":"https:\/\/thekitchencompany.be\/fr\/amenagement-dinterieur\/"},{"@type":"ListItem","position":3,"name":"Buanderie"}]},{"@type":"WebSite","@id":"https:\/\/thekitchencompany.be\/fr\/#website","url":"https:\/\/thekitchencompany.be\/fr\/","name":"The Kitchen Company","description":"Un service sur mesure pour les promoteurs immobiliers","potentialAction":[{"@type":"SearchAction","target":{"@type":"EntryPoint","urlTemplate":"https:\/\/thekitchencompany.be\/fr\/?s={search_term_string}"},"query-input":{"@type":"PropertyValueSpecification","valueRequired":true,"valueName":"search_term_string"}}],"inLanguage":"fr-FR"}]}},"_links":{"self":[{"href":"https:\/\/thekitchencompany.be\/fr\/wp-json\/wp\/v2\/pages\/3078","targetHints":{"allow":["GET"]}}],"collection":[{"href":"https:\/\/thekitchencompany.be\/fr\/wp-json\/wp\/v2\/pages"}],"about":[{"href":"https:\/\/thekitchencompany.be\/fr\/wp-json\/wp\/v2\/types\/page"}],"author":[{"embeddable":true,"href":"https:\/\/thekitchencompany.be\/fr\/wp-json\/wp\/v2\/users\/6"}],"replies":[{"embeddable":true,"href":"https:\/\/thekitchencompany.be\/fr\/wp-json\/wp\/v2\/comments?post=3078"}],"version-history":[{"count":1,"href":"https:\/\/thekitchencompany.be\/fr\/wp-json\/wp\/v2\/pages\/3078\/revisions"}],"predecessor-version":[{"id":6965,"href":"https:\/\/thekitchencompany.be\/fr\/wp-json\/wp\/v2\/pages\/3078\/revisions\/6965"}],"up":[{"embeddable":true,"href":"https:\/\/thekitchencompany.be\/fr\/wp-json\/wp\/v2\/pages\/3071"}],"wp:featuredmedia":[{"embeddable":true,"href":"https:\/\/thekitchencompany.be\/fr\/wp-json\/wp\/v2\/media\/4715"}],"wp:attachment":[{"href":"https:\/\/thekitchencompany.be\/fr\/wp-json\/wp\/v2\/media?parent=3078"}],"curies":[{"name":"wp","href":"https:\/\/api.w.org\/{rel}","templated":true}]}}