{"id":3099,"date":"2023-05-16T15:17:24","date_gmt":"2023-05-16T13:17:24","guid":{"rendered":"https:\/\/thekitchencompany.be\/?page_id=3099"},"modified":"2024-01-12T14:16:09","modified_gmt":"2024-01-12T13:16:09","slug":"meubles-de-television","status":"publish","type":"page","link":"https:\/\/thekitchencompany.be\/fr\/amenagement-dinterieur\/meubles-de-television\/","title":{"rendered":"Meubles TV"},"content":{"rendered":"\n<article class=\"wp-block-fidelo-image-text col-md-12\"><div class=\"row mediatext-wrap\" alignment=\"right\"><div class=\"col-md-6 bg\" theme=\"bg-3\">\n<h2 class=\"wp-block-heading\">Harmonie et praticit\u00e9<\/h2>\n\n\n\n<p>Chez The Kitchen Company, nous comprenons l&rsquo;importance de fusionner le style et la fonctionnalit\u00e9 dans le salon. Ce dernier est l&rsquo;une des pi\u00e8ces o\u00f9 les proches se r\u00e9unissent pour partager des moments inoubliables, c&rsquo;est pour cela que son am\u00e9nagement revet une importance particuli\u00e8re. Dans cette optique, nous avons cr\u00e9\u00e9 une gamme de meubles TV qui r\u00e9pondent \u00e0 des besoins esth\u00e9tique et pratique. Si les \u00e9crans plats sont devenus des objets <em>design<\/em>, choisir l&rsquo;un de nos nombreux meubles de t\u00e9l\u00e9vision permettra de le mettre en valeur encore un peu plus. A n&rsquo;en pas douter , cette touche permettra \u00e0 vos clients de se projeter pleinement dans l&rsquo;acquisition de vos biens.<\/p>\n<\/div><div class=\"col-md-6 image\"><img decoding=\"async\" src=\"https:\/\/thekitchencompany.be\/wp-content\/uploads\/2023\/09\/amenagement_interieur_TV_vert_2-scaled.jpeg\"\/><\/div><\/div><\/article>\n\n\n\n<article class=\"wp-block-fidelo-image-text col-md-12\"><div class=\"row mediatext-wrap\" alignment=\"left\"><div class=\"col-md-6 bg\" theme=\"bg-2\">\n<h2 class=\"wp-block-heading\">Modularit\u00e9 et cr\u00e9ativit\u00e9<\/h2>\n\n\n\n<p>Nos meubles TV sont pens\u00e9s afin d&rsquo;offrir une infinie modularit\u00e9. Hauteur, profondeur, largeur, pr\u00e9sence de pied ou de poign\u00e9e, de portes ou tiroirs, coloris et finitions, laissez libre cours \u00e0 votre imagination et vos envies.<\/p>\n\n\n\n<p>Gr\u00e2ce \u00e0 ces nombreuses possibilit\u00e9s, vous pourrez conserver une coh\u00e9rence entre les diff\u00e9rentes pi\u00e8ces de votre projet immobilier.<\/p>\n<\/div><div class=\"col-md-6 image\"><img decoding=\"async\" src=\"https:\/\/thekitchencompany.be\/wp-content\/uploads\/2023\/09\/amenagement_interieur_TV_bois-scaled.jpg\"\/><\/div><\/div><\/article>\n\n\n\n<article class=\"wp-block-fidelo-image-text col-md-12\"><div class=\"row mediatext-wrap\" alignment=\"right\"><div class=\"col-md-6 bg\" theme=\"bg-1\">\n<h2 class=\"wp-block-heading\">L&rsquo;apport de nos architectes d&rsquo;int\u00e9rieur<\/h2>\n\n\n\n<p>Pour chaque projet, nos architectes d&rsquo;int\u00e9rieur tiendront compte de nombreux \u00e9l\u00e9ments afin de proposer un am\u00e9nagement d&rsquo;int\u00e9rieur optimal et \u00e9rgonomique. <\/p>\n\n\n\n<p>Cela se traduira, par exemple, par le placement des meubles TV \u00e0 une hauteur ad\u00e9quate afin de r\u00e9duire la fatigue oculaire mais \u00e9galement cervicale. Dans ces conditions, nous offrirons un service complet \u00e0 vos clients qui pourront, une fois qu&rsquo;ils auront emm\u00e9nag\u00e9, profiter pleinement de leurs programmes pr\u00e9f\u00e9r\u00e9s.<\/p>\n\n\n\n<hr class=\"wp-block-separator has-alpha-channel-opacity\"\/>\n\n\n\n<p>Vous \u00eates \u00e0 la recherche d&rsquo;<strong>un partenaire <\/strong>de choix <a href=\"https:\/\/thekitchencompany.be\/fr\/promoteurs\/\"><u>sp\u00e9cialis\u00e9 dans la promotion immobili\u00e8re<\/u><\/a> pour l&rsquo;am\u00e9nagement d&rsquo;int\u00e9rieur de vos projets ? Prenez rendez-vous en ligne &nbsp;ou <a href=\"https:\/\/thekitchencompany.be\/fr\/qui-sommes-nous\/contact\/\"><u>contactez-nous<\/u><\/a> via notre formulaire de contact.<\/p>\n\n\n\n<p>D\u00e9couvrez aussi&nbsp;:<\/p>\n\n\n\n<ul class=\"wp-block-list\">\n<li><a href=\"https:\/\/thekitchencompany.be\/fr\/amenagement-dinterieur\/buanderie-arriere-cuisine\/\">Nos buanderies<\/a><\/li>\n\n\n\n<li><a href=\"https:\/\/thekitchencompany.be\/fr\/amenagement-dinterieur\/bureau\/\">Nos bureaux<\/a><\/li>\n\n\n\n<li><a href=\"https:\/\/thekitchencompany.be\/fr\/placards-et-dressings\/\">Nos placards et dressings<\/a><\/li>\n\n\n\n<li><a href=\"https:\/\/thekitchencompany.be\/fr\/amenagement-dinterieur\/salle-de-bain\/\">Nos salles de bains<\/a><\/li>\n\n\n\n<li><a href=\"https:\/\/thekitchencompany.be\/fr\/amenagement-dinterieur\/salle-a-manger\/\">Nos salles \u00e0 manger<\/a><\/li>\n<\/ul>\n<\/div><div class=\"col-md-6 image\"><img decoding=\"async\" src=\"https:\/\/thekitchencompany.be\/wp-content\/uploads\/2023\/09\/amenagement_interieur_TV_gris_cote-scaled.jpeg\"\/><\/div><\/div><\/article>\n","protected":false},"excerpt":{"rendered":"","protected":false},"author":6,"featured_media":4572,"parent":3071,"menu_order":0,"comment_status":"closed","ping_status":"closed","template":"","meta":{"keyline":"Sp\u00e9cialistes de la conception de cuisines \u00e0 l\u2019origine depuis plus de 25 ans, nous avons \u00e9largi notre gamme de meubles de t\u00e9l\u00e9vision.","googlemap":"","footnotes":""},"class_list":["post-3099","page","type-page","status-publish","has-post-thumbnail","hentry"],"yoast_head":"<!-- This site is optimized with the Yoast SEO plugin v27.5 - https:\/\/yoast.com\/product\/yoast-seo-wordpress\/ -->\n<title>Meubles TV | The Kitchen Company<\/title>\n<meta name=\"description\" content=\"Nous avons d\u00e9velopp\u00e9 une gamme de meubles TV afin de mettre en valeur votre salon et de pouvoir profiter de vos programmes favoris\" \/>\n<meta name=\"robots\" content=\"index, follow, max-snippet:-1, max-image-preview:large, max-video-preview:-1\" \/>\n<link rel=\"canonical\" href=\"https:\/\/thekitchencompany.be\/fr\/amenagement-dinterieur\/meubles-de-television\/\" \/>\n<meta property=\"og:locale\" content=\"fr_FR\" \/>\n<meta property=\"og:type\" content=\"article\" \/>\n<meta property=\"og:title\" content=\"Meubles TV | The Kitchen Company\" \/>\n<meta property=\"og:description\" content=\"Nous avons d\u00e9velopp\u00e9 une gamme de meubles TV afin de mettre en valeur votre salon et de pouvoir profiter de vos programmes favoris\" \/>\n<meta property=\"og:url\" content=\"https:\/\/thekitchencompany.be\/fr\/amenagement-dinterieur\/meubles-de-television\/\" \/>\n<meta property=\"og:site_name\" content=\"The Kitchen Company\" \/>\n<meta property=\"article:modified_time\" content=\"2024-01-12T13:16:09+00:00\" \/>\n<meta property=\"og:image\" content=\"https:\/\/thekitchencompany.be\/wp-content\/uploads\/2023\/09\/amenagement_interieur_TV_gris-scaled.jpeg\" \/>\n\t<meta property=\"og:image:width\" content=\"2560\" \/>\n\t<meta property=\"og:image:height\" content=\"1810\" \/>\n\t<meta property=\"og:image:type\" content=\"image\/jpeg\" \/>\n<meta name=\"twitter:card\" content=\"summary_large_image\" \/>\n<meta name=\"twitter:label1\" content=\"Dur\u00e9e de lecture estim\u00e9e\" \/>\n\t<meta name=\"twitter:data1\" content=\"3 minutes\" \/>\n<script type=\"application\/ld+json\" class=\"yoast-schema-graph\">{\"@context\":\"https:\\\/\\\/schema.org\",\"@graph\":[{\"@type\":\"WebPage\",\"@id\":\"https:\\\/\\\/thekitchencompany.be\\\/fr\\\/amenagement-dinterieur\\\/meubles-de-television\\\/\",\"url\":\"https:\\\/\\\/thekitchencompany.be\\\/fr\\\/amenagement-dinterieur\\\/meubles-de-television\\\/\",\"name\":\"Meubles TV | The Kitchen Company\",\"isPartOf\":{\"@id\":\"https:\\\/\\\/thekitchencompany.be\\\/fr\\\/#website\"},\"primaryImageOfPage\":{\"@id\":\"https:\\\/\\\/thekitchencompany.be\\\/fr\\\/amenagement-dinterieur\\\/meubles-de-television\\\/#primaryimage\"},\"image\":{\"@id\":\"https:\\\/\\\/thekitchencompany.be\\\/fr\\\/amenagement-dinterieur\\\/meubles-de-television\\\/#primaryimage\"},\"thumbnailUrl\":\"https:\\\/\\\/thekitchencompany.be\\\/wp-content\\\/uploads\\\/2023\\\/09\\\/amenagement_interieur_TV_gris-scaled.jpeg\",\"datePublished\":\"2023-05-16T13:17:24+00:00\",\"dateModified\":\"2024-01-12T13:16:09+00:00\",\"description\":\"Nous avons d\u00e9velopp\u00e9 une gamme de meubles TV afin de mettre en valeur votre salon et de pouvoir profiter de vos programmes favoris\",\"breadcrumb\":{\"@id\":\"https:\\\/\\\/thekitchencompany.be\\\/fr\\\/amenagement-dinterieur\\\/meubles-de-television\\\/#breadcrumb\"},\"inLanguage\":\"fr-FR\",\"potentialAction\":[{\"@type\":\"ReadAction\",\"target\":[\"https:\\\/\\\/thekitchencompany.be\\\/fr\\\/amenagement-dinterieur\\\/meubles-de-television\\\/\"]}]},{\"@type\":\"ImageObject\",\"inLanguage\":\"fr-FR\",\"@id\":\"https:\\\/\\\/thekitchencompany.be\\\/fr\\\/amenagement-dinterieur\\\/meubles-de-television\\\/#primaryimage\",\"url\":\"https:\\\/\\\/thekitchencompany.be\\\/wp-content\\\/uploads\\\/2023\\\/09\\\/amenagement_interieur_TV_gris-scaled.jpeg\",\"contentUrl\":\"https:\\\/\\\/thekitchencompany.be\\\/wp-content\\\/uploads\\\/2023\\\/09\\\/amenagement_interieur_TV_gris-scaled.jpeg\",\"width\":2560,\"height\":1810},{\"@type\":\"BreadcrumbList\",\"@id\":\"https:\\\/\\\/thekitchencompany.be\\\/fr\\\/amenagement-dinterieur\\\/meubles-de-television\\\/#breadcrumb\",\"itemListElement\":[{\"@type\":\"ListItem\",\"position\":1,\"name\":\"Home\",\"item\":\"https:\\\/\\\/thekitchencompany.be\\\/fr\\\/\"},{\"@type\":\"ListItem\",\"position\":2,\"name\":\"Am\u00e9nagement d&rsquo;int\u00e9rieur\",\"item\":\"https:\\\/\\\/thekitchencompany.be\\\/fr\\\/amenagement-dinterieur\\\/\"},{\"@type\":\"ListItem\",\"position\":3,\"name\":\"Meubles TV\"}]},{\"@type\":\"WebSite\",\"@id\":\"https:\\\/\\\/thekitchencompany.be\\\/fr\\\/#website\",\"url\":\"https:\\\/\\\/thekitchencompany.be\\\/fr\\\/\",\"name\":\"The Kitchen Company\",\"description\":\"Un service sur mesure pour les promoteurs immobiliers\",\"potentialAction\":[{\"@type\":\"SearchAction\",\"target\":{\"@type\":\"EntryPoint\",\"urlTemplate\":\"https:\\\/\\\/thekitchencompany.be\\\/fr\\\/?s={search_term_string}\"},\"query-input\":{\"@type\":\"PropertyValueSpecification\",\"valueRequired\":true,\"valueName\":\"search_term_string\"}}],\"inLanguage\":\"fr-FR\"}]}<\/script>\n<!-- \/ Yoast SEO plugin. -->","yoast_head_json":{"title":"Meubles TV | The Kitchen Company","description":"Nous avons d\u00e9velopp\u00e9 une gamme de meubles TV afin de mettre en valeur votre salon et de pouvoir profiter de vos programmes favoris","robots":{"index":"index","follow":"follow","max-snippet":"max-snippet:-1","max-image-preview":"max-image-preview:large","max-video-preview":"max-video-preview:-1"},"canonical":"https:\/\/thekitchencompany.be\/fr\/amenagement-dinterieur\/meubles-de-television\/","og_locale":"fr_FR","og_type":"article","og_title":"Meubles TV | The Kitchen Company","og_description":"Nous avons d\u00e9velopp\u00e9 une gamme de meubles TV afin de mettre en valeur votre salon et de pouvoir profiter de vos programmes favoris","og_url":"https:\/\/thekitchencompany.be\/fr\/amenagement-dinterieur\/meubles-de-television\/","og_site_name":"The Kitchen Company","article_modified_time":"2024-01-12T13:16:09+00:00","og_image":[{"width":2560,"height":1810,"url":"https:\/\/thekitchencompany.be\/wp-content\/uploads\/2023\/09\/amenagement_interieur_TV_gris-scaled.jpeg","type":"image\/jpeg"}],"twitter_card":"summary_large_image","twitter_misc":{"Dur\u00e9e de lecture estim\u00e9e":"3 minutes"},"schema":{"@context":"https:\/\/schema.org","@graph":[{"@type":"WebPage","@id":"https:\/\/thekitchencompany.be\/fr\/amenagement-dinterieur\/meubles-de-television\/","url":"https:\/\/thekitchencompany.be\/fr\/amenagement-dinterieur\/meubles-de-television\/","name":"Meubles TV | The Kitchen Company","isPartOf":{"@id":"https:\/\/thekitchencompany.be\/fr\/#website"},"primaryImageOfPage":{"@id":"https:\/\/thekitchencompany.be\/fr\/amenagement-dinterieur\/meubles-de-television\/#primaryimage"},"image":{"@id":"https:\/\/thekitchencompany.be\/fr\/amenagement-dinterieur\/meubles-de-television\/#primaryimage"},"thumbnailUrl":"https:\/\/thekitchencompany.be\/wp-content\/uploads\/2023\/09\/amenagement_interieur_TV_gris-scaled.jpeg","datePublished":"2023-05-16T13:17:24+00:00","dateModified":"2024-01-12T13:16:09+00:00","description":"Nous avons d\u00e9velopp\u00e9 une gamme de meubles TV afin de mettre en valeur votre salon et de pouvoir profiter de vos programmes favoris","breadcrumb":{"@id":"https:\/\/thekitchencompany.be\/fr\/amenagement-dinterieur\/meubles-de-television\/#breadcrumb"},"inLanguage":"fr-FR","potentialAction":[{"@type":"ReadAction","target":["https:\/\/thekitchencompany.be\/fr\/amenagement-dinterieur\/meubles-de-television\/"]}]},{"@type":"ImageObject","inLanguage":"fr-FR","@id":"https:\/\/thekitchencompany.be\/fr\/amenagement-dinterieur\/meubles-de-television\/#primaryimage","url":"https:\/\/thekitchencompany.be\/wp-content\/uploads\/2023\/09\/amenagement_interieur_TV_gris-scaled.jpeg","contentUrl":"https:\/\/thekitchencompany.be\/wp-content\/uploads\/2023\/09\/amenagement_interieur_TV_gris-scaled.jpeg","width":2560,"height":1810},{"@type":"BreadcrumbList","@id":"https:\/\/thekitchencompany.be\/fr\/amenagement-dinterieur\/meubles-de-television\/#breadcrumb","itemListElement":[{"@type":"ListItem","position":1,"name":"Home","item":"https:\/\/thekitchencompany.be\/fr\/"},{"@type":"ListItem","position":2,"name":"Am\u00e9nagement d&rsquo;int\u00e9rieur","item":"https:\/\/thekitchencompany.be\/fr\/amenagement-dinterieur\/"},{"@type":"ListItem","position":3,"name":"Meubles TV"}]},{"@type":"WebSite","@id":"https:\/\/thekitchencompany.be\/fr\/#website","url":"https:\/\/thekitchencompany.be\/fr\/","name":"The Kitchen Company","description":"Un service sur mesure pour les promoteurs immobiliers","potentialAction":[{"@type":"SearchAction","target":{"@type":"EntryPoint","urlTemplate":"https:\/\/thekitchencompany.be\/fr\/?s={search_term_string}"},"query-input":{"@type":"PropertyValueSpecification","valueRequired":true,"valueName":"search_term_string"}}],"inLanguage":"fr-FR"}]}},"_links":{"self":[{"href":"https:\/\/thekitchencompany.be\/fr\/wp-json\/wp\/v2\/pages\/3099","targetHints":{"allow":["GET"]}}],"collection":[{"href":"https:\/\/thekitchencompany.be\/fr\/wp-json\/wp\/v2\/pages"}],"about":[{"href":"https:\/\/thekitchencompany.be\/fr\/wp-json\/wp\/v2\/types\/page"}],"author":[{"embeddable":true,"href":"https:\/\/thekitchencompany.be\/fr\/wp-json\/wp\/v2\/users\/6"}],"replies":[{"embeddable":true,"href":"https:\/\/thekitchencompany.be\/fr\/wp-json\/wp\/v2\/comments?post=3099"}],"version-history":[{"count":1,"href":"https:\/\/thekitchencompany.be\/fr\/wp-json\/wp\/v2\/pages\/3099\/revisions"}],"predecessor-version":[{"id":6967,"href":"https:\/\/thekitchencompany.be\/fr\/wp-json\/wp\/v2\/pages\/3099\/revisions\/6967"}],"up":[{"embeddable":true,"href":"https:\/\/thekitchencompany.be\/fr\/wp-json\/wp\/v2\/pages\/3071"}],"wp:featuredmedia":[{"embeddable":true,"href":"https:\/\/thekitchencompany.be\/fr\/wp-json\/wp\/v2\/media\/4572"}],"wp:attachment":[{"href":"https:\/\/thekitchencompany.be\/fr\/wp-json\/wp\/v2\/media?parent=3099"}],"curies":[{"name":"wp","href":"https:\/\/api.w.org\/{rel}","templated":true}]}}