{"id":3106,"date":"2023-05-16T15:20:50","date_gmt":"2023-05-16T13:20:50","guid":{"rendered":"https:\/\/thekitchencompany.be\/?page_id=3106"},"modified":"2024-01-12T14:16:26","modified_gmt":"2024-01-12T13:16:26","slug":"salle-a-manger","status":"publish","type":"page","link":"https:\/\/thekitchencompany.be\/fr\/amenagement-dinterieur\/salle-a-manger\/","title":{"rendered":"Salle \u00e0 manger"},"content":{"rendered":"\n<article class=\"wp-block-fidelo-image-text col-md-12\"><div class=\"row mediatext-wrap\" alignment=\"right\"><div class=\"col-md-6 bg\" theme=\"bg-3\">\n<h2 class=\"wp-block-heading\">Ergonomie et rangement<\/h2>\n\n\n\n<p>La salle \u00e0 manger est un haut lieu de partage et de moments conviviaux. Afin de pr\u00e9server ces aspects, nous avons con\u00e7u une s\u00e9rie de meubles qui habilleront les espaces de vie de vos projets immobiliers. Etant une prolongation naturelle de la cuisine, nous vous proposons de s\u00e9lectionner une s\u00e9rie de finitions qui permettront de souligner pleinement cette filiation.<\/p>\n\n\n\n<p>Les espaces plus exigus ne sont d&rsquo;ailleurs pas en reste. Gr\u00e2ce \u00e0 de belles solutions de rangement, le manque d\u2019espace n&rsquo;est plus un frein \u00e0 l&rsquo;am\u00e9nagement d&rsquo;int\u00e9rieur. Vous souhaitez un grand buffet, mais l&rsquo;espace fait d\u00e9faut ? Nous avons con\u00e7u des meubles en privil\u00e9giant la hauteur \u00e0 la profondeur afin de conserver une circulation ais\u00e9e au sein de la pi\u00e8ce.<\/p>\n<\/div><div class=\"col-md-6 image\"><img decoding=\"async\" src=\"https:\/\/thekitchencompany.be\/wp-content\/uploads\/2023\/09\/amenagement_interieur_living_vert-scaled.jpg\"\/><\/div><\/div><\/article>\n\n\n\n<article class=\"wp-block-fidelo-image-text col-md-12\"><div class=\"row mediatext-wrap\" alignment=\"left\"><div class=\"col-md-6 bg\" theme=\"bg-2\">\n<h2 class=\"wp-block-heading\">Accessoires et verticalit\u00e9<\/h2>\n\n\n\n<p>Afin de ne pas allourdir votre pi\u00e8ce, nous vous proposons diff\u00e9rents accessoires qui accompagneront votre s\u00e9lection de meubles. Nos architectes d&rsquo;int\u00e9rieur concevrons et vous pr\u00e9senterons des solutions a\u00e9r\u00e9es et pratiques afin de maximiser vos espaces de rangement tout en conservant une certaine l\u00e9g\u00e9ret\u00e9.<\/p>\n<\/div><div class=\"col-md-6 image\"><img decoding=\"async\" src=\"https:\/\/thekitchencompany.be\/wp-content\/uploads\/2023\/09\/amenagement_interieur_salle_manger_suspendu_bois-scaled.jpg\"\/><\/div><\/div><\/article>\n\n\n\n<article class=\"wp-block-fidelo-image-text col-md-12\"><div class=\"row mediatext-wrap\" alignment=\"right\"><div class=\"col-md-6 bg\" theme=\"bg-1\">\n<h2 class=\"wp-block-heading\">Osez les m\u00e9langes<\/h2>\n\n\n\n<p>Tout comme pour nos <a href=\"https:\/\/thekitchencompany.be\/fr\/cuisines\/\">cuisines<\/a>, nous avons s\u00e9lectionn\u00e9 les fa\u00e7ades, meubles et coloris qui vous offrent d\u2019<strong>infinies possibilit\u00e9s<\/strong>. En partant de vos besoins, nous vous accompagnerons afin de vous pr\u00e9senter l&rsquo;am\u00e9nagement qui r\u00e9pondra \u00e0 la vision de votre projet immobilier et \u00e0 celles de vos clients.<\/p>\n\n\n\n<hr class=\"wp-block-separator has-alpha-channel-opacity\"\/>\n\n\n\n<p>Vous \u00eates \u00e0 la recherche d&rsquo;<strong>un partenaire <\/strong>de choix <a href=\"https:\/\/thekitchencompany.be\/fr\/promoteurs\/\"><u>sp\u00e9cialis\u00e9 dans la promotion immobili\u00e8re<\/u><\/a> pour l&rsquo;am\u00e9nagement d&rsquo;int\u00e9rieur de vos projets ? Prenez rendez-vous en ligne &nbsp;ou <a href=\"https:\/\/thekitchencompany.be\/fr\/qui-sommes-nous\/contact\/\"><u>contactez-nous<\/u><\/a> via notre formulaire de contact.<\/p>\n\n\n\n<p>D\u00e9couvrez aussi&nbsp;:<\/p>\n\n\n\n<ul class=\"wp-block-list\">\n<li><a href=\"https:\/\/thekitchencompany.be\/fr\/amenagement-dinterieur\/buanderie-arriere-cuisine\/\">Nos buanderies<\/a><\/li>\n\n\n\n<li><a href=\"https:\/\/thekitchencompany.be\/fr\/amenagement-dinterieur\/bureau\/\">Nos bureaux<\/a><\/li>\n\n\n\n<li><a href=\"https:\/\/thekitchencompany.be\/fr\/amenagement-dinterieur\/meubles-de-television\/\">Nos meubles TV<\/a><\/li>\n\n\n\n<li><a href=\"https:\/\/thekitchencompany.be\/fr\/placards-et-dressings\/\">Nos placards et dressings<\/a><\/li>\n\n\n\n<li><a href=\"https:\/\/thekitchencompany.be\/fr\/amenagement-dinterieur\/salle-de-bain\/\">Nos salles de bains<\/a><\/li>\n<\/ul>\n<\/div><div class=\"col-md-6 image\"><img decoding=\"async\" src=\"https:\/\/thekitchencompany.be\/wp-content\/uploads\/2023\/09\/amenagement_interieur_salle_amgner_suspendu_vitre-scaled.jpg\"\/><\/div><\/div><\/article>\n","protected":false},"excerpt":{"rendered":"","protected":false},"author":6,"featured_media":4626,"parent":3071,"menu_order":0,"comment_status":"closed","ping_status":"closed","template":"","meta":{"keyline":"Sp\u00e9cialistes de la conception de cuisines \u00e0 l\u2019origine depuis plus de 25 ans, nous avons \u00e9largi notre gamme \u00e0 l'am\u00e9nagement de salles \u00e0 manger.","googlemap":"","footnotes":""},"class_list":["post-3106","page","type-page","status-publish","has-post-thumbnail","hentry"],"yoast_head":"<!-- This site is optimized with the Yoast SEO plugin v27.3 - https:\/\/yoast.com\/product\/yoast-seo-wordpress\/ -->\n<title>Salle \u00e0 manger | The Kitchen Company<\/title>\n<meta name=\"description\" content=\"Nous avons d\u00e9velopp\u00e9 une gamme de meubles pour salle \u00e0 manger afin de pouvoir am\u00e9nager votre espace de mani\u00e8re optimale\" \/>\n<meta name=\"robots\" content=\"index, follow, max-snippet:-1, max-image-preview:large, max-video-preview:-1\" \/>\n<link rel=\"canonical\" href=\"https:\/\/thekitchencompany.be\/fr\/amenagement-dinterieur\/salle-a-manger\/\" \/>\n<meta property=\"og:locale\" content=\"fr_FR\" \/>\n<meta property=\"og:type\" content=\"article\" \/>\n<meta property=\"og:title\" content=\"Salle \u00e0 manger | The Kitchen Company\" \/>\n<meta property=\"og:description\" content=\"Nous avons d\u00e9velopp\u00e9 une gamme de meubles pour salle \u00e0 manger afin de pouvoir am\u00e9nager votre espace de mani\u00e8re optimale\" \/>\n<meta property=\"og:url\" content=\"https:\/\/thekitchencompany.be\/fr\/amenagement-dinterieur\/salle-a-manger\/\" \/>\n<meta property=\"og:site_name\" content=\"The Kitchen Company\" \/>\n<meta property=\"article:modified_time\" content=\"2024-01-12T13:16:26+00:00\" \/>\n<meta property=\"og:image\" content=\"https:\/\/thekitchencompany.be\/wp-content\/uploads\/2023\/09\/amenagement_interieur_salle-a-manger-scaled.jpg\" \/>\n\t<meta property=\"og:image:width\" content=\"2560\" \/>\n\t<meta property=\"og:image:height\" content=\"1792\" \/>\n\t<meta property=\"og:image:type\" content=\"image\/jpeg\" \/>\n<meta name=\"twitter:card\" content=\"summary_large_image\" \/>\n<meta name=\"twitter:label1\" content=\"Dur\u00e9e de lecture estim\u00e9e\" \/>\n\t<meta name=\"twitter:data1\" content=\"3 minutes\" \/>\n<script type=\"application\/ld+json\" class=\"yoast-schema-graph\">{\"@context\":\"https:\\\/\\\/schema.org\",\"@graph\":[{\"@type\":\"WebPage\",\"@id\":\"https:\\\/\\\/thekitchencompany.be\\\/fr\\\/amenagement-dinterieur\\\/salle-a-manger\\\/\",\"url\":\"https:\\\/\\\/thekitchencompany.be\\\/fr\\\/amenagement-dinterieur\\\/salle-a-manger\\\/\",\"name\":\"Salle \u00e0 manger | The Kitchen Company\",\"isPartOf\":{\"@id\":\"https:\\\/\\\/thekitchencompany.be\\\/fr\\\/#website\"},\"primaryImageOfPage\":{\"@id\":\"https:\\\/\\\/thekitchencompany.be\\\/fr\\\/amenagement-dinterieur\\\/salle-a-manger\\\/#primaryimage\"},\"image\":{\"@id\":\"https:\\\/\\\/thekitchencompany.be\\\/fr\\\/amenagement-dinterieur\\\/salle-a-manger\\\/#primaryimage\"},\"thumbnailUrl\":\"https:\\\/\\\/thekitchencompany.be\\\/wp-content\\\/uploads\\\/2023\\\/09\\\/amenagement_interieur_salle-a-manger-scaled.jpg\",\"datePublished\":\"2023-05-16T13:20:50+00:00\",\"dateModified\":\"2024-01-12T13:16:26+00:00\",\"description\":\"Nous avons d\u00e9velopp\u00e9 une gamme de meubles pour salle \u00e0 manger afin de pouvoir am\u00e9nager votre espace de mani\u00e8re optimale\",\"breadcrumb\":{\"@id\":\"https:\\\/\\\/thekitchencompany.be\\\/fr\\\/amenagement-dinterieur\\\/salle-a-manger\\\/#breadcrumb\"},\"inLanguage\":\"fr-FR\",\"potentialAction\":[{\"@type\":\"ReadAction\",\"target\":[\"https:\\\/\\\/thekitchencompany.be\\\/fr\\\/amenagement-dinterieur\\\/salle-a-manger\\\/\"]}]},{\"@type\":\"ImageObject\",\"inLanguage\":\"fr-FR\",\"@id\":\"https:\\\/\\\/thekitchencompany.be\\\/fr\\\/amenagement-dinterieur\\\/salle-a-manger\\\/#primaryimage\",\"url\":\"https:\\\/\\\/thekitchencompany.be\\\/wp-content\\\/uploads\\\/2023\\\/09\\\/amenagement_interieur_salle-a-manger-scaled.jpg\",\"contentUrl\":\"https:\\\/\\\/thekitchencompany.be\\\/wp-content\\\/uploads\\\/2023\\\/09\\\/amenagement_interieur_salle-a-manger-scaled.jpg\",\"width\":2560,\"height\":1792,\"caption\":\"meuble salle \u00e0 manger suspendu blanc \u00e9tag\u00e8re\"},{\"@type\":\"BreadcrumbList\",\"@id\":\"https:\\\/\\\/thekitchencompany.be\\\/fr\\\/amenagement-dinterieur\\\/salle-a-manger\\\/#breadcrumb\",\"itemListElement\":[{\"@type\":\"ListItem\",\"position\":1,\"name\":\"Home\",\"item\":\"https:\\\/\\\/thekitchencompany.be\\\/fr\\\/\"},{\"@type\":\"ListItem\",\"position\":2,\"name\":\"Am\u00e9nagement d&rsquo;int\u00e9rieur\",\"item\":\"https:\\\/\\\/thekitchencompany.be\\\/fr\\\/amenagement-dinterieur\\\/\"},{\"@type\":\"ListItem\",\"position\":3,\"name\":\"Salle \u00e0 manger\"}]},{\"@type\":\"WebSite\",\"@id\":\"https:\\\/\\\/thekitchencompany.be\\\/fr\\\/#website\",\"url\":\"https:\\\/\\\/thekitchencompany.be\\\/fr\\\/\",\"name\":\"The Kitchen Company\",\"description\":\"Un service sur mesure pour les promoteurs immobiliers\",\"potentialAction\":[{\"@type\":\"SearchAction\",\"target\":{\"@type\":\"EntryPoint\",\"urlTemplate\":\"https:\\\/\\\/thekitchencompany.be\\\/fr\\\/?s={search_term_string}\"},\"query-input\":{\"@type\":\"PropertyValueSpecification\",\"valueRequired\":true,\"valueName\":\"search_term_string\"}}],\"inLanguage\":\"fr-FR\"}]}<\/script>\n<!-- \/ Yoast SEO plugin. -->","yoast_head_json":{"title":"Salle \u00e0 manger | The Kitchen Company","description":"Nous avons d\u00e9velopp\u00e9 une gamme de meubles pour salle \u00e0 manger afin de pouvoir am\u00e9nager votre espace de mani\u00e8re optimale","robots":{"index":"index","follow":"follow","max-snippet":"max-snippet:-1","max-image-preview":"max-image-preview:large","max-video-preview":"max-video-preview:-1"},"canonical":"https:\/\/thekitchencompany.be\/fr\/amenagement-dinterieur\/salle-a-manger\/","og_locale":"fr_FR","og_type":"article","og_title":"Salle \u00e0 manger | The Kitchen Company","og_description":"Nous avons d\u00e9velopp\u00e9 une gamme de meubles pour salle \u00e0 manger afin de pouvoir am\u00e9nager votre espace de mani\u00e8re optimale","og_url":"https:\/\/thekitchencompany.be\/fr\/amenagement-dinterieur\/salle-a-manger\/","og_site_name":"The Kitchen Company","article_modified_time":"2024-01-12T13:16:26+00:00","og_image":[{"width":2560,"height":1792,"url":"https:\/\/thekitchencompany.be\/wp-content\/uploads\/2023\/09\/amenagement_interieur_salle-a-manger-scaled.jpg","type":"image\/jpeg"}],"twitter_card":"summary_large_image","twitter_misc":{"Dur\u00e9e de lecture estim\u00e9e":"3 minutes"},"schema":{"@context":"https:\/\/schema.org","@graph":[{"@type":"WebPage","@id":"https:\/\/thekitchencompany.be\/fr\/amenagement-dinterieur\/salle-a-manger\/","url":"https:\/\/thekitchencompany.be\/fr\/amenagement-dinterieur\/salle-a-manger\/","name":"Salle \u00e0 manger | The Kitchen Company","isPartOf":{"@id":"https:\/\/thekitchencompany.be\/fr\/#website"},"primaryImageOfPage":{"@id":"https:\/\/thekitchencompany.be\/fr\/amenagement-dinterieur\/salle-a-manger\/#primaryimage"},"image":{"@id":"https:\/\/thekitchencompany.be\/fr\/amenagement-dinterieur\/salle-a-manger\/#primaryimage"},"thumbnailUrl":"https:\/\/thekitchencompany.be\/wp-content\/uploads\/2023\/09\/amenagement_interieur_salle-a-manger-scaled.jpg","datePublished":"2023-05-16T13:20:50+00:00","dateModified":"2024-01-12T13:16:26+00:00","description":"Nous avons d\u00e9velopp\u00e9 une gamme de meubles pour salle \u00e0 manger afin de pouvoir am\u00e9nager votre espace de mani\u00e8re optimale","breadcrumb":{"@id":"https:\/\/thekitchencompany.be\/fr\/amenagement-dinterieur\/salle-a-manger\/#breadcrumb"},"inLanguage":"fr-FR","potentialAction":[{"@type":"ReadAction","target":["https:\/\/thekitchencompany.be\/fr\/amenagement-dinterieur\/salle-a-manger\/"]}]},{"@type":"ImageObject","inLanguage":"fr-FR","@id":"https:\/\/thekitchencompany.be\/fr\/amenagement-dinterieur\/salle-a-manger\/#primaryimage","url":"https:\/\/thekitchencompany.be\/wp-content\/uploads\/2023\/09\/amenagement_interieur_salle-a-manger-scaled.jpg","contentUrl":"https:\/\/thekitchencompany.be\/wp-content\/uploads\/2023\/09\/amenagement_interieur_salle-a-manger-scaled.jpg","width":2560,"height":1792,"caption":"meuble salle \u00e0 manger suspendu blanc \u00e9tag\u00e8re"},{"@type":"BreadcrumbList","@id":"https:\/\/thekitchencompany.be\/fr\/amenagement-dinterieur\/salle-a-manger\/#breadcrumb","itemListElement":[{"@type":"ListItem","position":1,"name":"Home","item":"https:\/\/thekitchencompany.be\/fr\/"},{"@type":"ListItem","position":2,"name":"Am\u00e9nagement d&rsquo;int\u00e9rieur","item":"https:\/\/thekitchencompany.be\/fr\/amenagement-dinterieur\/"},{"@type":"ListItem","position":3,"name":"Salle \u00e0 manger"}]},{"@type":"WebSite","@id":"https:\/\/thekitchencompany.be\/fr\/#website","url":"https:\/\/thekitchencompany.be\/fr\/","name":"The Kitchen Company","description":"Un service sur mesure pour les promoteurs immobiliers","potentialAction":[{"@type":"SearchAction","target":{"@type":"EntryPoint","urlTemplate":"https:\/\/thekitchencompany.be\/fr\/?s={search_term_string}"},"query-input":{"@type":"PropertyValueSpecification","valueRequired":true,"valueName":"search_term_string"}}],"inLanguage":"fr-FR"}]}},"_links":{"self":[{"href":"https:\/\/thekitchencompany.be\/fr\/wp-json\/wp\/v2\/pages\/3106","targetHints":{"allow":["GET"]}}],"collection":[{"href":"https:\/\/thekitchencompany.be\/fr\/wp-json\/wp\/v2\/pages"}],"about":[{"href":"https:\/\/thekitchencompany.be\/fr\/wp-json\/wp\/v2\/types\/page"}],"author":[{"embeddable":true,"href":"https:\/\/thekitchencompany.be\/fr\/wp-json\/wp\/v2\/users\/6"}],"replies":[{"embeddable":true,"href":"https:\/\/thekitchencompany.be\/fr\/wp-json\/wp\/v2\/comments?post=3106"}],"version-history":[{"count":1,"href":"https:\/\/thekitchencompany.be\/fr\/wp-json\/wp\/v2\/pages\/3106\/revisions"}],"predecessor-version":[{"id":6969,"href":"https:\/\/thekitchencompany.be\/fr\/wp-json\/wp\/v2\/pages\/3106\/revisions\/6969"}],"up":[{"embeddable":true,"href":"https:\/\/thekitchencompany.be\/fr\/wp-json\/wp\/v2\/pages\/3071"}],"wp:featuredmedia":[{"embeddable":true,"href":"https:\/\/thekitchencompany.be\/fr\/wp-json\/wp\/v2\/media\/4626"}],"wp:attachment":[{"href":"https:\/\/thekitchencompany.be\/fr\/wp-json\/wp\/v2\/media?parent=3106"}],"curies":[{"name":"wp","href":"https:\/\/api.w.org\/{rel}","templated":true}]}}