{"id":628,"date":"2019-09-11T12:46:24","date_gmt":"2019-09-11T10:46:24","guid":{"rendered":"https:\/\/thekitchencompany.be\/?page_id=628"},"modified":"2021-10-15T15:56:32","modified_gmt":"2021-10-15T13:56:32","slug":"votre-demande-de-rendez-vous","status":"publish","type":"page","link":"https:\/\/thekitchencompany.be\/fr\/votre-demande-de-rendez-vous\/","title":{"rendered":"Votre demande de rendez-vous"},"content":{"rendered":"\n<div class=\"wp-block-tkc-tkc-block-large undefined col-md-12 bg-1\">\n<div class=\"wp-block-fidelo-fa-picker\"><svg xmlns=\"http:\/\/www.w3.org\/2000\/svg\" viewBox=\"0 0 512 512\"><path d=\"M435.848 83.466L172.804 346.51l-96.652-96.652c-4.686-4.686-12.284-4.686-16.971 0l-28.284 28.284c-4.686 4.686-4.686 12.284 0 16.971l133.421 133.421c4.686 4.686 12.284 4.686 16.971 0l299.813-299.813c4.686-4.686 4.686-12.284 0-16.971l-28.284-28.284c-4.686-4.686-12.284-4.686-16.97 0z\"><\/path><\/svg><\/div>\n\n\n\n<p>Merci pour votre demande de rendez-vous.<\/p>\n\n\n\n<p>Nous vous recontacterons tr\u00e8s prochainement afin de fixer ensemble votre rendez-vous avec un(e) de nos architectes d\u2019int\u00e9rieur, dans le showroom de votre choix.<\/p>\n<\/div>\n","protected":false},"excerpt":{"rendered":"","protected":false},"author":1,"featured_media":232,"parent":0,"menu_order":0,"comment_status":"closed","ping_status":"closed","template":"templates\/simple-page.php","meta":{"keyline":"","googlemap":"","footnotes":""},"class_list":["post-628","page","type-page","status-publish","has-post-thumbnail","hentry"],"yoast_head":"<!-- This site is optimized with the Yoast SEO plugin v27.4 - https:\/\/yoast.com\/product\/yoast-seo-wordpress\/ -->\n<title>Votre demande de rendez-vous - The Kitchen Company<\/title>\n<meta name=\"description\" content=\"Sp\u00e9cialis\u00e9 dans l\u2019am\u00e9nagement de cuisines et de placards pour la promotion immobili\u00e8re, nous vous accueillons dans notre showroom de Li\u00e8ge. Prenez rendez-vous !\" \/>\n<meta name=\"robots\" content=\"index, follow, max-snippet:-1, max-image-preview:large, max-video-preview:-1\" \/>\n<link rel=\"canonical\" href=\"https:\/\/thekitchencompany.be\/fr\/votre-demande-de-rendez-vous\/\" \/>\n<meta property=\"og:locale\" content=\"fr_FR\" \/>\n<meta property=\"og:type\" content=\"article\" \/>\n<meta property=\"og:title\" content=\"Votre demande de rendez-vous - The Kitchen Company\" \/>\n<meta property=\"og:description\" content=\"Sp\u00e9cialis\u00e9 dans l\u2019am\u00e9nagement de cuisines et de placards pour la promotion immobili\u00e8re, nous vous accueillons dans notre showroom de Li\u00e8ge. Prenez rendez-vous !\" \/>\n<meta property=\"og:url\" content=\"https:\/\/thekitchencompany.be\/fr\/votre-demande-de-rendez-vous\/\" \/>\n<meta property=\"og:site_name\" content=\"The Kitchen Company\" \/>\n<meta property=\"article:modified_time\" content=\"2021-10-15T13:56:32+00:00\" \/>\n<meta property=\"og:image\" content=\"https:\/\/thekitchencompany.be\/wp-content\/uploads\/2019\/08\/img-cover.jpg\" \/>\n\t<meta property=\"og:image:width\" content=\"1920\" \/>\n\t<meta property=\"og:image:height\" content=\"500\" \/>\n\t<meta property=\"og:image:type\" content=\"image\/jpeg\" \/>\n<meta name=\"twitter:card\" content=\"summary_large_image\" \/>\n<meta name=\"twitter:label1\" content=\"Dur\u00e9e de lecture estim\u00e9e\" \/>\n\t<meta name=\"twitter:data1\" content=\"1 minute\" \/>\n<script type=\"application\/ld+json\" class=\"yoast-schema-graph\">{\"@context\":\"https:\\\/\\\/schema.org\",\"@graph\":[{\"@type\":\"WebPage\",\"@id\":\"https:\\\/\\\/thekitchencompany.be\\\/fr\\\/votre-demande-de-rendez-vous\\\/\",\"url\":\"https:\\\/\\\/thekitchencompany.be\\\/fr\\\/votre-demande-de-rendez-vous\\\/\",\"name\":\"Votre demande de rendez-vous - The Kitchen Company\",\"isPartOf\":{\"@id\":\"https:\\\/\\\/thekitchencompany.be\\\/fr\\\/#website\"},\"primaryImageOfPage\":{\"@id\":\"https:\\\/\\\/thekitchencompany.be\\\/fr\\\/votre-demande-de-rendez-vous\\\/#primaryimage\"},\"image\":{\"@id\":\"https:\\\/\\\/thekitchencompany.be\\\/fr\\\/votre-demande-de-rendez-vous\\\/#primaryimage\"},\"thumbnailUrl\":\"https:\\\/\\\/thekitchencompany.be\\\/wp-content\\\/uploads\\\/2019\\\/08\\\/img-cover.jpg\",\"datePublished\":\"2019-09-11T10:46:24+00:00\",\"dateModified\":\"2021-10-15T13:56:32+00:00\",\"description\":\"Sp\u00e9cialis\u00e9 dans l\u2019am\u00e9nagement de cuisines et de placards pour la promotion immobili\u00e8re, nous vous accueillons dans notre showroom de Li\u00e8ge. Prenez rendez-vous !\",\"breadcrumb\":{\"@id\":\"https:\\\/\\\/thekitchencompany.be\\\/fr\\\/votre-demande-de-rendez-vous\\\/#breadcrumb\"},\"inLanguage\":\"fr-FR\",\"potentialAction\":[{\"@type\":\"ReadAction\",\"target\":[\"https:\\\/\\\/thekitchencompany.be\\\/fr\\\/votre-demande-de-rendez-vous\\\/\"]}]},{\"@type\":\"ImageObject\",\"inLanguage\":\"fr-FR\",\"@id\":\"https:\\\/\\\/thekitchencompany.be\\\/fr\\\/votre-demande-de-rendez-vous\\\/#primaryimage\",\"url\":\"https:\\\/\\\/thekitchencompany.be\\\/wp-content\\\/uploads\\\/2019\\\/08\\\/img-cover.jpg\",\"contentUrl\":\"https:\\\/\\\/thekitchencompany.be\\\/wp-content\\\/uploads\\\/2019\\\/08\\\/img-cover.jpg\",\"width\":1920,\"height\":500},{\"@type\":\"BreadcrumbList\",\"@id\":\"https:\\\/\\\/thekitchencompany.be\\\/fr\\\/votre-demande-de-rendez-vous\\\/#breadcrumb\",\"itemListElement\":[{\"@type\":\"ListItem\",\"position\":1,\"name\":\"Home\",\"item\":\"https:\\\/\\\/thekitchencompany.be\\\/fr\\\/\"},{\"@type\":\"ListItem\",\"position\":2,\"name\":\"Votre demande de rendez-vous\"}]},{\"@type\":\"WebSite\",\"@id\":\"https:\\\/\\\/thekitchencompany.be\\\/fr\\\/#website\",\"url\":\"https:\\\/\\\/thekitchencompany.be\\\/fr\\\/\",\"name\":\"The Kitchen Company\",\"description\":\"Un service sur mesure pour les promoteurs immobiliers\",\"potentialAction\":[{\"@type\":\"SearchAction\",\"target\":{\"@type\":\"EntryPoint\",\"urlTemplate\":\"https:\\\/\\\/thekitchencompany.be\\\/fr\\\/?s={search_term_string}\"},\"query-input\":{\"@type\":\"PropertyValueSpecification\",\"valueRequired\":true,\"valueName\":\"search_term_string\"}}],\"inLanguage\":\"fr-FR\"}]}<\/script>\n<!-- \/ Yoast SEO plugin. -->","yoast_head_json":{"title":"Votre demande de rendez-vous - The Kitchen Company","description":"Sp\u00e9cialis\u00e9 dans l\u2019am\u00e9nagement de cuisines et de placards pour la promotion immobili\u00e8re, nous vous accueillons dans notre showroom de Li\u00e8ge. Prenez rendez-vous !","robots":{"index":"index","follow":"follow","max-snippet":"max-snippet:-1","max-image-preview":"max-image-preview:large","max-video-preview":"max-video-preview:-1"},"canonical":"https:\/\/thekitchencompany.be\/fr\/votre-demande-de-rendez-vous\/","og_locale":"fr_FR","og_type":"article","og_title":"Votre demande de rendez-vous - The Kitchen Company","og_description":"Sp\u00e9cialis\u00e9 dans l\u2019am\u00e9nagement de cuisines et de placards pour la promotion immobili\u00e8re, nous vous accueillons dans notre showroom de Li\u00e8ge. Prenez rendez-vous !","og_url":"https:\/\/thekitchencompany.be\/fr\/votre-demande-de-rendez-vous\/","og_site_name":"The Kitchen Company","article_modified_time":"2021-10-15T13:56:32+00:00","og_image":[{"width":1920,"height":500,"url":"https:\/\/thekitchencompany.be\/wp-content\/uploads\/2019\/08\/img-cover.jpg","type":"image\/jpeg"}],"twitter_card":"summary_large_image","twitter_misc":{"Dur\u00e9e de lecture estim\u00e9e":"1 minute"},"schema":{"@context":"https:\/\/schema.org","@graph":[{"@type":"WebPage","@id":"https:\/\/thekitchencompany.be\/fr\/votre-demande-de-rendez-vous\/","url":"https:\/\/thekitchencompany.be\/fr\/votre-demande-de-rendez-vous\/","name":"Votre demande de rendez-vous - The Kitchen Company","isPartOf":{"@id":"https:\/\/thekitchencompany.be\/fr\/#website"},"primaryImageOfPage":{"@id":"https:\/\/thekitchencompany.be\/fr\/votre-demande-de-rendez-vous\/#primaryimage"},"image":{"@id":"https:\/\/thekitchencompany.be\/fr\/votre-demande-de-rendez-vous\/#primaryimage"},"thumbnailUrl":"https:\/\/thekitchencompany.be\/wp-content\/uploads\/2019\/08\/img-cover.jpg","datePublished":"2019-09-11T10:46:24+00:00","dateModified":"2021-10-15T13:56:32+00:00","description":"Sp\u00e9cialis\u00e9 dans l\u2019am\u00e9nagement de cuisines et de placards pour la promotion immobili\u00e8re, nous vous accueillons dans notre showroom de Li\u00e8ge. Prenez rendez-vous !","breadcrumb":{"@id":"https:\/\/thekitchencompany.be\/fr\/votre-demande-de-rendez-vous\/#breadcrumb"},"inLanguage":"fr-FR","potentialAction":[{"@type":"ReadAction","target":["https:\/\/thekitchencompany.be\/fr\/votre-demande-de-rendez-vous\/"]}]},{"@type":"ImageObject","inLanguage":"fr-FR","@id":"https:\/\/thekitchencompany.be\/fr\/votre-demande-de-rendez-vous\/#primaryimage","url":"https:\/\/thekitchencompany.be\/wp-content\/uploads\/2019\/08\/img-cover.jpg","contentUrl":"https:\/\/thekitchencompany.be\/wp-content\/uploads\/2019\/08\/img-cover.jpg","width":1920,"height":500},{"@type":"BreadcrumbList","@id":"https:\/\/thekitchencompany.be\/fr\/votre-demande-de-rendez-vous\/#breadcrumb","itemListElement":[{"@type":"ListItem","position":1,"name":"Home","item":"https:\/\/thekitchencompany.be\/fr\/"},{"@type":"ListItem","position":2,"name":"Votre demande de rendez-vous"}]},{"@type":"WebSite","@id":"https:\/\/thekitchencompany.be\/fr\/#website","url":"https:\/\/thekitchencompany.be\/fr\/","name":"The Kitchen Company","description":"Un service sur mesure pour les promoteurs immobiliers","potentialAction":[{"@type":"SearchAction","target":{"@type":"EntryPoint","urlTemplate":"https:\/\/thekitchencompany.be\/fr\/?s={search_term_string}"},"query-input":{"@type":"PropertyValueSpecification","valueRequired":true,"valueName":"search_term_string"}}],"inLanguage":"fr-FR"}]}},"_links":{"self":[{"href":"https:\/\/thekitchencompany.be\/fr\/wp-json\/wp\/v2\/pages\/628","targetHints":{"allow":["GET"]}}],"collection":[{"href":"https:\/\/thekitchencompany.be\/fr\/wp-json\/wp\/v2\/pages"}],"about":[{"href":"https:\/\/thekitchencompany.be\/fr\/wp-json\/wp\/v2\/types\/page"}],"author":[{"embeddable":true,"href":"https:\/\/thekitchencompany.be\/fr\/wp-json\/wp\/v2\/users\/1"}],"replies":[{"embeddable":true,"href":"https:\/\/thekitchencompany.be\/fr\/wp-json\/wp\/v2\/comments?post=628"}],"version-history":[{"count":0,"href":"https:\/\/thekitchencompany.be\/fr\/wp-json\/wp\/v2\/pages\/628\/revisions"}],"wp:featuredmedia":[{"embeddable":true,"href":"https:\/\/thekitchencompany.be\/fr\/wp-json\/wp\/v2\/media\/232"}],"wp:attachment":[{"href":"https:\/\/thekitchencompany.be\/fr\/wp-json\/wp\/v2\/media?parent=628"}],"curies":[{"name":"wp","href":"https:\/\/api.w.org\/{rel}","templated":true}]}}