{"id":6890,"date":"2024-01-08T15:21:25","date_gmt":"2024-01-08T14:21:25","guid":{"rendered":"https:\/\/thekitchencompany.be\/?page_id=6890"},"modified":"2024-01-08T15:29:51","modified_gmt":"2024-01-08T14:29:51","slug":"mentions-legales","status":"publish","type":"page","link":"https:\/\/thekitchencompany.be\/fr\/services-via-un-promoteur\/mentions-legales\/","title":{"rendered":"Mentions l\u00e9gales"},"content":{"rendered":"\n<div class=\"wp-block-tkc-tkc-block-large undefined col-md-12 bg-1\">\n<p>Les textes et illustrations figurant sur les sites <a href=\"http:\/\/www.thekitchencompany.be\">www.thekitchencompany.be<\/a>, <a href=\"http:\/\/www.thekitchencompany.eu\">www.thekitchencompany.eu<\/a> et <a href=\"http:\/\/www.thekitchencompany.lu\">www.thekitchencompany.lu<\/a> sont prot\u00e9g\u00e9s par des droits d\u2019auteurs et principes du droit de propri\u00e9t\u00e9 intellectuelle. Ils ne peuvent \u00eatre copi\u00e9s, modifi\u00e9s ou publi\u00e9s sous une quelconque forme sans l\u2019autorisation expresse de THE KITCHEN COMPANY SA.<\/p>\n\n\n\n<p>The Kitchen Company et son logo sont des noms et marques d\u00e9pos\u00e9s de THE KITCHEN COMPANY SA et sont prot\u00e9g\u00e9s par des lois nationales et internationales.<\/p>\n\n\n\n<p>THE KITCHEN COMPANY SA apporte un grand soin \u00e0 l\u2019exactitude et l\u2019exhaustivit\u00e9 des textes et illustrations pr\u00e9sents sur les sites <a href=\"http:\/\/www.thekitchencompany.be\">www.thekitchencompany.be<\/a>, <a href=\"http:\/\/www.thekitchencompany.eu\">www.thekitchencompany.eu<\/a> et <a href=\"http:\/\/www.thekitchencompany.lu\">www.thekitchencompany.lu<\/a>, mais ne peut \u00eatre tenu responsable de toute omission ou erreur dans ces informations. THE KITCHEN COMPANY SA ne peut en aucun cas \u00eatre tenu responsable des dommages \u00e9ventuels li\u00e9s \u00e0 l\u2019acc\u00e8s, la consultation ou l\u2019usage des informations pr\u00e9sentes sur <a href=\"http:\/\/www.thekitchencompany.be\">www.thekitchencompany.be<\/a>, <a href=\"http:\/\/www.thekitchencompany.eu\">www.thekitchencompany.eu<\/a>&nbsp; et <a href=\"http:\/\/www.thekitchencompany.lu\">www.thekitchencompany.lu<\/a> ou de leur indisponibilit\u00e9.<\/p>\n\n\n\n<p>Les \u00e9ventuels prix indiqu\u00e9s sur <a href=\"http:\/\/www.thekitchencompany.be\">www.thekitchencompany.be<\/a>, <a href=\"http:\/\/www.thekitchencompany.eu\">www.thekitchencompany.eu<\/a>&nbsp; et <a href=\"http:\/\/www.thekitchencompany.lu\">www.thekitchencompany.lu<\/a> ont une valeur indicative et ne comportent aucun engagement de la part de THE KITCHEN COMPANY SA. Les textes et illustrations d\u00e9crivant un produit ne sont pas contractuels.<\/p>\n\n\n\n<p>Autorit\u00e9 de surveillance : Service Public F\u00e9d\u00e9ral Economie, PME, Classes Moyennes et Energie, Inspection Economique, Boulevard Albert II, 16, 1000 Bruxelles.<\/p>\n<\/div>\n","protected":false},"excerpt":{"rendered":"","protected":false},"author":6,"featured_media":232,"parent":2444,"menu_order":0,"comment_status":"closed","ping_status":"closed","template":"","meta":{"keyline":"","googlemap":"","footnotes":""},"class_list":["post-6890","page","type-page","status-publish","has-post-thumbnail","hentry"],"yoast_head":"<!-- This site is optimized with the Yoast SEO plugin v27.3 - https:\/\/yoast.com\/product\/yoast-seo-wordpress\/ -->\n<title>Mentions l\u00e9gales - The Kitchen Company<\/title>\n<meta name=\"description\" content=\"Mentions l\u00e9gales\" \/>\n<meta name=\"robots\" content=\"index, follow, max-snippet:-1, max-image-preview:large, max-video-preview:-1\" \/>\n<link rel=\"canonical\" href=\"https:\/\/thekitchencompany.be\/fr\/services-via-un-promoteur\/mentions-legales\/\" \/>\n<meta property=\"og:locale\" content=\"fr_FR\" \/>\n<meta property=\"og:type\" content=\"article\" \/>\n<meta property=\"og:title\" content=\"Mentions l\u00e9gales - The Kitchen Company\" \/>\n<meta property=\"og:description\" content=\"Mentions l\u00e9gales\" \/>\n<meta property=\"og:url\" content=\"https:\/\/thekitchencompany.be\/fr\/services-via-un-promoteur\/mentions-legales\/\" \/>\n<meta property=\"og:site_name\" content=\"The Kitchen Company\" \/>\n<meta property=\"article:modified_time\" content=\"2024-01-08T14:29:51+00:00\" \/>\n<meta property=\"og:image\" content=\"https:\/\/thekitchencompany.be\/wp-content\/uploads\/2019\/08\/img-cover.jpg\" \/>\n\t<meta property=\"og:image:width\" content=\"1920\" \/>\n\t<meta property=\"og:image:height\" content=\"500\" \/>\n\t<meta property=\"og:image:type\" content=\"image\/jpeg\" \/>\n<meta name=\"twitter:card\" content=\"summary_large_image\" \/>\n<meta name=\"twitter:label1\" content=\"Dur\u00e9e de lecture estim\u00e9e\" \/>\n\t<meta name=\"twitter:data1\" content=\"2 minutes\" \/>\n<script type=\"application\/ld+json\" class=\"yoast-schema-graph\">{\"@context\":\"https:\\\/\\\/schema.org\",\"@graph\":[{\"@type\":\"WebPage\",\"@id\":\"https:\\\/\\\/thekitchencompany.be\\\/fr\\\/services-via-un-promoteur\\\/mentions-legales\\\/\",\"url\":\"https:\\\/\\\/thekitchencompany.be\\\/fr\\\/services-via-un-promoteur\\\/mentions-legales\\\/\",\"name\":\"Mentions l\u00e9gales - The Kitchen Company\",\"isPartOf\":{\"@id\":\"https:\\\/\\\/thekitchencompany.be\\\/fr\\\/#website\"},\"primaryImageOfPage\":{\"@id\":\"https:\\\/\\\/thekitchencompany.be\\\/fr\\\/services-via-un-promoteur\\\/mentions-legales\\\/#primaryimage\"},\"image\":{\"@id\":\"https:\\\/\\\/thekitchencompany.be\\\/fr\\\/services-via-un-promoteur\\\/mentions-legales\\\/#primaryimage\"},\"thumbnailUrl\":\"https:\\\/\\\/thekitchencompany.be\\\/wp-content\\\/uploads\\\/2019\\\/08\\\/img-cover.jpg\",\"datePublished\":\"2024-01-08T14:21:25+00:00\",\"dateModified\":\"2024-01-08T14:29:51+00:00\",\"description\":\"Mentions l\u00e9gales\",\"breadcrumb\":{\"@id\":\"https:\\\/\\\/thekitchencompany.be\\\/fr\\\/services-via-un-promoteur\\\/mentions-legales\\\/#breadcrumb\"},\"inLanguage\":\"fr-FR\",\"potentialAction\":[{\"@type\":\"ReadAction\",\"target\":[\"https:\\\/\\\/thekitchencompany.be\\\/fr\\\/services-via-un-promoteur\\\/mentions-legales\\\/\"]}]},{\"@type\":\"ImageObject\",\"inLanguage\":\"fr-FR\",\"@id\":\"https:\\\/\\\/thekitchencompany.be\\\/fr\\\/services-via-un-promoteur\\\/mentions-legales\\\/#primaryimage\",\"url\":\"https:\\\/\\\/thekitchencompany.be\\\/wp-content\\\/uploads\\\/2019\\\/08\\\/img-cover.jpg\",\"contentUrl\":\"https:\\\/\\\/thekitchencompany.be\\\/wp-content\\\/uploads\\\/2019\\\/08\\\/img-cover.jpg\",\"width\":1920,\"height\":500},{\"@type\":\"BreadcrumbList\",\"@id\":\"https:\\\/\\\/thekitchencompany.be\\\/fr\\\/services-via-un-promoteur\\\/mentions-legales\\\/#breadcrumb\",\"itemListElement\":[{\"@type\":\"ListItem\",\"position\":1,\"name\":\"Home\",\"item\":\"https:\\\/\\\/thekitchencompany.be\\\/fr\\\/\"},{\"@type\":\"ListItem\",\"position\":2,\"name\":\"The Kitchen Company: cuisinistes et architectes d&rsquo;int\u00e9rieur pour les acquisitions immobili\u00e8res\",\"item\":\"https:\\\/\\\/thekitchencompany.be\\\/fr\\\/services-via-un-promoteur\\\/\"},{\"@type\":\"ListItem\",\"position\":3,\"name\":\"Mentions l\u00e9gales\"}]},{\"@type\":\"WebSite\",\"@id\":\"https:\\\/\\\/thekitchencompany.be\\\/fr\\\/#website\",\"url\":\"https:\\\/\\\/thekitchencompany.be\\\/fr\\\/\",\"name\":\"The Kitchen Company\",\"description\":\"Un service sur mesure pour les promoteurs immobiliers\",\"potentialAction\":[{\"@type\":\"SearchAction\",\"target\":{\"@type\":\"EntryPoint\",\"urlTemplate\":\"https:\\\/\\\/thekitchencompany.be\\\/fr\\\/?s={search_term_string}\"},\"query-input\":{\"@type\":\"PropertyValueSpecification\",\"valueRequired\":true,\"valueName\":\"search_term_string\"}}],\"inLanguage\":\"fr-FR\"}]}<\/script>\n<!-- \/ Yoast SEO plugin. -->","yoast_head_json":{"title":"Mentions l\u00e9gales - The Kitchen Company","description":"Mentions l\u00e9gales","robots":{"index":"index","follow":"follow","max-snippet":"max-snippet:-1","max-image-preview":"max-image-preview:large","max-video-preview":"max-video-preview:-1"},"canonical":"https:\/\/thekitchencompany.be\/fr\/services-via-un-promoteur\/mentions-legales\/","og_locale":"fr_FR","og_type":"article","og_title":"Mentions l\u00e9gales - The Kitchen Company","og_description":"Mentions l\u00e9gales","og_url":"https:\/\/thekitchencompany.be\/fr\/services-via-un-promoteur\/mentions-legales\/","og_site_name":"The Kitchen Company","article_modified_time":"2024-01-08T14:29:51+00:00","og_image":[{"width":1920,"height":500,"url":"https:\/\/thekitchencompany.be\/wp-content\/uploads\/2019\/08\/img-cover.jpg","type":"image\/jpeg"}],"twitter_card":"summary_large_image","twitter_misc":{"Dur\u00e9e de lecture estim\u00e9e":"2 minutes"},"schema":{"@context":"https:\/\/schema.org","@graph":[{"@type":"WebPage","@id":"https:\/\/thekitchencompany.be\/fr\/services-via-un-promoteur\/mentions-legales\/","url":"https:\/\/thekitchencompany.be\/fr\/services-via-un-promoteur\/mentions-legales\/","name":"Mentions l\u00e9gales - The Kitchen Company","isPartOf":{"@id":"https:\/\/thekitchencompany.be\/fr\/#website"},"primaryImageOfPage":{"@id":"https:\/\/thekitchencompany.be\/fr\/services-via-un-promoteur\/mentions-legales\/#primaryimage"},"image":{"@id":"https:\/\/thekitchencompany.be\/fr\/services-via-un-promoteur\/mentions-legales\/#primaryimage"},"thumbnailUrl":"https:\/\/thekitchencompany.be\/wp-content\/uploads\/2019\/08\/img-cover.jpg","datePublished":"2024-01-08T14:21:25+00:00","dateModified":"2024-01-08T14:29:51+00:00","description":"Mentions l\u00e9gales","breadcrumb":{"@id":"https:\/\/thekitchencompany.be\/fr\/services-via-un-promoteur\/mentions-legales\/#breadcrumb"},"inLanguage":"fr-FR","potentialAction":[{"@type":"ReadAction","target":["https:\/\/thekitchencompany.be\/fr\/services-via-un-promoteur\/mentions-legales\/"]}]},{"@type":"ImageObject","inLanguage":"fr-FR","@id":"https:\/\/thekitchencompany.be\/fr\/services-via-un-promoteur\/mentions-legales\/#primaryimage","url":"https:\/\/thekitchencompany.be\/wp-content\/uploads\/2019\/08\/img-cover.jpg","contentUrl":"https:\/\/thekitchencompany.be\/wp-content\/uploads\/2019\/08\/img-cover.jpg","width":1920,"height":500},{"@type":"BreadcrumbList","@id":"https:\/\/thekitchencompany.be\/fr\/services-via-un-promoteur\/mentions-legales\/#breadcrumb","itemListElement":[{"@type":"ListItem","position":1,"name":"Home","item":"https:\/\/thekitchencompany.be\/fr\/"},{"@type":"ListItem","position":2,"name":"The Kitchen Company: cuisinistes et architectes d&rsquo;int\u00e9rieur pour les acquisitions immobili\u00e8res","item":"https:\/\/thekitchencompany.be\/fr\/services-via-un-promoteur\/"},{"@type":"ListItem","position":3,"name":"Mentions l\u00e9gales"}]},{"@type":"WebSite","@id":"https:\/\/thekitchencompany.be\/fr\/#website","url":"https:\/\/thekitchencompany.be\/fr\/","name":"The Kitchen Company","description":"Un service sur mesure pour les promoteurs immobiliers","potentialAction":[{"@type":"SearchAction","target":{"@type":"EntryPoint","urlTemplate":"https:\/\/thekitchencompany.be\/fr\/?s={search_term_string}"},"query-input":{"@type":"PropertyValueSpecification","valueRequired":true,"valueName":"search_term_string"}}],"inLanguage":"fr-FR"}]}},"_links":{"self":[{"href":"https:\/\/thekitchencompany.be\/fr\/wp-json\/wp\/v2\/pages\/6890","targetHints":{"allow":["GET"]}}],"collection":[{"href":"https:\/\/thekitchencompany.be\/fr\/wp-json\/wp\/v2\/pages"}],"about":[{"href":"https:\/\/thekitchencompany.be\/fr\/wp-json\/wp\/v2\/types\/page"}],"author":[{"embeddable":true,"href":"https:\/\/thekitchencompany.be\/fr\/wp-json\/wp\/v2\/users\/6"}],"replies":[{"embeddable":true,"href":"https:\/\/thekitchencompany.be\/fr\/wp-json\/wp\/v2\/comments?post=6890"}],"version-history":[{"count":2,"href":"https:\/\/thekitchencompany.be\/fr\/wp-json\/wp\/v2\/pages\/6890\/revisions"}],"predecessor-version":[{"id":6896,"href":"https:\/\/thekitchencompany.be\/fr\/wp-json\/wp\/v2\/pages\/6890\/revisions\/6896"}],"up":[{"embeddable":true,"href":"https:\/\/thekitchencompany.be\/fr\/wp-json\/wp\/v2\/pages\/2444"}],"wp:featuredmedia":[{"embeddable":true,"href":"https:\/\/thekitchencompany.be\/fr\/wp-json\/wp\/v2\/media\/232"}],"wp:attachment":[{"href":"https:\/\/thekitchencompany.be\/fr\/wp-json\/wp\/v2\/media?parent=6890"}],"curies":[{"name":"wp","href":"https:\/\/api.w.org\/{rel}","templated":true}]}}