{"id":7379,"date":"2024-11-29T13:22:03","date_gmt":"2024-11-29T12:22:03","guid":{"rendered":"https:\/\/thekitchencompany.be\/?page_id=7379"},"modified":"2026-02-04T14:36:07","modified_gmt":"2026-02-04T13:36:07","slug":"cuisines-k-start-the-kitchen-company","status":"publish","type":"page","link":"https:\/\/thekitchencompany.be\/fr\/cuisines\/cuisines-k-start-the-kitchen-company\/","title":{"rendered":"Cuisines &lsquo;K-start&rsquo; : une gamme efficace pour tous les espaces"},"content":{"rendered":"\n<article class=\"wp-block-fidelo-image-text col-md-12\"><div class=\"row mediatext-wrap\" alignment=\"right\"><div class=\"col-md-6 bg\" theme=\"bg-3\">\n<h2 class=\"wp-block-heading\" style=\"font-size:25px\"><strong>S\u00e9lection courte et performante<\/strong><\/h2>\n\n\n\n<p>Afin de r\u00e9pondre \u00e0 une demande croissante de cuisines abordables et optimis\u00e9es pour de plus petits espaces, nos \u00e9quipes d&rsquo;architectes d&rsquo;int\u00e9rieur ont d\u00e9velopp\u00e9 l&rsquo;offre <em><strong>K-start<\/strong><\/em>. Le d\u00e9veloppement de cette nouvelle gamme courte a \u00e9t\u00e9 rendu possible en optimisant d&rsquo;avantages les co\u00fbts de production, les m\u00e9thodes de livraison ainsi que l&rsquo;installation.<\/p>\n\n\n\n<p>Nous avons d\u00e9velopp\u00e9 cette nouvelle collection sur 3 axes.<\/p>\n\n\n\n<p style=\"font-size:25px\"><strong>Aucun compromis sur la qualit\u00e9<\/strong><\/p>\n\n\n\n<p>L&rsquo;augmentation des prix des mat\u00e9riaux de ces derni\u00e8res ann\u00e9es a entra\u00een\u00e9 une diminution de la capacit\u00e9 d&rsquo;investissement pour de nombreux bailleurs et acqu\u00e9reurs occupants. Dans ce contexte, nous avons pris des mesures afin d&rsquo;optimiser chaque \u00e9tape du processus de conception d&rsquo;une cuisine. Notre objectif est de proposer le meilleur rapport qualit\u00e9\/prix possible.<\/p>\n\n\n\n<p>Nous avons analys\u00e9 les besoins du march\u00e9 et identifi\u00e9 les solutions les plus efficaces pour r\u00e9duire les co\u00fbts sans compromettre la qualit\u00e9. En rationalisant la conception, la fabrication et l\u2019installation, nous sommes en mesure d&rsquo;offrir des produits durables et esth\u00e9tiques \u00e0 un prix comp\u00e9titif. De plus, notre \u00e9quipe d&rsquo;experts est disponible pour vous accompagner tout au long de votre projet, afin de vous assurer une exp\u00e9rience fluide et satisfaisante. Ainsi, vous pouvez r\u00e9aliser vos ambitions d&rsquo;am\u00e9nagement tout en respectant votre cahier des charges et votre budget.<\/p>\n\n\n\n<p style=\"font-size:25px\"><strong>Une s\u00e9lection optimis\u00e9e<\/strong><\/p>\n\n\n\n<p>Il est parfois difficile de choisir lorsqu&rsquo;une multitude d&rsquo;options sont pr\u00e9sent\u00e9es. Pour faciliter cette \u00e9tape de la s\u00e9lection, nous nous sommes appuy\u00e9s sur notre expertise et notre connaissance approfondie du march\u00e9 de la cuisine. <\/p>\n\n\n\n<p>Nous avons soigneusement s\u00e9lectionn\u00e9 une gamme de couleurs, de styles et de finitions qui r\u00e9pondra \u00e0 vos attentes. En simplifiant le processus de choix, nous vous aidons \u00e0 gagner du temps tout en vous garantissant un r\u00e9sultat \u00e0 la hauteur de vos attentes. Ainsi, vous pourrez cr\u00e9er un espace \u00e0 la fois fonctionnel et esth\u00e9tiquement plaisant, id\u00e9al pour votre projet locatif ou pour votre propre habitation.<\/p>\n\n\n\n<p style=\"font-size:25px\"><strong>Id\u00e9ale pour le march\u00e9 locatif<\/strong><\/p>\n\n\n\n<p>Notre gamme <strong><em>K-start<\/em><\/strong> est pens\u00e9e pour satisfaire les besoins du march\u00e9 locatif et du logement d&rsquo;\u00e9tudiant. En effet, une cuisine moderne et fonctionnelle peut devenir un v\u00e9ritable atout. Investir dans une cuisine de qualit\u00e9 r\u00e9duit les co\u00fbts de maintenance \u00e0 long terme. Cela se traduit par une diminution des r\u00e9parations fr\u00e9quentes, permettant ainsi d&rsquo;optimiser le retour sur investissement. Enfin, une cuisine attrayante contribue \u00e0 la satisfaction des locataires, favorisant la fid\u00e9lisation et r\u00e9duisant les d\u00e9parts. En somme, choisir une cuisine id\u00e9ale pour votre bien locatif est une strat\u00e9gie gagnante sur tous les fronts.<\/p>\n\n\n\n<hr class=\"wp-block-separator has-alpha-channel-opacity\"\/>\n\n\n\n<p>Vous cherchez&nbsp;<strong>un partenaire<\/strong>&nbsp;de choix pour am\u00e9nager les&nbsp;<a href=\"https:\/\/thekitchencompany.be\/fr\/cuisines\/\"><u>cuisines<\/u><\/a>&nbsp;de vos projets en tant que&nbsp;<a href=\"https:\/\/thekitchencompany.be\/fr\/promoteurs\/\"><u>professionnel de l\u2019immobilier<\/u><\/a>\u2009? D\u00e9couvrez&nbsp;<a href=\"https:\/\/thekitchencompany.be\/fr\/references-cuisines-placards-sur-mesure\/\"><u>nos r\u00e9alisations<\/u><\/a>&nbsp;ou prenez rendez-vous avec l\u2019un de nos architectes d\u2019int\u00e9rieur.<\/p>\n\n\n\n<p>D\u00e9couvrez nos deux gammes de cuisines sur mesure :<\/p>\n\n\n\n<ul class=\"wp-block-list\">\n<li><a href=\"https:\/\/thekitchencompany.be\/fr\/cuisines\/cuisines-modernes-k-one\/\">Cuisines K-one<\/a><\/li>\n\n\n\n<li><a href=\"https:\/\/thekitchencompany.be\/fr\/cuisines-leicht-moderne-haut-de-gamme\/\">Cuisines LEICHT<\/a><\/li>\n<\/ul>\n<\/div><div class=\"col-md-6 image\"><img decoding=\"async\" src=\"https:\/\/thekitchencompany.be\/wp-content\/uploads\/2024\/09\/TheKitchenCompany_K-Start-1-scaled.jpg\"\/><\/div><\/div><\/article>\n","protected":false},"excerpt":{"rendered":"","protected":false},"author":6,"featured_media":7385,"parent":10,"menu_order":0,"comment_status":"closed","ping_status":"closed","template":"","meta":{"keyline":"La gamme K-start int\u00e8gre une s\u00e9lection optimis\u00e9e de meubles et de finitions permettant d'habiller les espaces les plus r\u00e9duits tout en conservant un haut niveau de qualit\u00e9.","googlemap":"","footnotes":""},"class_list":["post-7379","page","type-page","status-publish","has-post-thumbnail","hentry"],"yoast_head":"<!-- This site is optimized with the Yoast SEO plugin v27.3 - https:\/\/yoast.com\/product\/yoast-seo-wordpress\/ -->\n<title>Cuisines &#039;K-start&#039; : une gamme efficace pour tous les espaces - The Kitchen Company<\/title>\n<meta name=\"description\" content=\"Nos cuisines K-Start s&#039;int\u00e8grent parfaitement dans les espaces r\u00e9duits tout en conservant un haut niveau de qualit\u00e9. D\u00e9couvrez-en plus.\" \/>\n<meta name=\"robots\" content=\"index, follow, max-snippet:-1, max-image-preview:large, max-video-preview:-1\" \/>\n<link rel=\"canonical\" href=\"https:\/\/thekitchencompany.be\/fr\/cuisines\/cuisines-k-start-the-kitchen-company\/\" \/>\n<meta property=\"og:locale\" content=\"fr_FR\" \/>\n<meta property=\"og:type\" content=\"article\" \/>\n<meta property=\"og:title\" content=\"Cuisines &#039;K-start&#039; : une gamme efficace pour tous les espaces - The Kitchen Company\" \/>\n<meta property=\"og:description\" content=\"Nos cuisines K-Start s&#039;int\u00e8grent parfaitement dans les espaces r\u00e9duits tout en conservant un haut niveau de qualit\u00e9. D\u00e9couvrez-en plus.\" \/>\n<meta property=\"og:url\" content=\"https:\/\/thekitchencompany.be\/fr\/cuisines\/cuisines-k-start-the-kitchen-company\/\" \/>\n<meta property=\"og:site_name\" content=\"The Kitchen Company\" \/>\n<meta property=\"article:modified_time\" content=\"2026-02-04T13:36:07+00:00\" \/>\n<meta property=\"og:image\" content=\"https:\/\/thekitchencompany.be\/wp-content\/uploads\/2024\/09\/TheKitchenCompany_K-Start-scaled.jpg\" \/>\n\t<meta property=\"og:image:width\" content=\"2560\" \/>\n\t<meta property=\"og:image:height\" content=\"1440\" \/>\n\t<meta property=\"og:image:type\" content=\"image\/jpeg\" \/>\n<meta name=\"twitter:card\" content=\"summary_large_image\" \/>\n<meta name=\"twitter:label1\" content=\"Dur\u00e9e de lecture estim\u00e9e\" \/>\n\t<meta name=\"twitter:data1\" content=\"3 minutes\" \/>\n<script type=\"application\/ld+json\" class=\"yoast-schema-graph\">{\"@context\":\"https:\\\/\\\/schema.org\",\"@graph\":[{\"@type\":\"WebPage\",\"@id\":\"https:\\\/\\\/thekitchencompany.be\\\/fr\\\/cuisines\\\/cuisines-k-start-the-kitchen-company\\\/\",\"url\":\"https:\\\/\\\/thekitchencompany.be\\\/fr\\\/cuisines\\\/cuisines-k-start-the-kitchen-company\\\/\",\"name\":\"Cuisines 'K-start' : une gamme efficace pour tous les espaces - The Kitchen Company\",\"isPartOf\":{\"@id\":\"https:\\\/\\\/thekitchencompany.be\\\/fr\\\/#website\"},\"primaryImageOfPage\":{\"@id\":\"https:\\\/\\\/thekitchencompany.be\\\/fr\\\/cuisines\\\/cuisines-k-start-the-kitchen-company\\\/#primaryimage\"},\"image\":{\"@id\":\"https:\\\/\\\/thekitchencompany.be\\\/fr\\\/cuisines\\\/cuisines-k-start-the-kitchen-company\\\/#primaryimage\"},\"thumbnailUrl\":\"https:\\\/\\\/thekitchencompany.be\\\/wp-content\\\/uploads\\\/2024\\\/09\\\/TheKitchenCompany_K-Start-scaled.jpg\",\"datePublished\":\"2024-11-29T12:22:03+00:00\",\"dateModified\":\"2026-02-04T13:36:07+00:00\",\"description\":\"Nos cuisines K-Start s'int\u00e8grent parfaitement dans les espaces r\u00e9duits tout en conservant un haut niveau de qualit\u00e9. D\u00e9couvrez-en plus.\",\"breadcrumb\":{\"@id\":\"https:\\\/\\\/thekitchencompany.be\\\/fr\\\/cuisines\\\/cuisines-k-start-the-kitchen-company\\\/#breadcrumb\"},\"inLanguage\":\"fr-FR\",\"potentialAction\":[{\"@type\":\"ReadAction\",\"target\":[\"https:\\\/\\\/thekitchencompany.be\\\/fr\\\/cuisines\\\/cuisines-k-start-the-kitchen-company\\\/\"]}]},{\"@type\":\"ImageObject\",\"inLanguage\":\"fr-FR\",\"@id\":\"https:\\\/\\\/thekitchencompany.be\\\/fr\\\/cuisines\\\/cuisines-k-start-the-kitchen-company\\\/#primaryimage\",\"url\":\"https:\\\/\\\/thekitchencompany.be\\\/wp-content\\\/uploads\\\/2024\\\/09\\\/TheKitchenCompany_K-Start-scaled.jpg\",\"contentUrl\":\"https:\\\/\\\/thekitchencompany.be\\\/wp-content\\\/uploads\\\/2024\\\/09\\\/TheKitchenCompany_K-Start-scaled.jpg\",\"width\":2560,\"height\":1440,\"caption\":\"Cuisine K-Start\"},{\"@type\":\"BreadcrumbList\",\"@id\":\"https:\\\/\\\/thekitchencompany.be\\\/fr\\\/cuisines\\\/cuisines-k-start-the-kitchen-company\\\/#breadcrumb\",\"itemListElement\":[{\"@type\":\"ListItem\",\"position\":1,\"name\":\"Home\",\"item\":\"https:\\\/\\\/thekitchencompany.be\\\/fr\\\/\"},{\"@type\":\"ListItem\",\"position\":2,\"name\":\"Nos mod\u00e8les de cuisines sur mesure \u00e0 destination de la promotion immobili\u00e8re\",\"item\":\"https:\\\/\\\/thekitchencompany.be\\\/fr\\\/cuisines\\\/\"},{\"@type\":\"ListItem\",\"position\":3,\"name\":\"Cuisines &lsquo;K-start&rsquo; : une gamme efficace pour tous les espaces\"}]},{\"@type\":\"WebSite\",\"@id\":\"https:\\\/\\\/thekitchencompany.be\\\/fr\\\/#website\",\"url\":\"https:\\\/\\\/thekitchencompany.be\\\/fr\\\/\",\"name\":\"The Kitchen Company\",\"description\":\"Un service sur mesure pour les promoteurs immobiliers\",\"potentialAction\":[{\"@type\":\"SearchAction\",\"target\":{\"@type\":\"EntryPoint\",\"urlTemplate\":\"https:\\\/\\\/thekitchencompany.be\\\/fr\\\/?s={search_term_string}\"},\"query-input\":{\"@type\":\"PropertyValueSpecification\",\"valueRequired\":true,\"valueName\":\"search_term_string\"}}],\"inLanguage\":\"fr-FR\"}]}<\/script>\n<!-- \/ Yoast SEO plugin. -->","yoast_head_json":{"title":"Cuisines 'K-start' : une gamme efficace pour tous les espaces - The Kitchen Company","description":"Nos cuisines K-Start s'int\u00e8grent parfaitement dans les espaces r\u00e9duits tout en conservant un haut niveau de qualit\u00e9. D\u00e9couvrez-en plus.","robots":{"index":"index","follow":"follow","max-snippet":"max-snippet:-1","max-image-preview":"max-image-preview:large","max-video-preview":"max-video-preview:-1"},"canonical":"https:\/\/thekitchencompany.be\/fr\/cuisines\/cuisines-k-start-the-kitchen-company\/","og_locale":"fr_FR","og_type":"article","og_title":"Cuisines 'K-start' : une gamme efficace pour tous les espaces - The Kitchen Company","og_description":"Nos cuisines K-Start s'int\u00e8grent parfaitement dans les espaces r\u00e9duits tout en conservant un haut niveau de qualit\u00e9. D\u00e9couvrez-en plus.","og_url":"https:\/\/thekitchencompany.be\/fr\/cuisines\/cuisines-k-start-the-kitchen-company\/","og_site_name":"The Kitchen Company","article_modified_time":"2026-02-04T13:36:07+00:00","og_image":[{"width":2560,"height":1440,"url":"https:\/\/thekitchencompany.be\/wp-content\/uploads\/2024\/09\/TheKitchenCompany_K-Start-scaled.jpg","type":"image\/jpeg"}],"twitter_card":"summary_large_image","twitter_misc":{"Dur\u00e9e de lecture estim\u00e9e":"3 minutes"},"schema":{"@context":"https:\/\/schema.org","@graph":[{"@type":"WebPage","@id":"https:\/\/thekitchencompany.be\/fr\/cuisines\/cuisines-k-start-the-kitchen-company\/","url":"https:\/\/thekitchencompany.be\/fr\/cuisines\/cuisines-k-start-the-kitchen-company\/","name":"Cuisines 'K-start' : une gamme efficace pour tous les espaces - The Kitchen Company","isPartOf":{"@id":"https:\/\/thekitchencompany.be\/fr\/#website"},"primaryImageOfPage":{"@id":"https:\/\/thekitchencompany.be\/fr\/cuisines\/cuisines-k-start-the-kitchen-company\/#primaryimage"},"image":{"@id":"https:\/\/thekitchencompany.be\/fr\/cuisines\/cuisines-k-start-the-kitchen-company\/#primaryimage"},"thumbnailUrl":"https:\/\/thekitchencompany.be\/wp-content\/uploads\/2024\/09\/TheKitchenCompany_K-Start-scaled.jpg","datePublished":"2024-11-29T12:22:03+00:00","dateModified":"2026-02-04T13:36:07+00:00","description":"Nos cuisines K-Start s'int\u00e8grent parfaitement dans les espaces r\u00e9duits tout en conservant un haut niveau de qualit\u00e9. D\u00e9couvrez-en plus.","breadcrumb":{"@id":"https:\/\/thekitchencompany.be\/fr\/cuisines\/cuisines-k-start-the-kitchen-company\/#breadcrumb"},"inLanguage":"fr-FR","potentialAction":[{"@type":"ReadAction","target":["https:\/\/thekitchencompany.be\/fr\/cuisines\/cuisines-k-start-the-kitchen-company\/"]}]},{"@type":"ImageObject","inLanguage":"fr-FR","@id":"https:\/\/thekitchencompany.be\/fr\/cuisines\/cuisines-k-start-the-kitchen-company\/#primaryimage","url":"https:\/\/thekitchencompany.be\/wp-content\/uploads\/2024\/09\/TheKitchenCompany_K-Start-scaled.jpg","contentUrl":"https:\/\/thekitchencompany.be\/wp-content\/uploads\/2024\/09\/TheKitchenCompany_K-Start-scaled.jpg","width":2560,"height":1440,"caption":"Cuisine K-Start"},{"@type":"BreadcrumbList","@id":"https:\/\/thekitchencompany.be\/fr\/cuisines\/cuisines-k-start-the-kitchen-company\/#breadcrumb","itemListElement":[{"@type":"ListItem","position":1,"name":"Home","item":"https:\/\/thekitchencompany.be\/fr\/"},{"@type":"ListItem","position":2,"name":"Nos mod\u00e8les de cuisines sur mesure \u00e0 destination de la promotion immobili\u00e8re","item":"https:\/\/thekitchencompany.be\/fr\/cuisines\/"},{"@type":"ListItem","position":3,"name":"Cuisines &lsquo;K-start&rsquo; : une gamme efficace pour tous les espaces"}]},{"@type":"WebSite","@id":"https:\/\/thekitchencompany.be\/fr\/#website","url":"https:\/\/thekitchencompany.be\/fr\/","name":"The Kitchen Company","description":"Un service sur mesure pour les promoteurs immobiliers","potentialAction":[{"@type":"SearchAction","target":{"@type":"EntryPoint","urlTemplate":"https:\/\/thekitchencompany.be\/fr\/?s={search_term_string}"},"query-input":{"@type":"PropertyValueSpecification","valueRequired":true,"valueName":"search_term_string"}}],"inLanguage":"fr-FR"}]}},"_links":{"self":[{"href":"https:\/\/thekitchencompany.be\/fr\/wp-json\/wp\/v2\/pages\/7379","targetHints":{"allow":["GET"]}}],"collection":[{"href":"https:\/\/thekitchencompany.be\/fr\/wp-json\/wp\/v2\/pages"}],"about":[{"href":"https:\/\/thekitchencompany.be\/fr\/wp-json\/wp\/v2\/types\/page"}],"author":[{"embeddable":true,"href":"https:\/\/thekitchencompany.be\/fr\/wp-json\/wp\/v2\/users\/6"}],"replies":[{"embeddable":true,"href":"https:\/\/thekitchencompany.be\/fr\/wp-json\/wp\/v2\/comments?post=7379"}],"version-history":[{"count":10,"href":"https:\/\/thekitchencompany.be\/fr\/wp-json\/wp\/v2\/pages\/7379\/revisions"}],"predecessor-version":[{"id":7925,"href":"https:\/\/thekitchencompany.be\/fr\/wp-json\/wp\/v2\/pages\/7379\/revisions\/7925"}],"up":[{"embeddable":true,"href":"https:\/\/thekitchencompany.be\/fr\/wp-json\/wp\/v2\/pages\/10"}],"wp:featuredmedia":[{"embeddable":true,"href":"https:\/\/thekitchencompany.be\/fr\/wp-json\/wp\/v2\/media\/7385"}],"wp:attachment":[{"href":"https:\/\/thekitchencompany.be\/fr\/wp-json\/wp\/v2\/media?parent=7379"}],"curies":[{"name":"wp","href":"https:\/\/api.w.org\/{rel}","templated":true}]}}