{"id":7580,"date":"2025-01-02T15:07:51","date_gmt":"2025-01-02T14:07:51","guid":{"rendered":"https:\/\/thekitchencompany.be\/?page_id=7580"},"modified":"2025-01-02T15:26:42","modified_gmt":"2025-01-02T14:26:42","slug":"enjeux-environnementaux","status":"publish","type":"page","link":"https:\/\/thekitchencompany.be\/fr\/qui-sommes-nous\/enjeux-environnementaux\/","title":{"rendered":"Enjeux environnementaux"},"content":{"rendered":"\n<article class=\"wp-block-fidelo-image-text col-md-12\"><div class=\"row mediatext-wrap\" alignment=\"left\"><div class=\"col-md-6 bg\" theme=\"bg-2\">\n<p style=\"font-size:25px\"><strong>Les mati\u00e8res premi\u00e8res<\/strong><\/p>\n\n\n\n<p>Le <strong>bois<\/strong>, principal composant de nos cuisines, est issu de for\u00eats g\u00e9r\u00e9es durablement et les panneaux utilis\u00e9s contiennent un fort pourcentage de mati\u00e8res recycl\u00e9es. Malgr\u00e9 cela, il est toutefois n\u00e9cessaire d\u2019utiliser du bois neuf. Afin de minimiser l\u2019impact sur l\u2019environnement, nous nous approvisionnons en bois provenant de for\u00eats g\u00e9r\u00e9es durablement. Le bois utilis\u00e9 pour nos meubles est certifi\u00e9 <strong>PEFC<\/strong>, ce qui garantit qu\u2019il provient de for\u00eats contr\u00f4l\u00e9es et g\u00e9r\u00e9es de mani\u00e8re durable. Parmi nos produits les plus repr\u00e9sentatifs, notre fa\u00e7ade <strong><em>Senso <\/em><\/strong>est compos\u00e9e \u00e0 100% de mat\u00e9riaux recycl\u00e9s et leur surface est \u00e9galement recyclable. Cela permet de r\u00e9utiliser ce produit lorsqu\u2019il arrive en fin de vie.<\/p>\n<\/div><div class=\"col-md-6 image\"><img decoding=\"async\" src=\"https:\/\/thekitchencompany.be\/wp-content\/uploads\/2024\/12\/Page11_foret2.jpeg\"\/><\/div><\/div><\/article>\n\n\n\n<article class=\"wp-block-fidelo-image-text col-md-12\"><div class=\"row mediatext-wrap\" alignment=\"right\"><div class=\"col-md-6 bg\" theme=\"bg-2\">\n<h2 class=\"wp-block-heading\" style=\"font-size:25px\">La production<\/h2>\n\n\n\n<p>Cette \u00e9tape \u00e9nergivore est essentielle pour minimiser notre empreinte carbone. Depuis l\u2019\u00e9t\u00e9 2024, 50 % de l\u2019\u00e9lectricit\u00e9 d\u00e9di\u00e9e \u00e0 la production de nos gammes <em><a href=\"https:\/\/thekitchencompany.be\/fr\/cuisines-k-start-the-kitchen-company\/\">K-start<\/a><\/em> et <em><a href=\"https:\/\/thekitchencompany.be\/fr\/cuisines\/cuisines-modernes-k-one\/\">K-one<\/a><\/em> provient de panneaux photovolta\u00efques qui couvrent le toit de l\u2019usine.<\/p>\n\n\n\n<p>Le chauffage est, quant \u00e0 lui, adapt\u00e9 \u00e0 la p\u00e9riode de l\u2019ann\u00e9e. En hiver, les d\u00e9chets de bois sont transform\u00e9s et utilis\u00e9s pour le chauffage, r\u00e9duisant ainsi l\u2019utilisation d\u2019\u00e9nergies fossiles. Cela permet de r\u00e9duire l\u2019utilisation de ressources tout en chauffant les surfaces de production ainsi que les usines. Lors des p\u00e9riodes plus douces, un ing\u00e9nieux syst\u00e8me utilise des compresseurs d\u2019air pour g\u00e9n\u00e9rer de la chaleur.<\/p>\n<\/div><div class=\"col-md-6 image\"><img decoding=\"async\" src=\"https:\/\/thekitchencompany.be\/wp-content\/uploads\/2024\/12\/Page11_photovoltaique2.jpg\"\/><\/div><\/div><\/article>\n\n\n\n<article class=\"wp-block-fidelo-image-text col-md-12\"><div class=\"row mediatext-wrap\" alignment=\"left\"><div class=\"col-md-6 bg\" theme=\"bg-2\">\n<h2 class=\"wp-block-heading\" style=\"font-size:25px\">L&#8217;emballage<\/h2>\n\n\n\n<p>Le meilleur emballage \u00e9tant celui qui n\u2019est pas produit, une r\u00e9flexion approfondie a permis de supprimer la plupart des emballages lorsque cela \u00e9tait possible. Pour nos meubles par exemple, les emballages ont \u00e9t\u00e9 con\u00e7u pour en r\u00e9duire le volume et les solutions r\u00e9utilisables ont \u00e9t\u00e9 privil\u00e9gi\u00e9es.<\/p>\n\n\n\n<hr class=\"wp-block-separator has-alpha-channel-opacity\"\/>\n\n\n\n<p>Vous souhaitez en apprendre davantage au sujet de notre soci\u00e9t\u00e9 et de notre gamme de <a href=\"https:\/\/thekitchencompany.be\/fr\/cuisines\/\">cuisines<\/a> ? N\u2019h\u00e9sitez pas \u00e0 nous <a href=\"https:\/\/thekitchencompany.be\/fr\/qui-sommes-nous\/contact\/\">contacter<\/a> ou \u00e0 prendre rendez-vous avec nos \u00e9quipes<\/p>\n<\/div><div class=\"col-md-6 image\"><img decoding=\"async\" src=\"https:\/\/thekitchencompany.be\/wp-content\/uploads\/2023\/10\/the_kitchen_company_zone_echantillon-scaled.jpg\"\/><\/div><\/div><\/article>\n","protected":false},"excerpt":{"rendered":"","protected":false},"author":6,"featured_media":7582,"parent":18,"menu_order":0,"comment_status":"closed","ping_status":"closed","template":"","meta":{"keyline":"Dans un monde o\u00f9 la cause environnementale est pr\u00e9pond\u00e9rante, The Kitchen Company souhaite se positionner comme un acteur cl\u00e9 du changement.\r\nEn collaboration avec nos partenaires et fabricants, nous d\u00e9veloppons des gammes qui int\u00e8grent des solutions respectueuses de l\u2019environnement. Cela est rendu possible gr\u00e2ce \u00e0 notre action sur plusieurs axes.","googlemap":"","footnotes":""},"class_list":["post-7580","page","type-page","status-publish","has-post-thumbnail","hentry"],"yoast_head":"<!-- This site is optimized with the Yoast SEO plugin v27.3 - https:\/\/yoast.com\/product\/yoast-seo-wordpress\/ -->\n<title>Enjeux environnementaux - The Kitchen Company<\/title>\n<meta name=\"description\" content=\"Dans un monde o\u00f9 la cause environnementale est pr\u00e9pond\u00e9rante, The Kitchen Company souhaite se positionner comme un acteur cl\u00e9 du changement. En collaboration avec nos partenaires, nous d\u00e9veloppons des gammes int\u00e8grant des solutions respectueuses de l\u2019environnement.\" \/>\n<meta name=\"robots\" content=\"index, follow, max-snippet:-1, max-image-preview:large, max-video-preview:-1\" \/>\n<link rel=\"canonical\" href=\"https:\/\/thekitchencompany.be\/fr\/qui-sommes-nous\/enjeux-environnementaux\/\" \/>\n<meta property=\"og:locale\" content=\"fr_FR\" \/>\n<meta property=\"og:type\" content=\"article\" \/>\n<meta property=\"og:title\" content=\"Enjeux environnementaux - The Kitchen Company\" \/>\n<meta property=\"og:description\" content=\"Dans un monde o\u00f9 la cause environnementale est pr\u00e9pond\u00e9rante, The Kitchen Company souhaite se positionner comme un acteur cl\u00e9 du changement. En collaboration avec nos partenaires, nous d\u00e9veloppons des gammes int\u00e8grant des solutions respectueuses de l\u2019environnement.\" \/>\n<meta property=\"og:url\" content=\"https:\/\/thekitchencompany.be\/fr\/qui-sommes-nous\/enjeux-environnementaux\/\" \/>\n<meta property=\"og:site_name\" content=\"The Kitchen Company\" \/>\n<meta property=\"article:modified_time\" content=\"2025-01-02T14:26:42+00:00\" \/>\n<meta property=\"og:image\" content=\"https:\/\/thekitchencompany.be\/wp-content\/uploads\/2024\/12\/Page11_foret.jpg\" \/>\n\t<meta property=\"og:image:width\" content=\"1920\" \/>\n\t<meta property=\"og:image:height\" content=\"1280\" \/>\n\t<meta property=\"og:image:type\" content=\"image\/jpeg\" \/>\n<meta name=\"twitter:card\" content=\"summary_large_image\" \/>\n<meta name=\"twitter:label1\" content=\"Dur\u00e9e de lecture estim\u00e9e\" \/>\n\t<meta name=\"twitter:data1\" content=\"3 minutes\" \/>\n<script type=\"application\/ld+json\" class=\"yoast-schema-graph\">{\"@context\":\"https:\\\/\\\/schema.org\",\"@graph\":[{\"@type\":\"WebPage\",\"@id\":\"https:\\\/\\\/thekitchencompany.be\\\/fr\\\/qui-sommes-nous\\\/enjeux-environnementaux\\\/\",\"url\":\"https:\\\/\\\/thekitchencompany.be\\\/fr\\\/qui-sommes-nous\\\/enjeux-environnementaux\\\/\",\"name\":\"Enjeux environnementaux - The Kitchen Company\",\"isPartOf\":{\"@id\":\"https:\\\/\\\/thekitchencompany.be\\\/fr\\\/#website\"},\"primaryImageOfPage\":{\"@id\":\"https:\\\/\\\/thekitchencompany.be\\\/fr\\\/qui-sommes-nous\\\/enjeux-environnementaux\\\/#primaryimage\"},\"image\":{\"@id\":\"https:\\\/\\\/thekitchencompany.be\\\/fr\\\/qui-sommes-nous\\\/enjeux-environnementaux\\\/#primaryimage\"},\"thumbnailUrl\":\"https:\\\/\\\/thekitchencompany.be\\\/wp-content\\\/uploads\\\/2024\\\/12\\\/Page11_foret.jpg\",\"datePublished\":\"2025-01-02T14:07:51+00:00\",\"dateModified\":\"2025-01-02T14:26:42+00:00\",\"description\":\"Dans un monde o\u00f9 la cause environnementale est pr\u00e9pond\u00e9rante, The Kitchen Company souhaite se positionner comme un acteur cl\u00e9 du changement. En collaboration avec nos partenaires, nous d\u00e9veloppons des gammes int\u00e8grant des solutions respectueuses de l\u2019environnement.\",\"breadcrumb\":{\"@id\":\"https:\\\/\\\/thekitchencompany.be\\\/fr\\\/qui-sommes-nous\\\/enjeux-environnementaux\\\/#breadcrumb\"},\"inLanguage\":\"fr-FR\",\"potentialAction\":[{\"@type\":\"ReadAction\",\"target\":[\"https:\\\/\\\/thekitchencompany.be\\\/fr\\\/qui-sommes-nous\\\/enjeux-environnementaux\\\/\"]}]},{\"@type\":\"ImageObject\",\"inLanguage\":\"fr-FR\",\"@id\":\"https:\\\/\\\/thekitchencompany.be\\\/fr\\\/qui-sommes-nous\\\/enjeux-environnementaux\\\/#primaryimage\",\"url\":\"https:\\\/\\\/thekitchencompany.be\\\/wp-content\\\/uploads\\\/2024\\\/12\\\/Page11_foret.jpg\",\"contentUrl\":\"https:\\\/\\\/thekitchencompany.be\\\/wp-content\\\/uploads\\\/2024\\\/12\\\/Page11_foret.jpg\",\"width\":1920,\"height\":1280},{\"@type\":\"BreadcrumbList\",\"@id\":\"https:\\\/\\\/thekitchencompany.be\\\/fr\\\/qui-sommes-nous\\\/enjeux-environnementaux\\\/#breadcrumb\",\"itemListElement\":[{\"@type\":\"ListItem\",\"position\":1,\"name\":\"Home\",\"item\":\"https:\\\/\\\/thekitchencompany.be\\\/fr\\\/\"},{\"@type\":\"ListItem\",\"position\":2,\"name\":\"The Kitchen Company : l\u2019expertise, l\u2019exp\u00e9rience et la satisfaction client, moteurs de notre activit\u00e9\",\"item\":\"https:\\\/\\\/thekitchencompany.be\\\/fr\\\/qui-sommes-nous\\\/\"},{\"@type\":\"ListItem\",\"position\":3,\"name\":\"Enjeux environnementaux\"}]},{\"@type\":\"WebSite\",\"@id\":\"https:\\\/\\\/thekitchencompany.be\\\/fr\\\/#website\",\"url\":\"https:\\\/\\\/thekitchencompany.be\\\/fr\\\/\",\"name\":\"The Kitchen Company\",\"description\":\"Un service sur mesure pour les promoteurs immobiliers\",\"potentialAction\":[{\"@type\":\"SearchAction\",\"target\":{\"@type\":\"EntryPoint\",\"urlTemplate\":\"https:\\\/\\\/thekitchencompany.be\\\/fr\\\/?s={search_term_string}\"},\"query-input\":{\"@type\":\"PropertyValueSpecification\",\"valueRequired\":true,\"valueName\":\"search_term_string\"}}],\"inLanguage\":\"fr-FR\"}]}<\/script>\n<!-- \/ Yoast SEO plugin. -->","yoast_head_json":{"title":"Enjeux environnementaux - The Kitchen Company","description":"Dans un monde o\u00f9 la cause environnementale est pr\u00e9pond\u00e9rante, The Kitchen Company souhaite se positionner comme un acteur cl\u00e9 du changement. En collaboration avec nos partenaires, nous d\u00e9veloppons des gammes int\u00e8grant des solutions respectueuses de l\u2019environnement.","robots":{"index":"index","follow":"follow","max-snippet":"max-snippet:-1","max-image-preview":"max-image-preview:large","max-video-preview":"max-video-preview:-1"},"canonical":"https:\/\/thekitchencompany.be\/fr\/qui-sommes-nous\/enjeux-environnementaux\/","og_locale":"fr_FR","og_type":"article","og_title":"Enjeux environnementaux - The Kitchen Company","og_description":"Dans un monde o\u00f9 la cause environnementale est pr\u00e9pond\u00e9rante, The Kitchen Company souhaite se positionner comme un acteur cl\u00e9 du changement. En collaboration avec nos partenaires, nous d\u00e9veloppons des gammes int\u00e8grant des solutions respectueuses de l\u2019environnement.","og_url":"https:\/\/thekitchencompany.be\/fr\/qui-sommes-nous\/enjeux-environnementaux\/","og_site_name":"The Kitchen Company","article_modified_time":"2025-01-02T14:26:42+00:00","og_image":[{"width":1920,"height":1280,"url":"https:\/\/thekitchencompany.be\/wp-content\/uploads\/2024\/12\/Page11_foret.jpg","type":"image\/jpeg"}],"twitter_card":"summary_large_image","twitter_misc":{"Dur\u00e9e de lecture estim\u00e9e":"3 minutes"},"schema":{"@context":"https:\/\/schema.org","@graph":[{"@type":"WebPage","@id":"https:\/\/thekitchencompany.be\/fr\/qui-sommes-nous\/enjeux-environnementaux\/","url":"https:\/\/thekitchencompany.be\/fr\/qui-sommes-nous\/enjeux-environnementaux\/","name":"Enjeux environnementaux - The Kitchen Company","isPartOf":{"@id":"https:\/\/thekitchencompany.be\/fr\/#website"},"primaryImageOfPage":{"@id":"https:\/\/thekitchencompany.be\/fr\/qui-sommes-nous\/enjeux-environnementaux\/#primaryimage"},"image":{"@id":"https:\/\/thekitchencompany.be\/fr\/qui-sommes-nous\/enjeux-environnementaux\/#primaryimage"},"thumbnailUrl":"https:\/\/thekitchencompany.be\/wp-content\/uploads\/2024\/12\/Page11_foret.jpg","datePublished":"2025-01-02T14:07:51+00:00","dateModified":"2025-01-02T14:26:42+00:00","description":"Dans un monde o\u00f9 la cause environnementale est pr\u00e9pond\u00e9rante, The Kitchen Company souhaite se positionner comme un acteur cl\u00e9 du changement. En collaboration avec nos partenaires, nous d\u00e9veloppons des gammes int\u00e8grant des solutions respectueuses de l\u2019environnement.","breadcrumb":{"@id":"https:\/\/thekitchencompany.be\/fr\/qui-sommes-nous\/enjeux-environnementaux\/#breadcrumb"},"inLanguage":"fr-FR","potentialAction":[{"@type":"ReadAction","target":["https:\/\/thekitchencompany.be\/fr\/qui-sommes-nous\/enjeux-environnementaux\/"]}]},{"@type":"ImageObject","inLanguage":"fr-FR","@id":"https:\/\/thekitchencompany.be\/fr\/qui-sommes-nous\/enjeux-environnementaux\/#primaryimage","url":"https:\/\/thekitchencompany.be\/wp-content\/uploads\/2024\/12\/Page11_foret.jpg","contentUrl":"https:\/\/thekitchencompany.be\/wp-content\/uploads\/2024\/12\/Page11_foret.jpg","width":1920,"height":1280},{"@type":"BreadcrumbList","@id":"https:\/\/thekitchencompany.be\/fr\/qui-sommes-nous\/enjeux-environnementaux\/#breadcrumb","itemListElement":[{"@type":"ListItem","position":1,"name":"Home","item":"https:\/\/thekitchencompany.be\/fr\/"},{"@type":"ListItem","position":2,"name":"The Kitchen Company : l\u2019expertise, l\u2019exp\u00e9rience et la satisfaction client, moteurs de notre activit\u00e9","item":"https:\/\/thekitchencompany.be\/fr\/qui-sommes-nous\/"},{"@type":"ListItem","position":3,"name":"Enjeux environnementaux"}]},{"@type":"WebSite","@id":"https:\/\/thekitchencompany.be\/fr\/#website","url":"https:\/\/thekitchencompany.be\/fr\/","name":"The Kitchen Company","description":"Un service sur mesure pour les promoteurs immobiliers","potentialAction":[{"@type":"SearchAction","target":{"@type":"EntryPoint","urlTemplate":"https:\/\/thekitchencompany.be\/fr\/?s={search_term_string}"},"query-input":{"@type":"PropertyValueSpecification","valueRequired":true,"valueName":"search_term_string"}}],"inLanguage":"fr-FR"}]}},"_links":{"self":[{"href":"https:\/\/thekitchencompany.be\/fr\/wp-json\/wp\/v2\/pages\/7580","targetHints":{"allow":["GET"]}}],"collection":[{"href":"https:\/\/thekitchencompany.be\/fr\/wp-json\/wp\/v2\/pages"}],"about":[{"href":"https:\/\/thekitchencompany.be\/fr\/wp-json\/wp\/v2\/types\/page"}],"author":[{"embeddable":true,"href":"https:\/\/thekitchencompany.be\/fr\/wp-json\/wp\/v2\/users\/6"}],"replies":[{"embeddable":true,"href":"https:\/\/thekitchencompany.be\/fr\/wp-json\/wp\/v2\/comments?post=7580"}],"version-history":[{"count":10,"href":"https:\/\/thekitchencompany.be\/fr\/wp-json\/wp\/v2\/pages\/7580\/revisions"}],"predecessor-version":[{"id":7650,"href":"https:\/\/thekitchencompany.be\/fr\/wp-json\/wp\/v2\/pages\/7580\/revisions\/7650"}],"up":[{"embeddable":true,"href":"https:\/\/thekitchencompany.be\/fr\/wp-json\/wp\/v2\/pages\/18"}],"wp:featuredmedia":[{"embeddable":true,"href":"https:\/\/thekitchencompany.be\/fr\/wp-json\/wp\/v2\/media\/7582"}],"wp:attachment":[{"href":"https:\/\/thekitchencompany.be\/fr\/wp-json\/wp\/v2\/media?parent=7580"}],"curies":[{"name":"wp","href":"https:\/\/api.w.org\/{rel}","templated":true}]}}