{"id":7722,"date":"2025-01-13T16:18:42","date_gmt":"2025-01-13T15:18:42","guid":{"rendered":"https:\/\/thekitchencompany.be\/?page_id=7722"},"modified":"2026-02-04T13:43:24","modified_gmt":"2026-02-04T12:43:24","slug":"cuisines-modernes-k-one","status":"publish","type":"page","link":"https:\/\/thekitchencompany.be\/fr\/services-via-un-promoteur\/cuisines-modernes-k-one\/","title":{"rendered":"Les cuisines modernes de notre gamme &lsquo;K-one&rsquo;"},"content":{"rendered":"\n<article class=\"wp-block-fidelo-image-text col-md-12\"><div class=\"row mediatext-wrap\" alignment=\"right\"><div class=\"col-md-6 bg\" theme=\"bg-3\">\n<h2 class=\"wp-block-heading\">Un design soign\u00e9 et dans l\u2019air du temps<\/h2>\n\n\n\n<p>La cuisine <em>K-one<\/em> est r\u00e9solument moderne. Elle se veut \u00e0 la fois <strong>\u00e9pur\u00e9e et styl\u00e9e<\/strong>. Elle offre un large choix de possibilit\u00e9s en mati\u00e8re de coloris, de combinaisons de mati\u00e8res et d\u2019am\u00e9nagement de rangements. En tant que cuisine contemporaine, la gamme <em>K-one<\/em> est \u00e9galement pens\u00e9e pour r\u00e9pondre aux besoins de chacun. Elle offre ainsi un haut niveau de fonctionnalit\u00e9 tout en s\u2019int\u00e9grant parfaitement au design des int\u00e9rieurs actuels.<\/p>\n<\/div><div class=\"col-md-6 image\"><img decoding=\"async\" src=\"https:\/\/thekitchencompany.be\/wp-content\/uploads\/2019\/09\/k-one-design-soigne-dans-lair-du-temps-2.jpg\"\/><\/div><\/div><\/article>\n\n\n\n<article class=\"wp-block-fidelo-image-text col-md-12\"><div class=\"row mediatext-wrap\" alignment=\"left\"><div class=\"col-md-6 bg\" theme=\"bg-2\">\n<h2 class=\"wp-block-heading\">Des finitions de qualit\u00e9 personnalisables<\/h2>\n\n\n\n<p>Les cuisines de la gamme <em>K-one<\/em> sont fabriqu\u00e9es et pr\u00e9-mont\u00e9es en Allemagne pour plus de robustesse et de fiabilit\u00e9.<\/p>\n\n\n\n<p>Vous pouvez choisir des meubles de cuisine unis : blanc, gris, noir, imitation bois. Vous pouvez \u00e9galement s\u00e9lectionner d\u2019autres couleurs du nuancier pour une cuisine qui ne passe pas inaper\u00e7ue. Pour un style encore plus contemporain, <strong>jouer avec diff\u00e9rents rendus de finition<\/strong> mats ou laqu\u00e9s permettra de donner plus d\u2019ampleur et de consistance \u00e0 certains \u00e9l\u00e9ments du mobilier.<\/p>\n\n\n\n<p>Jouer sur le contraste entre la couleur des meubles et du plan de travail fait \u00e9galement partie des grandes tendances en mati\u00e8re de cuisine design. Ainsi, choisir parmi les possibilit\u00e9s de couleurs et de textures qu\u2019offre <strong>un plan de travail en stratifi\u00e9<\/strong> apportera un cachet suppl\u00e9mentaire \u00e0 votre am\u00e9nagement.<\/p>\n\n\n\n<p class=\"has-text-align-left\">Pour encore plus de personnalisation, optez pour un plan de travail en pierre naturelle ou manufactur\u00e9e (quartz, c\u00e9ramique&#8230;).<\/p>\n\n\n\n<p>Ces diff\u00e9rents composants se d\u00e9clinent par ailleurs dans <strong>une multitude de coloris combinables \u00e0 souhait<\/strong> afin de laisser place \u00e0 des cuisines refl\u00e9tant votre personnalit\u00e9.<\/p>\n<\/div><div class=\"col-md-6 image\"><img decoding=\"async\" src=\"https:\/\/thekitchencompany.be\/wp-content\/uploads\/2019\/09\/k-one-finition-de-qualite.jpg\"\/><\/div><\/div><\/article>\n\n\n\n<article class=\"wp-block-fidelo-image-text col-md-12\"><div class=\"row mediatext-wrap\" alignment=\"right\"><div class=\"col-md-6 bg\" theme=\"bg-1\">\n<h2 class=\"wp-block-heading\">Diverses possibilit\u00e9s d\u2019am\u00e9nagement sur mesure<\/h2>\n\n\n\n<p>L\u2019am\u00e9nagement d\u2019une pi\u00e8ce de cuisine ne se fait pas \u00e0 l\u2019aveugle. C\u2019est pourquoi, nous avons choisi les meilleurs architectes d\u2019int\u00e9rieur pour vous conseiller dans cette \u00e9tape cruciale. Une conception bien pens\u00e9e doit apporter \u00e0 la fois une facilit\u00e9 d\u2019utilisation, une certaine flexibilit\u00e9 et du style \u00e0 la pi\u00e8ce. Une cuisine en \u00ab L \u00bb, en \u00ab U \u00bb, avec un \u00eelot central, ouverte ou ferm\u00e9e : autant de possibilit\u00e9s vous permettront de jouir d\u2019<strong>une cuisine \u00e0 la fois fonctionnelle et tendance.<\/strong><\/p>\n\n\n\n<hr class=\"wp-block-separator has-alpha-channel-opacity\"\/>\n\n\n\n<p>Vous \u00eates int\u00e9ress\u00e9 par nos&nbsp;<a href=\"https:\/\/thekitchencompany.be\/fr\/services-via-un-promoteur\/cuisines-sur-mesure\/\">mod\u00e8les de cuisines<\/a>&nbsp;sur-mesure ? D\u00e9couvrez&nbsp;<a href=\"https:\/\/thekitchencompany.be\/fr\/services-via-un-promoteur\/references-the-kitchen-company\/\">nos r\u00e9alisations<\/a>&nbsp;ou prenez contact avec nos \u00e9quipes pour plus d\u2019informations.<\/p>\n\n\n\n<p>D\u00e9couvrez notre autre gamme de cuisines sur mesure :<\/p>\n\n\n\n<ul class=\"wp-block-list list-checklist\">\n<li><a href=\"https:\/\/thekitchencompany.be\/fr\/services-via-un-promoteur\/cuisines-leicht-moderne-haut-de-gamme\/\">Cuisines LEICHT<\/a><\/li>\n<\/ul>\n<\/div><div class=\"col-md-6 image\"><img decoding=\"async\" src=\"https:\/\/thekitchencompany.be\/wp-content\/uploads\/2019\/09\/k-one-divers-possibilites-damenagement-1.jpg\"\/><\/div><\/div><\/article>\n","protected":false},"excerpt":{"rendered":"","protected":false},"author":6,"featured_media":486,"parent":2444,"menu_order":0,"comment_status":"closed","ping_status":"closed","template":"","meta":{"keyline":"Notre gamme de cuisines K-one est compos\u00e9e de mod\u00e8les design, ancr\u00e9s dans l\u2019\u00e8re moderne en alliant design et fonctionnalit\u00e9. Les possibilit\u00e9s de personnalisation sont nombreuses et le rapport qualit\u00e9\/prix est au rendez-vous.","googlemap":"","footnotes":""},"class_list":["post-7722","page","type-page","status-publish","has-post-thumbnail","hentry"],"yoast_head":"<!-- This site is optimized with the Yoast SEO plugin v27.3 - https:\/\/yoast.com\/product\/yoast-seo-wordpress\/ -->\n<title>Cuisines modernes de la gamme K-one | The Kitchen Company<\/title>\n<meta name=\"description\" content=\"Notre gamme de cuisines K-one est compos\u00e9e de mod\u00e8les design, ancr\u00e9s dans l\u2019\u00e8re moderne. Venez la d\u00e9couvrir.\" \/>\n<meta name=\"robots\" content=\"index, follow, max-snippet:-1, max-image-preview:large, max-video-preview:-1\" \/>\n<link rel=\"canonical\" href=\"https:\/\/thekitchencompany.be\/fr\/services-via-un-promoteur\/cuisines-modernes-k-one\/\" \/>\n<meta property=\"og:locale\" content=\"fr_FR\" \/>\n<meta property=\"og:type\" content=\"article\" \/>\n<meta property=\"og:title\" content=\"Cuisines modernes de la gamme K-one | The Kitchen Company\" \/>\n<meta property=\"og:description\" content=\"Notre gamme de cuisines K-one est compos\u00e9e de mod\u00e8les design, ancr\u00e9s dans l\u2019\u00e8re moderne. Venez la d\u00e9couvrir.\" \/>\n<meta property=\"og:url\" content=\"https:\/\/thekitchencompany.be\/fr\/services-via-un-promoteur\/cuisines-modernes-k-one\/\" \/>\n<meta property=\"og:site_name\" content=\"The Kitchen Company\" \/>\n<meta property=\"article:modified_time\" content=\"2026-02-04T12:43:24+00:00\" \/>\n<meta property=\"og:image\" content=\"https:\/\/thekitchencompany.be\/wp-content\/uploads\/2019\/09\/cuisine-equipee-moderne.jpg\" \/>\n\t<meta property=\"og:image:width\" content=\"1600\" \/>\n\t<meta property=\"og:image:height\" content=\"955\" \/>\n\t<meta property=\"og:image:type\" content=\"image\/jpeg\" \/>\n<meta name=\"twitter:card\" content=\"summary_large_image\" \/>\n<meta name=\"twitter:label1\" content=\"Dur\u00e9e de lecture estim\u00e9e\" \/>\n\t<meta name=\"twitter:data1\" content=\"3 minutes\" \/>\n<script type=\"application\/ld+json\" class=\"yoast-schema-graph\">{\"@context\":\"https:\\\/\\\/schema.org\",\"@graph\":[{\"@type\":\"WebPage\",\"@id\":\"https:\\\/\\\/thekitchencompany.be\\\/fr\\\/services-via-un-promoteur\\\/cuisines-modernes-k-one\\\/\",\"url\":\"https:\\\/\\\/thekitchencompany.be\\\/fr\\\/services-via-un-promoteur\\\/cuisines-modernes-k-one\\\/\",\"name\":\"Cuisines modernes de la gamme K-one | The Kitchen Company\",\"isPartOf\":{\"@id\":\"https:\\\/\\\/thekitchencompany.be\\\/fr\\\/#website\"},\"primaryImageOfPage\":{\"@id\":\"https:\\\/\\\/thekitchencompany.be\\\/fr\\\/services-via-un-promoteur\\\/cuisines-modernes-k-one\\\/#primaryimage\"},\"image\":{\"@id\":\"https:\\\/\\\/thekitchencompany.be\\\/fr\\\/services-via-un-promoteur\\\/cuisines-modernes-k-one\\\/#primaryimage\"},\"thumbnailUrl\":\"https:\\\/\\\/thekitchencompany.be\\\/wp-content\\\/uploads\\\/2019\\\/09\\\/cuisine-equipee-moderne.jpg\",\"datePublished\":\"2025-01-13T15:18:42+00:00\",\"dateModified\":\"2026-02-04T12:43:24+00:00\",\"description\":\"Notre gamme de cuisines K-one est compos\u00e9e de mod\u00e8les design, ancr\u00e9s dans l\u2019\u00e8re moderne. Venez la d\u00e9couvrir.\",\"breadcrumb\":{\"@id\":\"https:\\\/\\\/thekitchencompany.be\\\/fr\\\/services-via-un-promoteur\\\/cuisines-modernes-k-one\\\/#breadcrumb\"},\"inLanguage\":\"fr-FR\",\"potentialAction\":[{\"@type\":\"ReadAction\",\"target\":[\"https:\\\/\\\/thekitchencompany.be\\\/fr\\\/services-via-un-promoteur\\\/cuisines-modernes-k-one\\\/\"]}]},{\"@type\":\"ImageObject\",\"inLanguage\":\"fr-FR\",\"@id\":\"https:\\\/\\\/thekitchencompany.be\\\/fr\\\/services-via-un-promoteur\\\/cuisines-modernes-k-one\\\/#primaryimage\",\"url\":\"https:\\\/\\\/thekitchencompany.be\\\/wp-content\\\/uploads\\\/2019\\\/09\\\/cuisine-equipee-moderne.jpg\",\"contentUrl\":\"https:\\\/\\\/thekitchencompany.be\\\/wp-content\\\/uploads\\\/2019\\\/09\\\/cuisine-equipee-moderne.jpg\",\"width\":1600,\"height\":955},{\"@type\":\"BreadcrumbList\",\"@id\":\"https:\\\/\\\/thekitchencompany.be\\\/fr\\\/services-via-un-promoteur\\\/cuisines-modernes-k-one\\\/#breadcrumb\",\"itemListElement\":[{\"@type\":\"ListItem\",\"position\":1,\"name\":\"Home\",\"item\":\"https:\\\/\\\/thekitchencompany.be\\\/fr\\\/\"},{\"@type\":\"ListItem\",\"position\":2,\"name\":\"The Kitchen Company: cuisinistes et architectes d&rsquo;int\u00e9rieur pour les acquisitions immobili\u00e8res\",\"item\":\"https:\\\/\\\/thekitchencompany.be\\\/fr\\\/services-via-un-promoteur\\\/\"},{\"@type\":\"ListItem\",\"position\":3,\"name\":\"Les cuisines modernes de notre gamme &lsquo;K-one&rsquo;\"}]},{\"@type\":\"WebSite\",\"@id\":\"https:\\\/\\\/thekitchencompany.be\\\/fr\\\/#website\",\"url\":\"https:\\\/\\\/thekitchencompany.be\\\/fr\\\/\",\"name\":\"The Kitchen Company\",\"description\":\"Un service sur mesure pour les promoteurs immobiliers\",\"potentialAction\":[{\"@type\":\"SearchAction\",\"target\":{\"@type\":\"EntryPoint\",\"urlTemplate\":\"https:\\\/\\\/thekitchencompany.be\\\/fr\\\/?s={search_term_string}\"},\"query-input\":{\"@type\":\"PropertyValueSpecification\",\"valueRequired\":true,\"valueName\":\"search_term_string\"}}],\"inLanguage\":\"fr-FR\"}]}<\/script>\n<!-- \/ Yoast SEO plugin. -->","yoast_head_json":{"title":"Cuisines modernes de la gamme K-one | The Kitchen Company","description":"Notre gamme de cuisines K-one est compos\u00e9e de mod\u00e8les design, ancr\u00e9s dans l\u2019\u00e8re moderne. Venez la d\u00e9couvrir.","robots":{"index":"index","follow":"follow","max-snippet":"max-snippet:-1","max-image-preview":"max-image-preview:large","max-video-preview":"max-video-preview:-1"},"canonical":"https:\/\/thekitchencompany.be\/fr\/services-via-un-promoteur\/cuisines-modernes-k-one\/","og_locale":"fr_FR","og_type":"article","og_title":"Cuisines modernes de la gamme K-one | The Kitchen Company","og_description":"Notre gamme de cuisines K-one est compos\u00e9e de mod\u00e8les design, ancr\u00e9s dans l\u2019\u00e8re moderne. Venez la d\u00e9couvrir.","og_url":"https:\/\/thekitchencompany.be\/fr\/services-via-un-promoteur\/cuisines-modernes-k-one\/","og_site_name":"The Kitchen Company","article_modified_time":"2026-02-04T12:43:24+00:00","og_image":[{"width":1600,"height":955,"url":"https:\/\/thekitchencompany.be\/wp-content\/uploads\/2019\/09\/cuisine-equipee-moderne.jpg","type":"image\/jpeg"}],"twitter_card":"summary_large_image","twitter_misc":{"Dur\u00e9e de lecture estim\u00e9e":"3 minutes"},"schema":{"@context":"https:\/\/schema.org","@graph":[{"@type":"WebPage","@id":"https:\/\/thekitchencompany.be\/fr\/services-via-un-promoteur\/cuisines-modernes-k-one\/","url":"https:\/\/thekitchencompany.be\/fr\/services-via-un-promoteur\/cuisines-modernes-k-one\/","name":"Cuisines modernes de la gamme K-one | The Kitchen Company","isPartOf":{"@id":"https:\/\/thekitchencompany.be\/fr\/#website"},"primaryImageOfPage":{"@id":"https:\/\/thekitchencompany.be\/fr\/services-via-un-promoteur\/cuisines-modernes-k-one\/#primaryimage"},"image":{"@id":"https:\/\/thekitchencompany.be\/fr\/services-via-un-promoteur\/cuisines-modernes-k-one\/#primaryimage"},"thumbnailUrl":"https:\/\/thekitchencompany.be\/wp-content\/uploads\/2019\/09\/cuisine-equipee-moderne.jpg","datePublished":"2025-01-13T15:18:42+00:00","dateModified":"2026-02-04T12:43:24+00:00","description":"Notre gamme de cuisines K-one est compos\u00e9e de mod\u00e8les design, ancr\u00e9s dans l\u2019\u00e8re moderne. Venez la d\u00e9couvrir.","breadcrumb":{"@id":"https:\/\/thekitchencompany.be\/fr\/services-via-un-promoteur\/cuisines-modernes-k-one\/#breadcrumb"},"inLanguage":"fr-FR","potentialAction":[{"@type":"ReadAction","target":["https:\/\/thekitchencompany.be\/fr\/services-via-un-promoteur\/cuisines-modernes-k-one\/"]}]},{"@type":"ImageObject","inLanguage":"fr-FR","@id":"https:\/\/thekitchencompany.be\/fr\/services-via-un-promoteur\/cuisines-modernes-k-one\/#primaryimage","url":"https:\/\/thekitchencompany.be\/wp-content\/uploads\/2019\/09\/cuisine-equipee-moderne.jpg","contentUrl":"https:\/\/thekitchencompany.be\/wp-content\/uploads\/2019\/09\/cuisine-equipee-moderne.jpg","width":1600,"height":955},{"@type":"BreadcrumbList","@id":"https:\/\/thekitchencompany.be\/fr\/services-via-un-promoteur\/cuisines-modernes-k-one\/#breadcrumb","itemListElement":[{"@type":"ListItem","position":1,"name":"Home","item":"https:\/\/thekitchencompany.be\/fr\/"},{"@type":"ListItem","position":2,"name":"The Kitchen Company: cuisinistes et architectes d&rsquo;int\u00e9rieur pour les acquisitions immobili\u00e8res","item":"https:\/\/thekitchencompany.be\/fr\/services-via-un-promoteur\/"},{"@type":"ListItem","position":3,"name":"Les cuisines modernes de notre gamme &lsquo;K-one&rsquo;"}]},{"@type":"WebSite","@id":"https:\/\/thekitchencompany.be\/fr\/#website","url":"https:\/\/thekitchencompany.be\/fr\/","name":"The Kitchen Company","description":"Un service sur mesure pour les promoteurs immobiliers","potentialAction":[{"@type":"SearchAction","target":{"@type":"EntryPoint","urlTemplate":"https:\/\/thekitchencompany.be\/fr\/?s={search_term_string}"},"query-input":{"@type":"PropertyValueSpecification","valueRequired":true,"valueName":"search_term_string"}}],"inLanguage":"fr-FR"}]}},"_links":{"self":[{"href":"https:\/\/thekitchencompany.be\/fr\/wp-json\/wp\/v2\/pages\/7722","targetHints":{"allow":["GET"]}}],"collection":[{"href":"https:\/\/thekitchencompany.be\/fr\/wp-json\/wp\/v2\/pages"}],"about":[{"href":"https:\/\/thekitchencompany.be\/fr\/wp-json\/wp\/v2\/types\/page"}],"author":[{"embeddable":true,"href":"https:\/\/thekitchencompany.be\/fr\/wp-json\/wp\/v2\/users\/6"}],"replies":[{"embeddable":true,"href":"https:\/\/thekitchencompany.be\/fr\/wp-json\/wp\/v2\/comments?post=7722"}],"version-history":[{"count":4,"href":"https:\/\/thekitchencompany.be\/fr\/wp-json\/wp\/v2\/pages\/7722\/revisions"}],"predecessor-version":[{"id":7918,"href":"https:\/\/thekitchencompany.be\/fr\/wp-json\/wp\/v2\/pages\/7722\/revisions\/7918"}],"up":[{"embeddable":true,"href":"https:\/\/thekitchencompany.be\/fr\/wp-json\/wp\/v2\/pages\/2444"}],"wp:featuredmedia":[{"embeddable":true,"href":"https:\/\/thekitchencompany.be\/fr\/wp-json\/wp\/v2\/media\/486"}],"wp:attachment":[{"href":"https:\/\/thekitchencompany.be\/fr\/wp-json\/wp\/v2\/media?parent=7722"}],"curies":[{"name":"wp","href":"https:\/\/api.w.org\/{rel}","templated":true}]}}