{"id":7779,"date":"2025-01-21T09:54:34","date_gmt":"2025-01-21T08:54:34","guid":{"rendered":"https:\/\/thekitchencompany.be\/?page_id=7779"},"modified":"2025-01-21T10:05:26","modified_gmt":"2025-01-21T09:05:26","slug":"notre-entreprise","status":"publish","type":"page","link":"https:\/\/thekitchencompany.be\/fr\/services-via-un-promoteur\/notre-entreprise\/","title":{"rendered":"The Kitchen Company : l\u2019expertise, l\u2019exp\u00e9rience et la satisfaction client, moteurs de nos prestations"},"content":{"rendered":"\n<article class=\"wp-block-fidelo-image-text col-md-12\"><div class=\"row mediatext-wrap\" alignment=\"right\"><div class=\"col-md-6 bg\" theme=\"bg-3\">\n<h2 class=\"wp-block-heading\">Une expertise reconnue depuis plus de 25 ans<\/h2>\n\n\n\n<p>Depuis plus de deux d\u00e9cennies, nous collaborons \u00e9troitement avec <strong>les promoteurs et entrepreneurs immobiliers<\/strong>. Nous les \u00e9paulons dans la r\u00e9alisation de leurs projets de r\u00e9novation et de nouvelle construction. Nous nous distinguons par notre <strong>\u00e9coute active<\/strong>, notre <strong>sens du conseil<\/strong> et le <strong>suivi permanent<\/strong> de votre dossier.<\/p>\n\n\n\n<p>C\u2019est en 2002 que nous d\u00e9couvrons le lieu qui deviendra notre si\u00e8ge social. Ancienne usine \u00e0 papier et ensuite, \u00e0 carton, l\u2019histoire de ce domaine plein de magie nous inspire chaque jour pour vous <strong>concevoir les projets les plus cr\u00e9atifs.<\/strong><\/p>\n<\/div><div class=\"col-md-6 image\"><a href=\"https:\/\/www.youtube.com\/watch?v=pWDDKBxoJ6g\" data-popin=\"true\"><img decoding=\"async\" src=\"https:\/\/thekitchencompany.be\/wp-content\/uploads\/2019\/09\/thekitchencompany-promoteur-video-1.jpg\"\/><\/a><\/div><\/div><\/article>\n\n\n\n<article class=\"wp-block-fidelo-image-text col-md-12\"><div class=\"row mediatext-wrap\" alignment=\"left\"><div class=\"col-md-6 bg\" theme=\"bg-2\">\n<h2 class=\"wp-block-heading\">Cuisines et am\u00e9nagement sur mesure<\/h2>\n\n\n\n<p>The Kitchen Company a d\u00e9but\u00e9 en tant que cuisiniste par la conception de <a href=\"https:\/\/thekitchencompany.be\/fr\/services-via-un-promoteur\/cuisines-sur-mesure\/\">cuisines sur mesure<\/a>. Cette diversification de nos activit\u00e9s nous permet d\u2019offrir \u00e0 nos clients un service complet en mati\u00e8re d\u2019am\u00e9nagement int\u00e9rieur pour les <a href=\"https:\/\/thekitchencompany.be\/fr\/services-via-un-promoteur\/references-cuisines-placards-sur-mesure\/\">promotions immobili\u00e8res<\/a>.<\/p>\n<\/div><div class=\"col-md-6 image\"><img decoding=\"async\" src=\"https:\/\/thekitchencompany.be\/wp-content\/uploads\/2023\/10\/the_kitchen_company_zone_echantillon-scaled.jpg\"\/><\/div><\/div><\/article>\n\n\n\n<article class=\"wp-block-fidelo-image-text col-md-12\"><div class=\"row mediatext-wrap\" alignment=\"right\"><div class=\"col-md-6 bg\" theme=\"bg-1\">\n<h2 class=\"wp-block-heading\">Le client et le sens du service au c\u0153ur de notre m\u00e9tier<\/h2>\n\n\n\n<p>Depuis plus de 25 ans, nous concevons des cuisines qui refl\u00e8tent la personnalit\u00e9 de nos clients et qui poss\u00e8dent leur propre identit\u00e9. Notre expertise repose en effet sur une <strong>approche orient\u00e9e vers l\u2019exp\u00e9rience et la satisfaction client.<\/strong> Nous travaillons avec une optique \u00e0 long terme en privil\u00e9giant la collaboration et la recherche de l\u2019excellence. Ce sont ces valeurs qui nous ont permis, ann\u00e9es apr\u00e8s ann\u00e9es, de d\u00e9velopper notre soci\u00e9t\u00e9 pour qu\u2019elle repose sur des bases solides.<\/p>\n\n\n\n<hr class=\"wp-block-separator has-alpha-channel-opacity\"\/>\n\n\n\n<p>Vous souhaitez en apprendre davantage au sujet de notre soci\u00e9t\u00e9 et de notre gamme de <a href=\"https:\/\/thekitchencompany.be\/fr\/services-via-un-promoteur\/references-cuisines-placards-sur-mesure\/\">cuisines<\/a> ? N\u2019h\u00e9sitez pas \u00e0 nous <a href=\"https:\/\/thekitchencompany.be\/fr\/qui-sommes-nous\/contact\/\">contacter<\/a> ou \u00e0 prendre rendez-vous avec nos \u00e9quipes.<\/p>\n<\/div><div class=\"col-md-6 image\"><img decoding=\"async\" src=\"https:\/\/thekitchencompany.be\/wp-content\/uploads\/2019\/09\/thekitchencompany-valeurs.jpg\"\/><\/div><\/div><\/article>\n","protected":false},"excerpt":{"rendered":"","protected":false},"author":6,"featured_media":751,"parent":2444,"menu_order":0,"comment_status":"closed","ping_status":"closed","template":"","meta":{"keyline":"En 25 ans, nous n\u2019avons cess\u00e9 de d\u00e9velopper notre savoir-faire afin de d\u00e9livrer aux\r\npromoteurs immobiliers et entrepreneurs un service de qualit\u00e9 et enti\u00e8rement\r\npersonnalis\u00e9 pour r\u00e9pondre \u00e0 leurs besoins. Sp\u00e9cialistes de la conception de cuisines \u00e0\r\nl\u2019origine, nous avons \u00e9largi notre gamme \u00e0 l\u2019ensemble de l\u2019am\u00e9nagement int\u00e9rieur avec\r\nla cr\u00e9ation de placards et dressings.","googlemap":"","footnotes":""},"class_list":["post-7779","page","type-page","status-publish","has-post-thumbnail","hentry"],"yoast_head":"<!-- This site is optimized with the Yoast SEO plugin v27.3 - https:\/\/yoast.com\/product\/yoast-seo-wordpress\/ -->\n<title>D\u00e9couvrez nos pr\u00e9stations | The Kitchen Company<\/title>\n<meta name=\"description\" content=\"En 25 ans, nous avons d\u00e9velopp\u00e9 notre savoir-faire et notre service personnalis\u00e9 afin de r\u00e9pondre aux besoins des promoteurs immobiliers.\" \/>\n<meta name=\"robots\" content=\"index, follow, max-snippet:-1, max-image-preview:large, max-video-preview:-1\" \/>\n<link rel=\"canonical\" href=\"https:\/\/thekitchencompany.be\/fr\/services-via-un-promoteur\/notre-entreprise\/\" \/>\n<meta property=\"og:locale\" content=\"fr_FR\" \/>\n<meta property=\"og:type\" content=\"article\" \/>\n<meta property=\"og:title\" content=\"D\u00e9couvrez nos pr\u00e9stations | The Kitchen Company\" \/>\n<meta property=\"og:description\" content=\"En 25 ans, nous avons d\u00e9velopp\u00e9 notre savoir-faire et notre service personnalis\u00e9 afin de r\u00e9pondre aux besoins des promoteurs immobiliers.\" \/>\n<meta property=\"og:url\" content=\"https:\/\/thekitchencompany.be\/fr\/services-via-un-promoteur\/notre-entreprise\/\" \/>\n<meta property=\"og:site_name\" content=\"The Kitchen Company\" \/>\n<meta property=\"article:modified_time\" content=\"2025-01-21T09:05:26+00:00\" \/>\n<meta property=\"og:image\" content=\"https:\/\/thekitchencompany.be\/wp-content\/uploads\/2019\/09\/thekitchencompany-qui-sommes-nous.jpg\" \/>\n\t<meta property=\"og:image:width\" content=\"1800\" \/>\n\t<meta property=\"og:image:height\" content=\"1130\" \/>\n\t<meta property=\"og:image:type\" content=\"image\/jpeg\" \/>\n<meta name=\"twitter:card\" content=\"summary_large_image\" \/>\n<meta name=\"twitter:label1\" content=\"Dur\u00e9e de lecture estim\u00e9e\" \/>\n\t<meta name=\"twitter:data1\" content=\"3 minutes\" \/>\n<script type=\"application\/ld+json\" class=\"yoast-schema-graph\">{\"@context\":\"https:\\\/\\\/schema.org\",\"@graph\":[{\"@type\":\"WebPage\",\"@id\":\"https:\\\/\\\/thekitchencompany.be\\\/fr\\\/services-via-un-promoteur\\\/notre-entreprise\\\/\",\"url\":\"https:\\\/\\\/thekitchencompany.be\\\/fr\\\/services-via-un-promoteur\\\/notre-entreprise\\\/\",\"name\":\"D\u00e9couvrez nos pr\u00e9stations | The Kitchen Company\",\"isPartOf\":{\"@id\":\"https:\\\/\\\/thekitchencompany.be\\\/fr\\\/#website\"},\"primaryImageOfPage\":{\"@id\":\"https:\\\/\\\/thekitchencompany.be\\\/fr\\\/services-via-un-promoteur\\\/notre-entreprise\\\/#primaryimage\"},\"image\":{\"@id\":\"https:\\\/\\\/thekitchencompany.be\\\/fr\\\/services-via-un-promoteur\\\/notre-entreprise\\\/#primaryimage\"},\"thumbnailUrl\":\"https:\\\/\\\/thekitchencompany.be\\\/wp-content\\\/uploads\\\/2019\\\/09\\\/thekitchencompany-qui-sommes-nous.jpg\",\"datePublished\":\"2025-01-21T08:54:34+00:00\",\"dateModified\":\"2025-01-21T09:05:26+00:00\",\"description\":\"En 25 ans, nous avons d\u00e9velopp\u00e9 notre savoir-faire et notre service personnalis\u00e9 afin de r\u00e9pondre aux besoins des promoteurs immobiliers.\",\"breadcrumb\":{\"@id\":\"https:\\\/\\\/thekitchencompany.be\\\/fr\\\/services-via-un-promoteur\\\/notre-entreprise\\\/#breadcrumb\"},\"inLanguage\":\"fr-FR\",\"potentialAction\":[{\"@type\":\"ReadAction\",\"target\":[\"https:\\\/\\\/thekitchencompany.be\\\/fr\\\/services-via-un-promoteur\\\/notre-entreprise\\\/\"]}]},{\"@type\":\"ImageObject\",\"inLanguage\":\"fr-FR\",\"@id\":\"https:\\\/\\\/thekitchencompany.be\\\/fr\\\/services-via-un-promoteur\\\/notre-entreprise\\\/#primaryimage\",\"url\":\"https:\\\/\\\/thekitchencompany.be\\\/wp-content\\\/uploads\\\/2019\\\/09\\\/thekitchencompany-qui-sommes-nous.jpg\",\"contentUrl\":\"https:\\\/\\\/thekitchencompany.be\\\/wp-content\\\/uploads\\\/2019\\\/09\\\/thekitchencompany-qui-sommes-nous.jpg\",\"width\":1800,\"height\":1130},{\"@type\":\"BreadcrumbList\",\"@id\":\"https:\\\/\\\/thekitchencompany.be\\\/fr\\\/services-via-un-promoteur\\\/notre-entreprise\\\/#breadcrumb\",\"itemListElement\":[{\"@type\":\"ListItem\",\"position\":1,\"name\":\"Home\",\"item\":\"https:\\\/\\\/thekitchencompany.be\\\/fr\\\/\"},{\"@type\":\"ListItem\",\"position\":2,\"name\":\"The Kitchen Company: cuisinistes et architectes d&rsquo;int\u00e9rieur pour les acquisitions immobili\u00e8res\",\"item\":\"https:\\\/\\\/thekitchencompany.be\\\/fr\\\/services-via-un-promoteur\\\/\"},{\"@type\":\"ListItem\",\"position\":3,\"name\":\"The Kitchen Company : l\u2019expertise, l\u2019exp\u00e9rience et la satisfaction client, moteurs de nos prestations\"}]},{\"@type\":\"WebSite\",\"@id\":\"https:\\\/\\\/thekitchencompany.be\\\/fr\\\/#website\",\"url\":\"https:\\\/\\\/thekitchencompany.be\\\/fr\\\/\",\"name\":\"The Kitchen Company\",\"description\":\"Un service sur mesure pour les promoteurs immobiliers\",\"potentialAction\":[{\"@type\":\"SearchAction\",\"target\":{\"@type\":\"EntryPoint\",\"urlTemplate\":\"https:\\\/\\\/thekitchencompany.be\\\/fr\\\/?s={search_term_string}\"},\"query-input\":{\"@type\":\"PropertyValueSpecification\",\"valueRequired\":true,\"valueName\":\"search_term_string\"}}],\"inLanguage\":\"fr-FR\"}]}<\/script>\n<!-- \/ Yoast SEO plugin. -->","yoast_head_json":{"title":"D\u00e9couvrez nos pr\u00e9stations | The Kitchen Company","description":"En 25 ans, nous avons d\u00e9velopp\u00e9 notre savoir-faire et notre service personnalis\u00e9 afin de r\u00e9pondre aux besoins des promoteurs immobiliers.","robots":{"index":"index","follow":"follow","max-snippet":"max-snippet:-1","max-image-preview":"max-image-preview:large","max-video-preview":"max-video-preview:-1"},"canonical":"https:\/\/thekitchencompany.be\/fr\/services-via-un-promoteur\/notre-entreprise\/","og_locale":"fr_FR","og_type":"article","og_title":"D\u00e9couvrez nos pr\u00e9stations | The Kitchen Company","og_description":"En 25 ans, nous avons d\u00e9velopp\u00e9 notre savoir-faire et notre service personnalis\u00e9 afin de r\u00e9pondre aux besoins des promoteurs immobiliers.","og_url":"https:\/\/thekitchencompany.be\/fr\/services-via-un-promoteur\/notre-entreprise\/","og_site_name":"The Kitchen Company","article_modified_time":"2025-01-21T09:05:26+00:00","og_image":[{"width":1800,"height":1130,"url":"https:\/\/thekitchencompany.be\/wp-content\/uploads\/2019\/09\/thekitchencompany-qui-sommes-nous.jpg","type":"image\/jpeg"}],"twitter_card":"summary_large_image","twitter_misc":{"Dur\u00e9e de lecture estim\u00e9e":"3 minutes"},"schema":{"@context":"https:\/\/schema.org","@graph":[{"@type":"WebPage","@id":"https:\/\/thekitchencompany.be\/fr\/services-via-un-promoteur\/notre-entreprise\/","url":"https:\/\/thekitchencompany.be\/fr\/services-via-un-promoteur\/notre-entreprise\/","name":"D\u00e9couvrez nos pr\u00e9stations | The Kitchen Company","isPartOf":{"@id":"https:\/\/thekitchencompany.be\/fr\/#website"},"primaryImageOfPage":{"@id":"https:\/\/thekitchencompany.be\/fr\/services-via-un-promoteur\/notre-entreprise\/#primaryimage"},"image":{"@id":"https:\/\/thekitchencompany.be\/fr\/services-via-un-promoteur\/notre-entreprise\/#primaryimage"},"thumbnailUrl":"https:\/\/thekitchencompany.be\/wp-content\/uploads\/2019\/09\/thekitchencompany-qui-sommes-nous.jpg","datePublished":"2025-01-21T08:54:34+00:00","dateModified":"2025-01-21T09:05:26+00:00","description":"En 25 ans, nous avons d\u00e9velopp\u00e9 notre savoir-faire et notre service personnalis\u00e9 afin de r\u00e9pondre aux besoins des promoteurs immobiliers.","breadcrumb":{"@id":"https:\/\/thekitchencompany.be\/fr\/services-via-un-promoteur\/notre-entreprise\/#breadcrumb"},"inLanguage":"fr-FR","potentialAction":[{"@type":"ReadAction","target":["https:\/\/thekitchencompany.be\/fr\/services-via-un-promoteur\/notre-entreprise\/"]}]},{"@type":"ImageObject","inLanguage":"fr-FR","@id":"https:\/\/thekitchencompany.be\/fr\/services-via-un-promoteur\/notre-entreprise\/#primaryimage","url":"https:\/\/thekitchencompany.be\/wp-content\/uploads\/2019\/09\/thekitchencompany-qui-sommes-nous.jpg","contentUrl":"https:\/\/thekitchencompany.be\/wp-content\/uploads\/2019\/09\/thekitchencompany-qui-sommes-nous.jpg","width":1800,"height":1130},{"@type":"BreadcrumbList","@id":"https:\/\/thekitchencompany.be\/fr\/services-via-un-promoteur\/notre-entreprise\/#breadcrumb","itemListElement":[{"@type":"ListItem","position":1,"name":"Home","item":"https:\/\/thekitchencompany.be\/fr\/"},{"@type":"ListItem","position":2,"name":"The Kitchen Company: cuisinistes et architectes d&rsquo;int\u00e9rieur pour les acquisitions immobili\u00e8res","item":"https:\/\/thekitchencompany.be\/fr\/services-via-un-promoteur\/"},{"@type":"ListItem","position":3,"name":"The Kitchen Company : l\u2019expertise, l\u2019exp\u00e9rience et la satisfaction client, moteurs de nos prestations"}]},{"@type":"WebSite","@id":"https:\/\/thekitchencompany.be\/fr\/#website","url":"https:\/\/thekitchencompany.be\/fr\/","name":"The Kitchen Company","description":"Un service sur mesure pour les promoteurs immobiliers","potentialAction":[{"@type":"SearchAction","target":{"@type":"EntryPoint","urlTemplate":"https:\/\/thekitchencompany.be\/fr\/?s={search_term_string}"},"query-input":{"@type":"PropertyValueSpecification","valueRequired":true,"valueName":"search_term_string"}}],"inLanguage":"fr-FR"}]}},"_links":{"self":[{"href":"https:\/\/thekitchencompany.be\/fr\/wp-json\/wp\/v2\/pages\/7779","targetHints":{"allow":["GET"]}}],"collection":[{"href":"https:\/\/thekitchencompany.be\/fr\/wp-json\/wp\/v2\/pages"}],"about":[{"href":"https:\/\/thekitchencompany.be\/fr\/wp-json\/wp\/v2\/types\/page"}],"author":[{"embeddable":true,"href":"https:\/\/thekitchencompany.be\/fr\/wp-json\/wp\/v2\/users\/6"}],"replies":[{"embeddable":true,"href":"https:\/\/thekitchencompany.be\/fr\/wp-json\/wp\/v2\/comments?post=7779"}],"version-history":[{"count":2,"href":"https:\/\/thekitchencompany.be\/fr\/wp-json\/wp\/v2\/pages\/7779\/revisions"}],"predecessor-version":[{"id":7785,"href":"https:\/\/thekitchencompany.be\/fr\/wp-json\/wp\/v2\/pages\/7779\/revisions\/7785"}],"up":[{"embeddable":true,"href":"https:\/\/thekitchencompany.be\/fr\/wp-json\/wp\/v2\/pages\/2444"}],"wp:featuredmedia":[{"embeddable":true,"href":"https:\/\/thekitchencompany.be\/fr\/wp-json\/wp\/v2\/media\/751"}],"wp:attachment":[{"href":"https:\/\/thekitchencompany.be\/fr\/wp-json\/wp\/v2\/media?parent=7779"}],"curies":[{"name":"wp","href":"https:\/\/api.w.org\/{rel}","templated":true}]}}