{"id":7827,"date":"2025-01-21T11:49:16","date_gmt":"2025-01-21T10:49:16","guid":{"rendered":"https:\/\/thekitchencompany.be\/?page_id=7827"},"modified":"2025-01-21T11:49:17","modified_gmt":"2025-01-21T10:49:17","slug":"contacts","status":"publish","type":"page","link":"https:\/\/thekitchencompany.be\/fr\/services-via-un-promoteur\/notre-entreprise\/contacts\/","title":{"rendered":"Contacts"},"content":{"rendered":"\n<article class=\"wp-block-fidelo-image-text col-md-12\"><div class=\"row mediatext-wrap\" alignment=\"right\"><div class=\"col-md-6 bg\" theme=\"bg-2\">\n<h3 class=\"wp-block-heading\">The Kitchen Company<\/h3>\n\n\n\n<p>158 Chauss\u00e9e de Hal<br>1640 Rhode-Saint-Gen\u00e8se<\/p>\n\n\n\n<p>T : 02 380 96 54<br>Ouvert du lundi au samedi de 9h \u00e0 17h<\/p>\n\n\n\n<div class=\"wp-block-button\"><a class=\"wp-block-button__link wp-element-button\" href=\"\/showrooms\/\">D\u00e9couvrez nos showrooms<\/a><\/div>\n<\/div><div class=\"col-md-6 image\"><img decoding=\"async\" src=\"https:\/\/thekitchencompany.be\/wp-content\/uploads\/2019\/09\/thekitchencompany-contact-1.jpg\"\/><\/div><\/div><\/article>\n\n\n\n<div style=\"height:50px\" aria-hidden=\"true\" class=\"wp-block-spacer\"><\/div>\n\n\n\n<h2 class=\"wp-block-heading\">Besoin d&rsquo;une information<\/h2>\n\n\n\n<p>Je souhaite vous contacter car j&rsquo;ai une question \u00e0 poser ou un message \u00e0 vous laisser.<\/p>\n\n\n\n<form id=\"contact-form\" class=\"row bg bg-1\" method=\"POST\" action=\"\/wp-content\/themes\/thekitchencompany\/services\/form\" data-redirect=\"success\/\">\n\t<input type=\"hidden\" name=\"action\" value=\"info\">\n\t<div class=\"col-md-6\">\n\t\t<label class=\"form-group\">\n\t\t\t<span class=\"form-label\">Nom<\/span>\n\t\t\t<input name=\"lastname\" class=\"form-control\" type=\"text\" placeholder=\"Doe\u2026\" required=\"\">\n\t\t<\/label>\n\t<\/div>\n\t<div class=\"col-md-6\">\n\t\t<label class=\"form-group\">\n\t\t\t<span class=\"form-label\">Pr\u00e9nom<\/span>\n\t\t\t<input name=\"firstname\" class=\"form-control\" type=\"text\" placeholder=\"John\u2026\" required=\"\">\n\t\t<\/label>\n\t<\/div>\n\t<div class=\"col-md-6\">\n\t\t<label class=\"form-group\">\n\t\t\t<span class=\"form-label\">N\u00b0 de t\u00e9l\u00e9phone<\/span>\n\t\t\t<input name=\"phone\" class=\"form-control\" type=\"phone\" placeholder=\"023456789\" required=\"\">\n\t\t<\/label>\n\t<\/div>\n\t<div class=\"col-md-6\">\n\t\t<label class=\"form-group\">\n\t\t\t<span class=\"form-label\">Langue<\/span>\n\t\t\t<select name=\"language\">\n\t\t\t\t<option value=\"fr\">Fran\u00e7ais<\/option>\n\t\t\t\t<option value=\"nl\">Nederlands<\/option>\n\t\t\t\t<option value=\"en\">English<\/option>\n\t\t\t<\/select>\n\t\t<\/label>\n\t<\/div>\n\t<div class=\"col-md-12\">\n\t\t<label class=\"form-group\">\n\t\t\t<span class=\"form-label\">E-mail<\/span>\n\t\t\t<input name=\"email\" class=\"form-control\" type=\"email\" placeholder=\"john.doe@thekitchencompany.be\" required=\"\">\n\t\t<\/label>\n\t<\/div>\n\t<div class=\"col-md-12\">\n\t\t<label class=\"form-group\">\n\t\t\t<span class=\"form-label\">Ma demande concerne<\/span>\n\t\t\t<textarea name=\"description\" class=\"form-control\" required=\"\"><\/textarea>\n\t\t<\/label>\n\t<\/div>\n<div class=\"col-md-12 text-right\">\n<button type=\"submit\" class=\"btn btn-primary submit-btn\">Envoyer<\/button><\/div>\n<\/form>\n","protected":false},"excerpt":{"rendered":"<p>Besoin d&rsquo;une information Je souhaite vous contacter car j&rsquo;ai une question \u00e0 poser ou un message \u00e0 vous laisser. Nom Pr\u00e9nom N\u00b0 de t\u00e9l\u00e9phone Langue Fran\u00e7aisNederlandsEnglish E-mail Ma demande concerne Envoyer<\/p>\n","protected":false},"author":6,"featured_media":232,"parent":7779,"menu_order":0,"comment_status":"closed","ping_status":"closed","template":"templates\/simple-page.php","meta":{"keyline":"","googlemap":"","footnotes":""},"class_list":["post-7827","page","type-page","status-publish","has-post-thumbnail","hentry"],"yoast_head":"<!-- This site is optimized with the Yoast SEO plugin v27.3 - https:\/\/yoast.com\/product\/yoast-seo-wordpress\/ -->\n<title>Contacts - The Kitchen Company<\/title>\n<meta name=\"description\" content=\"Contactez-nous pour vos projets d&#039;am\u00e9nagement d&#039;int\u00e9rieur sur mesure.\" \/>\n<meta name=\"robots\" content=\"index, follow, max-snippet:-1, max-image-preview:large, max-video-preview:-1\" \/>\n<link rel=\"canonical\" href=\"https:\/\/thekitchencompany.be\/fr\/services-via-un-promoteur\/notre-entreprise\/contacts\/\" \/>\n<meta property=\"og:locale\" content=\"fr_FR\" \/>\n<meta property=\"og:type\" content=\"article\" \/>\n<meta property=\"og:title\" content=\"Contacts - The Kitchen Company\" \/>\n<meta property=\"og:description\" content=\"Contactez-nous pour vos projets d&#039;am\u00e9nagement d&#039;int\u00e9rieur sur mesure.\" \/>\n<meta property=\"og:url\" content=\"https:\/\/thekitchencompany.be\/fr\/services-via-un-promoteur\/notre-entreprise\/contacts\/\" \/>\n<meta property=\"og:site_name\" content=\"The Kitchen Company\" \/>\n<meta property=\"article:modified_time\" content=\"2025-01-21T10:49:17+00:00\" \/>\n<meta property=\"og:image\" content=\"https:\/\/thekitchencompany.be\/wp-content\/uploads\/2019\/08\/img-cover.jpg\" \/>\n\t<meta property=\"og:image:width\" content=\"1920\" \/>\n\t<meta property=\"og:image:height\" content=\"500\" \/>\n\t<meta property=\"og:image:type\" content=\"image\/jpeg\" \/>\n<meta name=\"twitter:card\" content=\"summary_large_image\" \/>\n<meta name=\"twitter:label1\" content=\"Dur\u00e9e de lecture estim\u00e9e\" \/>\n\t<meta name=\"twitter:data1\" content=\"1 minute\" \/>\n<script type=\"application\/ld+json\" class=\"yoast-schema-graph\">{\"@context\":\"https:\\\/\\\/schema.org\",\"@graph\":[{\"@type\":\"WebPage\",\"@id\":\"https:\\\/\\\/thekitchencompany.be\\\/fr\\\/services-via-un-promoteur\\\/notre-entreprise\\\/contacts\\\/\",\"url\":\"https:\\\/\\\/thekitchencompany.be\\\/fr\\\/services-via-un-promoteur\\\/notre-entreprise\\\/contacts\\\/\",\"name\":\"Contacts - The Kitchen Company\",\"isPartOf\":{\"@id\":\"https:\\\/\\\/thekitchencompany.be\\\/fr\\\/#website\"},\"primaryImageOfPage\":{\"@id\":\"https:\\\/\\\/thekitchencompany.be\\\/fr\\\/services-via-un-promoteur\\\/notre-entreprise\\\/contacts\\\/#primaryimage\"},\"image\":{\"@id\":\"https:\\\/\\\/thekitchencompany.be\\\/fr\\\/services-via-un-promoteur\\\/notre-entreprise\\\/contacts\\\/#primaryimage\"},\"thumbnailUrl\":\"https:\\\/\\\/thekitchencompany.be\\\/wp-content\\\/uploads\\\/2019\\\/08\\\/img-cover.jpg\",\"datePublished\":\"2025-01-21T10:49:16+00:00\",\"dateModified\":\"2025-01-21T10:49:17+00:00\",\"description\":\"Contactez-nous pour vos projets d'am\u00e9nagement d'int\u00e9rieur sur mesure.\",\"breadcrumb\":{\"@id\":\"https:\\\/\\\/thekitchencompany.be\\\/fr\\\/services-via-un-promoteur\\\/notre-entreprise\\\/contacts\\\/#breadcrumb\"},\"inLanguage\":\"fr-FR\",\"potentialAction\":[{\"@type\":\"ReadAction\",\"target\":[\"https:\\\/\\\/thekitchencompany.be\\\/fr\\\/services-via-un-promoteur\\\/notre-entreprise\\\/contacts\\\/\"]}]},{\"@type\":\"ImageObject\",\"inLanguage\":\"fr-FR\",\"@id\":\"https:\\\/\\\/thekitchencompany.be\\\/fr\\\/services-via-un-promoteur\\\/notre-entreprise\\\/contacts\\\/#primaryimage\",\"url\":\"https:\\\/\\\/thekitchencompany.be\\\/wp-content\\\/uploads\\\/2019\\\/08\\\/img-cover.jpg\",\"contentUrl\":\"https:\\\/\\\/thekitchencompany.be\\\/wp-content\\\/uploads\\\/2019\\\/08\\\/img-cover.jpg\",\"width\":1920,\"height\":500},{\"@type\":\"BreadcrumbList\",\"@id\":\"https:\\\/\\\/thekitchencompany.be\\\/fr\\\/services-via-un-promoteur\\\/notre-entreprise\\\/contacts\\\/#breadcrumb\",\"itemListElement\":[{\"@type\":\"ListItem\",\"position\":1,\"name\":\"Home\",\"item\":\"https:\\\/\\\/thekitchencompany.be\\\/fr\\\/\"},{\"@type\":\"ListItem\",\"position\":2,\"name\":\"The Kitchen Company: cuisinistes et architectes d&rsquo;int\u00e9rieur pour les acquisitions immobili\u00e8res\",\"item\":\"https:\\\/\\\/thekitchencompany.be\\\/fr\\\/services-via-un-promoteur\\\/\"},{\"@type\":\"ListItem\",\"position\":3,\"name\":\"The Kitchen Company : l\u2019expertise, l\u2019exp\u00e9rience et la satisfaction client, moteurs de nos prestations\",\"item\":\"https:\\\/\\\/thekitchencompany.be\\\/fr\\\/services-via-un-promoteur\\\/notre-entreprise\\\/\"},{\"@type\":\"ListItem\",\"position\":4,\"name\":\"Contacts\"}]},{\"@type\":\"WebSite\",\"@id\":\"https:\\\/\\\/thekitchencompany.be\\\/fr\\\/#website\",\"url\":\"https:\\\/\\\/thekitchencompany.be\\\/fr\\\/\",\"name\":\"The Kitchen Company\",\"description\":\"Un service sur mesure pour les promoteurs immobiliers\",\"potentialAction\":[{\"@type\":\"SearchAction\",\"target\":{\"@type\":\"EntryPoint\",\"urlTemplate\":\"https:\\\/\\\/thekitchencompany.be\\\/fr\\\/?s={search_term_string}\"},\"query-input\":{\"@type\":\"PropertyValueSpecification\",\"valueRequired\":true,\"valueName\":\"search_term_string\"}}],\"inLanguage\":\"fr-FR\"}]}<\/script>\n<!-- \/ Yoast SEO plugin. -->","yoast_head_json":{"title":"Contacts - The Kitchen Company","description":"Contactez-nous pour vos projets d'am\u00e9nagement d'int\u00e9rieur sur mesure.","robots":{"index":"index","follow":"follow","max-snippet":"max-snippet:-1","max-image-preview":"max-image-preview:large","max-video-preview":"max-video-preview:-1"},"canonical":"https:\/\/thekitchencompany.be\/fr\/services-via-un-promoteur\/notre-entreprise\/contacts\/","og_locale":"fr_FR","og_type":"article","og_title":"Contacts - The Kitchen Company","og_description":"Contactez-nous pour vos projets d'am\u00e9nagement d'int\u00e9rieur sur mesure.","og_url":"https:\/\/thekitchencompany.be\/fr\/services-via-un-promoteur\/notre-entreprise\/contacts\/","og_site_name":"The Kitchen Company","article_modified_time":"2025-01-21T10:49:17+00:00","og_image":[{"width":1920,"height":500,"url":"https:\/\/thekitchencompany.be\/wp-content\/uploads\/2019\/08\/img-cover.jpg","type":"image\/jpeg"}],"twitter_card":"summary_large_image","twitter_misc":{"Dur\u00e9e de lecture estim\u00e9e":"1 minute"},"schema":{"@context":"https:\/\/schema.org","@graph":[{"@type":"WebPage","@id":"https:\/\/thekitchencompany.be\/fr\/services-via-un-promoteur\/notre-entreprise\/contacts\/","url":"https:\/\/thekitchencompany.be\/fr\/services-via-un-promoteur\/notre-entreprise\/contacts\/","name":"Contacts - The Kitchen Company","isPartOf":{"@id":"https:\/\/thekitchencompany.be\/fr\/#website"},"primaryImageOfPage":{"@id":"https:\/\/thekitchencompany.be\/fr\/services-via-un-promoteur\/notre-entreprise\/contacts\/#primaryimage"},"image":{"@id":"https:\/\/thekitchencompany.be\/fr\/services-via-un-promoteur\/notre-entreprise\/contacts\/#primaryimage"},"thumbnailUrl":"https:\/\/thekitchencompany.be\/wp-content\/uploads\/2019\/08\/img-cover.jpg","datePublished":"2025-01-21T10:49:16+00:00","dateModified":"2025-01-21T10:49:17+00:00","description":"Contactez-nous pour vos projets d'am\u00e9nagement d'int\u00e9rieur sur mesure.","breadcrumb":{"@id":"https:\/\/thekitchencompany.be\/fr\/services-via-un-promoteur\/notre-entreprise\/contacts\/#breadcrumb"},"inLanguage":"fr-FR","potentialAction":[{"@type":"ReadAction","target":["https:\/\/thekitchencompany.be\/fr\/services-via-un-promoteur\/notre-entreprise\/contacts\/"]}]},{"@type":"ImageObject","inLanguage":"fr-FR","@id":"https:\/\/thekitchencompany.be\/fr\/services-via-un-promoteur\/notre-entreprise\/contacts\/#primaryimage","url":"https:\/\/thekitchencompany.be\/wp-content\/uploads\/2019\/08\/img-cover.jpg","contentUrl":"https:\/\/thekitchencompany.be\/wp-content\/uploads\/2019\/08\/img-cover.jpg","width":1920,"height":500},{"@type":"BreadcrumbList","@id":"https:\/\/thekitchencompany.be\/fr\/services-via-un-promoteur\/notre-entreprise\/contacts\/#breadcrumb","itemListElement":[{"@type":"ListItem","position":1,"name":"Home","item":"https:\/\/thekitchencompany.be\/fr\/"},{"@type":"ListItem","position":2,"name":"The Kitchen Company: cuisinistes et architectes d&rsquo;int\u00e9rieur pour les acquisitions immobili\u00e8res","item":"https:\/\/thekitchencompany.be\/fr\/services-via-un-promoteur\/"},{"@type":"ListItem","position":3,"name":"The Kitchen Company : l\u2019expertise, l\u2019exp\u00e9rience et la satisfaction client, moteurs de nos prestations","item":"https:\/\/thekitchencompany.be\/fr\/services-via-un-promoteur\/notre-entreprise\/"},{"@type":"ListItem","position":4,"name":"Contacts"}]},{"@type":"WebSite","@id":"https:\/\/thekitchencompany.be\/fr\/#website","url":"https:\/\/thekitchencompany.be\/fr\/","name":"The Kitchen Company","description":"Un service sur mesure pour les promoteurs immobiliers","potentialAction":[{"@type":"SearchAction","target":{"@type":"EntryPoint","urlTemplate":"https:\/\/thekitchencompany.be\/fr\/?s={search_term_string}"},"query-input":{"@type":"PropertyValueSpecification","valueRequired":true,"valueName":"search_term_string"}}],"inLanguage":"fr-FR"}]}},"_links":{"self":[{"href":"https:\/\/thekitchencompany.be\/fr\/wp-json\/wp\/v2\/pages\/7827","targetHints":{"allow":["GET"]}}],"collection":[{"href":"https:\/\/thekitchencompany.be\/fr\/wp-json\/wp\/v2\/pages"}],"about":[{"href":"https:\/\/thekitchencompany.be\/fr\/wp-json\/wp\/v2\/types\/page"}],"author":[{"embeddable":true,"href":"https:\/\/thekitchencompany.be\/fr\/wp-json\/wp\/v2\/users\/6"}],"replies":[{"embeddable":true,"href":"https:\/\/thekitchencompany.be\/fr\/wp-json\/wp\/v2\/comments?post=7827"}],"version-history":[{"count":1,"href":"https:\/\/thekitchencompany.be\/fr\/wp-json\/wp\/v2\/pages\/7827\/revisions"}],"predecessor-version":[{"id":7828,"href":"https:\/\/thekitchencompany.be\/fr\/wp-json\/wp\/v2\/pages\/7827\/revisions\/7828"}],"up":[{"embeddable":true,"href":"https:\/\/thekitchencompany.be\/fr\/wp-json\/wp\/v2\/pages\/7779"}],"wp:featuredmedia":[{"embeddable":true,"href":"https:\/\/thekitchencompany.be\/fr\/wp-json\/wp\/v2\/media\/232"}],"wp:attachment":[{"href":"https:\/\/thekitchencompany.be\/fr\/wp-json\/wp\/v2\/media?parent=7827"}],"curies":[{"name":"wp","href":"https:\/\/api.w.org\/{rel}","templated":true}]}}