{"id":299,"date":"2019-08-29T21:41:11","date_gmt":"2019-08-29T19:41:11","guid":{"rendered":"https:\/\/thekitchencompany.be\/?page_id=299"},"modified":"2025-11-24T14:28:27","modified_gmt":"2025-11-24T13:28:27","slug":"keukens","status":"publish","type":"page","link":"https:\/\/thekitchencompany.be\/nl\/keukens\/","title":{"rendered":"Onze <b>keukenmodellen<\/b> op maat voor bouwprojecten"},"content":{"rendered":"\n<article class=\"wp-block-fidelo-image-text col-md-12\"><div class=\"row mediatext-wrap\" alignment=\"right\"><div class=\"col-md-6 bg\" theme=\"bg-3\">\n<div class=\"wp-block-fidelo-fa-picker\"><svg xmlns=\"http:\/\/www.w3.org\/2000\/svg\" viewBox=\"0 0 512 512\"><path d=\"M488.6 250.2L392 214V105.5c0-15-9.3-28.4-23.4-33.7l-100-37.5c-8.1-3.1-17.1-3.1-25.3 0l-100 37.5c-14.1 5.3-23.4 18.7-23.4 33.7V214l-96.6 36.2C9.3 255.5 0 268.9 0 283.9V394c0 13.6 7.7 26.1 19.9 32.2l100 50c10.1 5.1 22.1 5.1 32.2 0l103.9-52 103.9 52c10.1 5.1 22.1 5.1 32.2 0l100-50c12.2-6.1 19.9-18.6 19.9-32.2V283.9c0-15-9.3-28.4-23.4-33.7zM358 214.8l-85 31.9v-68.2l85-37v73.3zM154 104.1l102-38.2 102 38.2v.6l-102 41.4-102-41.4v-.6zm84 291.1l-85 42.5v-79.1l85-38.8v75.4zm0-112l-102 41.4-102-41.4v-.6l102-38.2 102 38.2v.6zm240 112l-85 42.5v-79.1l85-38.8v75.4zm0-112l-102 41.4-102-41.4v-.6l102-38.2 102 38.2v.6z\"><\/path><\/svg><\/div>\n\n\n\n<h2 class=\"wp-block-heading\">Drie keukengamma\u2019s<\/h2>\n\n\n\n<p>Ons aanbod bestaat uit drie personaliseerbare keukengamma\u2019s van topkwaliteit:<\/p>\n<\/div><div class=\"col-md-6 image\"><img decoding=\"async\" src=\"https:\/\/thekitchencompany.be\/wp-content\/uploads\/2019\/09\/gamme-de-cuisines-sur-mesures-1.jpg\"\/><\/div><\/div><\/article>\n\n\n\n<article class=\"wp-block-fidelo-image-text col-md-12\"><div class=\"row mediatext-wrap\" alignment=\"left\"><div class=\"col-md-6 bg\" theme=\"bg-2\">\n<h3 class=\"wp-block-heading\"><a href=\"https:\/\/thekitchencompany.be\/nl\/keukens-k-start-the-kitchen-company\/\">K-start keukens : effici\u00ebnte reeks voor alle ruimtes<\/a><\/h3>\n\n\n\n<p>Het K-start gamma omvat een geoptimaliseerde selectie van meubels en afwerkingen die het mogelijk maken om zelfs de kleinste ruimtes in te richten, terwijl een hoog kwaliteitsniveau behouden blijft.<\/p>\n<\/div><div class=\"col-md-6 image\"><a href=\"https:\/\/thekitchencompany.be\/nl\/keukens\/moderne-keukens-k-one\/\" data-popin=\"false\"><img decoding=\"async\" src=\"https:\/\/thekitchencompany.be\/wp-content\/uploads\/2024\/11\/K-Start_Illustration-1-scaled.jpg\"\/><\/a><\/div><\/div><\/article>\n\n\n\n<article class=\"wp-block-fidelo-image-text col-md-12\"><div class=\"row mediatext-wrap\" alignment=\"right\"><div class=\"col-md-6 bg\" theme=\"bg-2\">\n<h3 class=\"wp-block-heading\"><a href=\"https:\/\/thekitchencompany.be\/nl\/keukens\/moderne-keukens-k-one\/\">K-one keukens : design en functioneel<\/a><\/h3>\n\n\n\n<p>De keukens van het <em>K-one<\/em> gamma ademen <strong>design en strakheid<\/strong>. Dit gamma <a href=\"https:\/\/thekitchencompany.be\/nl\/keukens\/moderne-keukens-k-one\/\">hedendaagse keukens<\/a> is de ideale oplossing om een keuken met karakter te bekomen tegen een goede prijs-kwaliteitverhouding. Hun innovatieve en verzorgde uitstraling biedt talrijke inrichtingsmogelijkheden op maat volgens uw stijl en noden.<\/p>\n<\/div><div class=\"col-md-6 image\"><a href=\"https:\/\/thekitchencompany.be\/nl\/keukens\/moderne-keukens-k-one\/\" data-popin=\"false\"><img decoding=\"async\" src=\"https:\/\/thekitchencompany.be\/wp-content\/uploads\/2019\/09\/k-one-design-soigne-dans-lair-du-temps-1.jpg\"\/><\/a><\/div><\/div><\/article>\n\n\n\n<article class=\"wp-block-fidelo-image-text col-md-12\"><div class=\"row mediatext-wrap\" alignment=\"left\"><div class=\"col-md-6 bg\" theme=\"bg-3\">\n<h3 class=\"wp-block-heading\"><a href=\"https:\/\/thekitchencompany.be\/nl\/leicht-keuken-modernitieit\/\">LEICHT keukens : Moderniteit, tijdloze elegantie<\/a><\/h3>\n\n\n\n<p>Het premium keukenprogramma van <strong>LEICHT <\/strong>omvat moderne, traditionele en individuele keukens. Deze reeks maakt de perfecte combinatie mogelijk van <strong>moderne verwerking<\/strong>, talloze aanpassingsopties en op maat gemaakte vormgevingsmogelijkheden.<\/p>\n\n\n\n<p>Zelfs de meest veeleisende vereisten kunnen worden vervuld met de mogelijkheden die LEICHT biedt. Bovendien, dankzij het <em>Le Corbusier<\/em> kleurenpalet, krijgt de keuken een geheel nieuwe dimensie met natuurlijke, harmonieuze en tijdloze kleuren.<\/p>\n<\/div><div class=\"col-md-6 image\"><a href=\"https:\/\/thekitchencompany.be\/nl\/leicht-keuken-modernitieit\/\" data-popin=\"false\"><img decoding=\"async\" src=\"https:\/\/thekitchencompany.be\/wp-content\/uploads\/2020\/06\/LEICHT-modernite-elegence.jpg\"\/><\/a><\/div><\/div><\/article>\n\n\n\n<div class=\"wp-block-tkc-tkc-blocks undefined col-md-6 bg-1 bg-2 align-self-start\">\n<h2 class=\"wp-block-heading\">Begeleiding van A tot Z<\/h2>\n\n\n\n<p>Als partner vinden wij het belangrijk goed te <strong>luisteren, advies op maat<\/strong> te bieden en in te staan voor een <strong>regelmatige opvolging<\/strong> tot de oplevering. Dit zijn volgens ons de fundamenten van een kwaliteitsvolle keuken. Wij staan in voor het volledige beheer van uw project:<\/p>\n<\/div>\n\n\n\n<div class=\"wp-block-tkc-tkc-blocks undefined col-md-6 bg-1\">\n<h3 class=\"wp-block-heading\">1. Advies en definitie van het ontwerp<\/h3>\n\n\n\n<p>Allereerst ontmoet u een van onze <strong>interieurarchitecten<\/strong>, die uw <strong>eerste aanspreekpunt<\/strong> vormt tijdens het volledig project en instaat voor het goede verloop. Samen met hem of haar maakt u weldoordachte keuzes in het ontwerp van uw keuken zodat deze voldoet aan uw stijl, smaak, verwachtingen en budget:<\/p>\n\n\n\n<ul class=\"wp-block-list list-plus\">\n<li> Design op maat en inrichting van de keukenmeubels volgens de technische beperkingen<\/li>\n\n\n\n<li> Kiezen van de uitrustingen en keukentoestellen<\/li>\n\n\n\n<li> 3D-ontwerp uittekenen van uw keuken<\/li>\n\n\n\n<li> Bestellen en ontvangen van diverse onderdelen <\/li>\n<\/ul>\n\n\n\n<h3 class=\"wp-block-heading\">2. Ontwerp van de keuken<\/h3>\n\n\n\n<p>Eens de plannen zijn gevalideerd, beginnen onze technici aan de uitvoering van het project. Ze gaan eerst de <strong>opmetingen controleren<\/strong> van de ruimte en voeren voor installatie de technische controles uit.<\/p>\n\n\n\n<h3 class=\"wp-block-heading\">3. Plaatsing van de keuken en oplevering<\/h3>\n\n\n\n<p>Ons ervaren team van installateurs zal vervolgens de meubels plaatsen waarbij ze zorgvuldig tot in de kleinste details te werk gaan. Tot slot laten we u samen met de projectontwikkelaar overgaan tot de oplevering.<\/p>\n\n\n\n<hr class=\"wp-block-separator has-alpha-channel-opacity\"\/>\n\n\n\n<p>U zoekt <strong>een bevoorrechte partner voor het ontwerp van uw keukens<\/strong>? Maak een afspraak met een van onze medewerkers of <a href=\"https:\/\/thekitchencompany.be\/nl\/over-ons\/contact\/\">contacteer ons<\/a> voor meer informatie.<\/p>\n<\/div>\n","protected":false},"excerpt":{"rendered":"","protected":false},"author":1,"featured_media":524,"parent":0,"menu_order":0,"comment_status":"closed","ping_status":"closed","template":"","meta":{"keyline":"Ons aanbod bestaat uit drie keukengamma\u2019s die elk voldoen aan de hoogste\r\nkwaliteitsnormen. Ieder gamma is volledig personaliseerbaar zodat uw keuken past in het\r\ninterieur en rekening houdt met de technische vereisten. ","googlemap":"","footnotes":""},"class_list":["post-299","page","type-page","status-publish","has-post-thumbnail","hentry"],"yoast_head":"<!-- This site is optimized with the Yoast SEO plugin v27.3 - https:\/\/yoast.com\/product\/yoast-seo-wordpress\/ -->\n<title>Onze keukens voor bouwprojecten | The Kitchen Company<\/title>\n<meta name=\"description\" content=\"Ons gamma bestaat uit drie personaliseerbare keukenmodellen die elk voldoen aan de hoogste kwaliteitsnormen. Lees hier meer.\" \/>\n<meta name=\"robots\" content=\"index, follow, max-snippet:-1, max-image-preview:large, max-video-preview:-1\" \/>\n<link rel=\"canonical\" href=\"https:\/\/thekitchencompany.be\/nl\/keukens\/\" \/>\n<meta property=\"og:locale\" content=\"nl_NL\" \/>\n<meta property=\"og:type\" content=\"article\" \/>\n<meta property=\"og:title\" content=\"Onze keukens voor bouwprojecten | The Kitchen Company\" \/>\n<meta property=\"og:description\" content=\"Ons gamma bestaat uit drie personaliseerbare keukenmodellen die elk voldoen aan de hoogste kwaliteitsnormen. Lees hier meer.\" \/>\n<meta property=\"og:url\" content=\"https:\/\/thekitchencompany.be\/nl\/keukens\/\" \/>\n<meta property=\"og:site_name\" content=\"The Kitchen Company\" \/>\n<meta property=\"article:modified_time\" content=\"2025-11-24T13:28:27+00:00\" \/>\n<meta property=\"og:image\" content=\"https:\/\/thekitchencompany.be\/wp-content\/uploads\/2019\/09\/cuisine-qualiter.jpg\" \/>\n\t<meta property=\"og:image:width\" content=\"1600\" \/>\n\t<meta property=\"og:image:height\" content=\"1200\" \/>\n\t<meta property=\"og:image:type\" content=\"image\/jpeg\" \/>\n<meta name=\"twitter:card\" content=\"summary_large_image\" \/>\n<meta name=\"twitter:label1\" content=\"Geschatte leestijd\" \/>\n\t<meta name=\"twitter:data1\" content=\"4 minuten\" \/>\n<script type=\"application\/ld+json\" class=\"yoast-schema-graph\">{\"@context\":\"https:\\\/\\\/schema.org\",\"@graph\":[{\"@type\":\"WebPage\",\"@id\":\"https:\\\/\\\/thekitchencompany.be\\\/nl\\\/keukens\\\/\",\"url\":\"https:\\\/\\\/thekitchencompany.be\\\/nl\\\/keukens\\\/\",\"name\":\"Onze keukens voor bouwprojecten | The Kitchen Company\",\"isPartOf\":{\"@id\":\"https:\\\/\\\/thekitchencompany.be\\\/nl\\\/#website\"},\"primaryImageOfPage\":{\"@id\":\"https:\\\/\\\/thekitchencompany.be\\\/nl\\\/keukens\\\/#primaryimage\"},\"image\":{\"@id\":\"https:\\\/\\\/thekitchencompany.be\\\/nl\\\/keukens\\\/#primaryimage\"},\"thumbnailUrl\":\"https:\\\/\\\/thekitchencompany.be\\\/wp-content\\\/uploads\\\/2019\\\/09\\\/cuisine-qualiter.jpg\",\"datePublished\":\"2019-08-29T19:41:11+00:00\",\"dateModified\":\"2025-11-24T13:28:27+00:00\",\"description\":\"Ons gamma bestaat uit drie personaliseerbare keukenmodellen die elk voldoen aan de hoogste kwaliteitsnormen. Lees hier meer.\",\"breadcrumb\":{\"@id\":\"https:\\\/\\\/thekitchencompany.be\\\/nl\\\/keukens\\\/#breadcrumb\"},\"inLanguage\":\"nl-NL\",\"potentialAction\":[{\"@type\":\"ReadAction\",\"target\":[\"https:\\\/\\\/thekitchencompany.be\\\/nl\\\/keukens\\\/\"]}]},{\"@type\":\"ImageObject\",\"inLanguage\":\"nl-NL\",\"@id\":\"https:\\\/\\\/thekitchencompany.be\\\/nl\\\/keukens\\\/#primaryimage\",\"url\":\"https:\\\/\\\/thekitchencompany.be\\\/wp-content\\\/uploads\\\/2019\\\/09\\\/cuisine-qualiter.jpg\",\"contentUrl\":\"https:\\\/\\\/thekitchencompany.be\\\/wp-content\\\/uploads\\\/2019\\\/09\\\/cuisine-qualiter.jpg\",\"width\":1600,\"height\":1200,\"caption\":\"Cuisine de qualit\u00e9 enti\u00e8rement personnalis\u00e9e\"},{\"@type\":\"BreadcrumbList\",\"@id\":\"https:\\\/\\\/thekitchencompany.be\\\/nl\\\/keukens\\\/#breadcrumb\",\"itemListElement\":[{\"@type\":\"ListItem\",\"position\":1,\"name\":\"Home\",\"item\":\"https:\\\/\\\/thekitchencompany.be\\\/nl\\\/\"},{\"@type\":\"ListItem\",\"position\":2,\"name\":\"Onze keukenmodellen op maat voor bouwprojecten\"}]},{\"@type\":\"WebSite\",\"@id\":\"https:\\\/\\\/thekitchencompany.be\\\/nl\\\/#website\",\"url\":\"https:\\\/\\\/thekitchencompany.be\\\/nl\\\/\",\"name\":\"The Kitchen Company\",\"description\":\"Un service sur mesure pour les promoteurs immobiliers\",\"potentialAction\":[{\"@type\":\"SearchAction\",\"target\":{\"@type\":\"EntryPoint\",\"urlTemplate\":\"https:\\\/\\\/thekitchencompany.be\\\/nl\\\/?s={search_term_string}\"},\"query-input\":{\"@type\":\"PropertyValueSpecification\",\"valueRequired\":true,\"valueName\":\"search_term_string\"}}],\"inLanguage\":\"nl-NL\"}]}<\/script>\n<!-- \/ Yoast SEO plugin. -->","yoast_head_json":{"title":"Onze keukens voor bouwprojecten | The Kitchen Company","description":"Ons gamma bestaat uit drie personaliseerbare keukenmodellen die elk voldoen aan de hoogste kwaliteitsnormen. Lees hier meer.","robots":{"index":"index","follow":"follow","max-snippet":"max-snippet:-1","max-image-preview":"max-image-preview:large","max-video-preview":"max-video-preview:-1"},"canonical":"https:\/\/thekitchencompany.be\/nl\/keukens\/","og_locale":"nl_NL","og_type":"article","og_title":"Onze keukens voor bouwprojecten | The Kitchen Company","og_description":"Ons gamma bestaat uit drie personaliseerbare keukenmodellen die elk voldoen aan de hoogste kwaliteitsnormen. Lees hier meer.","og_url":"https:\/\/thekitchencompany.be\/nl\/keukens\/","og_site_name":"The Kitchen Company","article_modified_time":"2025-11-24T13:28:27+00:00","og_image":[{"width":1600,"height":1200,"url":"https:\/\/thekitchencompany.be\/wp-content\/uploads\/2019\/09\/cuisine-qualiter.jpg","type":"image\/jpeg"}],"twitter_card":"summary_large_image","twitter_misc":{"Geschatte leestijd":"4 minuten"},"schema":{"@context":"https:\/\/schema.org","@graph":[{"@type":"WebPage","@id":"https:\/\/thekitchencompany.be\/nl\/keukens\/","url":"https:\/\/thekitchencompany.be\/nl\/keukens\/","name":"Onze keukens voor bouwprojecten | The Kitchen Company","isPartOf":{"@id":"https:\/\/thekitchencompany.be\/nl\/#website"},"primaryImageOfPage":{"@id":"https:\/\/thekitchencompany.be\/nl\/keukens\/#primaryimage"},"image":{"@id":"https:\/\/thekitchencompany.be\/nl\/keukens\/#primaryimage"},"thumbnailUrl":"https:\/\/thekitchencompany.be\/wp-content\/uploads\/2019\/09\/cuisine-qualiter.jpg","datePublished":"2019-08-29T19:41:11+00:00","dateModified":"2025-11-24T13:28:27+00:00","description":"Ons gamma bestaat uit drie personaliseerbare keukenmodellen die elk voldoen aan de hoogste kwaliteitsnormen. Lees hier meer.","breadcrumb":{"@id":"https:\/\/thekitchencompany.be\/nl\/keukens\/#breadcrumb"},"inLanguage":"nl-NL","potentialAction":[{"@type":"ReadAction","target":["https:\/\/thekitchencompany.be\/nl\/keukens\/"]}]},{"@type":"ImageObject","inLanguage":"nl-NL","@id":"https:\/\/thekitchencompany.be\/nl\/keukens\/#primaryimage","url":"https:\/\/thekitchencompany.be\/wp-content\/uploads\/2019\/09\/cuisine-qualiter.jpg","contentUrl":"https:\/\/thekitchencompany.be\/wp-content\/uploads\/2019\/09\/cuisine-qualiter.jpg","width":1600,"height":1200,"caption":"Cuisine de qualit\u00e9 enti\u00e8rement personnalis\u00e9e"},{"@type":"BreadcrumbList","@id":"https:\/\/thekitchencompany.be\/nl\/keukens\/#breadcrumb","itemListElement":[{"@type":"ListItem","position":1,"name":"Home","item":"https:\/\/thekitchencompany.be\/nl\/"},{"@type":"ListItem","position":2,"name":"Onze keukenmodellen op maat voor bouwprojecten"}]},{"@type":"WebSite","@id":"https:\/\/thekitchencompany.be\/nl\/#website","url":"https:\/\/thekitchencompany.be\/nl\/","name":"The Kitchen Company","description":"Un service sur mesure pour les promoteurs immobiliers","potentialAction":[{"@type":"SearchAction","target":{"@type":"EntryPoint","urlTemplate":"https:\/\/thekitchencompany.be\/nl\/?s={search_term_string}"},"query-input":{"@type":"PropertyValueSpecification","valueRequired":true,"valueName":"search_term_string"}}],"inLanguage":"nl-NL"}]}},"_links":{"self":[{"href":"https:\/\/thekitchencompany.be\/nl\/wp-json\/wp\/v2\/pages\/299","targetHints":{"allow":["GET"]}}],"collection":[{"href":"https:\/\/thekitchencompany.be\/nl\/wp-json\/wp\/v2\/pages"}],"about":[{"href":"https:\/\/thekitchencompany.be\/nl\/wp-json\/wp\/v2\/types\/page"}],"author":[{"embeddable":true,"href":"https:\/\/thekitchencompany.be\/nl\/wp-json\/wp\/v2\/users\/1"}],"replies":[{"embeddable":true,"href":"https:\/\/thekitchencompany.be\/nl\/wp-json\/wp\/v2\/comments?post=299"}],"version-history":[{"count":5,"href":"https:\/\/thekitchencompany.be\/nl\/wp-json\/wp\/v2\/pages\/299\/revisions"}],"predecessor-version":[{"id":7875,"href":"https:\/\/thekitchencompany.be\/nl\/wp-json\/wp\/v2\/pages\/299\/revisions\/7875"}],"wp:featuredmedia":[{"embeddable":true,"href":"https:\/\/thekitchencompany.be\/nl\/wp-json\/wp\/v2\/media\/524"}],"wp:attachment":[{"href":"https:\/\/thekitchencompany.be\/nl\/wp-json\/wp\/v2\/media?parent=299"}],"curies":[{"name":"wp","href":"https:\/\/api.w.org\/{rel}","templated":true}]}}