{"id":7666,"date":"2025-01-09T20:55:00","date_gmt":"2025-01-09T19:55:00","guid":{"rendered":"https:\/\/thekitchencompany.be\/?page_id=7666"},"modified":"2025-11-24T14:29:39","modified_gmt":"2025-11-24T13:29:39","slug":"maatkeukens","status":"publish","type":"page","link":"https:\/\/thekitchencompany.be\/nl\/diensten-via-een-ontwikkelaar\/maatkeukens\/","title":{"rendered":"Onze op maat gemaakte keukenmodellen voor vastgoedontwikkeling"},"content":{"rendered":"\n<article class=\"wp-block-fidelo-image-text col-md-12\"><div class=\"row mediatext-wrap\" alignment=\"right\"><div class=\"col-md-6 bg\" theme=\"bg-3\">\n<div class=\"wp-block-fidelo-fa-picker\"><svg xmlns=\"http:\/\/www.w3.org\/2000\/svg\" viewBox=\"0 0 512 512\"><path d=\"M384 215.1V102.5c0-15-9.3-28.4-23.4-33.7l-92-34.5c-8.1-3.1-17.1-3.1-25.3 0l-92 34.5c-14.1 5.3-23.4 18.7-23.4 33.7v112.6L23.4 254.4C9.3 259.6 0 273.1 0 288.1v106.6c0 13.6 7.7 26.1 19.9 32.2l98.6 49.3c10.1 5.1 22.1 5.1 32.2 0L256 423.6l105.3 52.6c10.1 5.1 22.1 5.1 32.2 0l98.6-49.3c12.2-6.1 19.9-18.6 19.9-32.2V288.1c0-15-9.3-28.4-23.4-33.7L384 215.1zm-116 34.8V152l92-31.7v97.6l-92 32zM152 94.2l104-39 104 39v.2L256 131 152 94.3v-.1zm0 26.1l92 31.7v97.9l-92-32v-97.6zm-30 329.4l-96.8-48.4V308l96.8 39.3v102.4zM25.2 280.8v-.2l109.4-41 108.1 40.5v1.2l-108.1 43.9-109.4-44.4zm122 66.5l95.5-38.8V402l-95.5 47.8V347.3zm217.6 102.4L269.3 402v-93.4l95.5 38.8v102.3zm122-48.4L390 449.7V347.3l96.8-39.3v93.3zm0-120.5l-109.4 44.4-108.1-43.9v-1.2l108.1-40.5 109.4 41v.2z\"><\/path><\/svg><\/div>\n\n\n\n<h2 class=\"wp-block-heading\">Twee keukenlijnen<\/h2>\n\n\n\n<p>Ons aanbod bestaat uit twee op maat gemaakte keukens van <em>premiumkwaliteit<\/em>:<\/p>\n<\/div><div class=\"col-md-6 image\"><img decoding=\"async\" src=\"https:\/\/thekitchencompany.be\/wp-content\/uploads\/2019\/09\/gamme-de-cuisines-sur-mesures-1.jpg\"\/><\/div><\/div><\/article>\n\n\n\n<article class=\"wp-block-fidelo-image-text col-md-12\"><div class=\"row mediatext-wrap\" alignment=\"left\"><div class=\"col-md-6 bg\" theme=\"bg-2\">\n<h3 class=\"wp-block-heading\"><a href=\"https:\/\/thekitchencompany.be\/nl\/diensten-via-een-ontwikkelaar\/moderne-keukens-k-one\/\">K-one: design en functioneel<\/a><\/h3>\n\n\n\n<p>De keukens uit de K-one serie hebben een strak en modern design. Deze eigentijdse keukenlijn is de ideale oplossing om personalisatie, kwaliteit en betaalbaarheid te combineren. Het innovatieve en verzorgde esthetische ontwerp biedt talloze op maat gemaakte indelingsmogelijkheden, afhankelijk van uw stijl en behoeften.<\/p>\n<\/div><div class=\"col-md-6 image\"><a href=\"https:\/\/thekitchencompany.be\/nl\/keukens\/moderne-keukens-k-one\/\" data-popin=\"false\"><img decoding=\"async\" src=\"https:\/\/thekitchencompany.be\/wp-content\/uploads\/2019\/09\/k-one-design-soigne-dans-lair-du-temps-1.jpg\"\/><\/a><\/div><\/div><\/article>\n\n\n\n<article class=\"wp-block-fidelo-image-text col-md-12\"><div class=\"row mediatext-wrap\" alignment=\"right\"><div class=\"col-md-6 bg\" theme=\"bg-3\">\n<h3 class=\"wp-block-heading\"><a href=\"https:\/\/thekitchencompany.be\/nl\/diensten-via-een-ontwikkelaar\/leicht-keuken-modernitieit\/\">LEICHT: Moderniteit en elegantie<\/a><\/h3>\n\n\n\n<p>Het high-end programma <strong>LEICHT <\/strong>omvat moderne, traditionele en individuele keukens. Deze serie biedt de perfecte combinatie van <strong>moderne fabricage<\/strong>, talrijke personalisatieopties en <strong>op maat<\/strong> gemaakte bewerkingsmogelijkheden.<\/p>\n\n\n\n<p>De meest veeleisende eisen kunnen worden nageleefd dankzij de mogelijkheden die <strong>LEICHT <\/strong>biedt. Bovendien krijgt de keuken een geheel andere dimensie dankzij het kleurenschema van <em>Le Corbusier<\/em>, met natuurlijke, harmonieuze en tijdloze kleuren.<\/p>\n<\/div><div class=\"col-md-6 image\"><a href=\"https:\/\/thekitchencompany.be\/fr\/cuisines-leicht-moderne-haut-de-gamme\/\" data-popin=\"false\"><img decoding=\"async\" src=\"https:\/\/thekitchencompany.be\/wp-content\/uploads\/2020\/06\/LEICHT-modernite-elegence.jpg\"\/><\/a><\/div><\/div><\/article>\n\n\n\n<div class=\"wp-block-tkc-tkc-blocks undefined col-md-6 bg-1 bg-2 align-self-start\">\n<h2 class=\"wp-block-heading\">Een volledige begeleiding van A tot Z<\/h2>\n\n\n\n<p>Als partner denken wij dat onze missie voornamelijk berust op een sterk ontwikkelde <strong>luistervaardigheid<\/strong>, <strong>gepersonaliseerd advies<\/strong> en <strong>regelmatige opvolging<\/strong> tot de oplevering. Deze fundamenten vormen volgens ons de kwaliteit van een keuken. Wij zorgen dan ook voor het volledige beheer van uw project:<\/p>\n<\/div>\n\n\n\n<div class=\"wp-block-tkc-tkc-blocks undefined col-md-6 bg-1\">\n<h3 class=\"wp-block-heading\">1. Advies en projectdefinitie<\/h3>\n\n\n\n<p>Het eerste contact met onze diensten is de ontmoeting met een van onze <strong>interieurarchitecten<\/strong>, die uw <strong>belangrijkste contactpersoon<\/strong> zal zijn gedurende het hele project en verantwoordelijk is voor de goede uitvoering ervan. Het is met hem dat u alle elementen van uw keukenproject zult kiezen, zodat het perfect uw stijl, wensen, verwachtingen en budget weerspiegelt:<\/p>\n\n\n\n<ul class=\"wp-block-list list-plus\">\n<li>Op maat gemaakt ontwerp en indeling van de keukenkasten volgens technische vereisten<\/li>\n\n\n\n<li>Keuze van apparatuur en huishoudtoestellen<\/li>\n\n\n\n<li>Ontwerp van de 3D-plannen van uw keuken<\/li>\n\n\n\n<li>Bestelling en ontvangst van de verschillende onderdelen<\/li>\n<\/ul>\n\n\n\n<h3 class=\"wp-block-heading\">2. Keukenontwerp<\/h3>\n\n\n\n<p>Zodra de plannen zijn goedgekeurd, beginnen onze technici met de concretisering van het project. Ze starten met het <strong>controleren van de exacte afmetingen<\/strong> van de keukenzone in het betreffende pand en voeren de technische controles uit voor de installatie.<\/p>\n\n\n\n<h3 class=\"wp-block-heading\">3. Installatie van de keuken en oplevering<\/h3>\n\n\n\n<p>Ons ervaren installatieteam zorgt voor de plaatsing van de kasten met de grootste zorg voor de afwerking, waardoor wij een nauwkeurig en vakkundig werk garanderen. Ten slotte laten we u de keuken in samenwerking met de projectontwikkelaar in ontvangst nemen.<\/p>\n\n\n\n<hr class=\"wp-block-separator has-alpha-channel-opacity\"\/>\n\n\n\n<p>Zoekt u een keukenontwerper of een interieurarchitect in Belgi\u00eb? Maak een afspraak met een van onze medewerkers of neem contact met ons op voor meer informatie.<\/p>\n<\/div>\n","protected":false},"excerpt":{"rendered":"","protected":false},"author":6,"featured_media":524,"parent":7658,"menu_order":0,"comment_status":"closed","ping_status":"closed","template":"","meta":{"keyline":"Ons aanbod omvat twee keukensets, die allemaal voldoen aan de strengste kwaliteitscriteria. Elk type is volledig aanpasbaar om zich te richten op alle woonstijlen en uw technische vereisten.","googlemap":"","footnotes":""},"class_list":["post-7666","page","type-page","status-publish","has-post-thumbnail","hentry"],"yoast_head":"<!-- This site is optimized with the Yoast SEO plugin v27.3 - https:\/\/yoast.com\/product\/yoast-seo-wordpress\/ -->\n<title>Onze keukens voor vastgoedontwikkeling | The Kitchen Company<\/title>\n<meta name=\"description\" content=\"Ons aanbod van keukens bestaat uit twee verschillende reeksen, die allemaal voldoen aan hoge kwaliteitscriteria.\" \/>\n<meta name=\"robots\" content=\"index, follow, max-snippet:-1, max-image-preview:large, max-video-preview:-1\" \/>\n<link rel=\"canonical\" href=\"https:\/\/thekitchencompany.be\/nl\/diensten-via-een-ontwikkelaar\/maatkeukens\/\" \/>\n<meta property=\"og:locale\" content=\"nl_NL\" \/>\n<meta property=\"og:type\" content=\"article\" \/>\n<meta property=\"og:title\" content=\"Onze keukens voor vastgoedontwikkeling | The Kitchen Company\" \/>\n<meta property=\"og:description\" content=\"Ons aanbod van keukens bestaat uit twee verschillende reeksen, die allemaal voldoen aan hoge kwaliteitscriteria.\" \/>\n<meta property=\"og:url\" content=\"https:\/\/thekitchencompany.be\/nl\/diensten-via-een-ontwikkelaar\/maatkeukens\/\" \/>\n<meta property=\"og:site_name\" content=\"The Kitchen Company\" \/>\n<meta property=\"article:modified_time\" content=\"2025-11-24T13:29:39+00:00\" \/>\n<meta property=\"og:image\" content=\"https:\/\/thekitchencompany.be\/wp-content\/uploads\/2019\/09\/cuisine-qualiter.jpg\" \/>\n\t<meta property=\"og:image:width\" content=\"1600\" \/>\n\t<meta property=\"og:image:height\" content=\"1200\" \/>\n\t<meta property=\"og:image:type\" content=\"image\/jpeg\" \/>\n<meta name=\"twitter:card\" content=\"summary_large_image\" \/>\n<meta name=\"twitter:label1\" content=\"Geschatte leestijd\" \/>\n\t<meta name=\"twitter:data1\" content=\"3 minuten\" \/>\n<script type=\"application\/ld+json\" class=\"yoast-schema-graph\">{\"@context\":\"https:\\\/\\\/schema.org\",\"@graph\":[{\"@type\":\"WebPage\",\"@id\":\"https:\\\/\\\/thekitchencompany.be\\\/nl\\\/diensten-via-een-ontwikkelaar\\\/maatkeukens\\\/\",\"url\":\"https:\\\/\\\/thekitchencompany.be\\\/nl\\\/diensten-via-een-ontwikkelaar\\\/maatkeukens\\\/\",\"name\":\"Onze keukens voor vastgoedontwikkeling | The Kitchen Company\",\"isPartOf\":{\"@id\":\"https:\\\/\\\/thekitchencompany.be\\\/nl\\\/#website\"},\"primaryImageOfPage\":{\"@id\":\"https:\\\/\\\/thekitchencompany.be\\\/nl\\\/diensten-via-een-ontwikkelaar\\\/maatkeukens\\\/#primaryimage\"},\"image\":{\"@id\":\"https:\\\/\\\/thekitchencompany.be\\\/nl\\\/diensten-via-een-ontwikkelaar\\\/maatkeukens\\\/#primaryimage\"},\"thumbnailUrl\":\"https:\\\/\\\/thekitchencompany.be\\\/wp-content\\\/uploads\\\/2019\\\/09\\\/cuisine-qualiter.jpg\",\"datePublished\":\"2025-01-09T19:55:00+00:00\",\"dateModified\":\"2025-11-24T13:29:39+00:00\",\"description\":\"Ons aanbod van keukens bestaat uit twee verschillende reeksen, die allemaal voldoen aan hoge kwaliteitscriteria.\",\"breadcrumb\":{\"@id\":\"https:\\\/\\\/thekitchencompany.be\\\/nl\\\/diensten-via-een-ontwikkelaar\\\/maatkeukens\\\/#breadcrumb\"},\"inLanguage\":\"nl-NL\",\"potentialAction\":[{\"@type\":\"ReadAction\",\"target\":[\"https:\\\/\\\/thekitchencompany.be\\\/nl\\\/diensten-via-een-ontwikkelaar\\\/maatkeukens\\\/\"]}]},{\"@type\":\"ImageObject\",\"inLanguage\":\"nl-NL\",\"@id\":\"https:\\\/\\\/thekitchencompany.be\\\/nl\\\/diensten-via-een-ontwikkelaar\\\/maatkeukens\\\/#primaryimage\",\"url\":\"https:\\\/\\\/thekitchencompany.be\\\/wp-content\\\/uploads\\\/2019\\\/09\\\/cuisine-qualiter.jpg\",\"contentUrl\":\"https:\\\/\\\/thekitchencompany.be\\\/wp-content\\\/uploads\\\/2019\\\/09\\\/cuisine-qualiter.jpg\",\"width\":1600,\"height\":1200,\"caption\":\"Cuisine de qualit\u00e9 enti\u00e8rement personnalis\u00e9e\"},{\"@type\":\"BreadcrumbList\",\"@id\":\"https:\\\/\\\/thekitchencompany.be\\\/nl\\\/diensten-via-een-ontwikkelaar\\\/maatkeukens\\\/#breadcrumb\",\"itemListElement\":[{\"@type\":\"ListItem\",\"position\":1,\"name\":\"Home\",\"item\":\"https:\\\/\\\/thekitchencompany.be\\\/nl\\\/\"},{\"@type\":\"ListItem\",\"position\":2,\"name\":\"The Kitchen Company: keukenspecialisten en interieurarchitecten voor vastgoedacquisities\",\"item\":\"https:\\\/\\\/thekitchencompany.be\\\/nl\\\/diensten-via-een-ontwikkelaar\\\/\"},{\"@type\":\"ListItem\",\"position\":3,\"name\":\"Onze op maat gemaakte keukenmodellen voor vastgoedontwikkeling\"}]},{\"@type\":\"WebSite\",\"@id\":\"https:\\\/\\\/thekitchencompany.be\\\/nl\\\/#website\",\"url\":\"https:\\\/\\\/thekitchencompany.be\\\/nl\\\/\",\"name\":\"The Kitchen Company\",\"description\":\"Un service sur mesure pour les promoteurs immobiliers\",\"potentialAction\":[{\"@type\":\"SearchAction\",\"target\":{\"@type\":\"EntryPoint\",\"urlTemplate\":\"https:\\\/\\\/thekitchencompany.be\\\/nl\\\/?s={search_term_string}\"},\"query-input\":{\"@type\":\"PropertyValueSpecification\",\"valueRequired\":true,\"valueName\":\"search_term_string\"}}],\"inLanguage\":\"nl-NL\"}]}<\/script>\n<!-- \/ Yoast SEO plugin. -->","yoast_head_json":{"title":"Onze keukens voor vastgoedontwikkeling | The Kitchen Company","description":"Ons aanbod van keukens bestaat uit twee verschillende reeksen, die allemaal voldoen aan hoge kwaliteitscriteria.","robots":{"index":"index","follow":"follow","max-snippet":"max-snippet:-1","max-image-preview":"max-image-preview:large","max-video-preview":"max-video-preview:-1"},"canonical":"https:\/\/thekitchencompany.be\/nl\/diensten-via-een-ontwikkelaar\/maatkeukens\/","og_locale":"nl_NL","og_type":"article","og_title":"Onze keukens voor vastgoedontwikkeling | The Kitchen Company","og_description":"Ons aanbod van keukens bestaat uit twee verschillende reeksen, die allemaal voldoen aan hoge kwaliteitscriteria.","og_url":"https:\/\/thekitchencompany.be\/nl\/diensten-via-een-ontwikkelaar\/maatkeukens\/","og_site_name":"The Kitchen Company","article_modified_time":"2025-11-24T13:29:39+00:00","og_image":[{"width":1600,"height":1200,"url":"https:\/\/thekitchencompany.be\/wp-content\/uploads\/2019\/09\/cuisine-qualiter.jpg","type":"image\/jpeg"}],"twitter_card":"summary_large_image","twitter_misc":{"Geschatte leestijd":"3 minuten"},"schema":{"@context":"https:\/\/schema.org","@graph":[{"@type":"WebPage","@id":"https:\/\/thekitchencompany.be\/nl\/diensten-via-een-ontwikkelaar\/maatkeukens\/","url":"https:\/\/thekitchencompany.be\/nl\/diensten-via-een-ontwikkelaar\/maatkeukens\/","name":"Onze keukens voor vastgoedontwikkeling | The Kitchen Company","isPartOf":{"@id":"https:\/\/thekitchencompany.be\/nl\/#website"},"primaryImageOfPage":{"@id":"https:\/\/thekitchencompany.be\/nl\/diensten-via-een-ontwikkelaar\/maatkeukens\/#primaryimage"},"image":{"@id":"https:\/\/thekitchencompany.be\/nl\/diensten-via-een-ontwikkelaar\/maatkeukens\/#primaryimage"},"thumbnailUrl":"https:\/\/thekitchencompany.be\/wp-content\/uploads\/2019\/09\/cuisine-qualiter.jpg","datePublished":"2025-01-09T19:55:00+00:00","dateModified":"2025-11-24T13:29:39+00:00","description":"Ons aanbod van keukens bestaat uit twee verschillende reeksen, die allemaal voldoen aan hoge kwaliteitscriteria.","breadcrumb":{"@id":"https:\/\/thekitchencompany.be\/nl\/diensten-via-een-ontwikkelaar\/maatkeukens\/#breadcrumb"},"inLanguage":"nl-NL","potentialAction":[{"@type":"ReadAction","target":["https:\/\/thekitchencompany.be\/nl\/diensten-via-een-ontwikkelaar\/maatkeukens\/"]}]},{"@type":"ImageObject","inLanguage":"nl-NL","@id":"https:\/\/thekitchencompany.be\/nl\/diensten-via-een-ontwikkelaar\/maatkeukens\/#primaryimage","url":"https:\/\/thekitchencompany.be\/wp-content\/uploads\/2019\/09\/cuisine-qualiter.jpg","contentUrl":"https:\/\/thekitchencompany.be\/wp-content\/uploads\/2019\/09\/cuisine-qualiter.jpg","width":1600,"height":1200,"caption":"Cuisine de qualit\u00e9 enti\u00e8rement personnalis\u00e9e"},{"@type":"BreadcrumbList","@id":"https:\/\/thekitchencompany.be\/nl\/diensten-via-een-ontwikkelaar\/maatkeukens\/#breadcrumb","itemListElement":[{"@type":"ListItem","position":1,"name":"Home","item":"https:\/\/thekitchencompany.be\/nl\/"},{"@type":"ListItem","position":2,"name":"The Kitchen Company: keukenspecialisten en interieurarchitecten voor vastgoedacquisities","item":"https:\/\/thekitchencompany.be\/nl\/diensten-via-een-ontwikkelaar\/"},{"@type":"ListItem","position":3,"name":"Onze op maat gemaakte keukenmodellen voor vastgoedontwikkeling"}]},{"@type":"WebSite","@id":"https:\/\/thekitchencompany.be\/nl\/#website","url":"https:\/\/thekitchencompany.be\/nl\/","name":"The Kitchen Company","description":"Un service sur mesure pour les promoteurs immobiliers","potentialAction":[{"@type":"SearchAction","target":{"@type":"EntryPoint","urlTemplate":"https:\/\/thekitchencompany.be\/nl\/?s={search_term_string}"},"query-input":{"@type":"PropertyValueSpecification","valueRequired":true,"valueName":"search_term_string"}}],"inLanguage":"nl-NL"}]}},"_links":{"self":[{"href":"https:\/\/thekitchencompany.be\/nl\/wp-json\/wp\/v2\/pages\/7666","targetHints":{"allow":["GET"]}}],"collection":[{"href":"https:\/\/thekitchencompany.be\/nl\/wp-json\/wp\/v2\/pages"}],"about":[{"href":"https:\/\/thekitchencompany.be\/nl\/wp-json\/wp\/v2\/types\/page"}],"author":[{"embeddable":true,"href":"https:\/\/thekitchencompany.be\/nl\/wp-json\/wp\/v2\/users\/6"}],"replies":[{"embeddable":true,"href":"https:\/\/thekitchencompany.be\/nl\/wp-json\/wp\/v2\/comments?post=7666"}],"version-history":[{"count":3,"href":"https:\/\/thekitchencompany.be\/nl\/wp-json\/wp\/v2\/pages\/7666\/revisions"}],"predecessor-version":[{"id":7877,"href":"https:\/\/thekitchencompany.be\/nl\/wp-json\/wp\/v2\/pages\/7666\/revisions\/7877"}],"up":[{"embeddable":true,"href":"https:\/\/thekitchencompany.be\/nl\/wp-json\/wp\/v2\/pages\/7658"}],"wp:featuredmedia":[{"embeddable":true,"href":"https:\/\/thekitchencompany.be\/nl\/wp-json\/wp\/v2\/media\/524"}],"wp:attachment":[{"href":"https:\/\/thekitchencompany.be\/nl\/wp-json\/wp\/v2\/media?parent=7666"}],"curies":[{"name":"wp","href":"https:\/\/api.w.org\/{rel}","templated":true}]}}